{"id":12619,"date":"2022-02-28T14:59:06","date_gmt":"2022-02-28T12:59:06","guid":{"rendered":"https:\/\/drasanvi.com\/fr\/?post_type=product&#038;p=12619"},"modified":"2022-03-10T14:12:25","modified_gmt":"2022-03-10T12:12:25","slug":"batido-vegetal-proteico-brownie-420-g-zero-remordimientos","status":"publish","type":"product","link":"https:\/\/drasanvi.com\/fr\/producto\/batido-vegetal-proteico-brownie-420-g-zero-remordimientos\/","title":{"rendered":"Batido vegetal proteico brownie 420 g  Zero remordimientos"},"content":{"rendered":"<h2>Ingredientes<\/h2>\n<p>Prote\u00edna aislada de guisante (68,5%), aroma chocolate (17%), prote\u00edna de arroz (8,5%), prote\u00edna de semilla de calabaza (2,86%), prote\u00edna de semilla de girasol (2,86%), goma xantana (espesante), gluc\u00f3sidos de Steviol (edulcorante), maltodextrina (agente de carga).<\/p>\n<h2>Modo de uso<\/h2>\n<p>Verter en un recipiente unos 150-200 ml de agua fr\u00eda y a\u00f1adir\u00a0 30 g (1 cacito colmado)\u00a0\u00a0Remover la mezcla en\u00e9rgicamente con la ayuda de un tenedor o un vaso agitador, hasta su completa disoluci\u00f3n. Dejarlo reposar de 1 a 2 minutos.<\/p>\n<h3>Presentaci\u00f3n<\/h3>\n<p>Envase de 420 g<\/p>\n<h3>Advertencias<\/h3>\n<p>Conservar en un lugar fresco y seco.<\/p>\n<h2>Informaci\u00f3n adicional<\/h2>\n<p>Prote\u00edna aislada de guisante (68,5%), aroma chocolate (17%), prote\u00edna de arroz (8,5%), prote\u00edna de semilla de calabaza (2,86%), prote\u00edna de semilla de girasol (2,86%), goma xantana (espesante), gluc\u00f3sidos de Steviol (edulcorante), maltodextrina (agente de carga).<\/p>\n<p>por cada 100 g        \u00a0  Por 100 g  Por dosis diaria (30g)      Valor energ\u00e9tico  1377 KJ (329 Kcal)  413 KJ (98,7 Kcal)      Grasas  2,3 g  0,69 g      De los cuales saturadas  0,9 g  0,27 g      Hidratos de carbono  8 g  2,4 g      De las cuales az\u00facares  1,1 g  0,33 g      Fibra  3,7 g  1,11 g      Prote\u00ednas  64,4 g  19,32 g      Sal  2,23 g  0,67 g        \u00a0\u00a0<\/p>\n","protected":false},"excerpt":{"rendered":"<p>El Batido vegetal hiperprot\u00e9ico de DRASANVI con sabor a brownie es un preparado rico en prote\u00ednas de origen vegetal, creado especialmente para aquellas personas que siguen una dieta vegana o que prefieren o necesitan de un aporte de prote\u00ednas vegetales.Con un delicioso sabor a brownie, este batido bajo en grasas combina prote\u00ednas de gran calidad, que garantizan la ausencia de\u00a0soja y de productos l\u00e1cteos. Adem\u00e1s tiene alto contenido en fibra!Con tan solo 98 kcal por porci\u00f3n! Es ideal para dietas hiperprot\u00e9icas o hipocal\u00f3ricas.\u00a0<br \/><a id=\"boton-ficha\" href=\"https:\/\/panel.drasanvi.com\/fichas\/1\/032010089\" target=\"_blank\" rel=\"noopener\">Ficha t\u00e9cnica<\/a><\/p>\n","protected":false},"featured_media":19734,"template":"","meta":{"inline_featured_image":false},"product_cat":[89,109],"product_tag":[],"class_list":["post-12619","product","type-product","status-publish","has-post-thumbnail","hentry","product_cat-alimentation","product_cat-peso-saludable","pa_contiene-altramuces-no","pa_contiene-apio-no","pa_contiene-cacahuetes-no","pa_contiene-crustaceos-no","pa_contiene-frutos-secos-no","pa_contiene-huevo-no","pa_contiene-leche-no","pa_contiene-moluscos-no","pa_contiene-mostaza-no","pa_contiene-pescado-no","pa_contiene-sesamo-no","pa_contiene-soja-no","pa_producto-bio-no","pa_producto-sin-gluten-si","pa_producto-vegano-si","pa_producto-vegetariano-no"],"yoast_head":"<!-- This site is optimized with the Yoast SEO plugin v27.4 - https:\/\/yoast.com\/product\/yoast-seo-wordpress\/ -->\n<title>Batido vegetal proteico brownie 420 g Zero remordimientos - Drasanvi Francia<\/title>\n<meta name=\"robots\" content=\"index, follow, max-snippet:-1, max-image-preview:large, max-video-preview:-1\" \/>\n<link rel=\"canonical\" href=\"https:\/\/drasanvi.com\/fr\/producto\/batido-vegetal-proteico-brownie-420-g-zero-remordimientos\/\" \/>\n<meta property=\"og:locale\" content=\"fr_FR\" \/>\n<meta property=\"og:type\" content=\"article\" \/>\n<meta property=\"og:title\" content=\"Batido vegetal proteico brownie 420 g Zero remordimientos - Drasanvi Francia\" \/>\n<meta property=\"og:description\" content=\"El Batido vegetal hiperprot\u00e9ico de DRASANVI con sabor a brownie es un preparado rico en prote\u00ednas de origen vegetal, creado especialmente para aquellas personas que siguen una dieta vegana o que prefieren o necesitan de un aporte de prote\u00ednas vegetales.Con un delicioso sabor a brownie, este batido bajo en grasas combina prote\u00ednas de gran calidad, que garantizan la ausencia de\u00a0soja y de productos l\u00e1cteos. Adem\u00e1s tiene alto contenido en fibra!Con tan solo 98 kcal por porci\u00f3n! Es ideal para dietas hiperprot\u00e9icas o hipocal\u00f3ricas.\u00a0Ficha t\u00e9cnica\" \/>\n<meta property=\"og:url\" content=\"https:\/\/drasanvi.com\/fr\/producto\/batido-vegetal-proteico-brownie-420-g-zero-remordimientos\/\" \/>\n<meta property=\"og:site_name\" content=\"Drasanvi Francia\" \/>\n<meta property=\"article:modified_time\" content=\"2022-03-10T12:12:25+00:00\" \/>\n<meta property=\"og:image\" content=\"https:\/\/drasanvi.com\/wp-content\/uploads\/sites\/7\/2022\/02\/032010089.png\" \/>\n\t<meta property=\"og:image:width\" content=\"1000\" \/>\n\t<meta property=\"og:image:height\" content=\"1000\" \/>\n\t<meta property=\"og:image:type\" content=\"image\/png\" \/>\n<meta name=\"twitter:card\" content=\"summary_large_image\" \/>\n<script type=\"application\/ld+json\" class=\"yoast-schema-graph\">{\"@context\":\"https:\\\/\\\/schema.org\",\"@graph\":[{\"@type\":\"WebPage\",\"@id\":\"https:\\\/\\\/drasanvi.com\\\/fr\\\/producto\\\/batido-vegetal-proteico-brownie-420-g-zero-remordimientos\\\/\",\"url\":\"https:\\\/\\\/drasanvi.com\\\/fr\\\/producto\\\/batido-vegetal-proteico-brownie-420-g-zero-remordimientos\\\/\",\"name\":\"Batido vegetal proteico brownie 420 g Zero remordimientos - Drasanvi Francia\",\"isPartOf\":{\"@id\":\"https:\\\/\\\/drasanvi.com\\\/fr\\\/#website\"},\"primaryImageOfPage\":{\"@id\":\"https:\\\/\\\/drasanvi.com\\\/fr\\\/producto\\\/batido-vegetal-proteico-brownie-420-g-zero-remordimientos\\\/#primaryimage\"},\"image\":{\"@id\":\"https:\\\/\\\/drasanvi.com\\\/fr\\\/producto\\\/batido-vegetal-proteico-brownie-420-g-zero-remordimientos\\\/#primaryimage\"},\"thumbnailUrl\":\"https:\\\/\\\/drasanvi.com\\\/fr\\\/wp-content\\\/uploads\\\/sites\\\/7\\\/2022\\\/02\\\/032010089.png\",\"datePublished\":\"2022-02-28T12:59:06+00:00\",\"dateModified\":\"2022-03-10T12:12:25+00:00\",\"breadcrumb\":{\"@id\":\"https:\\\/\\\/drasanvi.com\\\/fr\\\/producto\\\/batido-vegetal-proteico-brownie-420-g-zero-remordimientos\\\/#breadcrumb\"},\"inLanguage\":\"fr-FR\",\"potentialAction\":[{\"@type\":\"ReadAction\",\"target\":[\"https:\\\/\\\/drasanvi.com\\\/fr\\\/producto\\\/batido-vegetal-proteico-brownie-420-g-zero-remordimientos\\\/\"]}]},{\"@type\":\"ImageObject\",\"inLanguage\":\"fr-FR\",\"@id\":\"https:\\\/\\\/drasanvi.com\\\/fr\\\/producto\\\/batido-vegetal-proteico-brownie-420-g-zero-remordimientos\\\/#primaryimage\",\"url\":\"https:\\\/\\\/drasanvi.com\\\/fr\\\/wp-content\\\/uploads\\\/sites\\\/7\\\/2022\\\/02\\\/032010089.png\",\"contentUrl\":\"https:\\\/\\\/drasanvi.com\\\/fr\\\/wp-content\\\/uploads\\\/sites\\\/7\\\/2022\\\/02\\\/032010089.png\",\"width\":1000,\"height\":1000},{\"@type\":\"BreadcrumbList\",\"@id\":\"https:\\\/\\\/drasanvi.com\\\/fr\\\/producto\\\/batido-vegetal-proteico-brownie-420-g-zero-remordimientos\\\/#breadcrumb\",\"itemListElement\":[{\"@type\":\"ListItem\",\"position\":1,\"name\":\"Portada\",\"item\":\"https:\\\/\\\/drasanvi.com\\\/fr\\\/\"},{\"@type\":\"ListItem\",\"position\":2,\"name\":\"Tienda\",\"item\":\"https:\\\/\\\/drasanvi.com\\\/fr\\\/tienda\\\/\"},{\"@type\":\"ListItem\",\"position\":3,\"name\":\"Batido vegetal proteico brownie 420 g Zero remordimientos\"}]},{\"@type\":\"WebSite\",\"@id\":\"https:\\\/\\\/drasanvi.com\\\/fr\\\/#website\",\"url\":\"https:\\\/\\\/drasanvi.com\\\/fr\\\/\",\"name\":\"Drasanvi Francia\",\"description\":\"L\u00edder en complementos alimenticios y cosm\u00e9tica natural.\",\"publisher\":{\"@id\":\"https:\\\/\\\/drasanvi.com\\\/fr\\\/#organization\"},\"potentialAction\":[{\"@type\":\"SearchAction\",\"target\":{\"@type\":\"EntryPoint\",\"urlTemplate\":\"https:\\\/\\\/drasanvi.com\\\/fr\\\/?s={search_term_string}\"},\"query-input\":{\"@type\":\"PropertyValueSpecification\",\"valueRequired\":true,\"valueName\":\"search_term_string\"}}],\"inLanguage\":\"fr-FR\"},{\"@type\":\"Organization\",\"@id\":\"https:\\\/\\\/drasanvi.com\\\/fr\\\/#organization\",\"name\":\"Drasanvi\",\"url\":\"https:\\\/\\\/drasanvi.com\\\/fr\\\/\",\"logo\":{\"@type\":\"ImageObject\",\"inLanguage\":\"fr-FR\",\"@id\":\"https:\\\/\\\/drasanvi.com\\\/fr\\\/#\\\/schema\\\/logo\\\/image\\\/\",\"url\":\"https:\\\/\\\/drasanvi.com\\\/wp-content\\\/uploads\\\/sites\\\/7\\\/2021\\\/07\\\/logo-drasanvi.png\",\"contentUrl\":\"https:\\\/\\\/drasanvi.com\\\/wp-content\\\/uploads\\\/sites\\\/7\\\/2021\\\/07\\\/logo-drasanvi.png\",\"width\":900,\"height\":300,\"caption\":\"Drasanvi\"},\"image\":{\"@id\":\"https:\\\/\\\/drasanvi.com\\\/fr\\\/#\\\/schema\\\/logo\\\/image\\\/\"}}]}<\/script>\n<!-- \/ Yoast SEO plugin. -->","yoast_head_json":{"title":"Batido vegetal proteico brownie 420 g Zero remordimientos - Drasanvi Francia","robots":{"index":"index","follow":"follow","max-snippet":"max-snippet:-1","max-image-preview":"max-image-preview:large","max-video-preview":"max-video-preview:-1"},"canonical":"https:\/\/drasanvi.com\/fr\/producto\/batido-vegetal-proteico-brownie-420-g-zero-remordimientos\/","og_locale":"fr_FR","og_type":"article","og_title":"Batido vegetal proteico brownie 420 g Zero remordimientos - Drasanvi Francia","og_description":"El Batido vegetal hiperprot\u00e9ico de DRASANVI con sabor a brownie es un preparado rico en prote\u00ednas de origen vegetal, creado especialmente para aquellas personas que siguen una dieta vegana o que prefieren o necesitan de un aporte de prote\u00ednas vegetales.Con un delicioso sabor a brownie, este batido bajo en grasas combina prote\u00ednas de gran calidad, que garantizan la ausencia de\u00a0soja y de productos l\u00e1cteos. Adem\u00e1s tiene alto contenido en fibra!Con tan solo 98 kcal por porci\u00f3n! Es ideal para dietas hiperprot\u00e9icas o hipocal\u00f3ricas.\u00a0Ficha t\u00e9cnica","og_url":"https:\/\/drasanvi.com\/fr\/producto\/batido-vegetal-proteico-brownie-420-g-zero-remordimientos\/","og_site_name":"Drasanvi Francia","article_modified_time":"2022-03-10T12:12:25+00:00","og_image":[{"width":1000,"height":1000,"url":"https:\/\/drasanvi.com\/wp-content\/uploads\/sites\/7\/2022\/02\/032010089.png","type":"image\/png"}],"twitter_card":"summary_large_image","schema":{"@context":"https:\/\/schema.org","@graph":[{"@type":"WebPage","@id":"https:\/\/drasanvi.com\/fr\/producto\/batido-vegetal-proteico-brownie-420-g-zero-remordimientos\/","url":"https:\/\/drasanvi.com\/fr\/producto\/batido-vegetal-proteico-brownie-420-g-zero-remordimientos\/","name":"Batido vegetal proteico brownie 420 g Zero remordimientos - Drasanvi Francia","isPartOf":{"@id":"https:\/\/drasanvi.com\/fr\/#website"},"primaryImageOfPage":{"@id":"https:\/\/drasanvi.com\/fr\/producto\/batido-vegetal-proteico-brownie-420-g-zero-remordimientos\/#primaryimage"},"image":{"@id":"https:\/\/drasanvi.com\/fr\/producto\/batido-vegetal-proteico-brownie-420-g-zero-remordimientos\/#primaryimage"},"thumbnailUrl":"https:\/\/drasanvi.com\/fr\/wp-content\/uploads\/sites\/7\/2022\/02\/032010089.png","datePublished":"2022-02-28T12:59:06+00:00","dateModified":"2022-03-10T12:12:25+00:00","breadcrumb":{"@id":"https:\/\/drasanvi.com\/fr\/producto\/batido-vegetal-proteico-brownie-420-g-zero-remordimientos\/#breadcrumb"},"inLanguage":"fr-FR","potentialAction":[{"@type":"ReadAction","target":["https:\/\/drasanvi.com\/fr\/producto\/batido-vegetal-proteico-brownie-420-g-zero-remordimientos\/"]}]},{"@type":"ImageObject","inLanguage":"fr-FR","@id":"https:\/\/drasanvi.com\/fr\/producto\/batido-vegetal-proteico-brownie-420-g-zero-remordimientos\/#primaryimage","url":"https:\/\/drasanvi.com\/fr\/wp-content\/uploads\/sites\/7\/2022\/02\/032010089.png","contentUrl":"https:\/\/drasanvi.com\/fr\/wp-content\/uploads\/sites\/7\/2022\/02\/032010089.png","width":1000,"height":1000},{"@type":"BreadcrumbList","@id":"https:\/\/drasanvi.com\/fr\/producto\/batido-vegetal-proteico-brownie-420-g-zero-remordimientos\/#breadcrumb","itemListElement":[{"@type":"ListItem","position":1,"name":"Portada","item":"https:\/\/drasanvi.com\/fr\/"},{"@type":"ListItem","position":2,"name":"Tienda","item":"https:\/\/drasanvi.com\/fr\/tienda\/"},{"@type":"ListItem","position":3,"name":"Batido vegetal proteico brownie 420 g Zero remordimientos"}]},{"@type":"WebSite","@id":"https:\/\/drasanvi.com\/fr\/#website","url":"https:\/\/drasanvi.com\/fr\/","name":"Drasanvi Francia","description":"L\u00edder en complementos alimenticios y cosm\u00e9tica natural.","publisher":{"@id":"https:\/\/drasanvi.com\/fr\/#organization"},"potentialAction":[{"@type":"SearchAction","target":{"@type":"EntryPoint","urlTemplate":"https:\/\/drasanvi.com\/fr\/?s={search_term_string}"},"query-input":{"@type":"PropertyValueSpecification","valueRequired":true,"valueName":"search_term_string"}}],"inLanguage":"fr-FR"},{"@type":"Organization","@id":"https:\/\/drasanvi.com\/fr\/#organization","name":"Drasanvi","url":"https:\/\/drasanvi.com\/fr\/","logo":{"@type":"ImageObject","inLanguage":"fr-FR","@id":"https:\/\/drasanvi.com\/fr\/#\/schema\/logo\/image\/","url":"https:\/\/drasanvi.com\/wp-content\/uploads\/sites\/7\/2021\/07\/logo-drasanvi.png","contentUrl":"https:\/\/drasanvi.com\/wp-content\/uploads\/sites\/7\/2021\/07\/logo-drasanvi.png","width":900,"height":300,"caption":"Drasanvi"},"image":{"@id":"https:\/\/drasanvi.com\/fr\/#\/schema\/logo\/image\/"}}]}},"_links":{"self":[{"href":"https:\/\/drasanvi.com\/fr\/wp-json\/wp\/v2\/product\/12619","targetHints":{"allow":["GET"]}}],"collection":[{"href":"https:\/\/drasanvi.com\/fr\/wp-json\/wp\/v2\/product"}],"about":[{"href":"https:\/\/drasanvi.com\/fr\/wp-json\/wp\/v2\/types\/product"}],"version-history":[{"count":0,"href":"https:\/\/drasanvi.com\/fr\/wp-json\/wp\/v2\/product\/12619\/revisions"}],"wp:featuredmedia":[{"embeddable":true,"href":"https:\/\/drasanvi.com\/fr\/wp-json\/wp\/v2\/media\/19734"}],"wp:attachment":[{"href":"https:\/\/drasanvi.com\/fr\/wp-json\/wp\/v2\/media?parent=12619"}],"wp:term":[{"taxonomy":"product_cat","embeddable":true,"href":"https:\/\/drasanvi.com\/fr\/wp-json\/wp\/v2\/product_cat?post=12619"},{"taxonomy":"product_tag","embeddable":true,"href":"https:\/\/drasanvi.com\/fr\/wp-json\/wp\/v2\/product_tag?post=12619"}],"curies":[{"name":"wp","href":"https:\/\/api.w.org\/{rel}","templated":true}]}}