{"id":12567,"date":"2022-02-28T14:59:06","date_gmt":"2022-02-28T12:59:06","guid":{"rendered":"https:\/\/drasanvi.com\/fr\/?post_type=product&#038;p=12567"},"modified":"2022-03-10T14:12:21","modified_gmt":"2022-03-10T12:12:21","slug":"batido-sustitutivo-vegetal-chocolate-avellana-520-g-zero-remordimientos","status":"publish","type":"product","link":"https:\/\/drasanvi.com\/fr\/producto\/batido-sustitutivo-vegetal-chocolate-avellana-520-g-zero-remordimientos\/","title":{"rendered":"Batido sustitutivo vegetal chocolate avellana 520 g  Zero remordimientos"},"content":{"rendered":"<h2>Ingredientes<\/h2>\n<p>Aislado de prote\u00edna de guisante, Maltodextrina, Cacao semidesgrasado en polvo, Fructo-oligo-sac\u00e1ridos, lecitina de SOJA en polvo (Emulgente), polvo de cactus obtenido a trav\u00e9s de un proceso patentado (Opuntia ficus indica(NeOpuntia\u00a0\u00bb!)),\u00a0Fosfato c\u00e1lcico, Aceite de girasol, Aroma de chocolate, Cloruro pot\u00e1sico, Carbonato de magnesio, mezcla de Vitaminas (Vit. A (Retinol acetato), Vit. D (Ergocalciferol), Vit. E (alfa tocoferol acetato), Vit. C ( Acido asc\u00f3rbico), Niacina (nicotinamida), Vit. B1 ( Tiamina Clh ), Vit. B2 (Riboflavina), Vit B6 (Piridoxina Clh), Vit, B12 (Cianocobalamina), Acido f\u00f3lico (\u00c1cido pteroilmonoglut\u00e1mico), Biotina (D-biotina), Acido pantot\u00e9nico (pantotenato c\u00e1lcico)), Goma Xantana(Expesante), Sucralosa (Edulcorante), Gluconato de zinc, Pirofosfato de hierro, Oligoelementos (Gluconato de manganeso, Cloruro de cromo, Molibdato sodico, Selenito sodico, Celulosa microcristalina), Fluoruro s\u00f3dico, Gluconato de cobre, Yoduro pot\u00e1sico.<\/p>\n<h2>Modo de uso<\/h2>\n<p>A\u00f1adir 52 g (3 cacitos dosificadores) sobre 200-250 ml\u00a0 de agua seg\u00fan la consistencia que desee.Remueva la mezcla en\u00e9rgicamente usando un tenedor o un vaso agitadorConsuma inmediatamente<\/p>\n<h3>Presentaci\u00f3n<\/h3>\n<p>Envase de 520 g.<\/p>\n<h3>Advertencias<\/h3>\n<p>Los productos sustitutivos de una comida deben consumirse dentro del marco de una dieta variada y equilibrada y un estilo de vida saludable.Es importante mantener una ingesta adecuada de l\u00edquido, entre 1,5 y 2 litros al d\u00eda.Los productos sustitutivos de comida \u00fanicamente sirven para el fin que van destinados (o sea, la perdida de peso y su mantenimiento posterior), como parte de una dieta de bajo valor energ\u00e9tico, y esta dieta debe necesariamente completarse con el consumo de otros alimentos.Para conseguir el objetivo de perder peso es necesario sustituir dos comidas principales al d\u00eda con un sustitutivo de la comida.Contiene sojaConservar en un lugar fresco y seco\u00a0<\/p>\n<h2>Informaci\u00f3n adicional<\/h2>\n<p>Aislado de prote\u00edna de guisante, Maltodextrina, Cacao semidesgrasado en polvo, Fructo-oligo-sac\u00e1ridos, lecitina de SOJA en polvo (Emulgente), polvo de cactus obtenido a trav\u00e9s de un proceso patentado (Opuntia ficus indica(NeOpuntia\u00a0\u00bb!)),\u00a0Fosfato c\u00e1lcico, Aceite de girasol, Aroma de chocolate, Cloruro pot\u00e1sico, Carbonato de magnesio, mezcla de Vitaminas (Vit. A (Retinol acetato), Vit. D (Ergocalciferol), Vit. E (alfa tocoferol acetato), Vit. C ( Acido asc\u00f3rbico), Niacina (nicotinamida), Vit. B1 ( Tiamina Clh ), Vit. B2 (Riboflavina), Vit B6 (Piridoxina Clh), Vit, B12 (Cianocobalamina), Acido f\u00f3lico (\u00c1cido pteroilmonoglut\u00e1mico), Biotina (D-biotina), Acido pantot\u00e9nico (pantotenato c\u00e1lcico)), Goma Xantana(Expesante), Sucralosa (Edulcorante), Gluconato de zinc, Pirofosfato de hierro, Oligoelementos (Gluconato de manganeso, Cloruro de cromo, Molibdato sodico, Selenito sodico, Celulosa microcristalina), Fluoruro s\u00f3dico, Gluconato de cobre, Yoduro pot\u00e1sico.<\/p>\n<p>por dosis diaria        Ingrediente  por 100 g  %VRN  por sobre  %VRN      Vitamina A  774\u00a0\u00b5g  96,75%  402,48\u00a0\u00b5g  50%      Vitamina D  4,8\u00a0\u00a0\u00b5g  96,75%  2,496\u00a0\u00b5g  50%      Vitamina E  11,6\u00a0\u00a0mg  96,75%  6,032\u00a0mg  50%      Vitamina C  77,00\u00a0\u00a0mg  96,75%  40,04 mg  50%      Tiamina (Vit B1)  1,1\u00a0\u00a0mg  96,75%  0,5 mg  50%      Riboflavina (Vit B2)  1,4\u00a0\u00a0mg  96,75%  0,7 mg  50%      Niacina (Vit B3)  15,5\u00a0\u00a0mg  96,75%  8,1 mg  50%      Vitamina B6  1,4 mg  96,75%  0,7 mg  50%      \u00c1cido F\u00f3lico  193,0\u00a0\u00b5g  96,75%  100,4 \u00a0\u00b5g  50%      Vitamina B12  2,4\u00a0\u00b5g  96,75%  1,2\u00a0\u00b5g  50%      Biotina  48,0\u00a0\u00b5g  96,75%  25,0\u00a0\u00b5g  50%      \u00c1cido Pantot\u00e9nico  5,8 mg  96,75%  3,0 mg  50%      Potasio  980 mg  49%  510 mg  25%      Cloruro  664 mg  83%  345 mg  43%      Calcio  593 mg  74,12%  308 mg  39%      Fosfato  505 mg  72,14%  263 mg  38%      Magnesio  250,0 mg  66,67%  130 mg  35%      Hierro  9,42 mg  67,3%  4,90 mg  35%      Zinc  6,73 mg  67,3%  3,4996 mg  35%      Cobre  0,67 mg  67,3%  0,35 mg  35%      Manganeso  1,35 mg  67,3%  0,70 mg  35%      Floruro  2,38 mg  67,3%  1,24 mg  35%      Selenio  36,5\u00a0\u00b5g  67,3%  19,0 \u00b5g  35%      Cromo  27,0\u00a0\u00b5g  67,3%  14,0\u00a0\u00a0\u00b5g  35%      Molibdeno  33,7\u00a0\u00b5g  67,3%  17,5\u00a0\u00a0\u00b5g  35%      Yodo  102,0\u00a0\u00b5g  67,3%  53,0\u00a0\u00a0\u00b5g  35%        % VRN\u00a0 (Valor Referencia Nutricional)por cada 100 g        \u00a0  Por 100 g  Por dosis diaria      Valor energ\u00e9tico  1630KJ (388,1 Kcal)  848 KJ (201,8 Kcal)      Grasasde las cuales  6,92 g  3,60 g      \u00a0saturadas  1,26 g  0,66 g      monoinsaturadas  0,95 g  0,49 g      polinsaturadas  2,69\u00a0 g  1,40 g      colesterol  0,0 mg  0,0 mg      \u00e1cido linoleico  2,21 g  1,15 g      Hidratos de carbono  43,27 g  22,50 g      De las cuales az\u00facares  0,90 g  0,47 g      Fibra  7,12 g  3,7 g      Prote\u00ednas  34,62 g  18 g      Sal  1,51 g  0,79 g        \u00a0\u00a0<\/p>\n","protected":false},"excerpt":{"rendered":"<p>El Batido de prote\u00edna vegetal con Sabor a Chocolate con Avellanas de DRASANVI ha sido especialmente dise\u00f1ado para aquellas personas veganas que quieren adelgazar o mantener su peso, como sustitutivo de una o dos comidas principales al d\u00eda.Con delicioso sabor a chocolate con avellanas, el batido sustitutivo de una o dos comidas es rico en prote\u00ednas procedentes de la prote\u00edna del guisante aislada. Adem\u00e1s, tiene un alto contenido en fibra y las vitaminas y minerales (f\u00f3sforo, calcio&#8230;) que necesitas para tu d\u00eda a d\u00eda.Una porci\u00f3n (un sobre)\u00a0 te aportar\u00e1 todos los nutrientes que necesitas en una comida principal\u00a0<br \/><a id=\"boton-ficha\" href=\"https:\/\/panel.drasanvi.com\/fichas\/1\/032010094\" target=\"_blank\" rel=\"noopener\">Ficha t\u00e9cnica<\/a><\/p>\n","protected":false},"featured_media":19732,"template":"","meta":{"inline_featured_image":false},"product_cat":[89,109],"product_tag":[],"class_list":["post-12567","product","type-product","status-publish","has-post-thumbnail","hentry","product_cat-alimentation","product_cat-peso-saludable","pa_contiene-altramuces-no","pa_contiene-apio-no","pa_contiene-cacahuetes-no","pa_contiene-crustaceos-no","pa_contiene-frutos-secos-no","pa_contiene-huevo-no","pa_contiene-leche-no","pa_contiene-moluscos-no","pa_contiene-mostaza-no","pa_contiene-pescado-no","pa_contiene-sesamo-no","pa_contiene-soja-si","pa_producto-bio-no","pa_producto-sin-gluten-si","pa_producto-vegano-si","pa_producto-vegetariano-no"],"yoast_head":"<!-- This site is optimized with the Yoast SEO plugin v27.5 - https:\/\/yoast.com\/product\/yoast-seo-wordpress\/ -->\n<title>Batido sustitutivo vegetal chocolate avellana 520 g Zero remordimientos - Drasanvi Francia<\/title>\n<meta name=\"robots\" content=\"index, follow, max-snippet:-1, max-image-preview:large, max-video-preview:-1\" \/>\n<link rel=\"canonical\" href=\"https:\/\/drasanvi.com\/fr\/producto\/batido-sustitutivo-vegetal-chocolate-avellana-520-g-zero-remordimientos\/\" \/>\n<meta property=\"og:locale\" content=\"fr_FR\" \/>\n<meta property=\"og:type\" content=\"article\" \/>\n<meta property=\"og:title\" content=\"Batido sustitutivo vegetal chocolate avellana 520 g Zero remordimientos - Drasanvi Francia\" \/>\n<meta property=\"og:description\" content=\"El Batido de prote\u00edna vegetal con Sabor a Chocolate con Avellanas de DRASANVI ha sido especialmente dise\u00f1ado para aquellas personas veganas que quieren adelgazar o mantener su peso, como sustitutivo de una o dos comidas principales al d\u00eda.Con delicioso sabor a chocolate con avellanas, el batido sustitutivo de una o dos comidas es rico en prote\u00ednas procedentes de la prote\u00edna del guisante aislada. Adem\u00e1s, tiene un alto contenido en fibra y las vitaminas y minerales (f\u00f3sforo, calcio...) que necesitas para tu d\u00eda a d\u00eda.Una porci\u00f3n (un sobre)\u00a0 te aportar\u00e1 todos los nutrientes que necesitas en una comida principal\u00a0Ficha t\u00e9cnica\" \/>\n<meta property=\"og:url\" content=\"https:\/\/drasanvi.com\/fr\/producto\/batido-sustitutivo-vegetal-chocolate-avellana-520-g-zero-remordimientos\/\" \/>\n<meta property=\"og:site_name\" content=\"Drasanvi Francia\" \/>\n<meta property=\"article:modified_time\" content=\"2022-03-10T12:12:21+00:00\" \/>\n<meta property=\"og:image\" content=\"https:\/\/drasanvi.com\/wp-content\/uploads\/sites\/7\/2022\/02\/032010094.png\" \/>\n\t<meta property=\"og:image:width\" content=\"1000\" \/>\n\t<meta property=\"og:image:height\" content=\"1000\" \/>\n\t<meta property=\"og:image:type\" content=\"image\/png\" \/>\n<meta name=\"twitter:card\" content=\"summary_large_image\" \/>\n<script type=\"application\/ld+json\" class=\"yoast-schema-graph\">{\"@context\":\"https:\\\/\\\/schema.org\",\"@graph\":[{\"@type\":\"WebPage\",\"@id\":\"https:\\\/\\\/drasanvi.com\\\/fr\\\/producto\\\/batido-sustitutivo-vegetal-chocolate-avellana-520-g-zero-remordimientos\\\/\",\"url\":\"https:\\\/\\\/drasanvi.com\\\/fr\\\/producto\\\/batido-sustitutivo-vegetal-chocolate-avellana-520-g-zero-remordimientos\\\/\",\"name\":\"Batido sustitutivo vegetal chocolate avellana 520 g Zero remordimientos - Drasanvi Francia\",\"isPartOf\":{\"@id\":\"https:\\\/\\\/drasanvi.com\\\/fr\\\/#website\"},\"primaryImageOfPage\":{\"@id\":\"https:\\\/\\\/drasanvi.com\\\/fr\\\/producto\\\/batido-sustitutivo-vegetal-chocolate-avellana-520-g-zero-remordimientos\\\/#primaryimage\"},\"image\":{\"@id\":\"https:\\\/\\\/drasanvi.com\\\/fr\\\/producto\\\/batido-sustitutivo-vegetal-chocolate-avellana-520-g-zero-remordimientos\\\/#primaryimage\"},\"thumbnailUrl\":\"https:\\\/\\\/drasanvi.com\\\/fr\\\/wp-content\\\/uploads\\\/sites\\\/7\\\/2022\\\/02\\\/032010094.png\",\"datePublished\":\"2022-02-28T12:59:06+00:00\",\"dateModified\":\"2022-03-10T12:12:21+00:00\",\"breadcrumb\":{\"@id\":\"https:\\\/\\\/drasanvi.com\\\/fr\\\/producto\\\/batido-sustitutivo-vegetal-chocolate-avellana-520-g-zero-remordimientos\\\/#breadcrumb\"},\"inLanguage\":\"fr-FR\",\"potentialAction\":[{\"@type\":\"ReadAction\",\"target\":[\"https:\\\/\\\/drasanvi.com\\\/fr\\\/producto\\\/batido-sustitutivo-vegetal-chocolate-avellana-520-g-zero-remordimientos\\\/\"]}]},{\"@type\":\"ImageObject\",\"inLanguage\":\"fr-FR\",\"@id\":\"https:\\\/\\\/drasanvi.com\\\/fr\\\/producto\\\/batido-sustitutivo-vegetal-chocolate-avellana-520-g-zero-remordimientos\\\/#primaryimage\",\"url\":\"https:\\\/\\\/drasanvi.com\\\/fr\\\/wp-content\\\/uploads\\\/sites\\\/7\\\/2022\\\/02\\\/032010094.png\",\"contentUrl\":\"https:\\\/\\\/drasanvi.com\\\/fr\\\/wp-content\\\/uploads\\\/sites\\\/7\\\/2022\\\/02\\\/032010094.png\",\"width\":1000,\"height\":1000},{\"@type\":\"BreadcrumbList\",\"@id\":\"https:\\\/\\\/drasanvi.com\\\/fr\\\/producto\\\/batido-sustitutivo-vegetal-chocolate-avellana-520-g-zero-remordimientos\\\/#breadcrumb\",\"itemListElement\":[{\"@type\":\"ListItem\",\"position\":1,\"name\":\"Portada\",\"item\":\"https:\\\/\\\/drasanvi.com\\\/fr\\\/\"},{\"@type\":\"ListItem\",\"position\":2,\"name\":\"Tienda\",\"item\":\"https:\\\/\\\/drasanvi.com\\\/fr\\\/tienda\\\/\"},{\"@type\":\"ListItem\",\"position\":3,\"name\":\"Batido sustitutivo vegetal chocolate avellana 520 g Zero remordimientos\"}]},{\"@type\":\"WebSite\",\"@id\":\"https:\\\/\\\/drasanvi.com\\\/fr\\\/#website\",\"url\":\"https:\\\/\\\/drasanvi.com\\\/fr\\\/\",\"name\":\"Drasanvi Francia\",\"description\":\"L\u00edder en complementos alimenticios y cosm\u00e9tica natural.\",\"publisher\":{\"@id\":\"https:\\\/\\\/drasanvi.com\\\/fr\\\/#organization\"},\"potentialAction\":[{\"@type\":\"SearchAction\",\"target\":{\"@type\":\"EntryPoint\",\"urlTemplate\":\"https:\\\/\\\/drasanvi.com\\\/fr\\\/?s={search_term_string}\"},\"query-input\":{\"@type\":\"PropertyValueSpecification\",\"valueRequired\":true,\"valueName\":\"search_term_string\"}}],\"inLanguage\":\"fr-FR\"},{\"@type\":\"Organization\",\"@id\":\"https:\\\/\\\/drasanvi.com\\\/fr\\\/#organization\",\"name\":\"Drasanvi\",\"url\":\"https:\\\/\\\/drasanvi.com\\\/fr\\\/\",\"logo\":{\"@type\":\"ImageObject\",\"inLanguage\":\"fr-FR\",\"@id\":\"https:\\\/\\\/drasanvi.com\\\/fr\\\/#\\\/schema\\\/logo\\\/image\\\/\",\"url\":\"https:\\\/\\\/drasanvi.com\\\/wp-content\\\/uploads\\\/sites\\\/7\\\/2021\\\/07\\\/logo-drasanvi.png\",\"contentUrl\":\"https:\\\/\\\/drasanvi.com\\\/wp-content\\\/uploads\\\/sites\\\/7\\\/2021\\\/07\\\/logo-drasanvi.png\",\"width\":900,\"height\":300,\"caption\":\"Drasanvi\"},\"image\":{\"@id\":\"https:\\\/\\\/drasanvi.com\\\/fr\\\/#\\\/schema\\\/logo\\\/image\\\/\"}}]}<\/script>\n<!-- \/ Yoast SEO plugin. -->","yoast_head_json":{"title":"Batido sustitutivo vegetal chocolate avellana 520 g Zero remordimientos - Drasanvi Francia","robots":{"index":"index","follow":"follow","max-snippet":"max-snippet:-1","max-image-preview":"max-image-preview:large","max-video-preview":"max-video-preview:-1"},"canonical":"https:\/\/drasanvi.com\/fr\/producto\/batido-sustitutivo-vegetal-chocolate-avellana-520-g-zero-remordimientos\/","og_locale":"fr_FR","og_type":"article","og_title":"Batido sustitutivo vegetal chocolate avellana 520 g Zero remordimientos - Drasanvi Francia","og_description":"El Batido de prote\u00edna vegetal con Sabor a Chocolate con Avellanas de DRASANVI ha sido especialmente dise\u00f1ado para aquellas personas veganas que quieren adelgazar o mantener su peso, como sustitutivo de una o dos comidas principales al d\u00eda.Con delicioso sabor a chocolate con avellanas, el batido sustitutivo de una o dos comidas es rico en prote\u00ednas procedentes de la prote\u00edna del guisante aislada. Adem\u00e1s, tiene un alto contenido en fibra y las vitaminas y minerales (f\u00f3sforo, calcio...) que necesitas para tu d\u00eda a d\u00eda.Una porci\u00f3n (un sobre)\u00a0 te aportar\u00e1 todos los nutrientes que necesitas en una comida principal\u00a0Ficha t\u00e9cnica","og_url":"https:\/\/drasanvi.com\/fr\/producto\/batido-sustitutivo-vegetal-chocolate-avellana-520-g-zero-remordimientos\/","og_site_name":"Drasanvi Francia","article_modified_time":"2022-03-10T12:12:21+00:00","og_image":[{"width":1000,"height":1000,"url":"https:\/\/drasanvi.com\/wp-content\/uploads\/sites\/7\/2022\/02\/032010094.png","type":"image\/png"}],"twitter_card":"summary_large_image","schema":{"@context":"https:\/\/schema.org","@graph":[{"@type":"WebPage","@id":"https:\/\/drasanvi.com\/fr\/producto\/batido-sustitutivo-vegetal-chocolate-avellana-520-g-zero-remordimientos\/","url":"https:\/\/drasanvi.com\/fr\/producto\/batido-sustitutivo-vegetal-chocolate-avellana-520-g-zero-remordimientos\/","name":"Batido sustitutivo vegetal chocolate avellana 520 g Zero remordimientos - Drasanvi Francia","isPartOf":{"@id":"https:\/\/drasanvi.com\/fr\/#website"},"primaryImageOfPage":{"@id":"https:\/\/drasanvi.com\/fr\/producto\/batido-sustitutivo-vegetal-chocolate-avellana-520-g-zero-remordimientos\/#primaryimage"},"image":{"@id":"https:\/\/drasanvi.com\/fr\/producto\/batido-sustitutivo-vegetal-chocolate-avellana-520-g-zero-remordimientos\/#primaryimage"},"thumbnailUrl":"https:\/\/drasanvi.com\/fr\/wp-content\/uploads\/sites\/7\/2022\/02\/032010094.png","datePublished":"2022-02-28T12:59:06+00:00","dateModified":"2022-03-10T12:12:21+00:00","breadcrumb":{"@id":"https:\/\/drasanvi.com\/fr\/producto\/batido-sustitutivo-vegetal-chocolate-avellana-520-g-zero-remordimientos\/#breadcrumb"},"inLanguage":"fr-FR","potentialAction":[{"@type":"ReadAction","target":["https:\/\/drasanvi.com\/fr\/producto\/batido-sustitutivo-vegetal-chocolate-avellana-520-g-zero-remordimientos\/"]}]},{"@type":"ImageObject","inLanguage":"fr-FR","@id":"https:\/\/drasanvi.com\/fr\/producto\/batido-sustitutivo-vegetal-chocolate-avellana-520-g-zero-remordimientos\/#primaryimage","url":"https:\/\/drasanvi.com\/fr\/wp-content\/uploads\/sites\/7\/2022\/02\/032010094.png","contentUrl":"https:\/\/drasanvi.com\/fr\/wp-content\/uploads\/sites\/7\/2022\/02\/032010094.png","width":1000,"height":1000},{"@type":"BreadcrumbList","@id":"https:\/\/drasanvi.com\/fr\/producto\/batido-sustitutivo-vegetal-chocolate-avellana-520-g-zero-remordimientos\/#breadcrumb","itemListElement":[{"@type":"ListItem","position":1,"name":"Portada","item":"https:\/\/drasanvi.com\/fr\/"},{"@type":"ListItem","position":2,"name":"Tienda","item":"https:\/\/drasanvi.com\/fr\/tienda\/"},{"@type":"ListItem","position":3,"name":"Batido sustitutivo vegetal chocolate avellana 520 g Zero remordimientos"}]},{"@type":"WebSite","@id":"https:\/\/drasanvi.com\/fr\/#website","url":"https:\/\/drasanvi.com\/fr\/","name":"Drasanvi Francia","description":"L\u00edder en complementos alimenticios y cosm\u00e9tica natural.","publisher":{"@id":"https:\/\/drasanvi.com\/fr\/#organization"},"potentialAction":[{"@type":"SearchAction","target":{"@type":"EntryPoint","urlTemplate":"https:\/\/drasanvi.com\/fr\/?s={search_term_string}"},"query-input":{"@type":"PropertyValueSpecification","valueRequired":true,"valueName":"search_term_string"}}],"inLanguage":"fr-FR"},{"@type":"Organization","@id":"https:\/\/drasanvi.com\/fr\/#organization","name":"Drasanvi","url":"https:\/\/drasanvi.com\/fr\/","logo":{"@type":"ImageObject","inLanguage":"fr-FR","@id":"https:\/\/drasanvi.com\/fr\/#\/schema\/logo\/image\/","url":"https:\/\/drasanvi.com\/wp-content\/uploads\/sites\/7\/2021\/07\/logo-drasanvi.png","contentUrl":"https:\/\/drasanvi.com\/wp-content\/uploads\/sites\/7\/2021\/07\/logo-drasanvi.png","width":900,"height":300,"caption":"Drasanvi"},"image":{"@id":"https:\/\/drasanvi.com\/fr\/#\/schema\/logo\/image\/"}}]}},"_links":{"self":[{"href":"https:\/\/drasanvi.com\/fr\/wp-json\/wp\/v2\/product\/12567","targetHints":{"allow":["GET"]}}],"collection":[{"href":"https:\/\/drasanvi.com\/fr\/wp-json\/wp\/v2\/product"}],"about":[{"href":"https:\/\/drasanvi.com\/fr\/wp-json\/wp\/v2\/types\/product"}],"version-history":[{"count":0,"href":"https:\/\/drasanvi.com\/fr\/wp-json\/wp\/v2\/product\/12567\/revisions"}],"wp:featuredmedia":[{"embeddable":true,"href":"https:\/\/drasanvi.com\/fr\/wp-json\/wp\/v2\/media\/19732"}],"wp:attachment":[{"href":"https:\/\/drasanvi.com\/fr\/wp-json\/wp\/v2\/media?parent=12567"}],"wp:term":[{"taxonomy":"product_cat","embeddable":true,"href":"https:\/\/drasanvi.com\/fr\/wp-json\/wp\/v2\/product_cat?post=12567"},{"taxonomy":"product_tag","embeddable":true,"href":"https:\/\/drasanvi.com\/fr\/wp-json\/wp\/v2\/product_tag?post=12567"}],"curies":[{"name":"wp","href":"https:\/\/api.w.org\/{rel}","templated":true}]}}