{"id":12543,"date":"2022-02-28T15:17:26","date_gmt":"2022-02-28T13:17:26","guid":{"rendered":"https:\/\/drasanvi.com\/fr\/?post_type=product&#038;p=12543"},"modified":"2022-03-10T14:12:20","modified_gmt":"2022-03-10T12:12:20","slug":"super-alimento-matcha-ceremonial-70g","status":"publish","type":"product","link":"https:\/\/drasanvi.com\/fr\/producto\/super-alimento-matcha-ceremonial-70g\/","title":{"rendered":"Super Alimento Matcha Ceremonial 70g"},"content":{"rendered":"<h2>Ingredientes<\/h2>\n<p>Ingredientes  mg \/ Dosis diaria)      Matcha en polvo*Camellia sinensis\u00a0  \u00a0      Procedente de agricultura ecol\u00f3gica        Sin colorantes, conservantes ni az\u00facares a\u00f1adidos.<\/p>\n<h2>Modo de uso<\/h2>\n<p>Para preparar T\u00e9 MatchaA\u00f1adir 1\/2 cucharadita de T\u00e9 Matcha\u00a0 a un vaso de agua caliente y mezclar hasta su completa disoluci\u00f3nOtros usosA\u00f1adir 1 cucharadita de Matcha a smoothies, batidos y platos de reposter\u00eda<\/p>\n<h3>Presentaci\u00f3n<\/h3>\n<p>Envase de 70 g (2.47 oz)<\/p>\n<h3>Advertencias<\/h3>\n<p>Conservar en un lugar fresco y seco.&nbsp;Libre de al&eacute;rgenos.<\/p>\n<h2>Informaci\u00f3n adicional<\/h2>\n<p>ingrediente  descripci\u00f3n      \u00a0Matcha en polvo**Procedente de agricultura ecol\u00f3gica  Camellia sinensis\u00a0        Agricultura no UE<\/p>\n<p>Por 100 g        Valor energ\u00e9tico  1424 kJ \/ 337 kcal      Grasas  5,3 g      de las cuales saturadas  0,7 g      Hidratos de carbono  38,5 g      de los cuales az\u00facares  0 g      Fibra alimentaria  6,6 g      Prote\u00ednas  30,6 g      Sal  \u00a00 g<\/p>\n","protected":false},"excerpt":{"rendered":"<p>El T\u00e9 matcha se lleva usando durante milenios en Jap\u00f3n en las populares ceremonias del t\u00e9.\u00a0 Est\u00e1 hecho de hojas de t\u00e9 cultivadas a la sombra, evitando la luz solar directa y estimulando el crecimiento de la clorofila. Solo los brotes de t\u00e9 m\u00e1s finos se recogen yse secan para crear el polvo fino de color verde brillante. Tiene un sabor \u00fanico y distintivo. Mientras m\u00e1s alta sea la calidad, m\u00e1s dulce y menos astringente es el sabor. Nuestro Matcha es de grado ceremonial, adem\u00e1s contiene altos niveles de antioxidantes. El T\u00e9 Matcha tambi\u00e9n se puede utilizar como ingrediente alimentario en la preparaci\u00f3n de numerosos platos<br \/><a id=\"boton-ficha\" href=\"https:\/\/panel.drasanvi.com\/fichas\/1\/032010111\" target=\"_blank\" rel=\"noopener\">Ficha t\u00e9cnica<\/a><\/p>\n","protected":false},"featured_media":20754,"template":"","meta":{"inline_featured_image":false},"product_cat":[115],"product_tag":[],"class_list":["post-12543","product","type-product","status-publish","has-post-thumbnail","hentry","product_cat-superalimentos","pa_contiene-altramuces-no","pa_contiene-apio-no","pa_contiene-cacahuetes-no","pa_contiene-crustaceos-no","pa_contiene-frutos-secos-no","pa_contiene-huevo-no","pa_contiene-leche-no","pa_contiene-moluscos-no","pa_contiene-mostaza-no","pa_contiene-pescado-no","pa_contiene-sesamo-no","pa_contiene-soja-no","pa_producto-bio-si","pa_producto-sin-gluten-si","pa_producto-vegano-si","pa_producto-vegetariano-si"],"yoast_head":"<!-- This site is optimized with the Yoast SEO plugin v27.5 - https:\/\/yoast.com\/product\/yoast-seo-wordpress\/ -->\n<title>Super Alimento Matcha Ceremonial 70g - Drasanvi Francia<\/title>\n<meta name=\"robots\" content=\"index, follow, max-snippet:-1, max-image-preview:large, max-video-preview:-1\" \/>\n<link rel=\"canonical\" href=\"https:\/\/drasanvi.com\/fr\/producto\/super-alimento-matcha-ceremonial-70g\/\" \/>\n<meta property=\"og:locale\" content=\"fr_FR\" \/>\n<meta property=\"og:type\" content=\"article\" \/>\n<meta property=\"og:title\" content=\"Super Alimento Matcha Ceremonial 70g - Drasanvi Francia\" \/>\n<meta property=\"og:description\" content=\"El T\u00e9 matcha se lleva usando durante milenios en Jap\u00f3n en las populares ceremonias del t\u00e9.\u00a0 Est\u00e1 hecho de hojas de t\u00e9 cultivadas a la sombra, evitando la luz solar directa y estimulando el crecimiento de la clorofila. Solo los brotes de t\u00e9 m\u00e1s finos se recogen yse secan para crear el polvo fino de color verde brillante. Tiene un sabor \u00fanico y distintivo. Mientras m\u00e1s alta sea la calidad, m\u00e1s dulce y menos astringente es el sabor. Nuestro Matcha es de grado ceremonial, adem\u00e1s contiene altos niveles de antioxidantes. El T\u00e9 Matcha tambi\u00e9n se puede utilizar como ingrediente alimentario en la preparaci\u00f3n de numerosos platosFicha t\u00e9cnica\" \/>\n<meta property=\"og:url\" content=\"https:\/\/drasanvi.com\/fr\/producto\/super-alimento-matcha-ceremonial-70g\/\" \/>\n<meta property=\"og:site_name\" content=\"Drasanvi Francia\" \/>\n<meta property=\"article:modified_time\" content=\"2022-03-10T12:12:20+00:00\" \/>\n<meta property=\"og:image\" content=\"https:\/\/drasanvi.com\/wp-content\/uploads\/sites\/7\/2022\/02\/032010111.png\" \/>\n\t<meta property=\"og:image:width\" content=\"1000\" \/>\n\t<meta property=\"og:image:height\" content=\"1000\" \/>\n\t<meta property=\"og:image:type\" content=\"image\/png\" \/>\n<meta name=\"twitter:card\" content=\"summary_large_image\" \/>\n<script type=\"application\/ld+json\" class=\"yoast-schema-graph\">{\"@context\":\"https:\\\/\\\/schema.org\",\"@graph\":[{\"@type\":\"WebPage\",\"@id\":\"https:\\\/\\\/drasanvi.com\\\/fr\\\/producto\\\/super-alimento-matcha-ceremonial-70g\\\/\",\"url\":\"https:\\\/\\\/drasanvi.com\\\/fr\\\/producto\\\/super-alimento-matcha-ceremonial-70g\\\/\",\"name\":\"Super Alimento Matcha Ceremonial 70g - Drasanvi Francia\",\"isPartOf\":{\"@id\":\"https:\\\/\\\/drasanvi.com\\\/fr\\\/#website\"},\"primaryImageOfPage\":{\"@id\":\"https:\\\/\\\/drasanvi.com\\\/fr\\\/producto\\\/super-alimento-matcha-ceremonial-70g\\\/#primaryimage\"},\"image\":{\"@id\":\"https:\\\/\\\/drasanvi.com\\\/fr\\\/producto\\\/super-alimento-matcha-ceremonial-70g\\\/#primaryimage\"},\"thumbnailUrl\":\"https:\\\/\\\/drasanvi.com\\\/fr\\\/wp-content\\\/uploads\\\/sites\\\/7\\\/2022\\\/02\\\/032010111.png\",\"datePublished\":\"2022-02-28T13:17:26+00:00\",\"dateModified\":\"2022-03-10T12:12:20+00:00\",\"breadcrumb\":{\"@id\":\"https:\\\/\\\/drasanvi.com\\\/fr\\\/producto\\\/super-alimento-matcha-ceremonial-70g\\\/#breadcrumb\"},\"inLanguage\":\"fr-FR\",\"potentialAction\":[{\"@type\":\"ReadAction\",\"target\":[\"https:\\\/\\\/drasanvi.com\\\/fr\\\/producto\\\/super-alimento-matcha-ceremonial-70g\\\/\"]}]},{\"@type\":\"ImageObject\",\"inLanguage\":\"fr-FR\",\"@id\":\"https:\\\/\\\/drasanvi.com\\\/fr\\\/producto\\\/super-alimento-matcha-ceremonial-70g\\\/#primaryimage\",\"url\":\"https:\\\/\\\/drasanvi.com\\\/fr\\\/wp-content\\\/uploads\\\/sites\\\/7\\\/2022\\\/02\\\/032010111.png\",\"contentUrl\":\"https:\\\/\\\/drasanvi.com\\\/fr\\\/wp-content\\\/uploads\\\/sites\\\/7\\\/2022\\\/02\\\/032010111.png\",\"width\":1000,\"height\":1000},{\"@type\":\"BreadcrumbList\",\"@id\":\"https:\\\/\\\/drasanvi.com\\\/fr\\\/producto\\\/super-alimento-matcha-ceremonial-70g\\\/#breadcrumb\",\"itemListElement\":[{\"@type\":\"ListItem\",\"position\":1,\"name\":\"Portada\",\"item\":\"https:\\\/\\\/drasanvi.com\\\/fr\\\/\"},{\"@type\":\"ListItem\",\"position\":2,\"name\":\"Tienda\",\"item\":\"https:\\\/\\\/drasanvi.com\\\/fr\\\/tienda\\\/\"},{\"@type\":\"ListItem\",\"position\":3,\"name\":\"Super Alimento Matcha Ceremonial 70g\"}]},{\"@type\":\"WebSite\",\"@id\":\"https:\\\/\\\/drasanvi.com\\\/fr\\\/#website\",\"url\":\"https:\\\/\\\/drasanvi.com\\\/fr\\\/\",\"name\":\"Drasanvi Francia\",\"description\":\"L\u00edder en complementos alimenticios y cosm\u00e9tica natural.\",\"publisher\":{\"@id\":\"https:\\\/\\\/drasanvi.com\\\/fr\\\/#organization\"},\"potentialAction\":[{\"@type\":\"SearchAction\",\"target\":{\"@type\":\"EntryPoint\",\"urlTemplate\":\"https:\\\/\\\/drasanvi.com\\\/fr\\\/?s={search_term_string}\"},\"query-input\":{\"@type\":\"PropertyValueSpecification\",\"valueRequired\":true,\"valueName\":\"search_term_string\"}}],\"inLanguage\":\"fr-FR\"},{\"@type\":\"Organization\",\"@id\":\"https:\\\/\\\/drasanvi.com\\\/fr\\\/#organization\",\"name\":\"Drasanvi\",\"url\":\"https:\\\/\\\/drasanvi.com\\\/fr\\\/\",\"logo\":{\"@type\":\"ImageObject\",\"inLanguage\":\"fr-FR\",\"@id\":\"https:\\\/\\\/drasanvi.com\\\/fr\\\/#\\\/schema\\\/logo\\\/image\\\/\",\"url\":\"https:\\\/\\\/drasanvi.com\\\/wp-content\\\/uploads\\\/sites\\\/7\\\/2021\\\/07\\\/logo-drasanvi.png\",\"contentUrl\":\"https:\\\/\\\/drasanvi.com\\\/wp-content\\\/uploads\\\/sites\\\/7\\\/2021\\\/07\\\/logo-drasanvi.png\",\"width\":900,\"height\":300,\"caption\":\"Drasanvi\"},\"image\":{\"@id\":\"https:\\\/\\\/drasanvi.com\\\/fr\\\/#\\\/schema\\\/logo\\\/image\\\/\"}}]}<\/script>\n<!-- \/ Yoast SEO plugin. -->","yoast_head_json":{"title":"Super Alimento Matcha Ceremonial 70g - Drasanvi Francia","robots":{"index":"index","follow":"follow","max-snippet":"max-snippet:-1","max-image-preview":"max-image-preview:large","max-video-preview":"max-video-preview:-1"},"canonical":"https:\/\/drasanvi.com\/fr\/producto\/super-alimento-matcha-ceremonial-70g\/","og_locale":"fr_FR","og_type":"article","og_title":"Super Alimento Matcha Ceremonial 70g - Drasanvi Francia","og_description":"El T\u00e9 matcha se lleva usando durante milenios en Jap\u00f3n en las populares ceremonias del t\u00e9.\u00a0 Est\u00e1 hecho de hojas de t\u00e9 cultivadas a la sombra, evitando la luz solar directa y estimulando el crecimiento de la clorofila. Solo los brotes de t\u00e9 m\u00e1s finos se recogen yse secan para crear el polvo fino de color verde brillante. Tiene un sabor \u00fanico y distintivo. Mientras m\u00e1s alta sea la calidad, m\u00e1s dulce y menos astringente es el sabor. Nuestro Matcha es de grado ceremonial, adem\u00e1s contiene altos niveles de antioxidantes. El T\u00e9 Matcha tambi\u00e9n se puede utilizar como ingrediente alimentario en la preparaci\u00f3n de numerosos platosFicha t\u00e9cnica","og_url":"https:\/\/drasanvi.com\/fr\/producto\/super-alimento-matcha-ceremonial-70g\/","og_site_name":"Drasanvi Francia","article_modified_time":"2022-03-10T12:12:20+00:00","og_image":[{"width":1000,"height":1000,"url":"https:\/\/drasanvi.com\/wp-content\/uploads\/sites\/7\/2022\/02\/032010111.png","type":"image\/png"}],"twitter_card":"summary_large_image","schema":{"@context":"https:\/\/schema.org","@graph":[{"@type":"WebPage","@id":"https:\/\/drasanvi.com\/fr\/producto\/super-alimento-matcha-ceremonial-70g\/","url":"https:\/\/drasanvi.com\/fr\/producto\/super-alimento-matcha-ceremonial-70g\/","name":"Super Alimento Matcha Ceremonial 70g - Drasanvi Francia","isPartOf":{"@id":"https:\/\/drasanvi.com\/fr\/#website"},"primaryImageOfPage":{"@id":"https:\/\/drasanvi.com\/fr\/producto\/super-alimento-matcha-ceremonial-70g\/#primaryimage"},"image":{"@id":"https:\/\/drasanvi.com\/fr\/producto\/super-alimento-matcha-ceremonial-70g\/#primaryimage"},"thumbnailUrl":"https:\/\/drasanvi.com\/fr\/wp-content\/uploads\/sites\/7\/2022\/02\/032010111.png","datePublished":"2022-02-28T13:17:26+00:00","dateModified":"2022-03-10T12:12:20+00:00","breadcrumb":{"@id":"https:\/\/drasanvi.com\/fr\/producto\/super-alimento-matcha-ceremonial-70g\/#breadcrumb"},"inLanguage":"fr-FR","potentialAction":[{"@type":"ReadAction","target":["https:\/\/drasanvi.com\/fr\/producto\/super-alimento-matcha-ceremonial-70g\/"]}]},{"@type":"ImageObject","inLanguage":"fr-FR","@id":"https:\/\/drasanvi.com\/fr\/producto\/super-alimento-matcha-ceremonial-70g\/#primaryimage","url":"https:\/\/drasanvi.com\/fr\/wp-content\/uploads\/sites\/7\/2022\/02\/032010111.png","contentUrl":"https:\/\/drasanvi.com\/fr\/wp-content\/uploads\/sites\/7\/2022\/02\/032010111.png","width":1000,"height":1000},{"@type":"BreadcrumbList","@id":"https:\/\/drasanvi.com\/fr\/producto\/super-alimento-matcha-ceremonial-70g\/#breadcrumb","itemListElement":[{"@type":"ListItem","position":1,"name":"Portada","item":"https:\/\/drasanvi.com\/fr\/"},{"@type":"ListItem","position":2,"name":"Tienda","item":"https:\/\/drasanvi.com\/fr\/tienda\/"},{"@type":"ListItem","position":3,"name":"Super Alimento Matcha Ceremonial 70g"}]},{"@type":"WebSite","@id":"https:\/\/drasanvi.com\/fr\/#website","url":"https:\/\/drasanvi.com\/fr\/","name":"Drasanvi Francia","description":"L\u00edder en complementos alimenticios y cosm\u00e9tica natural.","publisher":{"@id":"https:\/\/drasanvi.com\/fr\/#organization"},"potentialAction":[{"@type":"SearchAction","target":{"@type":"EntryPoint","urlTemplate":"https:\/\/drasanvi.com\/fr\/?s={search_term_string}"},"query-input":{"@type":"PropertyValueSpecification","valueRequired":true,"valueName":"search_term_string"}}],"inLanguage":"fr-FR"},{"@type":"Organization","@id":"https:\/\/drasanvi.com\/fr\/#organization","name":"Drasanvi","url":"https:\/\/drasanvi.com\/fr\/","logo":{"@type":"ImageObject","inLanguage":"fr-FR","@id":"https:\/\/drasanvi.com\/fr\/#\/schema\/logo\/image\/","url":"https:\/\/drasanvi.com\/wp-content\/uploads\/sites\/7\/2021\/07\/logo-drasanvi.png","contentUrl":"https:\/\/drasanvi.com\/wp-content\/uploads\/sites\/7\/2021\/07\/logo-drasanvi.png","width":900,"height":300,"caption":"Drasanvi"},"image":{"@id":"https:\/\/drasanvi.com\/fr\/#\/schema\/logo\/image\/"}}]}},"_links":{"self":[{"href":"https:\/\/drasanvi.com\/fr\/wp-json\/wp\/v2\/product\/12543","targetHints":{"allow":["GET"]}}],"collection":[{"href":"https:\/\/drasanvi.com\/fr\/wp-json\/wp\/v2\/product"}],"about":[{"href":"https:\/\/drasanvi.com\/fr\/wp-json\/wp\/v2\/types\/product"}],"version-history":[{"count":0,"href":"https:\/\/drasanvi.com\/fr\/wp-json\/wp\/v2\/product\/12543\/revisions"}],"wp:featuredmedia":[{"embeddable":true,"href":"https:\/\/drasanvi.com\/fr\/wp-json\/wp\/v2\/media\/20754"}],"wp:attachment":[{"href":"https:\/\/drasanvi.com\/fr\/wp-json\/wp\/v2\/media?parent=12543"}],"wp:term":[{"taxonomy":"product_cat","embeddable":true,"href":"https:\/\/drasanvi.com\/fr\/wp-json\/wp\/v2\/product_cat?post=12543"},{"taxonomy":"product_tag","embeddable":true,"href":"https:\/\/drasanvi.com\/fr\/wp-json\/wp\/v2\/product_tag?post=12543"}],"curies":[{"name":"wp","href":"https:\/\/api.w.org\/{rel}","templated":true}]}}