{"id":12495,"date":"2022-02-28T15:15:40","date_gmt":"2022-02-28T13:15:40","guid":{"rendered":"https:\/\/drasanvi.com\/fr\/?post_type=product&#038;p=12495"},"modified":"2022-03-15T17:04:50","modified_gmt":"2022-03-15T15:04:50","slug":"semilla-chia-bio-250g-doypack-superalimentos","status":"publish","type":"product","link":"https:\/\/drasanvi.com\/fr\/producto\/semilla-chia-bio-250g-doypack-superalimentos\/","title":{"rendered":"Semilla Ch\u00eda Bio 250g Doypack Superalimentos"},"content":{"rendered":"<h2>Ingredientes<\/h2>\n<p>INGREDIENTE Semillas de Ch\u00eda de origen BIO Salvia hispanica L. Sin az\u00facares, edulcorantes, colorantes ni conservantes<\/p>\n<h2>Modo de uso<\/h2>\n<p>No superar 15 g diarios.Pueden a\u00f1adirse al pan, al muesli, a yogures, batidos y ensaladas. Tambi\u00e9n se pueden poner a remojo durante ocho horas para formar un gel, que se puede tomar directamente o utilizar en numerosas recetas.1 cucharada de postre= 3,5 gramos aproximadamente<\/p>\n<h3>Presentaci\u00f3n<\/h3>\n<p>Envase de 250 g (8.81 oz)<\/p>\n<h3>Advertencias<\/h3>\n<p>Conservar en un lugar fresco y seco.\u00a0Sin al\u00e9rgenos.<\/p>\n<h2>Informaci\u00f3n adicional<\/h2>\n<p>Ingrediente Descripci\u00f3n Semillas de Ch\u00eda de origen BIO (Salvia hispanica L.) Agricultura no UE<\/p>\n<p>Por cada 100 g INGREDIENTE CANTIDAD\/100g Valor energ\u00e9tico 1860 kJ\/ 450 Kcal Grasas 31 g de las cuales saturadas 3.3 g de las cuales monoinsaturadas 2.8 g de las cuales Omega 9 1.9 g de las cuales poliinsaturadas 24.9 g de las cuales Omega 3 16 g de las cuales Omega 6 4.7 g Hidratos de carbono 5 g de los cuales az\u00facares 0.8 g Fibras 33,7 g Prote\u00edna 20 g Sal 0.02 g<\/p>\n","protected":false},"excerpt":{"rendered":"<p>Aunque se trata de uno de los superalimentos de moda, su uso como alimento b\u00e1sico se remonta a las antiguas civilizaciones Mayas y Aztecas. Y con raz\u00f3n, ya que las semillas de Ch\u00eda son muy ricas en nutrientes y est\u00e1n repletas de vitaminas, minerales y \u00e1cidos grasos Omega 3, 6 y 9. Adem\u00e1s, poseen un alto contenido en fibra. Otra de sus ventajas es que son muy f\u00e1ciles de digerir y mezclar con otros alimentos. Se caracteriza por un agradable sabor, ligeramente suave y parecido al de la nuez. Las semillas de Ch\u00eda, cuando se combinan con l\u00edquido, absorben entre 10 y 12 veces su peso en agua formando un gel voluminoso. De esta forma, se convierte en un ingrediente muy vers\u00e1til para enriquecer tus recetas.<br \/>\n<a id=\"boton-ficha\" href=\"https:\/\/panel.drasanvi.com\/fichas\/1\/032010034\" target=\"_blank\" rel=\"noopener\">Ficha t\u00e9cnica<\/a><\/p>\n","protected":false},"featured_media":20608,"template":"","meta":{"inline_featured_image":false},"product_cat":[115],"product_tag":[],"class_list":["post-12495","product","type-product","status-publish","has-post-thumbnail","hentry","product_cat-superalimentos","pa_contiene-altramuces-no","pa_contiene-apio-no","pa_contiene-cacahuetes-no","pa_contiene-crustaceos-no","pa_contiene-frutos-secos-no","pa_contiene-huevo-no","pa_contiene-leche-no","pa_contiene-moluscos-no","pa_contiene-mostaza-no","pa_contiene-pescado-no","pa_contiene-sesamo-no","pa_contiene-soja-no","pa_producto-bio-si","pa_producto-sin-gluten-si","pa_producto-vegano-si","pa_producto-vegetariano-si"],"yoast_head":"<!-- This site is optimized with the Yoast SEO plugin v27.5 - https:\/\/yoast.com\/product\/yoast-seo-wordpress\/ -->\n<title>Semilla Ch\u00eda Bio 250g Doypack Superalimentos - Drasanvi Francia<\/title>\n<meta name=\"robots\" content=\"index, follow, max-snippet:-1, max-image-preview:large, max-video-preview:-1\" \/>\n<link rel=\"canonical\" href=\"https:\/\/drasanvi.com\/fr\/producto\/semilla-chia-bio-250g-doypack-superalimentos\/\" \/>\n<meta property=\"og:locale\" content=\"fr_FR\" \/>\n<meta property=\"og:type\" content=\"article\" \/>\n<meta property=\"og:title\" content=\"Semilla Ch\u00eda Bio 250g Doypack Superalimentos - Drasanvi Francia\" \/>\n<meta property=\"og:description\" content=\"Aunque se trata de uno de los superalimentos de moda, su uso como alimento b\u00e1sico se remonta a las antiguas civilizaciones Mayas y Aztecas. Y con raz\u00f3n, ya que las semillas de Ch\u00eda son muy ricas en nutrientes y est\u00e1n repletas de vitaminas, minerales y \u00e1cidos grasos Omega 3, 6 y 9. Adem\u00e1s, poseen un alto contenido en fibra. Otra de sus ventajas es que son muy f\u00e1ciles de digerir y mezclar con otros alimentos. Se caracteriza por un agradable sabor, ligeramente suave y parecido al de la nuez. Las semillas de Ch\u00eda, cuando se combinan con l\u00edquido, absorben entre 10 y 12 veces su peso en agua formando un gel voluminoso. De esta forma, se convierte en un ingrediente muy vers\u00e1til para enriquecer tus recetas. Ficha t\u00e9cnica\" \/>\n<meta property=\"og:url\" content=\"https:\/\/drasanvi.com\/fr\/producto\/semilla-chia-bio-250g-doypack-superalimentos\/\" \/>\n<meta property=\"og:site_name\" content=\"Drasanvi Francia\" \/>\n<meta property=\"article:modified_time\" content=\"2022-03-15T15:04:50+00:00\" \/>\n<meta property=\"og:image\" content=\"https:\/\/drasanvi.com\/wp-content\/uploads\/sites\/7\/2022\/02\/032010034.png\" \/>\n\t<meta property=\"og:image:width\" content=\"1000\" \/>\n\t<meta property=\"og:image:height\" content=\"1000\" \/>\n\t<meta property=\"og:image:type\" content=\"image\/png\" \/>\n<meta name=\"twitter:card\" content=\"summary_large_image\" \/>\n<script type=\"application\/ld+json\" class=\"yoast-schema-graph\">{\"@context\":\"https:\\\/\\\/schema.org\",\"@graph\":[{\"@type\":\"WebPage\",\"@id\":\"https:\\\/\\\/drasanvi.com\\\/fr\\\/producto\\\/semilla-chia-bio-250g-doypack-superalimentos\\\/\",\"url\":\"https:\\\/\\\/drasanvi.com\\\/fr\\\/producto\\\/semilla-chia-bio-250g-doypack-superalimentos\\\/\",\"name\":\"Semilla Ch\u00eda Bio 250g Doypack Superalimentos - Drasanvi Francia\",\"isPartOf\":{\"@id\":\"https:\\\/\\\/drasanvi.com\\\/fr\\\/#website\"},\"primaryImageOfPage\":{\"@id\":\"https:\\\/\\\/drasanvi.com\\\/fr\\\/producto\\\/semilla-chia-bio-250g-doypack-superalimentos\\\/#primaryimage\"},\"image\":{\"@id\":\"https:\\\/\\\/drasanvi.com\\\/fr\\\/producto\\\/semilla-chia-bio-250g-doypack-superalimentos\\\/#primaryimage\"},\"thumbnailUrl\":\"https:\\\/\\\/drasanvi.com\\\/fr\\\/wp-content\\\/uploads\\\/sites\\\/7\\\/2022\\\/02\\\/032010034.png\",\"datePublished\":\"2022-02-28T13:15:40+00:00\",\"dateModified\":\"2022-03-15T15:04:50+00:00\",\"breadcrumb\":{\"@id\":\"https:\\\/\\\/drasanvi.com\\\/fr\\\/producto\\\/semilla-chia-bio-250g-doypack-superalimentos\\\/#breadcrumb\"},\"inLanguage\":\"fr-FR\",\"potentialAction\":[{\"@type\":\"ReadAction\",\"target\":[\"https:\\\/\\\/drasanvi.com\\\/fr\\\/producto\\\/semilla-chia-bio-250g-doypack-superalimentos\\\/\"]}]},{\"@type\":\"ImageObject\",\"inLanguage\":\"fr-FR\",\"@id\":\"https:\\\/\\\/drasanvi.com\\\/fr\\\/producto\\\/semilla-chia-bio-250g-doypack-superalimentos\\\/#primaryimage\",\"url\":\"https:\\\/\\\/drasanvi.com\\\/fr\\\/wp-content\\\/uploads\\\/sites\\\/7\\\/2022\\\/02\\\/032010034.png\",\"contentUrl\":\"https:\\\/\\\/drasanvi.com\\\/fr\\\/wp-content\\\/uploads\\\/sites\\\/7\\\/2022\\\/02\\\/032010034.png\",\"width\":1000,\"height\":1000},{\"@type\":\"BreadcrumbList\",\"@id\":\"https:\\\/\\\/drasanvi.com\\\/fr\\\/producto\\\/semilla-chia-bio-250g-doypack-superalimentos\\\/#breadcrumb\",\"itemListElement\":[{\"@type\":\"ListItem\",\"position\":1,\"name\":\"Portada\",\"item\":\"https:\\\/\\\/drasanvi.com\\\/fr\\\/\"},{\"@type\":\"ListItem\",\"position\":2,\"name\":\"Tienda\",\"item\":\"https:\\\/\\\/drasanvi.com\\\/fr\\\/tienda\\\/\"},{\"@type\":\"ListItem\",\"position\":3,\"name\":\"Semilla Ch\u00eda Bio 250g Doypack Superalimentos\"}]},{\"@type\":\"WebSite\",\"@id\":\"https:\\\/\\\/drasanvi.com\\\/fr\\\/#website\",\"url\":\"https:\\\/\\\/drasanvi.com\\\/fr\\\/\",\"name\":\"Drasanvi Francia\",\"description\":\"L\u00edder en complementos alimenticios y cosm\u00e9tica natural.\",\"publisher\":{\"@id\":\"https:\\\/\\\/drasanvi.com\\\/fr\\\/#organization\"},\"potentialAction\":[{\"@type\":\"SearchAction\",\"target\":{\"@type\":\"EntryPoint\",\"urlTemplate\":\"https:\\\/\\\/drasanvi.com\\\/fr\\\/?s={search_term_string}\"},\"query-input\":{\"@type\":\"PropertyValueSpecification\",\"valueRequired\":true,\"valueName\":\"search_term_string\"}}],\"inLanguage\":\"fr-FR\"},{\"@type\":\"Organization\",\"@id\":\"https:\\\/\\\/drasanvi.com\\\/fr\\\/#organization\",\"name\":\"Drasanvi\",\"url\":\"https:\\\/\\\/drasanvi.com\\\/fr\\\/\",\"logo\":{\"@type\":\"ImageObject\",\"inLanguage\":\"fr-FR\",\"@id\":\"https:\\\/\\\/drasanvi.com\\\/fr\\\/#\\\/schema\\\/logo\\\/image\\\/\",\"url\":\"https:\\\/\\\/drasanvi.com\\\/wp-content\\\/uploads\\\/sites\\\/7\\\/2021\\\/07\\\/logo-drasanvi.png\",\"contentUrl\":\"https:\\\/\\\/drasanvi.com\\\/wp-content\\\/uploads\\\/sites\\\/7\\\/2021\\\/07\\\/logo-drasanvi.png\",\"width\":900,\"height\":300,\"caption\":\"Drasanvi\"},\"image\":{\"@id\":\"https:\\\/\\\/drasanvi.com\\\/fr\\\/#\\\/schema\\\/logo\\\/image\\\/\"}}]}<\/script>\n<!-- \/ Yoast SEO plugin. -->","yoast_head_json":{"title":"Semilla Ch\u00eda Bio 250g Doypack Superalimentos - Drasanvi Francia","robots":{"index":"index","follow":"follow","max-snippet":"max-snippet:-1","max-image-preview":"max-image-preview:large","max-video-preview":"max-video-preview:-1"},"canonical":"https:\/\/drasanvi.com\/fr\/producto\/semilla-chia-bio-250g-doypack-superalimentos\/","og_locale":"fr_FR","og_type":"article","og_title":"Semilla Ch\u00eda Bio 250g Doypack Superalimentos - Drasanvi Francia","og_description":"Aunque se trata de uno de los superalimentos de moda, su uso como alimento b\u00e1sico se remonta a las antiguas civilizaciones Mayas y Aztecas. Y con raz\u00f3n, ya que las semillas de Ch\u00eda son muy ricas en nutrientes y est\u00e1n repletas de vitaminas, minerales y \u00e1cidos grasos Omega 3, 6 y 9. Adem\u00e1s, poseen un alto contenido en fibra. Otra de sus ventajas es que son muy f\u00e1ciles de digerir y mezclar con otros alimentos. Se caracteriza por un agradable sabor, ligeramente suave y parecido al de la nuez. Las semillas de Ch\u00eda, cuando se combinan con l\u00edquido, absorben entre 10 y 12 veces su peso en agua formando un gel voluminoso. De esta forma, se convierte en un ingrediente muy vers\u00e1til para enriquecer tus recetas. Ficha t\u00e9cnica","og_url":"https:\/\/drasanvi.com\/fr\/producto\/semilla-chia-bio-250g-doypack-superalimentos\/","og_site_name":"Drasanvi Francia","article_modified_time":"2022-03-15T15:04:50+00:00","og_image":[{"width":1000,"height":1000,"url":"https:\/\/drasanvi.com\/wp-content\/uploads\/sites\/7\/2022\/02\/032010034.png","type":"image\/png"}],"twitter_card":"summary_large_image","schema":{"@context":"https:\/\/schema.org","@graph":[{"@type":"WebPage","@id":"https:\/\/drasanvi.com\/fr\/producto\/semilla-chia-bio-250g-doypack-superalimentos\/","url":"https:\/\/drasanvi.com\/fr\/producto\/semilla-chia-bio-250g-doypack-superalimentos\/","name":"Semilla Ch\u00eda Bio 250g Doypack Superalimentos - Drasanvi Francia","isPartOf":{"@id":"https:\/\/drasanvi.com\/fr\/#website"},"primaryImageOfPage":{"@id":"https:\/\/drasanvi.com\/fr\/producto\/semilla-chia-bio-250g-doypack-superalimentos\/#primaryimage"},"image":{"@id":"https:\/\/drasanvi.com\/fr\/producto\/semilla-chia-bio-250g-doypack-superalimentos\/#primaryimage"},"thumbnailUrl":"https:\/\/drasanvi.com\/fr\/wp-content\/uploads\/sites\/7\/2022\/02\/032010034.png","datePublished":"2022-02-28T13:15:40+00:00","dateModified":"2022-03-15T15:04:50+00:00","breadcrumb":{"@id":"https:\/\/drasanvi.com\/fr\/producto\/semilla-chia-bio-250g-doypack-superalimentos\/#breadcrumb"},"inLanguage":"fr-FR","potentialAction":[{"@type":"ReadAction","target":["https:\/\/drasanvi.com\/fr\/producto\/semilla-chia-bio-250g-doypack-superalimentos\/"]}]},{"@type":"ImageObject","inLanguage":"fr-FR","@id":"https:\/\/drasanvi.com\/fr\/producto\/semilla-chia-bio-250g-doypack-superalimentos\/#primaryimage","url":"https:\/\/drasanvi.com\/fr\/wp-content\/uploads\/sites\/7\/2022\/02\/032010034.png","contentUrl":"https:\/\/drasanvi.com\/fr\/wp-content\/uploads\/sites\/7\/2022\/02\/032010034.png","width":1000,"height":1000},{"@type":"BreadcrumbList","@id":"https:\/\/drasanvi.com\/fr\/producto\/semilla-chia-bio-250g-doypack-superalimentos\/#breadcrumb","itemListElement":[{"@type":"ListItem","position":1,"name":"Portada","item":"https:\/\/drasanvi.com\/fr\/"},{"@type":"ListItem","position":2,"name":"Tienda","item":"https:\/\/drasanvi.com\/fr\/tienda\/"},{"@type":"ListItem","position":3,"name":"Semilla Ch\u00eda Bio 250g Doypack Superalimentos"}]},{"@type":"WebSite","@id":"https:\/\/drasanvi.com\/fr\/#website","url":"https:\/\/drasanvi.com\/fr\/","name":"Drasanvi Francia","description":"L\u00edder en complementos alimenticios y cosm\u00e9tica natural.","publisher":{"@id":"https:\/\/drasanvi.com\/fr\/#organization"},"potentialAction":[{"@type":"SearchAction","target":{"@type":"EntryPoint","urlTemplate":"https:\/\/drasanvi.com\/fr\/?s={search_term_string}"},"query-input":{"@type":"PropertyValueSpecification","valueRequired":true,"valueName":"search_term_string"}}],"inLanguage":"fr-FR"},{"@type":"Organization","@id":"https:\/\/drasanvi.com\/fr\/#organization","name":"Drasanvi","url":"https:\/\/drasanvi.com\/fr\/","logo":{"@type":"ImageObject","inLanguage":"fr-FR","@id":"https:\/\/drasanvi.com\/fr\/#\/schema\/logo\/image\/","url":"https:\/\/drasanvi.com\/wp-content\/uploads\/sites\/7\/2021\/07\/logo-drasanvi.png","contentUrl":"https:\/\/drasanvi.com\/wp-content\/uploads\/sites\/7\/2021\/07\/logo-drasanvi.png","width":900,"height":300,"caption":"Drasanvi"},"image":{"@id":"https:\/\/drasanvi.com\/fr\/#\/schema\/logo\/image\/"}}]}},"_links":{"self":[{"href":"https:\/\/drasanvi.com\/fr\/wp-json\/wp\/v2\/product\/12495","targetHints":{"allow":["GET"]}}],"collection":[{"href":"https:\/\/drasanvi.com\/fr\/wp-json\/wp\/v2\/product"}],"about":[{"href":"https:\/\/drasanvi.com\/fr\/wp-json\/wp\/v2\/types\/product"}],"version-history":[{"count":0,"href":"https:\/\/drasanvi.com\/fr\/wp-json\/wp\/v2\/product\/12495\/revisions"}],"wp:featuredmedia":[{"embeddable":true,"href":"https:\/\/drasanvi.com\/fr\/wp-json\/wp\/v2\/media\/20608"}],"wp:attachment":[{"href":"https:\/\/drasanvi.com\/fr\/wp-json\/wp\/v2\/media?parent=12495"}],"wp:term":[{"taxonomy":"product_cat","embeddable":true,"href":"https:\/\/drasanvi.com\/fr\/wp-json\/wp\/v2\/product_cat?post=12495"},{"taxonomy":"product_tag","embeddable":true,"href":"https:\/\/drasanvi.com\/fr\/wp-json\/wp\/v2\/product_tag?post=12495"}],"curies":[{"name":"wp","href":"https:\/\/api.w.org\/{rel}","templated":true}]}}