{"id":12488,"date":"2022-02-28T15:17:26","date_gmt":"2022-02-28T13:17:26","guid":{"rendered":"https:\/\/drasanvi.com\/fr\/?post_type=product&#038;p=12488"},"modified":"2022-03-15T17:03:46","modified_gmt":"2022-03-15T15:03:46","slug":"stick-azucar-coco-bio-30x10g-superalimentos","status":"publish","type":"product","link":"https:\/\/drasanvi.com\/fr\/producto\/stick-azucar-coco-bio-30x10g-superalimentos\/","title":{"rendered":"Stick Az\u00facar Coco Bio 30x10g Superalimentos"},"content":{"rendered":"<h2>Ingredientes<\/h2>\n<p>Ingrediente Cantidad \/ dosis diaria Az\u00facar de Coco de origen BIO Cocos nucifera L. \u00a0 Sin colorantes, ni aditivos, ni conservantes.<\/p>\n<h2>Modo de uso<\/h2>\n<p>Listo para consumir<\/p>\n<h3>Presentaci\u00f3n<\/h3>\n<p>30 sticks de 10g. Peso total Envase 300 g (10.58 oz)<\/p>\n<h3>Advertencias<\/h3>\n<h2>Informaci\u00f3n adicional<\/h2>\n<p>Ingrediente Descripci\u00f3n Az\u00facar de Coco de origen BIO (Cocos nucifera L.)<\/p>\n<p>por cada 100 g INGREDIENTE %\/100 g CANTIDAD\/100 g Grasas 0.01% 0.01 g de las cuales saturadas 0% 0 g Hidratos de carbono 92.1% 92.1 g de los cuales az\u00facares 90.0% 90.0 g Fibra 1.39% 1.39 g Prote\u00edna 1.41% 1.41 g Sal 0.04 % 0.43 mg 383 Kcal \u00b7 1628 KJ INGREDIENTE %CDR CANTIDAD\/ 10 g Vitamina C 2.18% 1.75 mg Calcio 0.27 % 2.2 mg<\/p>\n","protected":false},"excerpt":{"rendered":"<p>El Az\u00facar de Coco se obtiene del n\u00e9ctar de las flores de los cocoteros. Desde hace siglos, es empleado\u00a0como edulcorante natural\u00a0en los pa\u00edses del sureste de Asia. \u00a0En los \u00faltimos a\u00f1os, su uso se ha ido popularizando a lo largo del mundo gracias a su\u00a0bajo \u00cdndice Gluc\u00e9mico (IG) y su exquisito sabor, que recuerda al caramelo. El Az\u00facar de Coco es un az\u00facar ecol\u00f3gico. Tanto su forma de obtenci\u00f3n como la de\u00a0procesado se llevan a cabo de una manera sostenible, siendo considerado como el az\u00facar m\u00e1s ecol\u00f3gico y sostenible del planeta. El Az\u00facar de Coco puede ser utilizado para endulzar el caf\u00e9, batidos o reposter\u00eda. Gracias a su\u00a0bajo \u00cdndice Gluc\u00e9mico, que no altera en exceso los niveles de az\u00facar en sangre, se puede utilizar en los postres m\u00e1s saludables.<br \/>\n<a id=\"boton-ficha\" href=\"https:\/\/panel.drasanvi.com\/fichas\/1\/032010038\" target=\"_blank\" rel=\"noopener\">Ficha t\u00e9cnica<\/a><\/p>\n","protected":false},"featured_media":20742,"template":"","meta":{"inline_featured_image":false},"product_cat":[115],"product_tag":[],"class_list":["post-12488","product","type-product","status-publish","has-post-thumbnail","hentry","product_cat-superalimentos","pa_contiene-altramuces-no","pa_contiene-apio-no","pa_contiene-cacahuetes-no","pa_contiene-crustaceos-no","pa_contiene-frutos-secos-no","pa_contiene-huevo-no","pa_contiene-leche-no","pa_contiene-moluscos-no","pa_contiene-mostaza-no","pa_contiene-pescado-no","pa_contiene-sesamo-no","pa_contiene-soja-no","pa_producto-bio-si","pa_producto-sin-gluten-si","pa_producto-vegano-si","pa_producto-vegetariano-no"],"yoast_head":"<!-- This site is optimized with the Yoast SEO plugin v27.5 - https:\/\/yoast.com\/product\/yoast-seo-wordpress\/ -->\n<title>Stick Az\u00facar Coco Bio 30x10g Superalimentos - Drasanvi Francia<\/title>\n<meta name=\"robots\" content=\"index, follow, max-snippet:-1, max-image-preview:large, max-video-preview:-1\" \/>\n<link rel=\"canonical\" href=\"https:\/\/drasanvi.com\/fr\/producto\/stick-azucar-coco-bio-30x10g-superalimentos\/\" \/>\n<meta property=\"og:locale\" content=\"fr_FR\" \/>\n<meta property=\"og:type\" content=\"article\" \/>\n<meta property=\"og:title\" content=\"Stick Az\u00facar Coco Bio 30x10g Superalimentos - Drasanvi Francia\" \/>\n<meta property=\"og:description\" content=\"El Az\u00facar de Coco se obtiene del n\u00e9ctar de las flores de los cocoteros. Desde hace siglos, es empleado\u00a0como edulcorante natural\u00a0en los pa\u00edses del sureste de Asia. \u00a0En los \u00faltimos a\u00f1os, su uso se ha ido popularizando a lo largo del mundo gracias a su\u00a0bajo \u00cdndice Gluc\u00e9mico (IG) y su exquisito sabor, que recuerda al caramelo. El Az\u00facar de Coco es un az\u00facar ecol\u00f3gico. Tanto su forma de obtenci\u00f3n como la de\u00a0procesado se llevan a cabo de una manera sostenible, siendo considerado como el az\u00facar m\u00e1s ecol\u00f3gico y sostenible del planeta. El Az\u00facar de Coco puede ser utilizado para endulzar el caf\u00e9, batidos o reposter\u00eda. Gracias a su\u00a0bajo \u00cdndice Gluc\u00e9mico, que no altera en exceso los niveles de az\u00facar en sangre, se puede utilizar en los postres m\u00e1s saludables. Ficha t\u00e9cnica\" \/>\n<meta property=\"og:url\" content=\"https:\/\/drasanvi.com\/fr\/producto\/stick-azucar-coco-bio-30x10g-superalimentos\/\" \/>\n<meta property=\"og:site_name\" content=\"Drasanvi Francia\" \/>\n<meta property=\"article:modified_time\" content=\"2022-03-15T15:03:46+00:00\" \/>\n<meta property=\"og:image\" content=\"https:\/\/drasanvi.com\/wp-content\/uploads\/sites\/7\/2022\/02\/032010038.png\" \/>\n\t<meta property=\"og:image:width\" content=\"1000\" \/>\n\t<meta property=\"og:image:height\" content=\"1000\" \/>\n\t<meta property=\"og:image:type\" content=\"image\/png\" \/>\n<meta name=\"twitter:card\" content=\"summary_large_image\" \/>\n<script type=\"application\/ld+json\" class=\"yoast-schema-graph\">{\"@context\":\"https:\\\/\\\/schema.org\",\"@graph\":[{\"@type\":\"WebPage\",\"@id\":\"https:\\\/\\\/drasanvi.com\\\/fr\\\/producto\\\/stick-azucar-coco-bio-30x10g-superalimentos\\\/\",\"url\":\"https:\\\/\\\/drasanvi.com\\\/fr\\\/producto\\\/stick-azucar-coco-bio-30x10g-superalimentos\\\/\",\"name\":\"Stick Az\u00facar Coco Bio 30x10g Superalimentos - Drasanvi Francia\",\"isPartOf\":{\"@id\":\"https:\\\/\\\/drasanvi.com\\\/fr\\\/#website\"},\"primaryImageOfPage\":{\"@id\":\"https:\\\/\\\/drasanvi.com\\\/fr\\\/producto\\\/stick-azucar-coco-bio-30x10g-superalimentos\\\/#primaryimage\"},\"image\":{\"@id\":\"https:\\\/\\\/drasanvi.com\\\/fr\\\/producto\\\/stick-azucar-coco-bio-30x10g-superalimentos\\\/#primaryimage\"},\"thumbnailUrl\":\"https:\\\/\\\/drasanvi.com\\\/fr\\\/wp-content\\\/uploads\\\/sites\\\/7\\\/2022\\\/02\\\/032010038.png\",\"datePublished\":\"2022-02-28T13:17:26+00:00\",\"dateModified\":\"2022-03-15T15:03:46+00:00\",\"breadcrumb\":{\"@id\":\"https:\\\/\\\/drasanvi.com\\\/fr\\\/producto\\\/stick-azucar-coco-bio-30x10g-superalimentos\\\/#breadcrumb\"},\"inLanguage\":\"fr-FR\",\"potentialAction\":[{\"@type\":\"ReadAction\",\"target\":[\"https:\\\/\\\/drasanvi.com\\\/fr\\\/producto\\\/stick-azucar-coco-bio-30x10g-superalimentos\\\/\"]}]},{\"@type\":\"ImageObject\",\"inLanguage\":\"fr-FR\",\"@id\":\"https:\\\/\\\/drasanvi.com\\\/fr\\\/producto\\\/stick-azucar-coco-bio-30x10g-superalimentos\\\/#primaryimage\",\"url\":\"https:\\\/\\\/drasanvi.com\\\/fr\\\/wp-content\\\/uploads\\\/sites\\\/7\\\/2022\\\/02\\\/032010038.png\",\"contentUrl\":\"https:\\\/\\\/drasanvi.com\\\/fr\\\/wp-content\\\/uploads\\\/sites\\\/7\\\/2022\\\/02\\\/032010038.png\",\"width\":1000,\"height\":1000},{\"@type\":\"BreadcrumbList\",\"@id\":\"https:\\\/\\\/drasanvi.com\\\/fr\\\/producto\\\/stick-azucar-coco-bio-30x10g-superalimentos\\\/#breadcrumb\",\"itemListElement\":[{\"@type\":\"ListItem\",\"position\":1,\"name\":\"Portada\",\"item\":\"https:\\\/\\\/drasanvi.com\\\/fr\\\/\"},{\"@type\":\"ListItem\",\"position\":2,\"name\":\"Tienda\",\"item\":\"https:\\\/\\\/drasanvi.com\\\/fr\\\/tienda\\\/\"},{\"@type\":\"ListItem\",\"position\":3,\"name\":\"Stick Az\u00facar Coco Bio 30x10g Superalimentos\"}]},{\"@type\":\"WebSite\",\"@id\":\"https:\\\/\\\/drasanvi.com\\\/fr\\\/#website\",\"url\":\"https:\\\/\\\/drasanvi.com\\\/fr\\\/\",\"name\":\"Drasanvi Francia\",\"description\":\"L\u00edder en complementos alimenticios y cosm\u00e9tica natural.\",\"publisher\":{\"@id\":\"https:\\\/\\\/drasanvi.com\\\/fr\\\/#organization\"},\"potentialAction\":[{\"@type\":\"SearchAction\",\"target\":{\"@type\":\"EntryPoint\",\"urlTemplate\":\"https:\\\/\\\/drasanvi.com\\\/fr\\\/?s={search_term_string}\"},\"query-input\":{\"@type\":\"PropertyValueSpecification\",\"valueRequired\":true,\"valueName\":\"search_term_string\"}}],\"inLanguage\":\"fr-FR\"},{\"@type\":\"Organization\",\"@id\":\"https:\\\/\\\/drasanvi.com\\\/fr\\\/#organization\",\"name\":\"Drasanvi\",\"url\":\"https:\\\/\\\/drasanvi.com\\\/fr\\\/\",\"logo\":{\"@type\":\"ImageObject\",\"inLanguage\":\"fr-FR\",\"@id\":\"https:\\\/\\\/drasanvi.com\\\/fr\\\/#\\\/schema\\\/logo\\\/image\\\/\",\"url\":\"https:\\\/\\\/drasanvi.com\\\/wp-content\\\/uploads\\\/sites\\\/7\\\/2021\\\/07\\\/logo-drasanvi.png\",\"contentUrl\":\"https:\\\/\\\/drasanvi.com\\\/wp-content\\\/uploads\\\/sites\\\/7\\\/2021\\\/07\\\/logo-drasanvi.png\",\"width\":900,\"height\":300,\"caption\":\"Drasanvi\"},\"image\":{\"@id\":\"https:\\\/\\\/drasanvi.com\\\/fr\\\/#\\\/schema\\\/logo\\\/image\\\/\"}}]}<\/script>\n<!-- \/ Yoast SEO plugin. -->","yoast_head_json":{"title":"Stick Az\u00facar Coco Bio 30x10g Superalimentos - Drasanvi Francia","robots":{"index":"index","follow":"follow","max-snippet":"max-snippet:-1","max-image-preview":"max-image-preview:large","max-video-preview":"max-video-preview:-1"},"canonical":"https:\/\/drasanvi.com\/fr\/producto\/stick-azucar-coco-bio-30x10g-superalimentos\/","og_locale":"fr_FR","og_type":"article","og_title":"Stick Az\u00facar Coco Bio 30x10g Superalimentos - Drasanvi Francia","og_description":"El Az\u00facar de Coco se obtiene del n\u00e9ctar de las flores de los cocoteros. Desde hace siglos, es empleado\u00a0como edulcorante natural\u00a0en los pa\u00edses del sureste de Asia. \u00a0En los \u00faltimos a\u00f1os, su uso se ha ido popularizando a lo largo del mundo gracias a su\u00a0bajo \u00cdndice Gluc\u00e9mico (IG) y su exquisito sabor, que recuerda al caramelo. El Az\u00facar de Coco es un az\u00facar ecol\u00f3gico. Tanto su forma de obtenci\u00f3n como la de\u00a0procesado se llevan a cabo de una manera sostenible, siendo considerado como el az\u00facar m\u00e1s ecol\u00f3gico y sostenible del planeta. El Az\u00facar de Coco puede ser utilizado para endulzar el caf\u00e9, batidos o reposter\u00eda. Gracias a su\u00a0bajo \u00cdndice Gluc\u00e9mico, que no altera en exceso los niveles de az\u00facar en sangre, se puede utilizar en los postres m\u00e1s saludables. Ficha t\u00e9cnica","og_url":"https:\/\/drasanvi.com\/fr\/producto\/stick-azucar-coco-bio-30x10g-superalimentos\/","og_site_name":"Drasanvi Francia","article_modified_time":"2022-03-15T15:03:46+00:00","og_image":[{"width":1000,"height":1000,"url":"https:\/\/drasanvi.com\/wp-content\/uploads\/sites\/7\/2022\/02\/032010038.png","type":"image\/png"}],"twitter_card":"summary_large_image","schema":{"@context":"https:\/\/schema.org","@graph":[{"@type":"WebPage","@id":"https:\/\/drasanvi.com\/fr\/producto\/stick-azucar-coco-bio-30x10g-superalimentos\/","url":"https:\/\/drasanvi.com\/fr\/producto\/stick-azucar-coco-bio-30x10g-superalimentos\/","name":"Stick Az\u00facar Coco Bio 30x10g Superalimentos - Drasanvi Francia","isPartOf":{"@id":"https:\/\/drasanvi.com\/fr\/#website"},"primaryImageOfPage":{"@id":"https:\/\/drasanvi.com\/fr\/producto\/stick-azucar-coco-bio-30x10g-superalimentos\/#primaryimage"},"image":{"@id":"https:\/\/drasanvi.com\/fr\/producto\/stick-azucar-coco-bio-30x10g-superalimentos\/#primaryimage"},"thumbnailUrl":"https:\/\/drasanvi.com\/fr\/wp-content\/uploads\/sites\/7\/2022\/02\/032010038.png","datePublished":"2022-02-28T13:17:26+00:00","dateModified":"2022-03-15T15:03:46+00:00","breadcrumb":{"@id":"https:\/\/drasanvi.com\/fr\/producto\/stick-azucar-coco-bio-30x10g-superalimentos\/#breadcrumb"},"inLanguage":"fr-FR","potentialAction":[{"@type":"ReadAction","target":["https:\/\/drasanvi.com\/fr\/producto\/stick-azucar-coco-bio-30x10g-superalimentos\/"]}]},{"@type":"ImageObject","inLanguage":"fr-FR","@id":"https:\/\/drasanvi.com\/fr\/producto\/stick-azucar-coco-bio-30x10g-superalimentos\/#primaryimage","url":"https:\/\/drasanvi.com\/fr\/wp-content\/uploads\/sites\/7\/2022\/02\/032010038.png","contentUrl":"https:\/\/drasanvi.com\/fr\/wp-content\/uploads\/sites\/7\/2022\/02\/032010038.png","width":1000,"height":1000},{"@type":"BreadcrumbList","@id":"https:\/\/drasanvi.com\/fr\/producto\/stick-azucar-coco-bio-30x10g-superalimentos\/#breadcrumb","itemListElement":[{"@type":"ListItem","position":1,"name":"Portada","item":"https:\/\/drasanvi.com\/fr\/"},{"@type":"ListItem","position":2,"name":"Tienda","item":"https:\/\/drasanvi.com\/fr\/tienda\/"},{"@type":"ListItem","position":3,"name":"Stick Az\u00facar Coco Bio 30x10g Superalimentos"}]},{"@type":"WebSite","@id":"https:\/\/drasanvi.com\/fr\/#website","url":"https:\/\/drasanvi.com\/fr\/","name":"Drasanvi Francia","description":"L\u00edder en complementos alimenticios y cosm\u00e9tica natural.","publisher":{"@id":"https:\/\/drasanvi.com\/fr\/#organization"},"potentialAction":[{"@type":"SearchAction","target":{"@type":"EntryPoint","urlTemplate":"https:\/\/drasanvi.com\/fr\/?s={search_term_string}"},"query-input":{"@type":"PropertyValueSpecification","valueRequired":true,"valueName":"search_term_string"}}],"inLanguage":"fr-FR"},{"@type":"Organization","@id":"https:\/\/drasanvi.com\/fr\/#organization","name":"Drasanvi","url":"https:\/\/drasanvi.com\/fr\/","logo":{"@type":"ImageObject","inLanguage":"fr-FR","@id":"https:\/\/drasanvi.com\/fr\/#\/schema\/logo\/image\/","url":"https:\/\/drasanvi.com\/wp-content\/uploads\/sites\/7\/2021\/07\/logo-drasanvi.png","contentUrl":"https:\/\/drasanvi.com\/wp-content\/uploads\/sites\/7\/2021\/07\/logo-drasanvi.png","width":900,"height":300,"caption":"Drasanvi"},"image":{"@id":"https:\/\/drasanvi.com\/fr\/#\/schema\/logo\/image\/"}}]}},"_links":{"self":[{"href":"https:\/\/drasanvi.com\/fr\/wp-json\/wp\/v2\/product\/12488","targetHints":{"allow":["GET"]}}],"collection":[{"href":"https:\/\/drasanvi.com\/fr\/wp-json\/wp\/v2\/product"}],"about":[{"href":"https:\/\/drasanvi.com\/fr\/wp-json\/wp\/v2\/types\/product"}],"version-history":[{"count":0,"href":"https:\/\/drasanvi.com\/fr\/wp-json\/wp\/v2\/product\/12488\/revisions"}],"wp:featuredmedia":[{"embeddable":true,"href":"https:\/\/drasanvi.com\/fr\/wp-json\/wp\/v2\/media\/20742"}],"wp:attachment":[{"href":"https:\/\/drasanvi.com\/fr\/wp-json\/wp\/v2\/media?parent=12488"}],"wp:term":[{"taxonomy":"product_cat","embeddable":true,"href":"https:\/\/drasanvi.com\/fr\/wp-json\/wp\/v2\/product_cat?post=12488"},{"taxonomy":"product_tag","embeddable":true,"href":"https:\/\/drasanvi.com\/fr\/wp-json\/wp\/v2\/product_tag?post=12488"}],"curies":[{"name":"wp","href":"https:\/\/api.w.org\/{rel}","templated":true}]}}