{"id":12473,"date":"2022-02-28T15:17:26","date_gmt":"2022-02-28T13:17:26","guid":{"rendered":"https:\/\/drasanvi.com\/fr\/?post_type=product&#038;p=12473"},"modified":"2022-03-15T17:03:08","modified_gmt":"2022-03-15T15:03:08","slug":"stick-spirulina-bio-20x10g-superalimentos","status":"publish","type":"product","link":"https:\/\/drasanvi.com\/fr\/producto\/stick-spirulina-bio-20x10g-superalimentos\/","title":{"rendered":"Stick Spirulina Bio 20x10g Superalimentos"},"content":{"rendered":"<h2>Ingredientes<\/h2>\n<p>Ingrediente Cantidad \/ dosis diaria Spirulina en polvo de origen BIO Arthorospira platensis 10 g Sin colorantes, ni az\u00facares a\u00f1adidos ni conservantes.<\/p>\n<h2>Modo de uso<\/h2>\n<p>Se recomienda tomar 1 stick al d\u00eda.<\/p>\n<h3>Presentaci\u00f3n<\/h3>\n<p>Envase 20 sticks de 10g. Peso total 200 g (7 oz).<\/p>\n<h3>Advertencias<\/h3>\n<h2>Informaci\u00f3n adicional<\/h2>\n<p>Ingredientes Descripci\u00f3n Spirulina en polvo de origen BIO (Arthorospira platensis)<\/p>\n<p>Por 100 g Ingrediente %\/100 g Cantidad\/100 g Grasas 5.9% 5.9 g De las cuales son saturadas 3.42% 3.42 g Omega 6 (\u00e1cido linol\u00e9ico) 0.940% 0.940 g Hidratos de carbono 12% 12 g de los cuales son az\u00facares 0,53% 0,53 g Fibra 7% 7 g Prote\u00ednas 64.2% 64.2 g 326 Kcal \u00b7 1370 KJ Ingrediente Porcentaje Cantidad Vitamina B6 131% 1.84 mg Vitamina B12 64% 1.6 ?g Vitamina B2 49% 0.69 mg Vitamina B1 40% 0.44 mg Hierro 59% 8.27 mg % CDR (Cantidad Diaria Recomendada)<\/p>\n","protected":false},"excerpt":{"rendered":"<p>Aunque su historia se remonta al Imperio Azteca, la Spirulina se ha empezado a incorporar a la alimentaci\u00f3n desde hace relativamente pocos a\u00f1os. Este alimento se caracteriza por su riqueza en prote\u00ednas, m\u00e1s del 50% de su composici\u00f3n, las cuales aportan 8 amino\u00e1cidos esenciales, aquellos que el cuerpo no puede sintetizar. Esta composici\u00f3n ha propiciado que la ONU le preste atenci\u00f3n, especialmente en situaciones de desnutrici\u00f3n. Tal es as\u00ed que la Spirulina fue declarada en la Conferencia Mundial de Alimentaci\u00f3n de la ONU de 1974, como EL MEJOR ALIMENTO PARA EL FUTURO. La Spirulina es un alga muy rica en nutrientes, por lo que se convierte en un ingrediente especial para enriquecer sencillos platos o realizar nutritivos batidos. \u00bfQu\u00e9 os parece enriquecer una ensalada y convertirla en un plato muy nutritivo?<br \/>\n<a id=\"boton-ficha\" href=\"https:\/\/panel.drasanvi.com\/fichas\/1\/032010036\" target=\"_blank\" rel=\"noopener\">Ficha t\u00e9cnica<\/a><\/p>\n","protected":false},"featured_media":20752,"template":"","meta":{"inline_featured_image":false},"product_cat":[115],"product_tag":[],"class_list":["post-12473","product","type-product","status-publish","has-post-thumbnail","hentry","product_cat-superalimentos","pa_contiene-altramuces-no","pa_contiene-apio-no","pa_contiene-cacahuetes-no","pa_contiene-crustaceos-no","pa_contiene-frutos-secos-no","pa_contiene-huevo-no","pa_contiene-leche-no","pa_contiene-moluscos-no","pa_contiene-mostaza-no","pa_contiene-pescado-no","pa_contiene-sesamo-no","pa_contiene-soja-no","pa_producto-bio-si","pa_producto-sin-gluten-si","pa_producto-vegano-si","pa_producto-vegetariano-no"],"yoast_head":"<!-- This site is optimized with the Yoast SEO plugin v27.5 - https:\/\/yoast.com\/product\/yoast-seo-wordpress\/ -->\n<title>Stick Spirulina Bio 20x10g Superalimentos - Drasanvi Francia<\/title>\n<meta name=\"robots\" content=\"index, follow, max-snippet:-1, max-image-preview:large, max-video-preview:-1\" \/>\n<link rel=\"canonical\" href=\"https:\/\/drasanvi.com\/fr\/producto\/stick-spirulina-bio-20x10g-superalimentos\/\" \/>\n<meta property=\"og:locale\" content=\"fr_FR\" \/>\n<meta property=\"og:type\" content=\"article\" \/>\n<meta property=\"og:title\" content=\"Stick Spirulina Bio 20x10g Superalimentos - Drasanvi Francia\" \/>\n<meta property=\"og:description\" content=\"Aunque su historia se remonta al Imperio Azteca, la Spirulina se ha empezado a incorporar a la alimentaci\u00f3n desde hace relativamente pocos a\u00f1os. Este alimento se caracteriza por su riqueza en prote\u00ednas, m\u00e1s del 50% de su composici\u00f3n, las cuales aportan 8 amino\u00e1cidos esenciales, aquellos que el cuerpo no puede sintetizar. Esta composici\u00f3n ha propiciado que la ONU le preste atenci\u00f3n, especialmente en situaciones de desnutrici\u00f3n. Tal es as\u00ed que la Spirulina fue declarada en la Conferencia Mundial de Alimentaci\u00f3n de la ONU de 1974, como EL MEJOR ALIMENTO PARA EL FUTURO. La Spirulina es un alga muy rica en nutrientes, por lo que se convierte en un ingrediente especial para enriquecer sencillos platos o realizar nutritivos batidos. \u00bfQu\u00e9 os parece enriquecer una ensalada y convertirla en un plato muy nutritivo? Ficha t\u00e9cnica\" \/>\n<meta property=\"og:url\" content=\"https:\/\/drasanvi.com\/fr\/producto\/stick-spirulina-bio-20x10g-superalimentos\/\" \/>\n<meta property=\"og:site_name\" content=\"Drasanvi Francia\" \/>\n<meta property=\"article:modified_time\" content=\"2022-03-15T15:03:08+00:00\" \/>\n<meta property=\"og:image\" content=\"https:\/\/drasanvi.com\/wp-content\/uploads\/sites\/7\/2022\/02\/032010036.png\" \/>\n\t<meta property=\"og:image:width\" content=\"1000\" \/>\n\t<meta property=\"og:image:height\" content=\"1000\" \/>\n\t<meta property=\"og:image:type\" content=\"image\/png\" \/>\n<meta name=\"twitter:card\" content=\"summary_large_image\" \/>\n<script type=\"application\/ld+json\" class=\"yoast-schema-graph\">{\"@context\":\"https:\\\/\\\/schema.org\",\"@graph\":[{\"@type\":\"WebPage\",\"@id\":\"https:\\\/\\\/drasanvi.com\\\/fr\\\/producto\\\/stick-spirulina-bio-20x10g-superalimentos\\\/\",\"url\":\"https:\\\/\\\/drasanvi.com\\\/fr\\\/producto\\\/stick-spirulina-bio-20x10g-superalimentos\\\/\",\"name\":\"Stick Spirulina Bio 20x10g Superalimentos - Drasanvi Francia\",\"isPartOf\":{\"@id\":\"https:\\\/\\\/drasanvi.com\\\/fr\\\/#website\"},\"primaryImageOfPage\":{\"@id\":\"https:\\\/\\\/drasanvi.com\\\/fr\\\/producto\\\/stick-spirulina-bio-20x10g-superalimentos\\\/#primaryimage\"},\"image\":{\"@id\":\"https:\\\/\\\/drasanvi.com\\\/fr\\\/producto\\\/stick-spirulina-bio-20x10g-superalimentos\\\/#primaryimage\"},\"thumbnailUrl\":\"https:\\\/\\\/drasanvi.com\\\/fr\\\/wp-content\\\/uploads\\\/sites\\\/7\\\/2022\\\/02\\\/032010036.png\",\"datePublished\":\"2022-02-28T13:17:26+00:00\",\"dateModified\":\"2022-03-15T15:03:08+00:00\",\"breadcrumb\":{\"@id\":\"https:\\\/\\\/drasanvi.com\\\/fr\\\/producto\\\/stick-spirulina-bio-20x10g-superalimentos\\\/#breadcrumb\"},\"inLanguage\":\"fr-FR\",\"potentialAction\":[{\"@type\":\"ReadAction\",\"target\":[\"https:\\\/\\\/drasanvi.com\\\/fr\\\/producto\\\/stick-spirulina-bio-20x10g-superalimentos\\\/\"]}]},{\"@type\":\"ImageObject\",\"inLanguage\":\"fr-FR\",\"@id\":\"https:\\\/\\\/drasanvi.com\\\/fr\\\/producto\\\/stick-spirulina-bio-20x10g-superalimentos\\\/#primaryimage\",\"url\":\"https:\\\/\\\/drasanvi.com\\\/fr\\\/wp-content\\\/uploads\\\/sites\\\/7\\\/2022\\\/02\\\/032010036.png\",\"contentUrl\":\"https:\\\/\\\/drasanvi.com\\\/fr\\\/wp-content\\\/uploads\\\/sites\\\/7\\\/2022\\\/02\\\/032010036.png\",\"width\":1000,\"height\":1000},{\"@type\":\"BreadcrumbList\",\"@id\":\"https:\\\/\\\/drasanvi.com\\\/fr\\\/producto\\\/stick-spirulina-bio-20x10g-superalimentos\\\/#breadcrumb\",\"itemListElement\":[{\"@type\":\"ListItem\",\"position\":1,\"name\":\"Portada\",\"item\":\"https:\\\/\\\/drasanvi.com\\\/fr\\\/\"},{\"@type\":\"ListItem\",\"position\":2,\"name\":\"Tienda\",\"item\":\"https:\\\/\\\/drasanvi.com\\\/fr\\\/tienda\\\/\"},{\"@type\":\"ListItem\",\"position\":3,\"name\":\"Stick Spirulina Bio 20x10g Superalimentos\"}]},{\"@type\":\"WebSite\",\"@id\":\"https:\\\/\\\/drasanvi.com\\\/fr\\\/#website\",\"url\":\"https:\\\/\\\/drasanvi.com\\\/fr\\\/\",\"name\":\"Drasanvi Francia\",\"description\":\"L\u00edder en complementos alimenticios y cosm\u00e9tica natural.\",\"publisher\":{\"@id\":\"https:\\\/\\\/drasanvi.com\\\/fr\\\/#organization\"},\"potentialAction\":[{\"@type\":\"SearchAction\",\"target\":{\"@type\":\"EntryPoint\",\"urlTemplate\":\"https:\\\/\\\/drasanvi.com\\\/fr\\\/?s={search_term_string}\"},\"query-input\":{\"@type\":\"PropertyValueSpecification\",\"valueRequired\":true,\"valueName\":\"search_term_string\"}}],\"inLanguage\":\"fr-FR\"},{\"@type\":\"Organization\",\"@id\":\"https:\\\/\\\/drasanvi.com\\\/fr\\\/#organization\",\"name\":\"Drasanvi\",\"url\":\"https:\\\/\\\/drasanvi.com\\\/fr\\\/\",\"logo\":{\"@type\":\"ImageObject\",\"inLanguage\":\"fr-FR\",\"@id\":\"https:\\\/\\\/drasanvi.com\\\/fr\\\/#\\\/schema\\\/logo\\\/image\\\/\",\"url\":\"https:\\\/\\\/drasanvi.com\\\/wp-content\\\/uploads\\\/sites\\\/7\\\/2021\\\/07\\\/logo-drasanvi.png\",\"contentUrl\":\"https:\\\/\\\/drasanvi.com\\\/wp-content\\\/uploads\\\/sites\\\/7\\\/2021\\\/07\\\/logo-drasanvi.png\",\"width\":900,\"height\":300,\"caption\":\"Drasanvi\"},\"image\":{\"@id\":\"https:\\\/\\\/drasanvi.com\\\/fr\\\/#\\\/schema\\\/logo\\\/image\\\/\"}}]}<\/script>\n<!-- \/ Yoast SEO plugin. -->","yoast_head_json":{"title":"Stick Spirulina Bio 20x10g Superalimentos - Drasanvi Francia","robots":{"index":"index","follow":"follow","max-snippet":"max-snippet:-1","max-image-preview":"max-image-preview:large","max-video-preview":"max-video-preview:-1"},"canonical":"https:\/\/drasanvi.com\/fr\/producto\/stick-spirulina-bio-20x10g-superalimentos\/","og_locale":"fr_FR","og_type":"article","og_title":"Stick Spirulina Bio 20x10g Superalimentos - Drasanvi Francia","og_description":"Aunque su historia se remonta al Imperio Azteca, la Spirulina se ha empezado a incorporar a la alimentaci\u00f3n desde hace relativamente pocos a\u00f1os. Este alimento se caracteriza por su riqueza en prote\u00ednas, m\u00e1s del 50% de su composici\u00f3n, las cuales aportan 8 amino\u00e1cidos esenciales, aquellos que el cuerpo no puede sintetizar. Esta composici\u00f3n ha propiciado que la ONU le preste atenci\u00f3n, especialmente en situaciones de desnutrici\u00f3n. Tal es as\u00ed que la Spirulina fue declarada en la Conferencia Mundial de Alimentaci\u00f3n de la ONU de 1974, como EL MEJOR ALIMENTO PARA EL FUTURO. La Spirulina es un alga muy rica en nutrientes, por lo que se convierte en un ingrediente especial para enriquecer sencillos platos o realizar nutritivos batidos. \u00bfQu\u00e9 os parece enriquecer una ensalada y convertirla en un plato muy nutritivo? Ficha t\u00e9cnica","og_url":"https:\/\/drasanvi.com\/fr\/producto\/stick-spirulina-bio-20x10g-superalimentos\/","og_site_name":"Drasanvi Francia","article_modified_time":"2022-03-15T15:03:08+00:00","og_image":[{"width":1000,"height":1000,"url":"https:\/\/drasanvi.com\/wp-content\/uploads\/sites\/7\/2022\/02\/032010036.png","type":"image\/png"}],"twitter_card":"summary_large_image","schema":{"@context":"https:\/\/schema.org","@graph":[{"@type":"WebPage","@id":"https:\/\/drasanvi.com\/fr\/producto\/stick-spirulina-bio-20x10g-superalimentos\/","url":"https:\/\/drasanvi.com\/fr\/producto\/stick-spirulina-bio-20x10g-superalimentos\/","name":"Stick Spirulina Bio 20x10g Superalimentos - Drasanvi Francia","isPartOf":{"@id":"https:\/\/drasanvi.com\/fr\/#website"},"primaryImageOfPage":{"@id":"https:\/\/drasanvi.com\/fr\/producto\/stick-spirulina-bio-20x10g-superalimentos\/#primaryimage"},"image":{"@id":"https:\/\/drasanvi.com\/fr\/producto\/stick-spirulina-bio-20x10g-superalimentos\/#primaryimage"},"thumbnailUrl":"https:\/\/drasanvi.com\/fr\/wp-content\/uploads\/sites\/7\/2022\/02\/032010036.png","datePublished":"2022-02-28T13:17:26+00:00","dateModified":"2022-03-15T15:03:08+00:00","breadcrumb":{"@id":"https:\/\/drasanvi.com\/fr\/producto\/stick-spirulina-bio-20x10g-superalimentos\/#breadcrumb"},"inLanguage":"fr-FR","potentialAction":[{"@type":"ReadAction","target":["https:\/\/drasanvi.com\/fr\/producto\/stick-spirulina-bio-20x10g-superalimentos\/"]}]},{"@type":"ImageObject","inLanguage":"fr-FR","@id":"https:\/\/drasanvi.com\/fr\/producto\/stick-spirulina-bio-20x10g-superalimentos\/#primaryimage","url":"https:\/\/drasanvi.com\/fr\/wp-content\/uploads\/sites\/7\/2022\/02\/032010036.png","contentUrl":"https:\/\/drasanvi.com\/fr\/wp-content\/uploads\/sites\/7\/2022\/02\/032010036.png","width":1000,"height":1000},{"@type":"BreadcrumbList","@id":"https:\/\/drasanvi.com\/fr\/producto\/stick-spirulina-bio-20x10g-superalimentos\/#breadcrumb","itemListElement":[{"@type":"ListItem","position":1,"name":"Portada","item":"https:\/\/drasanvi.com\/fr\/"},{"@type":"ListItem","position":2,"name":"Tienda","item":"https:\/\/drasanvi.com\/fr\/tienda\/"},{"@type":"ListItem","position":3,"name":"Stick Spirulina Bio 20x10g Superalimentos"}]},{"@type":"WebSite","@id":"https:\/\/drasanvi.com\/fr\/#website","url":"https:\/\/drasanvi.com\/fr\/","name":"Drasanvi Francia","description":"L\u00edder en complementos alimenticios y cosm\u00e9tica natural.","publisher":{"@id":"https:\/\/drasanvi.com\/fr\/#organization"},"potentialAction":[{"@type":"SearchAction","target":{"@type":"EntryPoint","urlTemplate":"https:\/\/drasanvi.com\/fr\/?s={search_term_string}"},"query-input":{"@type":"PropertyValueSpecification","valueRequired":true,"valueName":"search_term_string"}}],"inLanguage":"fr-FR"},{"@type":"Organization","@id":"https:\/\/drasanvi.com\/fr\/#organization","name":"Drasanvi","url":"https:\/\/drasanvi.com\/fr\/","logo":{"@type":"ImageObject","inLanguage":"fr-FR","@id":"https:\/\/drasanvi.com\/fr\/#\/schema\/logo\/image\/","url":"https:\/\/drasanvi.com\/wp-content\/uploads\/sites\/7\/2021\/07\/logo-drasanvi.png","contentUrl":"https:\/\/drasanvi.com\/wp-content\/uploads\/sites\/7\/2021\/07\/logo-drasanvi.png","width":900,"height":300,"caption":"Drasanvi"},"image":{"@id":"https:\/\/drasanvi.com\/fr\/#\/schema\/logo\/image\/"}}]}},"_links":{"self":[{"href":"https:\/\/drasanvi.com\/fr\/wp-json\/wp\/v2\/product\/12473","targetHints":{"allow":["GET"]}}],"collection":[{"href":"https:\/\/drasanvi.com\/fr\/wp-json\/wp\/v2\/product"}],"about":[{"href":"https:\/\/drasanvi.com\/fr\/wp-json\/wp\/v2\/types\/product"}],"version-history":[{"count":0,"href":"https:\/\/drasanvi.com\/fr\/wp-json\/wp\/v2\/product\/12473\/revisions"}],"wp:featuredmedia":[{"embeddable":true,"href":"https:\/\/drasanvi.com\/fr\/wp-json\/wp\/v2\/media\/20752"}],"wp:attachment":[{"href":"https:\/\/drasanvi.com\/fr\/wp-json\/wp\/v2\/media?parent=12473"}],"wp:term":[{"taxonomy":"product_cat","embeddable":true,"href":"https:\/\/drasanvi.com\/fr\/wp-json\/wp\/v2\/product_cat?post=12473"},{"taxonomy":"product_tag","embeddable":true,"href":"https:\/\/drasanvi.com\/fr\/wp-json\/wp\/v2\/product_tag?post=12473"}],"curies":[{"name":"wp","href":"https:\/\/api.w.org\/{rel}","templated":true}]}}