{"id":12457,"date":"2022-02-28T15:07:40","date_gmt":"2022-02-28T13:07:40","guid":{"rendered":"https:\/\/drasanvi.com\/fr\/?post_type=product&#038;p=12457"},"modified":"2022-03-15T17:14:31","modified_gmt":"2022-03-15T15:14:31","slug":"hierba-trigo-bio-125g-doypack-superalimentos","status":"publish","type":"product","link":"https:\/\/drasanvi.com\/fr\/producto\/hierba-trigo-bio-125g-doypack-superalimentos\/","title":{"rendered":"Hierba Trigo Bio 125g Doypack Superalimentos"},"content":{"rendered":"<h2>Ingredientes<\/h2>\n<p>Ingrediente Hierba de Trigo en polvo de origen BIO Triticum aestivum Sin colorantes, ni az\u00facares a\u00f1adidos ni conservantes.<\/p>\n<h2>Modo de uso<\/h2>\n<p>A\u00f1ada una cucharada de postre a \u00a0sus smoothies y batidos, zumos, bebidas vegetales, salsas verdes, crema de verduras o en cualquier receta. Incorporar una vez que el plato este templado. 1 cucharada de postre= 2 gramos aproximadamente.<\/p>\n<h3>Presentaci\u00f3n<\/h3>\n<p>Envase de 125 g (4.4 oz)<\/p>\n<h3>Advertencias<\/h3>\n<p>Conservar en un lugar fresco y seco.\u00a0Sin al\u00e9rgenos<\/p>\n<h2>Informaci\u00f3n adicional<\/h2>\n<p>Ingrediente Descripci\u00f3n Hierba de Trigo en polvo de origen BIO Triticum aestivum Agricultura UE<\/p>\n<p>por cada 100 g INGREDIENTE %\/100 g CANTIDAD\/100 g Valor energ\u00e9tico \u00a0 1115 kJ \/266 kcal Grasas 1.3% 1.3 g de las cuales saturadas 0.2% 0.2 g Hidratos de carbono 30% 30 g de los cuales az\u00facares 18.68% 18.68 g Fibra 28% 28 g Prote\u00edna 19.56% 19.56 g Sal 0.08% 0.08 g \u00a0 INGREDIENTE %VRN CANTIDAD\/ 10 g Vitamina A 32.5 % 260.3 ?g Vitamina C 29.3 % 23.5 mg Potasio 6.85 % 137.0 mg Calcio 8.61 % 68.9 mg Hierro 10.9 % 1.53 mg % VRN (Valores de Referencia de Nutrientes)<\/p>\n","protected":false},"excerpt":{"rendered":"<p>La Hierba de Trigo verde se obtiene de brotes j\u00f3venes de trigo, coincidiendo con el momento de mayor concentraci\u00f3n en vitaminas, minerales y clorofila. Se caracteriza por su alta concentraci\u00f3n de prote\u00ednas y riqueza de vitaminas y minerales. Todo el proceso, desde el cultivo hasta su extracci\u00f3n y envasado, se lleva a cabo bajo condiciones ecol\u00f3gicas.<br \/>\n<a id=\"boton-ficha\" href=\"https:\/\/panel.drasanvi.com\/fichas\/1\/032010024\" target=\"_blank\" rel=\"noopener\">Ficha t\u00e9cnica<\/a><\/p>\n","protected":false},"featured_media":20176,"template":"","meta":{"inline_featured_image":false},"product_cat":[115],"product_tag":[],"class_list":["post-12457","product","type-product","status-publish","has-post-thumbnail","hentry","product_cat-superalimentos","pa_contiene-altramuces-no","pa_contiene-apio-no","pa_contiene-cacahuetes-no","pa_contiene-crustaceos-no","pa_contiene-frutos-secos-no","pa_contiene-huevo-no","pa_contiene-leche-no","pa_contiene-moluscos-no","pa_contiene-mostaza-no","pa_contiene-pescado-no","pa_contiene-sesamo-no","pa_contiene-soja-no","pa_producto-bio-si","pa_producto-sin-gluten-si","pa_producto-vegano-si","pa_producto-vegetariano-si"],"yoast_head":"<!-- This site is optimized with the Yoast SEO plugin v27.4 - https:\/\/yoast.com\/product\/yoast-seo-wordpress\/ -->\n<title>Hierba Trigo Bio 125g Doypack Superalimentos - Drasanvi Francia<\/title>\n<meta name=\"robots\" content=\"index, follow, max-snippet:-1, max-image-preview:large, max-video-preview:-1\" \/>\n<link rel=\"canonical\" href=\"https:\/\/drasanvi.com\/fr\/producto\/hierba-trigo-bio-125g-doypack-superalimentos\/\" \/>\n<meta property=\"og:locale\" content=\"fr_FR\" \/>\n<meta property=\"og:type\" content=\"article\" \/>\n<meta property=\"og:title\" content=\"Hierba Trigo Bio 125g Doypack Superalimentos - Drasanvi Francia\" \/>\n<meta property=\"og:description\" content=\"La Hierba de Trigo verde se obtiene de brotes j\u00f3venes de trigo, coincidiendo con el momento de mayor concentraci\u00f3n en vitaminas, minerales y clorofila. Se caracteriza por su alta concentraci\u00f3n de prote\u00ednas y riqueza de vitaminas y minerales. Todo el proceso, desde el cultivo hasta su extracci\u00f3n y envasado, se lleva a cabo bajo condiciones ecol\u00f3gicas. Ficha t\u00e9cnica\" \/>\n<meta property=\"og:url\" content=\"https:\/\/drasanvi.com\/fr\/producto\/hierba-trigo-bio-125g-doypack-superalimentos\/\" \/>\n<meta property=\"og:site_name\" content=\"Drasanvi Francia\" \/>\n<meta property=\"article:modified_time\" content=\"2022-03-15T15:14:31+00:00\" \/>\n<meta property=\"og:image\" content=\"https:\/\/drasanvi.com\/wp-content\/uploads\/sites\/7\/2022\/02\/032010024.png\" \/>\n\t<meta property=\"og:image:width\" content=\"1000\" \/>\n\t<meta property=\"og:image:height\" content=\"1000\" \/>\n\t<meta property=\"og:image:type\" content=\"image\/png\" \/>\n<meta name=\"twitter:card\" content=\"summary_large_image\" \/>\n<script type=\"application\/ld+json\" class=\"yoast-schema-graph\">{\"@context\":\"https:\\\/\\\/schema.org\",\"@graph\":[{\"@type\":\"WebPage\",\"@id\":\"https:\\\/\\\/drasanvi.com\\\/fr\\\/producto\\\/hierba-trigo-bio-125g-doypack-superalimentos\\\/\",\"url\":\"https:\\\/\\\/drasanvi.com\\\/fr\\\/producto\\\/hierba-trigo-bio-125g-doypack-superalimentos\\\/\",\"name\":\"Hierba Trigo Bio 125g Doypack Superalimentos - Drasanvi Francia\",\"isPartOf\":{\"@id\":\"https:\\\/\\\/drasanvi.com\\\/fr\\\/#website\"},\"primaryImageOfPage\":{\"@id\":\"https:\\\/\\\/drasanvi.com\\\/fr\\\/producto\\\/hierba-trigo-bio-125g-doypack-superalimentos\\\/#primaryimage\"},\"image\":{\"@id\":\"https:\\\/\\\/drasanvi.com\\\/fr\\\/producto\\\/hierba-trigo-bio-125g-doypack-superalimentos\\\/#primaryimage\"},\"thumbnailUrl\":\"https:\\\/\\\/drasanvi.com\\\/fr\\\/wp-content\\\/uploads\\\/sites\\\/7\\\/2022\\\/02\\\/032010024.png\",\"datePublished\":\"2022-02-28T13:07:40+00:00\",\"dateModified\":\"2022-03-15T15:14:31+00:00\",\"breadcrumb\":{\"@id\":\"https:\\\/\\\/drasanvi.com\\\/fr\\\/producto\\\/hierba-trigo-bio-125g-doypack-superalimentos\\\/#breadcrumb\"},\"inLanguage\":\"fr-FR\",\"potentialAction\":[{\"@type\":\"ReadAction\",\"target\":[\"https:\\\/\\\/drasanvi.com\\\/fr\\\/producto\\\/hierba-trigo-bio-125g-doypack-superalimentos\\\/\"]}]},{\"@type\":\"ImageObject\",\"inLanguage\":\"fr-FR\",\"@id\":\"https:\\\/\\\/drasanvi.com\\\/fr\\\/producto\\\/hierba-trigo-bio-125g-doypack-superalimentos\\\/#primaryimage\",\"url\":\"https:\\\/\\\/drasanvi.com\\\/fr\\\/wp-content\\\/uploads\\\/sites\\\/7\\\/2022\\\/02\\\/032010024.png\",\"contentUrl\":\"https:\\\/\\\/drasanvi.com\\\/fr\\\/wp-content\\\/uploads\\\/sites\\\/7\\\/2022\\\/02\\\/032010024.png\",\"width\":1000,\"height\":1000},{\"@type\":\"BreadcrumbList\",\"@id\":\"https:\\\/\\\/drasanvi.com\\\/fr\\\/producto\\\/hierba-trigo-bio-125g-doypack-superalimentos\\\/#breadcrumb\",\"itemListElement\":[{\"@type\":\"ListItem\",\"position\":1,\"name\":\"Portada\",\"item\":\"https:\\\/\\\/drasanvi.com\\\/fr\\\/\"},{\"@type\":\"ListItem\",\"position\":2,\"name\":\"Tienda\",\"item\":\"https:\\\/\\\/drasanvi.com\\\/fr\\\/tienda\\\/\"},{\"@type\":\"ListItem\",\"position\":3,\"name\":\"Hierba Trigo Bio 125g Doypack Superalimentos\"}]},{\"@type\":\"WebSite\",\"@id\":\"https:\\\/\\\/drasanvi.com\\\/fr\\\/#website\",\"url\":\"https:\\\/\\\/drasanvi.com\\\/fr\\\/\",\"name\":\"Drasanvi Francia\",\"description\":\"L\u00edder en complementos alimenticios y cosm\u00e9tica natural.\",\"publisher\":{\"@id\":\"https:\\\/\\\/drasanvi.com\\\/fr\\\/#organization\"},\"potentialAction\":[{\"@type\":\"SearchAction\",\"target\":{\"@type\":\"EntryPoint\",\"urlTemplate\":\"https:\\\/\\\/drasanvi.com\\\/fr\\\/?s={search_term_string}\"},\"query-input\":{\"@type\":\"PropertyValueSpecification\",\"valueRequired\":true,\"valueName\":\"search_term_string\"}}],\"inLanguage\":\"fr-FR\"},{\"@type\":\"Organization\",\"@id\":\"https:\\\/\\\/drasanvi.com\\\/fr\\\/#organization\",\"name\":\"Drasanvi\",\"url\":\"https:\\\/\\\/drasanvi.com\\\/fr\\\/\",\"logo\":{\"@type\":\"ImageObject\",\"inLanguage\":\"fr-FR\",\"@id\":\"https:\\\/\\\/drasanvi.com\\\/fr\\\/#\\\/schema\\\/logo\\\/image\\\/\",\"url\":\"https:\\\/\\\/drasanvi.com\\\/wp-content\\\/uploads\\\/sites\\\/7\\\/2021\\\/07\\\/logo-drasanvi.png\",\"contentUrl\":\"https:\\\/\\\/drasanvi.com\\\/wp-content\\\/uploads\\\/sites\\\/7\\\/2021\\\/07\\\/logo-drasanvi.png\",\"width\":900,\"height\":300,\"caption\":\"Drasanvi\"},\"image\":{\"@id\":\"https:\\\/\\\/drasanvi.com\\\/fr\\\/#\\\/schema\\\/logo\\\/image\\\/\"}}]}<\/script>\n<!-- \/ Yoast SEO plugin. -->","yoast_head_json":{"title":"Hierba Trigo Bio 125g Doypack Superalimentos - Drasanvi Francia","robots":{"index":"index","follow":"follow","max-snippet":"max-snippet:-1","max-image-preview":"max-image-preview:large","max-video-preview":"max-video-preview:-1"},"canonical":"https:\/\/drasanvi.com\/fr\/producto\/hierba-trigo-bio-125g-doypack-superalimentos\/","og_locale":"fr_FR","og_type":"article","og_title":"Hierba Trigo Bio 125g Doypack Superalimentos - Drasanvi Francia","og_description":"La Hierba de Trigo verde se obtiene de brotes j\u00f3venes de trigo, coincidiendo con el momento de mayor concentraci\u00f3n en vitaminas, minerales y clorofila. Se caracteriza por su alta concentraci\u00f3n de prote\u00ednas y riqueza de vitaminas y minerales. Todo el proceso, desde el cultivo hasta su extracci\u00f3n y envasado, se lleva a cabo bajo condiciones ecol\u00f3gicas. Ficha t\u00e9cnica","og_url":"https:\/\/drasanvi.com\/fr\/producto\/hierba-trigo-bio-125g-doypack-superalimentos\/","og_site_name":"Drasanvi Francia","article_modified_time":"2022-03-15T15:14:31+00:00","og_image":[{"width":1000,"height":1000,"url":"https:\/\/drasanvi.com\/wp-content\/uploads\/sites\/7\/2022\/02\/032010024.png","type":"image\/png"}],"twitter_card":"summary_large_image","schema":{"@context":"https:\/\/schema.org","@graph":[{"@type":"WebPage","@id":"https:\/\/drasanvi.com\/fr\/producto\/hierba-trigo-bio-125g-doypack-superalimentos\/","url":"https:\/\/drasanvi.com\/fr\/producto\/hierba-trigo-bio-125g-doypack-superalimentos\/","name":"Hierba Trigo Bio 125g Doypack Superalimentos - Drasanvi Francia","isPartOf":{"@id":"https:\/\/drasanvi.com\/fr\/#website"},"primaryImageOfPage":{"@id":"https:\/\/drasanvi.com\/fr\/producto\/hierba-trigo-bio-125g-doypack-superalimentos\/#primaryimage"},"image":{"@id":"https:\/\/drasanvi.com\/fr\/producto\/hierba-trigo-bio-125g-doypack-superalimentos\/#primaryimage"},"thumbnailUrl":"https:\/\/drasanvi.com\/fr\/wp-content\/uploads\/sites\/7\/2022\/02\/032010024.png","datePublished":"2022-02-28T13:07:40+00:00","dateModified":"2022-03-15T15:14:31+00:00","breadcrumb":{"@id":"https:\/\/drasanvi.com\/fr\/producto\/hierba-trigo-bio-125g-doypack-superalimentos\/#breadcrumb"},"inLanguage":"fr-FR","potentialAction":[{"@type":"ReadAction","target":["https:\/\/drasanvi.com\/fr\/producto\/hierba-trigo-bio-125g-doypack-superalimentos\/"]}]},{"@type":"ImageObject","inLanguage":"fr-FR","@id":"https:\/\/drasanvi.com\/fr\/producto\/hierba-trigo-bio-125g-doypack-superalimentos\/#primaryimage","url":"https:\/\/drasanvi.com\/fr\/wp-content\/uploads\/sites\/7\/2022\/02\/032010024.png","contentUrl":"https:\/\/drasanvi.com\/fr\/wp-content\/uploads\/sites\/7\/2022\/02\/032010024.png","width":1000,"height":1000},{"@type":"BreadcrumbList","@id":"https:\/\/drasanvi.com\/fr\/producto\/hierba-trigo-bio-125g-doypack-superalimentos\/#breadcrumb","itemListElement":[{"@type":"ListItem","position":1,"name":"Portada","item":"https:\/\/drasanvi.com\/fr\/"},{"@type":"ListItem","position":2,"name":"Tienda","item":"https:\/\/drasanvi.com\/fr\/tienda\/"},{"@type":"ListItem","position":3,"name":"Hierba Trigo Bio 125g Doypack Superalimentos"}]},{"@type":"WebSite","@id":"https:\/\/drasanvi.com\/fr\/#website","url":"https:\/\/drasanvi.com\/fr\/","name":"Drasanvi Francia","description":"L\u00edder en complementos alimenticios y cosm\u00e9tica natural.","publisher":{"@id":"https:\/\/drasanvi.com\/fr\/#organization"},"potentialAction":[{"@type":"SearchAction","target":{"@type":"EntryPoint","urlTemplate":"https:\/\/drasanvi.com\/fr\/?s={search_term_string}"},"query-input":{"@type":"PropertyValueSpecification","valueRequired":true,"valueName":"search_term_string"}}],"inLanguage":"fr-FR"},{"@type":"Organization","@id":"https:\/\/drasanvi.com\/fr\/#organization","name":"Drasanvi","url":"https:\/\/drasanvi.com\/fr\/","logo":{"@type":"ImageObject","inLanguage":"fr-FR","@id":"https:\/\/drasanvi.com\/fr\/#\/schema\/logo\/image\/","url":"https:\/\/drasanvi.com\/wp-content\/uploads\/sites\/7\/2021\/07\/logo-drasanvi.png","contentUrl":"https:\/\/drasanvi.com\/wp-content\/uploads\/sites\/7\/2021\/07\/logo-drasanvi.png","width":900,"height":300,"caption":"Drasanvi"},"image":{"@id":"https:\/\/drasanvi.com\/fr\/#\/schema\/logo\/image\/"}}]}},"_links":{"self":[{"href":"https:\/\/drasanvi.com\/fr\/wp-json\/wp\/v2\/product\/12457","targetHints":{"allow":["GET"]}}],"collection":[{"href":"https:\/\/drasanvi.com\/fr\/wp-json\/wp\/v2\/product"}],"about":[{"href":"https:\/\/drasanvi.com\/fr\/wp-json\/wp\/v2\/types\/product"}],"version-history":[{"count":0,"href":"https:\/\/drasanvi.com\/fr\/wp-json\/wp\/v2\/product\/12457\/revisions"}],"wp:featuredmedia":[{"embeddable":true,"href":"https:\/\/drasanvi.com\/fr\/wp-json\/wp\/v2\/media\/20176"}],"wp:attachment":[{"href":"https:\/\/drasanvi.com\/fr\/wp-json\/wp\/v2\/media?parent=12457"}],"wp:term":[{"taxonomy":"product_cat","embeddable":true,"href":"https:\/\/drasanvi.com\/fr\/wp-json\/wp\/v2\/product_cat?post=12457"},{"taxonomy":"product_tag","embeddable":true,"href":"https:\/\/drasanvi.com\/fr\/wp-json\/wp\/v2\/product_tag?post=12457"}],"curies":[{"name":"wp","href":"https:\/\/api.w.org\/{rel}","templated":true}]}}