{"id":12425,"date":"2022-02-28T14:57:29","date_gmt":"2022-02-28T12:57:29","guid":{"rendered":"https:\/\/drasanvi.com\/fr\/?post_type=product&#038;p=12425"},"modified":"2022-03-15T17:16:50","modified_gmt":"2022-03-15T15:16:50","slug":"azucar-abedul-300g-doypack-superalimentos","status":"publish","type":"product","link":"https:\/\/drasanvi.com\/fr\/producto\/azucar-abedul-300g-doypack-superalimentos\/","title":{"rendered":"Az\u00facar Abedul 300g Doypack Superalimentos"},"content":{"rendered":"<h2>Ingredientes<\/h2>\n<p>Ingrediente Az\u00facar de Abedul (Xilitol) Sin colorantes, ni aditivos ni conservantes<\/p>\n<h2>Modo de uso<\/h2>\n<p>A\u00f1ada \u00a0para endulzar zumos, batidos, caf\u00e9, bebidas vegetales, etc. Puedes utilizarlo como sustituto al az\u00facar blanco en recetas de reposter\u00eda ya que resiste la cocci\u00f3n y el horneado.1 cucharada de postre= 6 gramos aproximadamente.<\/p>\n<h3>Presentaci\u00f3n<\/h3>\n<p>Envase de 300 g (10.58 oz)<\/p>\n<h3>Advertencias<\/h3>\n<p>Conservar en un lugar fresco y seco.Libre de al\u00e9rgenos.<\/p>\n<h2>Informaci\u00f3n adicional<\/h2>\n<p>Ingrediente Descripci\u00f3n Az\u00facar de Abedul (Xilitol)<\/p>\n<p>por cada 100 g INGREDIENTE %\/100 g CANTIDAD\/100 g Valor energ\u00e9tico \u00a0 1000 kJ \/ 240 kcal Grasas 0% 0 g de las cuales saturadas 0% 0 g Hidratos de carbono 100% 100 g de los cuales son az\u00facares 0,2% 0,20 g de los cuales polialcoholes 99,8% 99,80 g Fibra alimentaria 0% 0 g Prote\u00ednas 0% 0 g Sal<\/p>\n","protected":false},"excerpt":{"rendered":"<p>El Az\u00facar de Abedul, tambi\u00e9n conocido como Xilitol, se trata de undelicioso sustituto del az\u00facar. Su origen es la corteza de abedules,aunque tambi\u00e9n se puede extraer de otras plantas. Este az\u00facar posee unsabor refrescante muy similar al de la sacarosa. La diferencia quepresenta con esta es que tiene un 40% menos de calor\u00edas y un \u00cdndiceGluc\u00e9mico pr\u00f3ximo a 7 (frente a 64 del az\u00facar). Adem\u00e1s de su agradablesabor y su bajo \u00cdndice Gluc\u00e9mico, cabe destacar su contribuci\u00f3n almantenimiento de la mineralizaci\u00f3n de los dientes. Bajo \u00cdndice Gluc\u00e9micoEl \u00cdndice Gluc\u00e9mico muestra la cantidad de hidratos de carbono que selibera en un producto. Los productos con alto \u00cdndice Gluc\u00e9mico implicanuna r\u00e1pida absorci\u00f3n y un cambio brusco del nivel de carbohidratos ensangre. Sin embargo, en los productos con un \u00cdndice Gluc\u00e9mico bajo laliberaci\u00f3n es m\u00e1s prolongada, no alterando en exceso los niveles deaz\u00facar en sangre.<br \/>\n<a id=\"boton-ficha\" href=\"https:\/\/panel.drasanvi.com\/fichas\/1\/032010025\" target=\"_blank\" rel=\"noopener\">Ficha t\u00e9cnica<\/a><\/p>\n","protected":false},"featured_media":19675,"template":"","meta":{"inline_featured_image":false},"product_cat":[115],"product_tag":[],"class_list":["post-12425","product","type-product","status-publish","has-post-thumbnail","hentry","product_cat-superalimentos","pa_contiene-altramuces-no","pa_contiene-apio-no","pa_contiene-cacahuetes-no","pa_contiene-crustaceos-no","pa_contiene-frutos-secos-no","pa_contiene-huevo-no","pa_contiene-leche-no","pa_contiene-moluscos-no","pa_contiene-mostaza-no","pa_contiene-pescado-no","pa_contiene-sesamo-no","pa_contiene-soja-no","pa_producto-bio-no","pa_producto-sin-gluten-si","pa_producto-vegano-si","pa_producto-vegetariano-si"],"yoast_head":"<!-- This site is optimized with the Yoast SEO plugin v27.5 - https:\/\/yoast.com\/product\/yoast-seo-wordpress\/ -->\n<title>Az\u00facar Abedul 300g Doypack Superalimentos - Drasanvi Francia<\/title>\n<meta name=\"robots\" content=\"index, follow, max-snippet:-1, max-image-preview:large, max-video-preview:-1\" \/>\n<link rel=\"canonical\" href=\"https:\/\/drasanvi.com\/fr\/producto\/azucar-abedul-300g-doypack-superalimentos\/\" \/>\n<meta property=\"og:locale\" content=\"fr_FR\" \/>\n<meta property=\"og:type\" content=\"article\" \/>\n<meta property=\"og:title\" content=\"Az\u00facar Abedul 300g Doypack Superalimentos - Drasanvi Francia\" \/>\n<meta property=\"og:description\" content=\"El Az\u00facar de Abedul, tambi\u00e9n conocido como Xilitol, se trata de undelicioso sustituto del az\u00facar. Su origen es la corteza de abedules,aunque tambi\u00e9n se puede extraer de otras plantas. Este az\u00facar posee unsabor refrescante muy similar al de la sacarosa. La diferencia quepresenta con esta es que tiene un 40% menos de calor\u00edas y un \u00cdndiceGluc\u00e9mico pr\u00f3ximo a 7 (frente a 64 del az\u00facar). Adem\u00e1s de su agradablesabor y su bajo \u00cdndice Gluc\u00e9mico, cabe destacar su contribuci\u00f3n almantenimiento de la mineralizaci\u00f3n de los dientes. Bajo \u00cdndice Gluc\u00e9micoEl \u00cdndice Gluc\u00e9mico muestra la cantidad de hidratos de carbono que selibera en un producto. Los productos con alto \u00cdndice Gluc\u00e9mico implicanuna r\u00e1pida absorci\u00f3n y un cambio brusco del nivel de carbohidratos ensangre. Sin embargo, en los productos con un \u00cdndice Gluc\u00e9mico bajo laliberaci\u00f3n es m\u00e1s prolongada, no alterando en exceso los niveles deaz\u00facar en sangre. Ficha t\u00e9cnica\" \/>\n<meta property=\"og:url\" content=\"https:\/\/drasanvi.com\/fr\/producto\/azucar-abedul-300g-doypack-superalimentos\/\" \/>\n<meta property=\"og:site_name\" content=\"Drasanvi Francia\" \/>\n<meta property=\"article:modified_time\" content=\"2022-03-15T15:16:50+00:00\" \/>\n<meta property=\"og:image\" content=\"https:\/\/drasanvi.com\/wp-content\/uploads\/sites\/7\/2022\/02\/032010025.png\" \/>\n\t<meta property=\"og:image:width\" content=\"1000\" \/>\n\t<meta property=\"og:image:height\" content=\"1000\" \/>\n\t<meta property=\"og:image:type\" content=\"image\/png\" \/>\n<meta name=\"twitter:card\" content=\"summary_large_image\" \/>\n<script type=\"application\/ld+json\" class=\"yoast-schema-graph\">{\"@context\":\"https:\\\/\\\/schema.org\",\"@graph\":[{\"@type\":\"WebPage\",\"@id\":\"https:\\\/\\\/drasanvi.com\\\/fr\\\/producto\\\/azucar-abedul-300g-doypack-superalimentos\\\/\",\"url\":\"https:\\\/\\\/drasanvi.com\\\/fr\\\/producto\\\/azucar-abedul-300g-doypack-superalimentos\\\/\",\"name\":\"Az\u00facar Abedul 300g Doypack Superalimentos - Drasanvi Francia\",\"isPartOf\":{\"@id\":\"https:\\\/\\\/drasanvi.com\\\/fr\\\/#website\"},\"primaryImageOfPage\":{\"@id\":\"https:\\\/\\\/drasanvi.com\\\/fr\\\/producto\\\/azucar-abedul-300g-doypack-superalimentos\\\/#primaryimage\"},\"image\":{\"@id\":\"https:\\\/\\\/drasanvi.com\\\/fr\\\/producto\\\/azucar-abedul-300g-doypack-superalimentos\\\/#primaryimage\"},\"thumbnailUrl\":\"https:\\\/\\\/drasanvi.com\\\/fr\\\/wp-content\\\/uploads\\\/sites\\\/7\\\/2022\\\/02\\\/032010025.png\",\"datePublished\":\"2022-02-28T12:57:29+00:00\",\"dateModified\":\"2022-03-15T15:16:50+00:00\",\"breadcrumb\":{\"@id\":\"https:\\\/\\\/drasanvi.com\\\/fr\\\/producto\\\/azucar-abedul-300g-doypack-superalimentos\\\/#breadcrumb\"},\"inLanguage\":\"fr-FR\",\"potentialAction\":[{\"@type\":\"ReadAction\",\"target\":[\"https:\\\/\\\/drasanvi.com\\\/fr\\\/producto\\\/azucar-abedul-300g-doypack-superalimentos\\\/\"]}]},{\"@type\":\"ImageObject\",\"inLanguage\":\"fr-FR\",\"@id\":\"https:\\\/\\\/drasanvi.com\\\/fr\\\/producto\\\/azucar-abedul-300g-doypack-superalimentos\\\/#primaryimage\",\"url\":\"https:\\\/\\\/drasanvi.com\\\/fr\\\/wp-content\\\/uploads\\\/sites\\\/7\\\/2022\\\/02\\\/032010025.png\",\"contentUrl\":\"https:\\\/\\\/drasanvi.com\\\/fr\\\/wp-content\\\/uploads\\\/sites\\\/7\\\/2022\\\/02\\\/032010025.png\",\"width\":1000,\"height\":1000},{\"@type\":\"BreadcrumbList\",\"@id\":\"https:\\\/\\\/drasanvi.com\\\/fr\\\/producto\\\/azucar-abedul-300g-doypack-superalimentos\\\/#breadcrumb\",\"itemListElement\":[{\"@type\":\"ListItem\",\"position\":1,\"name\":\"Portada\",\"item\":\"https:\\\/\\\/drasanvi.com\\\/fr\\\/\"},{\"@type\":\"ListItem\",\"position\":2,\"name\":\"Tienda\",\"item\":\"https:\\\/\\\/drasanvi.com\\\/fr\\\/tienda\\\/\"},{\"@type\":\"ListItem\",\"position\":3,\"name\":\"Az\u00facar Abedul 300g Doypack Superalimentos\"}]},{\"@type\":\"WebSite\",\"@id\":\"https:\\\/\\\/drasanvi.com\\\/fr\\\/#website\",\"url\":\"https:\\\/\\\/drasanvi.com\\\/fr\\\/\",\"name\":\"Drasanvi Francia\",\"description\":\"L\u00edder en complementos alimenticios y cosm\u00e9tica natural.\",\"publisher\":{\"@id\":\"https:\\\/\\\/drasanvi.com\\\/fr\\\/#organization\"},\"potentialAction\":[{\"@type\":\"SearchAction\",\"target\":{\"@type\":\"EntryPoint\",\"urlTemplate\":\"https:\\\/\\\/drasanvi.com\\\/fr\\\/?s={search_term_string}\"},\"query-input\":{\"@type\":\"PropertyValueSpecification\",\"valueRequired\":true,\"valueName\":\"search_term_string\"}}],\"inLanguage\":\"fr-FR\"},{\"@type\":\"Organization\",\"@id\":\"https:\\\/\\\/drasanvi.com\\\/fr\\\/#organization\",\"name\":\"Drasanvi\",\"url\":\"https:\\\/\\\/drasanvi.com\\\/fr\\\/\",\"logo\":{\"@type\":\"ImageObject\",\"inLanguage\":\"fr-FR\",\"@id\":\"https:\\\/\\\/drasanvi.com\\\/fr\\\/#\\\/schema\\\/logo\\\/image\\\/\",\"url\":\"https:\\\/\\\/drasanvi.com\\\/wp-content\\\/uploads\\\/sites\\\/7\\\/2021\\\/07\\\/logo-drasanvi.png\",\"contentUrl\":\"https:\\\/\\\/drasanvi.com\\\/wp-content\\\/uploads\\\/sites\\\/7\\\/2021\\\/07\\\/logo-drasanvi.png\",\"width\":900,\"height\":300,\"caption\":\"Drasanvi\"},\"image\":{\"@id\":\"https:\\\/\\\/drasanvi.com\\\/fr\\\/#\\\/schema\\\/logo\\\/image\\\/\"}}]}<\/script>\n<!-- \/ Yoast SEO plugin. -->","yoast_head_json":{"title":"Az\u00facar Abedul 300g Doypack Superalimentos - Drasanvi Francia","robots":{"index":"index","follow":"follow","max-snippet":"max-snippet:-1","max-image-preview":"max-image-preview:large","max-video-preview":"max-video-preview:-1"},"canonical":"https:\/\/drasanvi.com\/fr\/producto\/azucar-abedul-300g-doypack-superalimentos\/","og_locale":"fr_FR","og_type":"article","og_title":"Az\u00facar Abedul 300g Doypack Superalimentos - Drasanvi Francia","og_description":"El Az\u00facar de Abedul, tambi\u00e9n conocido como Xilitol, se trata de undelicioso sustituto del az\u00facar. Su origen es la corteza de abedules,aunque tambi\u00e9n se puede extraer de otras plantas. Este az\u00facar posee unsabor refrescante muy similar al de la sacarosa. La diferencia quepresenta con esta es que tiene un 40% menos de calor\u00edas y un \u00cdndiceGluc\u00e9mico pr\u00f3ximo a 7 (frente a 64 del az\u00facar). Adem\u00e1s de su agradablesabor y su bajo \u00cdndice Gluc\u00e9mico, cabe destacar su contribuci\u00f3n almantenimiento de la mineralizaci\u00f3n de los dientes. Bajo \u00cdndice Gluc\u00e9micoEl \u00cdndice Gluc\u00e9mico muestra la cantidad de hidratos de carbono que selibera en un producto. Los productos con alto \u00cdndice Gluc\u00e9mico implicanuna r\u00e1pida absorci\u00f3n y un cambio brusco del nivel de carbohidratos ensangre. Sin embargo, en los productos con un \u00cdndice Gluc\u00e9mico bajo laliberaci\u00f3n es m\u00e1s prolongada, no alterando en exceso los niveles deaz\u00facar en sangre. Ficha t\u00e9cnica","og_url":"https:\/\/drasanvi.com\/fr\/producto\/azucar-abedul-300g-doypack-superalimentos\/","og_site_name":"Drasanvi Francia","article_modified_time":"2022-03-15T15:16:50+00:00","og_image":[{"width":1000,"height":1000,"url":"https:\/\/drasanvi.com\/wp-content\/uploads\/sites\/7\/2022\/02\/032010025.png","type":"image\/png"}],"twitter_card":"summary_large_image","schema":{"@context":"https:\/\/schema.org","@graph":[{"@type":"WebPage","@id":"https:\/\/drasanvi.com\/fr\/producto\/azucar-abedul-300g-doypack-superalimentos\/","url":"https:\/\/drasanvi.com\/fr\/producto\/azucar-abedul-300g-doypack-superalimentos\/","name":"Az\u00facar Abedul 300g Doypack Superalimentos - Drasanvi Francia","isPartOf":{"@id":"https:\/\/drasanvi.com\/fr\/#website"},"primaryImageOfPage":{"@id":"https:\/\/drasanvi.com\/fr\/producto\/azucar-abedul-300g-doypack-superalimentos\/#primaryimage"},"image":{"@id":"https:\/\/drasanvi.com\/fr\/producto\/azucar-abedul-300g-doypack-superalimentos\/#primaryimage"},"thumbnailUrl":"https:\/\/drasanvi.com\/fr\/wp-content\/uploads\/sites\/7\/2022\/02\/032010025.png","datePublished":"2022-02-28T12:57:29+00:00","dateModified":"2022-03-15T15:16:50+00:00","breadcrumb":{"@id":"https:\/\/drasanvi.com\/fr\/producto\/azucar-abedul-300g-doypack-superalimentos\/#breadcrumb"},"inLanguage":"fr-FR","potentialAction":[{"@type":"ReadAction","target":["https:\/\/drasanvi.com\/fr\/producto\/azucar-abedul-300g-doypack-superalimentos\/"]}]},{"@type":"ImageObject","inLanguage":"fr-FR","@id":"https:\/\/drasanvi.com\/fr\/producto\/azucar-abedul-300g-doypack-superalimentos\/#primaryimage","url":"https:\/\/drasanvi.com\/fr\/wp-content\/uploads\/sites\/7\/2022\/02\/032010025.png","contentUrl":"https:\/\/drasanvi.com\/fr\/wp-content\/uploads\/sites\/7\/2022\/02\/032010025.png","width":1000,"height":1000},{"@type":"BreadcrumbList","@id":"https:\/\/drasanvi.com\/fr\/producto\/azucar-abedul-300g-doypack-superalimentos\/#breadcrumb","itemListElement":[{"@type":"ListItem","position":1,"name":"Portada","item":"https:\/\/drasanvi.com\/fr\/"},{"@type":"ListItem","position":2,"name":"Tienda","item":"https:\/\/drasanvi.com\/fr\/tienda\/"},{"@type":"ListItem","position":3,"name":"Az\u00facar Abedul 300g Doypack Superalimentos"}]},{"@type":"WebSite","@id":"https:\/\/drasanvi.com\/fr\/#website","url":"https:\/\/drasanvi.com\/fr\/","name":"Drasanvi Francia","description":"L\u00edder en complementos alimenticios y cosm\u00e9tica natural.","publisher":{"@id":"https:\/\/drasanvi.com\/fr\/#organization"},"potentialAction":[{"@type":"SearchAction","target":{"@type":"EntryPoint","urlTemplate":"https:\/\/drasanvi.com\/fr\/?s={search_term_string}"},"query-input":{"@type":"PropertyValueSpecification","valueRequired":true,"valueName":"search_term_string"}}],"inLanguage":"fr-FR"},{"@type":"Organization","@id":"https:\/\/drasanvi.com\/fr\/#organization","name":"Drasanvi","url":"https:\/\/drasanvi.com\/fr\/","logo":{"@type":"ImageObject","inLanguage":"fr-FR","@id":"https:\/\/drasanvi.com\/fr\/#\/schema\/logo\/image\/","url":"https:\/\/drasanvi.com\/wp-content\/uploads\/sites\/7\/2021\/07\/logo-drasanvi.png","contentUrl":"https:\/\/drasanvi.com\/wp-content\/uploads\/sites\/7\/2021\/07\/logo-drasanvi.png","width":900,"height":300,"caption":"Drasanvi"},"image":{"@id":"https:\/\/drasanvi.com\/fr\/#\/schema\/logo\/image\/"}}]}},"_links":{"self":[{"href":"https:\/\/drasanvi.com\/fr\/wp-json\/wp\/v2\/product\/12425","targetHints":{"allow":["GET"]}}],"collection":[{"href":"https:\/\/drasanvi.com\/fr\/wp-json\/wp\/v2\/product"}],"about":[{"href":"https:\/\/drasanvi.com\/fr\/wp-json\/wp\/v2\/types\/product"}],"version-history":[{"count":0,"href":"https:\/\/drasanvi.com\/fr\/wp-json\/wp\/v2\/product\/12425\/revisions"}],"wp:featuredmedia":[{"embeddable":true,"href":"https:\/\/drasanvi.com\/fr\/wp-json\/wp\/v2\/media\/19675"}],"wp:attachment":[{"href":"https:\/\/drasanvi.com\/fr\/wp-json\/wp\/v2\/media?parent=12425"}],"wp:term":[{"taxonomy":"product_cat","embeddable":true,"href":"https:\/\/drasanvi.com\/fr\/wp-json\/wp\/v2\/product_cat?post=12425"},{"taxonomy":"product_tag","embeddable":true,"href":"https:\/\/drasanvi.com\/fr\/wp-json\/wp\/v2\/product_tag?post=12425"}],"curies":[{"name":"wp","href":"https:\/\/api.w.org\/{rel}","templated":true}]}}