{"id":12417,"date":"2022-02-28T14:56:48","date_gmt":"2022-02-28T12:56:48","guid":{"rendered":"https:\/\/drasanvi.com\/fr\/?post_type=product&#038;p=12417"},"modified":"2022-03-15T17:17:37","modified_gmt":"2022-03-15T15:17:37","slug":"alga-spirulina-bio-150g-doypack-superalimentos","status":"publish","type":"product","link":"https:\/\/drasanvi.com\/fr\/producto\/alga-spirulina-bio-150g-doypack-superalimentos\/","title":{"rendered":"Alga Spirulina Bio 150g Doypack SuperAlimentos"},"content":{"rendered":"<h2>Ingredientes<\/h2>\n<p>Ingrediente Cantidad \/ dosis diaria Spirulina en polvo de origen BIO Arthorospira platensis 10 g Sin colorantes, ni az\u00facares a\u00f1adidos ni conservantes.<\/p>\n<h2>Modo de uso<\/h2>\n<p>A\u00f1ada una cucharada de postre a \u00a0sus smoothies y batidos, zumos, bebidas vegetales, salsas verdes, crema de verduras, o en cualquier receta. A\u00f1adirlo una vez que el plato este templado. 1 cucharada de postre= 5 gramos aproximadamente.<\/p>\n<h3>Presentaci\u00f3n<\/h3>\n<p>Envase de 150 g (5.29 oz)<\/p>\n<h3>Advertencias<\/h3>\n<p>Conservar en un lugar fresco y seco.Sin al\u00e9rgenos.<\/p>\n<h2>Informaci\u00f3n adicional<\/h2>\n<p>Ingredientes Descripci\u00f3n Spirulina en polvo de origen BIO (Arthorospira platensis) Agricultura no UE<\/p>\n<p>Por 100 g Ingrediente Cantidad\/100 g Valor energ\u00e9tico 1370 kJ \/ 326 Kcal Grasas 5.90 g De las cuales son saturadas 3.42 g Omega 6 (\u00e1cido linol\u00e9ico) 0.940 g Hidratos de carbono 12 g De los cuales son az\u00facares 0,53 g Fibra alimentaria \u00a07 g Prote\u00ednas 64.2 g Sal 0,70 g \u00a0 Ingrediente Porcentaje Cantidad Vitamina B6 131% 1.84 mg Vitamina B12 64% 1.6 ?g Vitamina B2 49% 0.69 mg Vitamina B1 40% 0.44 mg Hierro 59% 8.27 mg % VRN (Valores de Referencia de Nutrientes)<\/p>\n","protected":false},"excerpt":{"rendered":"<p>Aunque su historia se remonta al Imperio Azteca, la Spirulina se ha empezado a incorporar a la alimentaci\u00f3n desde hace, relativamente, pocos a\u00f1os. Este alimento se caracteriza por su riqueza en prote\u00ednas, m\u00e1s del 50% de su composici\u00f3n, que aportan 8 amino\u00e1cidos esenciales, aquellos que el cuerpo no puede sintetizar. Esta composici\u00f3n ha propiciado que la ONU le preste atenci\u00f3n, especialmente en situaciones de desnutrici\u00f3n. Tal es as\u00ed que la Spirulina fue declarada en la Conferencia Mundial de Alimentaci\u00f3n de la ONU de 1974, como EL MEJOR ALIMENTO PARA EL FUTURO.<br \/>\n<a id=\"boton-ficha\" href=\"https:\/\/panel.drasanvi.com\/fichas\/1\/032010030\" target=\"_blank\" rel=\"noopener\">Ficha t\u00e9cnica<\/a><\/p>\n","protected":false},"featured_media":19624,"template":"","meta":{"inline_featured_image":false},"product_cat":[115],"product_tag":[],"class_list":["post-12417","product","type-product","status-publish","has-post-thumbnail","hentry","product_cat-superalimentos","pa_contiene-altramuces-no","pa_contiene-apio-no","pa_contiene-cacahuetes-no","pa_contiene-crustaceos-no","pa_contiene-frutos-secos-no","pa_contiene-huevo-no","pa_contiene-leche-no","pa_contiene-moluscos-no","pa_contiene-mostaza-no","pa_contiene-pescado-no","pa_contiene-sesamo-no","pa_contiene-soja-no","pa_producto-bio-si","pa_producto-sin-gluten-si","pa_producto-vegano-si","pa_producto-vegetariano-si"],"yoast_head":"<!-- This site is optimized with the Yoast SEO plugin v27.5 - https:\/\/yoast.com\/product\/yoast-seo-wordpress\/ -->\n<title>Alga Spirulina Bio 150g Doypack SuperAlimentos - Drasanvi Francia<\/title>\n<meta name=\"robots\" content=\"index, follow, max-snippet:-1, max-image-preview:large, max-video-preview:-1\" \/>\n<link rel=\"canonical\" href=\"https:\/\/drasanvi.com\/fr\/producto\/alga-spirulina-bio-150g-doypack-superalimentos\/\" \/>\n<meta property=\"og:locale\" content=\"fr_FR\" \/>\n<meta property=\"og:type\" content=\"article\" \/>\n<meta property=\"og:title\" content=\"Alga Spirulina Bio 150g Doypack SuperAlimentos - Drasanvi Francia\" \/>\n<meta property=\"og:description\" content=\"Aunque su historia se remonta al Imperio Azteca, la Spirulina se ha empezado a incorporar a la alimentaci\u00f3n desde hace, relativamente, pocos a\u00f1os. Este alimento se caracteriza por su riqueza en prote\u00ednas, m\u00e1s del 50% de su composici\u00f3n, que aportan 8 amino\u00e1cidos esenciales, aquellos que el cuerpo no puede sintetizar. Esta composici\u00f3n ha propiciado que la ONU le preste atenci\u00f3n, especialmente en situaciones de desnutrici\u00f3n. Tal es as\u00ed que la Spirulina fue declarada en la Conferencia Mundial de Alimentaci\u00f3n de la ONU de 1974, como EL MEJOR ALIMENTO PARA EL FUTURO. Ficha t\u00e9cnica\" \/>\n<meta property=\"og:url\" content=\"https:\/\/drasanvi.com\/fr\/producto\/alga-spirulina-bio-150g-doypack-superalimentos\/\" \/>\n<meta property=\"og:site_name\" content=\"Drasanvi Francia\" \/>\n<meta property=\"article:modified_time\" content=\"2022-03-15T15:17:37+00:00\" \/>\n<meta property=\"og:image\" content=\"https:\/\/drasanvi.com\/wp-content\/uploads\/sites\/7\/2022\/02\/032010030.png\" \/>\n\t<meta property=\"og:image:width\" content=\"1000\" \/>\n\t<meta property=\"og:image:height\" content=\"1000\" \/>\n\t<meta property=\"og:image:type\" content=\"image\/png\" \/>\n<meta name=\"twitter:card\" content=\"summary_large_image\" \/>\n<script type=\"application\/ld+json\" class=\"yoast-schema-graph\">{\"@context\":\"https:\\\/\\\/schema.org\",\"@graph\":[{\"@type\":\"WebPage\",\"@id\":\"https:\\\/\\\/drasanvi.com\\\/fr\\\/producto\\\/alga-spirulina-bio-150g-doypack-superalimentos\\\/\",\"url\":\"https:\\\/\\\/drasanvi.com\\\/fr\\\/producto\\\/alga-spirulina-bio-150g-doypack-superalimentos\\\/\",\"name\":\"Alga Spirulina Bio 150g Doypack SuperAlimentos - Drasanvi Francia\",\"isPartOf\":{\"@id\":\"https:\\\/\\\/drasanvi.com\\\/fr\\\/#website\"},\"primaryImageOfPage\":{\"@id\":\"https:\\\/\\\/drasanvi.com\\\/fr\\\/producto\\\/alga-spirulina-bio-150g-doypack-superalimentos\\\/#primaryimage\"},\"image\":{\"@id\":\"https:\\\/\\\/drasanvi.com\\\/fr\\\/producto\\\/alga-spirulina-bio-150g-doypack-superalimentos\\\/#primaryimage\"},\"thumbnailUrl\":\"https:\\\/\\\/drasanvi.com\\\/fr\\\/wp-content\\\/uploads\\\/sites\\\/7\\\/2022\\\/02\\\/032010030.png\",\"datePublished\":\"2022-02-28T12:56:48+00:00\",\"dateModified\":\"2022-03-15T15:17:37+00:00\",\"breadcrumb\":{\"@id\":\"https:\\\/\\\/drasanvi.com\\\/fr\\\/producto\\\/alga-spirulina-bio-150g-doypack-superalimentos\\\/#breadcrumb\"},\"inLanguage\":\"fr-FR\",\"potentialAction\":[{\"@type\":\"ReadAction\",\"target\":[\"https:\\\/\\\/drasanvi.com\\\/fr\\\/producto\\\/alga-spirulina-bio-150g-doypack-superalimentos\\\/\"]}]},{\"@type\":\"ImageObject\",\"inLanguage\":\"fr-FR\",\"@id\":\"https:\\\/\\\/drasanvi.com\\\/fr\\\/producto\\\/alga-spirulina-bio-150g-doypack-superalimentos\\\/#primaryimage\",\"url\":\"https:\\\/\\\/drasanvi.com\\\/fr\\\/wp-content\\\/uploads\\\/sites\\\/7\\\/2022\\\/02\\\/032010030.png\",\"contentUrl\":\"https:\\\/\\\/drasanvi.com\\\/fr\\\/wp-content\\\/uploads\\\/sites\\\/7\\\/2022\\\/02\\\/032010030.png\",\"width\":1000,\"height\":1000},{\"@type\":\"BreadcrumbList\",\"@id\":\"https:\\\/\\\/drasanvi.com\\\/fr\\\/producto\\\/alga-spirulina-bio-150g-doypack-superalimentos\\\/#breadcrumb\",\"itemListElement\":[{\"@type\":\"ListItem\",\"position\":1,\"name\":\"Portada\",\"item\":\"https:\\\/\\\/drasanvi.com\\\/fr\\\/\"},{\"@type\":\"ListItem\",\"position\":2,\"name\":\"Tienda\",\"item\":\"https:\\\/\\\/drasanvi.com\\\/fr\\\/tienda\\\/\"},{\"@type\":\"ListItem\",\"position\":3,\"name\":\"Alga Spirulina Bio 150g Doypack SuperAlimentos\"}]},{\"@type\":\"WebSite\",\"@id\":\"https:\\\/\\\/drasanvi.com\\\/fr\\\/#website\",\"url\":\"https:\\\/\\\/drasanvi.com\\\/fr\\\/\",\"name\":\"Drasanvi Francia\",\"description\":\"L\u00edder en complementos alimenticios y cosm\u00e9tica natural.\",\"publisher\":{\"@id\":\"https:\\\/\\\/drasanvi.com\\\/fr\\\/#organization\"},\"potentialAction\":[{\"@type\":\"SearchAction\",\"target\":{\"@type\":\"EntryPoint\",\"urlTemplate\":\"https:\\\/\\\/drasanvi.com\\\/fr\\\/?s={search_term_string}\"},\"query-input\":{\"@type\":\"PropertyValueSpecification\",\"valueRequired\":true,\"valueName\":\"search_term_string\"}}],\"inLanguage\":\"fr-FR\"},{\"@type\":\"Organization\",\"@id\":\"https:\\\/\\\/drasanvi.com\\\/fr\\\/#organization\",\"name\":\"Drasanvi\",\"url\":\"https:\\\/\\\/drasanvi.com\\\/fr\\\/\",\"logo\":{\"@type\":\"ImageObject\",\"inLanguage\":\"fr-FR\",\"@id\":\"https:\\\/\\\/drasanvi.com\\\/fr\\\/#\\\/schema\\\/logo\\\/image\\\/\",\"url\":\"https:\\\/\\\/drasanvi.com\\\/wp-content\\\/uploads\\\/sites\\\/7\\\/2021\\\/07\\\/logo-drasanvi.png\",\"contentUrl\":\"https:\\\/\\\/drasanvi.com\\\/wp-content\\\/uploads\\\/sites\\\/7\\\/2021\\\/07\\\/logo-drasanvi.png\",\"width\":900,\"height\":300,\"caption\":\"Drasanvi\"},\"image\":{\"@id\":\"https:\\\/\\\/drasanvi.com\\\/fr\\\/#\\\/schema\\\/logo\\\/image\\\/\"}}]}<\/script>\n<!-- \/ Yoast SEO plugin. -->","yoast_head_json":{"title":"Alga Spirulina Bio 150g Doypack SuperAlimentos - Drasanvi Francia","robots":{"index":"index","follow":"follow","max-snippet":"max-snippet:-1","max-image-preview":"max-image-preview:large","max-video-preview":"max-video-preview:-1"},"canonical":"https:\/\/drasanvi.com\/fr\/producto\/alga-spirulina-bio-150g-doypack-superalimentos\/","og_locale":"fr_FR","og_type":"article","og_title":"Alga Spirulina Bio 150g Doypack SuperAlimentos - Drasanvi Francia","og_description":"Aunque su historia se remonta al Imperio Azteca, la Spirulina se ha empezado a incorporar a la alimentaci\u00f3n desde hace, relativamente, pocos a\u00f1os. Este alimento se caracteriza por su riqueza en prote\u00ednas, m\u00e1s del 50% de su composici\u00f3n, que aportan 8 amino\u00e1cidos esenciales, aquellos que el cuerpo no puede sintetizar. Esta composici\u00f3n ha propiciado que la ONU le preste atenci\u00f3n, especialmente en situaciones de desnutrici\u00f3n. Tal es as\u00ed que la Spirulina fue declarada en la Conferencia Mundial de Alimentaci\u00f3n de la ONU de 1974, como EL MEJOR ALIMENTO PARA EL FUTURO. Ficha t\u00e9cnica","og_url":"https:\/\/drasanvi.com\/fr\/producto\/alga-spirulina-bio-150g-doypack-superalimentos\/","og_site_name":"Drasanvi Francia","article_modified_time":"2022-03-15T15:17:37+00:00","og_image":[{"width":1000,"height":1000,"url":"https:\/\/drasanvi.com\/wp-content\/uploads\/sites\/7\/2022\/02\/032010030.png","type":"image\/png"}],"twitter_card":"summary_large_image","schema":{"@context":"https:\/\/schema.org","@graph":[{"@type":"WebPage","@id":"https:\/\/drasanvi.com\/fr\/producto\/alga-spirulina-bio-150g-doypack-superalimentos\/","url":"https:\/\/drasanvi.com\/fr\/producto\/alga-spirulina-bio-150g-doypack-superalimentos\/","name":"Alga Spirulina Bio 150g Doypack SuperAlimentos - Drasanvi Francia","isPartOf":{"@id":"https:\/\/drasanvi.com\/fr\/#website"},"primaryImageOfPage":{"@id":"https:\/\/drasanvi.com\/fr\/producto\/alga-spirulina-bio-150g-doypack-superalimentos\/#primaryimage"},"image":{"@id":"https:\/\/drasanvi.com\/fr\/producto\/alga-spirulina-bio-150g-doypack-superalimentos\/#primaryimage"},"thumbnailUrl":"https:\/\/drasanvi.com\/fr\/wp-content\/uploads\/sites\/7\/2022\/02\/032010030.png","datePublished":"2022-02-28T12:56:48+00:00","dateModified":"2022-03-15T15:17:37+00:00","breadcrumb":{"@id":"https:\/\/drasanvi.com\/fr\/producto\/alga-spirulina-bio-150g-doypack-superalimentos\/#breadcrumb"},"inLanguage":"fr-FR","potentialAction":[{"@type":"ReadAction","target":["https:\/\/drasanvi.com\/fr\/producto\/alga-spirulina-bio-150g-doypack-superalimentos\/"]}]},{"@type":"ImageObject","inLanguage":"fr-FR","@id":"https:\/\/drasanvi.com\/fr\/producto\/alga-spirulina-bio-150g-doypack-superalimentos\/#primaryimage","url":"https:\/\/drasanvi.com\/fr\/wp-content\/uploads\/sites\/7\/2022\/02\/032010030.png","contentUrl":"https:\/\/drasanvi.com\/fr\/wp-content\/uploads\/sites\/7\/2022\/02\/032010030.png","width":1000,"height":1000},{"@type":"BreadcrumbList","@id":"https:\/\/drasanvi.com\/fr\/producto\/alga-spirulina-bio-150g-doypack-superalimentos\/#breadcrumb","itemListElement":[{"@type":"ListItem","position":1,"name":"Portada","item":"https:\/\/drasanvi.com\/fr\/"},{"@type":"ListItem","position":2,"name":"Tienda","item":"https:\/\/drasanvi.com\/fr\/tienda\/"},{"@type":"ListItem","position":3,"name":"Alga Spirulina Bio 150g Doypack SuperAlimentos"}]},{"@type":"WebSite","@id":"https:\/\/drasanvi.com\/fr\/#website","url":"https:\/\/drasanvi.com\/fr\/","name":"Drasanvi Francia","description":"L\u00edder en complementos alimenticios y cosm\u00e9tica natural.","publisher":{"@id":"https:\/\/drasanvi.com\/fr\/#organization"},"potentialAction":[{"@type":"SearchAction","target":{"@type":"EntryPoint","urlTemplate":"https:\/\/drasanvi.com\/fr\/?s={search_term_string}"},"query-input":{"@type":"PropertyValueSpecification","valueRequired":true,"valueName":"search_term_string"}}],"inLanguage":"fr-FR"},{"@type":"Organization","@id":"https:\/\/drasanvi.com\/fr\/#organization","name":"Drasanvi","url":"https:\/\/drasanvi.com\/fr\/","logo":{"@type":"ImageObject","inLanguage":"fr-FR","@id":"https:\/\/drasanvi.com\/fr\/#\/schema\/logo\/image\/","url":"https:\/\/drasanvi.com\/wp-content\/uploads\/sites\/7\/2021\/07\/logo-drasanvi.png","contentUrl":"https:\/\/drasanvi.com\/wp-content\/uploads\/sites\/7\/2021\/07\/logo-drasanvi.png","width":900,"height":300,"caption":"Drasanvi"},"image":{"@id":"https:\/\/drasanvi.com\/fr\/#\/schema\/logo\/image\/"}}]}},"_links":{"self":[{"href":"https:\/\/drasanvi.com\/fr\/wp-json\/wp\/v2\/product\/12417","targetHints":{"allow":["GET"]}}],"collection":[{"href":"https:\/\/drasanvi.com\/fr\/wp-json\/wp\/v2\/product"}],"about":[{"href":"https:\/\/drasanvi.com\/fr\/wp-json\/wp\/v2\/types\/product"}],"version-history":[{"count":0,"href":"https:\/\/drasanvi.com\/fr\/wp-json\/wp\/v2\/product\/12417\/revisions"}],"wp:featuredmedia":[{"embeddable":true,"href":"https:\/\/drasanvi.com\/fr\/wp-json\/wp\/v2\/media\/19624"}],"wp:attachment":[{"href":"https:\/\/drasanvi.com\/fr\/wp-json\/wp\/v2\/media?parent=12417"}],"wp:term":[{"taxonomy":"product_cat","embeddable":true,"href":"https:\/\/drasanvi.com\/fr\/wp-json\/wp\/v2\/product_cat?post=12417"},{"taxonomy":"product_tag","embeddable":true,"href":"https:\/\/drasanvi.com\/fr\/wp-json\/wp\/v2\/product_tag?post=12417"}],"curies":[{"name":"wp","href":"https:\/\/api.w.org\/{rel}","templated":true}]}}