{"id":12409,"date":"2022-02-28T14:56:48","date_gmt":"2022-02-28T12:56:48","guid":{"rendered":"https:\/\/drasanvi.com\/fr\/?post_type=product&#038;p=12409"},"modified":"2022-03-15T17:18:08","modified_gmt":"2022-03-15T15:18:08","slug":"alga-chlorella-bio-90g-doypack-superalimentos","status":"publish","type":"product","link":"https:\/\/drasanvi.com\/fr\/producto\/alga-chlorella-bio-90g-doypack-superalimentos\/","title":{"rendered":"Alga Chlorella Bio 90g Doypack SuperAlimentos"},"content":{"rendered":"<h2>Ingredientes<\/h2>\n<p>Ingrediente Chlorella en polvo de origen BIO Chlorella vulgaris Sin colorantes, ni az\u00facares a\u00f1adidos ni conservantes<\/p>\n<h2>Modo de uso<\/h2>\n<p>A\u00f1ada una cucharada de postre a sus smoothies y batidos, zumos, bebidas vegetales, salsas verdes, crema de verduras o en cualquier receta. A\u00f1adirlo una vez que el plato este templado. Una cucharada de postre= 4 gramos aproximadamente.<\/p>\n<h3>Presentaci\u00f3n<\/h3>\n<p>Envase de 90 g (3.17 oz)<\/p>\n<h3>Advertencias<\/h3>\n<p>Conservar en lugar fresco y seco.\u00a0Sin al\u00e9rgenos.<\/p>\n<h2>Informaci\u00f3n adicional<\/h2>\n<p>Ingredientes Descripci\u00f3n Chlorella en polvo de origen BIO (Chlorella vulgaris) Agricultura no UE<\/p>\n<p>por cada 100 g INGREDIENTE %\/100 g CANTIDAD\/100g Valor energ\u00e9tico \u00a0 1350 kJ \/ 326 Kcal Grasas 6.7% 6.70 g de las cuales saturadas 2.7% 2,70 g Hidratos de carbono 11.2% 11,20 g de los cuales son az\u00facares 0.8% 0,80 g Fibra alimentaria 12,1 % 12,10 g Prote\u00ednas 57.2% 57,20 g Sal 0,1 % 0,10 g \u00a0 INGREDIENTE %VRN CANTIDAD\/ 100g \u00c1cido Pantot\u00e9nico 217% 13 mg Vitamina B12 200% 5 \u00b5g Hierro 150% 21 mg \u00c1cido f\u00f3lico 115% 230 \u00b5g Zinc 70% 6,98 mg Vitamina B2 22% 0,31 mg Biotina 20% 10 \u00b5g F\u00f3sforo 17% 121 mg Carotenoides &#8211; 91,7 mg \u00a0 % VRN (Valores de Referencia de Nutrientes)<\/p>\n","protected":false},"excerpt":{"rendered":"<p>El Alga Chlorella es un alga unicelular pero su peque\u00f1o tama\u00f1o no va relacionado con su interesante valor nutricional. Es rica en prote\u00ednas, lo que supone una excelente fuente de Amino\u00e1cidos, vitaminas (\u00c1cido Pantot\u00e9nico, \u00c1cido F\u00f3lico, Biotina, Vitamina B2 y B12) y minerales (Hierro, Zinc y F\u00f3sforo). El Alga Chlorella se recoge en aguas claras y certificando la ausencia de sustancias contaminantes. Una vez recolectada, se rompen su paredes celulares para que las prote\u00ednas, vitaminas y minerales sean m\u00e1s accesibles. Ideal para la elaboraci\u00f3n de zumos y batidos. Recomendado para deportistas.<br \/>\n<a id=\"boton-ficha\" href=\"https:\/\/panel.drasanvi.com\/fichas\/1\/032010029\" target=\"_blank\" rel=\"noopener\">Ficha t\u00e9cnica<\/a><\/p>\n","protected":false},"featured_media":19622,"template":"","meta":{"inline_featured_image":false},"product_cat":[115],"product_tag":[],"class_list":["post-12409","product","type-product","status-publish","has-post-thumbnail","hentry","product_cat-superalimentos","pa_contiene-altramuces-no","pa_contiene-apio-no","pa_contiene-cacahuetes-no","pa_contiene-crustaceos-no","pa_contiene-frutos-secos-no","pa_contiene-huevo-no","pa_contiene-leche-no","pa_contiene-moluscos-no","pa_contiene-mostaza-no","pa_contiene-pescado-no","pa_contiene-sesamo-no","pa_contiene-soja-no","pa_producto-bio-si","pa_producto-sin-gluten-si","pa_producto-vegano-si","pa_producto-vegetariano-si"],"yoast_head":"<!-- This site is optimized with the Yoast SEO plugin v27.5 - https:\/\/yoast.com\/product\/yoast-seo-wordpress\/ -->\n<title>Alga Chlorella Bio 90g Doypack SuperAlimentos - Drasanvi Francia<\/title>\n<meta name=\"robots\" content=\"index, follow, max-snippet:-1, max-image-preview:large, max-video-preview:-1\" \/>\n<link rel=\"canonical\" href=\"https:\/\/drasanvi.com\/fr\/producto\/alga-chlorella-bio-90g-doypack-superalimentos\/\" \/>\n<meta property=\"og:locale\" content=\"fr_FR\" \/>\n<meta property=\"og:type\" content=\"article\" \/>\n<meta property=\"og:title\" content=\"Alga Chlorella Bio 90g Doypack SuperAlimentos - Drasanvi Francia\" \/>\n<meta property=\"og:description\" content=\"El Alga Chlorella es un alga unicelular pero su peque\u00f1o tama\u00f1o no va relacionado con su interesante valor nutricional. Es rica en prote\u00ednas, lo que supone una excelente fuente de Amino\u00e1cidos, vitaminas (\u00c1cido Pantot\u00e9nico, \u00c1cido F\u00f3lico, Biotina, Vitamina B2 y B12) y minerales (Hierro, Zinc y F\u00f3sforo). El Alga Chlorella se recoge en aguas claras y certificando la ausencia de sustancias contaminantes. Una vez recolectada, se rompen su paredes celulares para que las prote\u00ednas, vitaminas y minerales sean m\u00e1s accesibles. Ideal para la elaboraci\u00f3n de zumos y batidos. Recomendado para deportistas. Ficha t\u00e9cnica\" \/>\n<meta property=\"og:url\" content=\"https:\/\/drasanvi.com\/fr\/producto\/alga-chlorella-bio-90g-doypack-superalimentos\/\" \/>\n<meta property=\"og:site_name\" content=\"Drasanvi Francia\" \/>\n<meta property=\"article:modified_time\" content=\"2022-03-15T15:18:08+00:00\" \/>\n<meta property=\"og:image\" content=\"https:\/\/drasanvi.com\/wp-content\/uploads\/sites\/7\/2022\/02\/032010029.png\" \/>\n\t<meta property=\"og:image:width\" content=\"1000\" \/>\n\t<meta property=\"og:image:height\" content=\"1000\" \/>\n\t<meta property=\"og:image:type\" content=\"image\/png\" \/>\n<meta name=\"twitter:card\" content=\"summary_large_image\" \/>\n<script type=\"application\/ld+json\" class=\"yoast-schema-graph\">{\"@context\":\"https:\\\/\\\/schema.org\",\"@graph\":[{\"@type\":\"WebPage\",\"@id\":\"https:\\\/\\\/drasanvi.com\\\/fr\\\/producto\\\/alga-chlorella-bio-90g-doypack-superalimentos\\\/\",\"url\":\"https:\\\/\\\/drasanvi.com\\\/fr\\\/producto\\\/alga-chlorella-bio-90g-doypack-superalimentos\\\/\",\"name\":\"Alga Chlorella Bio 90g Doypack SuperAlimentos - Drasanvi Francia\",\"isPartOf\":{\"@id\":\"https:\\\/\\\/drasanvi.com\\\/fr\\\/#website\"},\"primaryImageOfPage\":{\"@id\":\"https:\\\/\\\/drasanvi.com\\\/fr\\\/producto\\\/alga-chlorella-bio-90g-doypack-superalimentos\\\/#primaryimage\"},\"image\":{\"@id\":\"https:\\\/\\\/drasanvi.com\\\/fr\\\/producto\\\/alga-chlorella-bio-90g-doypack-superalimentos\\\/#primaryimage\"},\"thumbnailUrl\":\"https:\\\/\\\/drasanvi.com\\\/fr\\\/wp-content\\\/uploads\\\/sites\\\/7\\\/2022\\\/02\\\/032010029.png\",\"datePublished\":\"2022-02-28T12:56:48+00:00\",\"dateModified\":\"2022-03-15T15:18:08+00:00\",\"breadcrumb\":{\"@id\":\"https:\\\/\\\/drasanvi.com\\\/fr\\\/producto\\\/alga-chlorella-bio-90g-doypack-superalimentos\\\/#breadcrumb\"},\"inLanguage\":\"fr-FR\",\"potentialAction\":[{\"@type\":\"ReadAction\",\"target\":[\"https:\\\/\\\/drasanvi.com\\\/fr\\\/producto\\\/alga-chlorella-bio-90g-doypack-superalimentos\\\/\"]}]},{\"@type\":\"ImageObject\",\"inLanguage\":\"fr-FR\",\"@id\":\"https:\\\/\\\/drasanvi.com\\\/fr\\\/producto\\\/alga-chlorella-bio-90g-doypack-superalimentos\\\/#primaryimage\",\"url\":\"https:\\\/\\\/drasanvi.com\\\/fr\\\/wp-content\\\/uploads\\\/sites\\\/7\\\/2022\\\/02\\\/032010029.png\",\"contentUrl\":\"https:\\\/\\\/drasanvi.com\\\/fr\\\/wp-content\\\/uploads\\\/sites\\\/7\\\/2022\\\/02\\\/032010029.png\",\"width\":1000,\"height\":1000},{\"@type\":\"BreadcrumbList\",\"@id\":\"https:\\\/\\\/drasanvi.com\\\/fr\\\/producto\\\/alga-chlorella-bio-90g-doypack-superalimentos\\\/#breadcrumb\",\"itemListElement\":[{\"@type\":\"ListItem\",\"position\":1,\"name\":\"Portada\",\"item\":\"https:\\\/\\\/drasanvi.com\\\/fr\\\/\"},{\"@type\":\"ListItem\",\"position\":2,\"name\":\"Tienda\",\"item\":\"https:\\\/\\\/drasanvi.com\\\/fr\\\/tienda\\\/\"},{\"@type\":\"ListItem\",\"position\":3,\"name\":\"Alga Chlorella Bio 90g Doypack SuperAlimentos\"}]},{\"@type\":\"WebSite\",\"@id\":\"https:\\\/\\\/drasanvi.com\\\/fr\\\/#website\",\"url\":\"https:\\\/\\\/drasanvi.com\\\/fr\\\/\",\"name\":\"Drasanvi Francia\",\"description\":\"L\u00edder en complementos alimenticios y cosm\u00e9tica natural.\",\"publisher\":{\"@id\":\"https:\\\/\\\/drasanvi.com\\\/fr\\\/#organization\"},\"potentialAction\":[{\"@type\":\"SearchAction\",\"target\":{\"@type\":\"EntryPoint\",\"urlTemplate\":\"https:\\\/\\\/drasanvi.com\\\/fr\\\/?s={search_term_string}\"},\"query-input\":{\"@type\":\"PropertyValueSpecification\",\"valueRequired\":true,\"valueName\":\"search_term_string\"}}],\"inLanguage\":\"fr-FR\"},{\"@type\":\"Organization\",\"@id\":\"https:\\\/\\\/drasanvi.com\\\/fr\\\/#organization\",\"name\":\"Drasanvi\",\"url\":\"https:\\\/\\\/drasanvi.com\\\/fr\\\/\",\"logo\":{\"@type\":\"ImageObject\",\"inLanguage\":\"fr-FR\",\"@id\":\"https:\\\/\\\/drasanvi.com\\\/fr\\\/#\\\/schema\\\/logo\\\/image\\\/\",\"url\":\"https:\\\/\\\/drasanvi.com\\\/wp-content\\\/uploads\\\/sites\\\/7\\\/2021\\\/07\\\/logo-drasanvi.png\",\"contentUrl\":\"https:\\\/\\\/drasanvi.com\\\/wp-content\\\/uploads\\\/sites\\\/7\\\/2021\\\/07\\\/logo-drasanvi.png\",\"width\":900,\"height\":300,\"caption\":\"Drasanvi\"},\"image\":{\"@id\":\"https:\\\/\\\/drasanvi.com\\\/fr\\\/#\\\/schema\\\/logo\\\/image\\\/\"}}]}<\/script>\n<!-- \/ Yoast SEO plugin. -->","yoast_head_json":{"title":"Alga Chlorella Bio 90g Doypack SuperAlimentos - Drasanvi Francia","robots":{"index":"index","follow":"follow","max-snippet":"max-snippet:-1","max-image-preview":"max-image-preview:large","max-video-preview":"max-video-preview:-1"},"canonical":"https:\/\/drasanvi.com\/fr\/producto\/alga-chlorella-bio-90g-doypack-superalimentos\/","og_locale":"fr_FR","og_type":"article","og_title":"Alga Chlorella Bio 90g Doypack SuperAlimentos - Drasanvi Francia","og_description":"El Alga Chlorella es un alga unicelular pero su peque\u00f1o tama\u00f1o no va relacionado con su interesante valor nutricional. Es rica en prote\u00ednas, lo que supone una excelente fuente de Amino\u00e1cidos, vitaminas (\u00c1cido Pantot\u00e9nico, \u00c1cido F\u00f3lico, Biotina, Vitamina B2 y B12) y minerales (Hierro, Zinc y F\u00f3sforo). El Alga Chlorella se recoge en aguas claras y certificando la ausencia de sustancias contaminantes. Una vez recolectada, se rompen su paredes celulares para que las prote\u00ednas, vitaminas y minerales sean m\u00e1s accesibles. Ideal para la elaboraci\u00f3n de zumos y batidos. Recomendado para deportistas. Ficha t\u00e9cnica","og_url":"https:\/\/drasanvi.com\/fr\/producto\/alga-chlorella-bio-90g-doypack-superalimentos\/","og_site_name":"Drasanvi Francia","article_modified_time":"2022-03-15T15:18:08+00:00","og_image":[{"width":1000,"height":1000,"url":"https:\/\/drasanvi.com\/wp-content\/uploads\/sites\/7\/2022\/02\/032010029.png","type":"image\/png"}],"twitter_card":"summary_large_image","schema":{"@context":"https:\/\/schema.org","@graph":[{"@type":"WebPage","@id":"https:\/\/drasanvi.com\/fr\/producto\/alga-chlorella-bio-90g-doypack-superalimentos\/","url":"https:\/\/drasanvi.com\/fr\/producto\/alga-chlorella-bio-90g-doypack-superalimentos\/","name":"Alga Chlorella Bio 90g Doypack SuperAlimentos - Drasanvi Francia","isPartOf":{"@id":"https:\/\/drasanvi.com\/fr\/#website"},"primaryImageOfPage":{"@id":"https:\/\/drasanvi.com\/fr\/producto\/alga-chlorella-bio-90g-doypack-superalimentos\/#primaryimage"},"image":{"@id":"https:\/\/drasanvi.com\/fr\/producto\/alga-chlorella-bio-90g-doypack-superalimentos\/#primaryimage"},"thumbnailUrl":"https:\/\/drasanvi.com\/fr\/wp-content\/uploads\/sites\/7\/2022\/02\/032010029.png","datePublished":"2022-02-28T12:56:48+00:00","dateModified":"2022-03-15T15:18:08+00:00","breadcrumb":{"@id":"https:\/\/drasanvi.com\/fr\/producto\/alga-chlorella-bio-90g-doypack-superalimentos\/#breadcrumb"},"inLanguage":"fr-FR","potentialAction":[{"@type":"ReadAction","target":["https:\/\/drasanvi.com\/fr\/producto\/alga-chlorella-bio-90g-doypack-superalimentos\/"]}]},{"@type":"ImageObject","inLanguage":"fr-FR","@id":"https:\/\/drasanvi.com\/fr\/producto\/alga-chlorella-bio-90g-doypack-superalimentos\/#primaryimage","url":"https:\/\/drasanvi.com\/fr\/wp-content\/uploads\/sites\/7\/2022\/02\/032010029.png","contentUrl":"https:\/\/drasanvi.com\/fr\/wp-content\/uploads\/sites\/7\/2022\/02\/032010029.png","width":1000,"height":1000},{"@type":"BreadcrumbList","@id":"https:\/\/drasanvi.com\/fr\/producto\/alga-chlorella-bio-90g-doypack-superalimentos\/#breadcrumb","itemListElement":[{"@type":"ListItem","position":1,"name":"Portada","item":"https:\/\/drasanvi.com\/fr\/"},{"@type":"ListItem","position":2,"name":"Tienda","item":"https:\/\/drasanvi.com\/fr\/tienda\/"},{"@type":"ListItem","position":3,"name":"Alga Chlorella Bio 90g Doypack SuperAlimentos"}]},{"@type":"WebSite","@id":"https:\/\/drasanvi.com\/fr\/#website","url":"https:\/\/drasanvi.com\/fr\/","name":"Drasanvi Francia","description":"L\u00edder en complementos alimenticios y cosm\u00e9tica natural.","publisher":{"@id":"https:\/\/drasanvi.com\/fr\/#organization"},"potentialAction":[{"@type":"SearchAction","target":{"@type":"EntryPoint","urlTemplate":"https:\/\/drasanvi.com\/fr\/?s={search_term_string}"},"query-input":{"@type":"PropertyValueSpecification","valueRequired":true,"valueName":"search_term_string"}}],"inLanguage":"fr-FR"},{"@type":"Organization","@id":"https:\/\/drasanvi.com\/fr\/#organization","name":"Drasanvi","url":"https:\/\/drasanvi.com\/fr\/","logo":{"@type":"ImageObject","inLanguage":"fr-FR","@id":"https:\/\/drasanvi.com\/fr\/#\/schema\/logo\/image\/","url":"https:\/\/drasanvi.com\/wp-content\/uploads\/sites\/7\/2021\/07\/logo-drasanvi.png","contentUrl":"https:\/\/drasanvi.com\/wp-content\/uploads\/sites\/7\/2021\/07\/logo-drasanvi.png","width":900,"height":300,"caption":"Drasanvi"},"image":{"@id":"https:\/\/drasanvi.com\/fr\/#\/schema\/logo\/image\/"}}]}},"_links":{"self":[{"href":"https:\/\/drasanvi.com\/fr\/wp-json\/wp\/v2\/product\/12409","targetHints":{"allow":["GET"]}}],"collection":[{"href":"https:\/\/drasanvi.com\/fr\/wp-json\/wp\/v2\/product"}],"about":[{"href":"https:\/\/drasanvi.com\/fr\/wp-json\/wp\/v2\/types\/product"}],"version-history":[{"count":0,"href":"https:\/\/drasanvi.com\/fr\/wp-json\/wp\/v2\/product\/12409\/revisions"}],"wp:featuredmedia":[{"embeddable":true,"href":"https:\/\/drasanvi.com\/fr\/wp-json\/wp\/v2\/media\/19622"}],"wp:attachment":[{"href":"https:\/\/drasanvi.com\/fr\/wp-json\/wp\/v2\/media?parent=12409"}],"wp:term":[{"taxonomy":"product_cat","embeddable":true,"href":"https:\/\/drasanvi.com\/fr\/wp-json\/wp\/v2\/product_cat?post=12409"},{"taxonomy":"product_tag","embeddable":true,"href":"https:\/\/drasanvi.com\/fr\/wp-json\/wp\/v2\/product_tag?post=12409"}],"curies":[{"name":"wp","href":"https:\/\/api.w.org\/{rel}","templated":true}]}}