{"id":12377,"date":"2022-02-28T15:09:51","date_gmt":"2022-02-28T13:09:51","guid":{"rendered":"https:\/\/drasanvi.com\/fr\/?post_type=product&#038;p=12377"},"modified":"2022-03-15T17:08:53","modified_gmt":"2022-03-15T15:08:53","slug":"maca-bio-225g-doypack-superalimentos","status":"publish","type":"product","link":"https:\/\/drasanvi.com\/fr\/producto\/maca-bio-225g-doypack-superalimentos\/","title":{"rendered":"Maca bio 225g Doypack Superalimentos"},"content":{"rendered":"<h2>Ingredientes<\/h2>\n<p>Ingrediente Cantidad \/ dosis diaria Maca en polvo de origen BIO Lepidium meyenii 10 g Sin colorantes, ni az\u00facares a\u00f1adidos ni conservantes<\/p>\n<h2>Modo de uso<\/h2>\n<p>A\u00f1adir a zumos, batidos, yogur, tortillas, as\u00ed como al finalizar estofados, guisos o rehogados. 1 cucharada de postre= 5\u00a0 gramos, aproximadamente.<\/p>\n<h3>Presentaci\u00f3n<\/h3>\n<p>Envase de 225 g (7.93 oz)<\/p>\n<h3>Advertencias<\/h3>\n<p>Conservar en un lugar fresco y seco.Sin al\u00e9rgenos.<\/p>\n<h2>Informaci\u00f3n adicional<\/h2>\n<p>INGREDIENTE DESCRIPCI\u00d3N Maca en polvo de origen BIO (Lepidium meyenii) Agricultura no UE<\/p>\n<p>por cada 100 g INGREDIENTE CANTIDAD\/100 g Valor energ\u00e9tico 1526 kJ \/ 361 Kcal Grasas 3,60 g de las cuales saturadas 0 g Hidratos de carbono 64,30 g de los cuales az\u00facares 32,10 g Fibra 7,10 g Prote\u00edna 14,30 g Sal 0,045 g 1526 kJ .\u00a0361 kcal Ingrediente % VRN Cantidad\/10 g Vitamina C 3.56 % 28.5 mg Vitamina B6 7.8 % 0.1 mg Potasio 100 % 200 mg Niacina 100% 16 mg % VRN (Valores de Referencia de Nutrientes)<\/p>\n","protected":false},"excerpt":{"rendered":"<p>La Maca es una ra\u00edz que crece en una exclusiva regi\u00f3n de los Andes peruanos, a una altura de 4.000 metros. Es rica en carbohidratos y Vitamina B3 (Niacina), que ayudan a disminuir el cansancio y la fatiga. Utilizada desde la antig\u00fcedad por la cultura Inca, su significado etimol\u00f3gico es Ma origen de altura y Ca comida buena que fortalece el cuerpo .<br \/>\n<a id=\"boton-ficha\" href=\"https:\/\/panel.drasanvi.com\/fichas\/1\/032010022\" target=\"_blank\" rel=\"noopener\">Ficha t\u00e9cnica<\/a><\/p>\n","protected":false},"featured_media":20307,"template":"","meta":{"inline_featured_image":false},"product_cat":[115],"product_tag":[],"class_list":["post-12377","product","type-product","status-publish","has-post-thumbnail","hentry","product_cat-superalimentos","pa_contiene-altramuces-no","pa_contiene-apio-no","pa_contiene-cacahuetes-no","pa_contiene-crustaceos-no","pa_contiene-frutos-secos-no","pa_contiene-huevo-no","pa_contiene-leche-no","pa_contiene-moluscos-no","pa_contiene-mostaza-no","pa_contiene-pescado-no","pa_contiene-sesamo-no","pa_contiene-soja-no","pa_producto-bio-si","pa_producto-sin-gluten-si","pa_producto-vegano-si","pa_producto-vegetariano-si"],"yoast_head":"<!-- This site is optimized with the Yoast SEO plugin v27.5 - https:\/\/yoast.com\/product\/yoast-seo-wordpress\/ -->\n<title>Maca bio 225g Doypack Superalimentos - Drasanvi Francia<\/title>\n<meta name=\"robots\" content=\"index, follow, max-snippet:-1, max-image-preview:large, max-video-preview:-1\" \/>\n<link rel=\"canonical\" href=\"https:\/\/drasanvi.com\/fr\/producto\/maca-bio-225g-doypack-superalimentos\/\" \/>\n<meta property=\"og:locale\" content=\"fr_FR\" \/>\n<meta property=\"og:type\" content=\"article\" \/>\n<meta property=\"og:title\" content=\"Maca bio 225g Doypack Superalimentos - Drasanvi Francia\" \/>\n<meta property=\"og:description\" content=\"La Maca es una ra\u00edz que crece en una exclusiva regi\u00f3n de los Andes peruanos, a una altura de 4.000 metros. Es rica en carbohidratos y Vitamina B3 (Niacina), que ayudan a disminuir el cansancio y la fatiga. Utilizada desde la antig\u00fcedad por la cultura Inca, su significado etimol\u00f3gico es Ma origen de altura y Ca comida buena que fortalece el cuerpo . Ficha t\u00e9cnica\" \/>\n<meta property=\"og:url\" content=\"https:\/\/drasanvi.com\/fr\/producto\/maca-bio-225g-doypack-superalimentos\/\" \/>\n<meta property=\"og:site_name\" content=\"Drasanvi Francia\" \/>\n<meta property=\"article:modified_time\" content=\"2022-03-15T15:08:53+00:00\" \/>\n<meta property=\"og:image\" content=\"https:\/\/drasanvi.com\/wp-content\/uploads\/sites\/7\/2022\/02\/032010022.png\" \/>\n\t<meta property=\"og:image:width\" content=\"1000\" \/>\n\t<meta property=\"og:image:height\" content=\"1000\" \/>\n\t<meta property=\"og:image:type\" content=\"image\/png\" \/>\n<meta name=\"twitter:card\" content=\"summary_large_image\" \/>\n<script type=\"application\/ld+json\" class=\"yoast-schema-graph\">{\"@context\":\"https:\\\/\\\/schema.org\",\"@graph\":[{\"@type\":\"WebPage\",\"@id\":\"https:\\\/\\\/drasanvi.com\\\/fr\\\/producto\\\/maca-bio-225g-doypack-superalimentos\\\/\",\"url\":\"https:\\\/\\\/drasanvi.com\\\/fr\\\/producto\\\/maca-bio-225g-doypack-superalimentos\\\/\",\"name\":\"Maca bio 225g Doypack Superalimentos - Drasanvi Francia\",\"isPartOf\":{\"@id\":\"https:\\\/\\\/drasanvi.com\\\/fr\\\/#website\"},\"primaryImageOfPage\":{\"@id\":\"https:\\\/\\\/drasanvi.com\\\/fr\\\/producto\\\/maca-bio-225g-doypack-superalimentos\\\/#primaryimage\"},\"image\":{\"@id\":\"https:\\\/\\\/drasanvi.com\\\/fr\\\/producto\\\/maca-bio-225g-doypack-superalimentos\\\/#primaryimage\"},\"thumbnailUrl\":\"https:\\\/\\\/drasanvi.com\\\/fr\\\/wp-content\\\/uploads\\\/sites\\\/7\\\/2022\\\/02\\\/032010022.png\",\"datePublished\":\"2022-02-28T13:09:51+00:00\",\"dateModified\":\"2022-03-15T15:08:53+00:00\",\"breadcrumb\":{\"@id\":\"https:\\\/\\\/drasanvi.com\\\/fr\\\/producto\\\/maca-bio-225g-doypack-superalimentos\\\/#breadcrumb\"},\"inLanguage\":\"fr-FR\",\"potentialAction\":[{\"@type\":\"ReadAction\",\"target\":[\"https:\\\/\\\/drasanvi.com\\\/fr\\\/producto\\\/maca-bio-225g-doypack-superalimentos\\\/\"]}]},{\"@type\":\"ImageObject\",\"inLanguage\":\"fr-FR\",\"@id\":\"https:\\\/\\\/drasanvi.com\\\/fr\\\/producto\\\/maca-bio-225g-doypack-superalimentos\\\/#primaryimage\",\"url\":\"https:\\\/\\\/drasanvi.com\\\/fr\\\/wp-content\\\/uploads\\\/sites\\\/7\\\/2022\\\/02\\\/032010022.png\",\"contentUrl\":\"https:\\\/\\\/drasanvi.com\\\/fr\\\/wp-content\\\/uploads\\\/sites\\\/7\\\/2022\\\/02\\\/032010022.png\",\"width\":1000,\"height\":1000},{\"@type\":\"BreadcrumbList\",\"@id\":\"https:\\\/\\\/drasanvi.com\\\/fr\\\/producto\\\/maca-bio-225g-doypack-superalimentos\\\/#breadcrumb\",\"itemListElement\":[{\"@type\":\"ListItem\",\"position\":1,\"name\":\"Portada\",\"item\":\"https:\\\/\\\/drasanvi.com\\\/fr\\\/\"},{\"@type\":\"ListItem\",\"position\":2,\"name\":\"Tienda\",\"item\":\"https:\\\/\\\/drasanvi.com\\\/fr\\\/tienda\\\/\"},{\"@type\":\"ListItem\",\"position\":3,\"name\":\"Maca bio 225g Doypack Superalimentos\"}]},{\"@type\":\"WebSite\",\"@id\":\"https:\\\/\\\/drasanvi.com\\\/fr\\\/#website\",\"url\":\"https:\\\/\\\/drasanvi.com\\\/fr\\\/\",\"name\":\"Drasanvi Francia\",\"description\":\"L\u00edder en complementos alimenticios y cosm\u00e9tica natural.\",\"publisher\":{\"@id\":\"https:\\\/\\\/drasanvi.com\\\/fr\\\/#organization\"},\"potentialAction\":[{\"@type\":\"SearchAction\",\"target\":{\"@type\":\"EntryPoint\",\"urlTemplate\":\"https:\\\/\\\/drasanvi.com\\\/fr\\\/?s={search_term_string}\"},\"query-input\":{\"@type\":\"PropertyValueSpecification\",\"valueRequired\":true,\"valueName\":\"search_term_string\"}}],\"inLanguage\":\"fr-FR\"},{\"@type\":\"Organization\",\"@id\":\"https:\\\/\\\/drasanvi.com\\\/fr\\\/#organization\",\"name\":\"Drasanvi\",\"url\":\"https:\\\/\\\/drasanvi.com\\\/fr\\\/\",\"logo\":{\"@type\":\"ImageObject\",\"inLanguage\":\"fr-FR\",\"@id\":\"https:\\\/\\\/drasanvi.com\\\/fr\\\/#\\\/schema\\\/logo\\\/image\\\/\",\"url\":\"https:\\\/\\\/drasanvi.com\\\/wp-content\\\/uploads\\\/sites\\\/7\\\/2021\\\/07\\\/logo-drasanvi.png\",\"contentUrl\":\"https:\\\/\\\/drasanvi.com\\\/wp-content\\\/uploads\\\/sites\\\/7\\\/2021\\\/07\\\/logo-drasanvi.png\",\"width\":900,\"height\":300,\"caption\":\"Drasanvi\"},\"image\":{\"@id\":\"https:\\\/\\\/drasanvi.com\\\/fr\\\/#\\\/schema\\\/logo\\\/image\\\/\"}}]}<\/script>\n<!-- \/ Yoast SEO plugin. -->","yoast_head_json":{"title":"Maca bio 225g Doypack Superalimentos - Drasanvi Francia","robots":{"index":"index","follow":"follow","max-snippet":"max-snippet:-1","max-image-preview":"max-image-preview:large","max-video-preview":"max-video-preview:-1"},"canonical":"https:\/\/drasanvi.com\/fr\/producto\/maca-bio-225g-doypack-superalimentos\/","og_locale":"fr_FR","og_type":"article","og_title":"Maca bio 225g Doypack Superalimentos - Drasanvi Francia","og_description":"La Maca es una ra\u00edz que crece en una exclusiva regi\u00f3n de los Andes peruanos, a una altura de 4.000 metros. Es rica en carbohidratos y Vitamina B3 (Niacina), que ayudan a disminuir el cansancio y la fatiga. Utilizada desde la antig\u00fcedad por la cultura Inca, su significado etimol\u00f3gico es Ma origen de altura y Ca comida buena que fortalece el cuerpo . Ficha t\u00e9cnica","og_url":"https:\/\/drasanvi.com\/fr\/producto\/maca-bio-225g-doypack-superalimentos\/","og_site_name":"Drasanvi Francia","article_modified_time":"2022-03-15T15:08:53+00:00","og_image":[{"width":1000,"height":1000,"url":"https:\/\/drasanvi.com\/wp-content\/uploads\/sites\/7\/2022\/02\/032010022.png","type":"image\/png"}],"twitter_card":"summary_large_image","schema":{"@context":"https:\/\/schema.org","@graph":[{"@type":"WebPage","@id":"https:\/\/drasanvi.com\/fr\/producto\/maca-bio-225g-doypack-superalimentos\/","url":"https:\/\/drasanvi.com\/fr\/producto\/maca-bio-225g-doypack-superalimentos\/","name":"Maca bio 225g Doypack Superalimentos - Drasanvi Francia","isPartOf":{"@id":"https:\/\/drasanvi.com\/fr\/#website"},"primaryImageOfPage":{"@id":"https:\/\/drasanvi.com\/fr\/producto\/maca-bio-225g-doypack-superalimentos\/#primaryimage"},"image":{"@id":"https:\/\/drasanvi.com\/fr\/producto\/maca-bio-225g-doypack-superalimentos\/#primaryimage"},"thumbnailUrl":"https:\/\/drasanvi.com\/fr\/wp-content\/uploads\/sites\/7\/2022\/02\/032010022.png","datePublished":"2022-02-28T13:09:51+00:00","dateModified":"2022-03-15T15:08:53+00:00","breadcrumb":{"@id":"https:\/\/drasanvi.com\/fr\/producto\/maca-bio-225g-doypack-superalimentos\/#breadcrumb"},"inLanguage":"fr-FR","potentialAction":[{"@type":"ReadAction","target":["https:\/\/drasanvi.com\/fr\/producto\/maca-bio-225g-doypack-superalimentos\/"]}]},{"@type":"ImageObject","inLanguage":"fr-FR","@id":"https:\/\/drasanvi.com\/fr\/producto\/maca-bio-225g-doypack-superalimentos\/#primaryimage","url":"https:\/\/drasanvi.com\/fr\/wp-content\/uploads\/sites\/7\/2022\/02\/032010022.png","contentUrl":"https:\/\/drasanvi.com\/fr\/wp-content\/uploads\/sites\/7\/2022\/02\/032010022.png","width":1000,"height":1000},{"@type":"BreadcrumbList","@id":"https:\/\/drasanvi.com\/fr\/producto\/maca-bio-225g-doypack-superalimentos\/#breadcrumb","itemListElement":[{"@type":"ListItem","position":1,"name":"Portada","item":"https:\/\/drasanvi.com\/fr\/"},{"@type":"ListItem","position":2,"name":"Tienda","item":"https:\/\/drasanvi.com\/fr\/tienda\/"},{"@type":"ListItem","position":3,"name":"Maca bio 225g Doypack Superalimentos"}]},{"@type":"WebSite","@id":"https:\/\/drasanvi.com\/fr\/#website","url":"https:\/\/drasanvi.com\/fr\/","name":"Drasanvi Francia","description":"L\u00edder en complementos alimenticios y cosm\u00e9tica natural.","publisher":{"@id":"https:\/\/drasanvi.com\/fr\/#organization"},"potentialAction":[{"@type":"SearchAction","target":{"@type":"EntryPoint","urlTemplate":"https:\/\/drasanvi.com\/fr\/?s={search_term_string}"},"query-input":{"@type":"PropertyValueSpecification","valueRequired":true,"valueName":"search_term_string"}}],"inLanguage":"fr-FR"},{"@type":"Organization","@id":"https:\/\/drasanvi.com\/fr\/#organization","name":"Drasanvi","url":"https:\/\/drasanvi.com\/fr\/","logo":{"@type":"ImageObject","inLanguage":"fr-FR","@id":"https:\/\/drasanvi.com\/fr\/#\/schema\/logo\/image\/","url":"https:\/\/drasanvi.com\/wp-content\/uploads\/sites\/7\/2021\/07\/logo-drasanvi.png","contentUrl":"https:\/\/drasanvi.com\/wp-content\/uploads\/sites\/7\/2021\/07\/logo-drasanvi.png","width":900,"height":300,"caption":"Drasanvi"},"image":{"@id":"https:\/\/drasanvi.com\/fr\/#\/schema\/logo\/image\/"}}]}},"_links":{"self":[{"href":"https:\/\/drasanvi.com\/fr\/wp-json\/wp\/v2\/product\/12377","targetHints":{"allow":["GET"]}}],"collection":[{"href":"https:\/\/drasanvi.com\/fr\/wp-json\/wp\/v2\/product"}],"about":[{"href":"https:\/\/drasanvi.com\/fr\/wp-json\/wp\/v2\/types\/product"}],"version-history":[{"count":0,"href":"https:\/\/drasanvi.com\/fr\/wp-json\/wp\/v2\/product\/12377\/revisions"}],"wp:featuredmedia":[{"embeddable":true,"href":"https:\/\/drasanvi.com\/fr\/wp-json\/wp\/v2\/media\/20307"}],"wp:attachment":[{"href":"https:\/\/drasanvi.com\/fr\/wp-json\/wp\/v2\/media?parent=12377"}],"wp:term":[{"taxonomy":"product_cat","embeddable":true,"href":"https:\/\/drasanvi.com\/fr\/wp-json\/wp\/v2\/product_cat?post=12377"},{"taxonomy":"product_tag","embeddable":true,"href":"https:\/\/drasanvi.com\/fr\/wp-json\/wp\/v2\/product_tag?post=12377"}],"curies":[{"name":"wp","href":"https:\/\/api.w.org\/{rel}","templated":true}]}}