{"id":12361,"date":"2022-02-28T15:19:09","date_gmt":"2022-02-28T13:19:09","guid":{"rendered":"https:\/\/drasanvi.com\/fr\/?post_type=product&#038;p=12361"},"modified":"2022-03-10T14:12:09","modified_gmt":"2022-03-10T12:12:09","slug":"super-alimentos-moringa-bio-125g-doypack","status":"publish","type":"product","link":"https:\/\/drasanvi.com\/fr\/producto\/super-alimentos-moringa-bio-125g-doypack\/","title":{"rendered":"Super Alimentos Moringa Bio 125g Doypack"},"content":{"rendered":"<h2>Ingredientes<\/h2>\n<p>Ingredientes  mg \/ Dosis diaria      \u00a0Hoja de Moringa en polvo* Moringa oleifera  \u00a0      *Procedente de agricultura ecol\u00f3gica  \u00a0      \u00a0        Sin colorantes, conservantes ni az\u00facares a\u00f1adidos.<\/p>\n<h2>Modo de uso<\/h2>\n<p>A\u00f1adir directamente a un vaso de agua o jugo, agitar y consumir. Tambi\u00e9n puede ser a\u00f1adido sobre ensaladas o verduras, as\u00ed como en la elaboraci\u00f3n de salsas para pasta o arroz. 1 cucharada de postre=5 gramos, aproximadamente<\/p>\n<h3>Presentaci\u00f3n<\/h3>\n<p>Envase 125g (4,41 oz)<\/p>\n<h3>Advertencias<\/h3>\n<p>Conservar en un lugar fresco y seco.&nbsp;Sin al&eacute;rgenos.<\/p>\n<h2>Informaci\u00f3n adicional<\/h2>\n<p>ingrediente  descripci\u00f3n      Hoja de moringa en polvo**Procedente de agricultura ecol\u00f3gica  Moringa oleifera        Agricultura UE<\/p>\n<p>Por 100 g        Valor energ\u00e9tico  1420 kJ \/ 334 kcal      Grasas  2,93 g      de las cuales saturadas  0,75 g      Hidratos de carbono  47,2 g      de los cuales az\u00facares  10,8 g      Fibra alimentaria  17,1 g      Prote\u00ednas  29,7 g      Sal  0,04 g<\/p>\n","protected":false},"excerpt":{"rendered":"<p>La Moringa es una planta cuyo uso y aprovechamiento data de varios siglos atr\u00e1s. Sin embargo, ha incurrido con fuerza en nuestra cultura hace un par de d\u00e9cadas. \u00bfEl motivo?\u00a0 La FAO\u00a0 (Organizaci\u00f3n de las Naciones Unidas para la Alimentaci\u00f3n y la Agricultura) destina recursos para aumentar y potenciar su cultivo, debido a su aprovechamiento industrial y nutricional. Nosotros hemos seleccionado las hojas de la Moringa, cuyo perfil nutricional resulta muy interesante. El polvo es obtenido por procesos ecol\u00f3gicos y sin aplicar calor en ninguna etapa\u00a0 para mantener, as\u00ed, todas las propiedades.<br \/><a id=\"boton-ficha\" href=\"https:\/\/panel.drasanvi.com\/fichas\/1\/032010105\" target=\"_blank\" rel=\"noopener\">Ficha t\u00e9cnica<\/a><\/p>\n","protected":false},"featured_media":20815,"template":"","meta":{"inline_featured_image":false},"product_cat":[115],"product_tag":[],"class_list":["post-12361","product","type-product","status-publish","has-post-thumbnail","hentry","product_cat-superalimentos","pa_contiene-altramuces-no","pa_contiene-apio-no","pa_contiene-cacahuetes-no","pa_contiene-crustaceos-no","pa_contiene-frutos-secos-no","pa_contiene-huevo-no","pa_contiene-leche-no","pa_contiene-moluscos-no","pa_contiene-mostaza-no","pa_contiene-pescado-no","pa_contiene-sesamo-no","pa_contiene-soja-no","pa_producto-bio-si","pa_producto-sin-gluten-si","pa_producto-vegano-si","pa_producto-vegetariano-si"],"yoast_head":"<!-- This site is optimized with the Yoast SEO plugin v27.5 - https:\/\/yoast.com\/product\/yoast-seo-wordpress\/ -->\n<title>Super Alimentos Moringa Bio 125g Doypack - Drasanvi Francia<\/title>\n<meta name=\"robots\" content=\"index, follow, max-snippet:-1, max-image-preview:large, max-video-preview:-1\" \/>\n<link rel=\"canonical\" href=\"https:\/\/drasanvi.com\/fr\/producto\/super-alimentos-moringa-bio-125g-doypack\/\" \/>\n<meta property=\"og:locale\" content=\"fr_FR\" \/>\n<meta property=\"og:type\" content=\"article\" \/>\n<meta property=\"og:title\" content=\"Super Alimentos Moringa Bio 125g Doypack - Drasanvi Francia\" \/>\n<meta property=\"og:description\" content=\"La Moringa es una planta cuyo uso y aprovechamiento data de varios siglos atr\u00e1s. Sin embargo, ha incurrido con fuerza en nuestra cultura hace un par de d\u00e9cadas. \u00bfEl motivo?\u00a0 La FAO\u00a0 (Organizaci\u00f3n de las Naciones Unidas para la Alimentaci\u00f3n y la Agricultura) destina recursos para aumentar y potenciar su cultivo, debido a su aprovechamiento industrial y nutricional. Nosotros hemos seleccionado las hojas de la Moringa, cuyo perfil nutricional resulta muy interesante. El polvo es obtenido por procesos ecol\u00f3gicos y sin aplicar calor en ninguna etapa\u00a0 para mantener, as\u00ed, todas las propiedades.Ficha t\u00e9cnica\" \/>\n<meta property=\"og:url\" content=\"https:\/\/drasanvi.com\/fr\/producto\/super-alimentos-moringa-bio-125g-doypack\/\" \/>\n<meta property=\"og:site_name\" content=\"Drasanvi Francia\" \/>\n<meta property=\"article:modified_time\" content=\"2022-03-10T12:12:09+00:00\" \/>\n<meta property=\"og:image\" content=\"https:\/\/drasanvi.com\/wp-content\/uploads\/sites\/7\/2022\/02\/032010105.png\" \/>\n\t<meta property=\"og:image:width\" content=\"1000\" \/>\n\t<meta property=\"og:image:height\" content=\"1000\" \/>\n\t<meta property=\"og:image:type\" content=\"image\/png\" \/>\n<meta name=\"twitter:card\" content=\"summary_large_image\" \/>\n<script type=\"application\/ld+json\" class=\"yoast-schema-graph\">{\"@context\":\"https:\\\/\\\/schema.org\",\"@graph\":[{\"@type\":\"WebPage\",\"@id\":\"https:\\\/\\\/drasanvi.com\\\/fr\\\/producto\\\/super-alimentos-moringa-bio-125g-doypack\\\/\",\"url\":\"https:\\\/\\\/drasanvi.com\\\/fr\\\/producto\\\/super-alimentos-moringa-bio-125g-doypack\\\/\",\"name\":\"Super Alimentos Moringa Bio 125g Doypack - Drasanvi Francia\",\"isPartOf\":{\"@id\":\"https:\\\/\\\/drasanvi.com\\\/fr\\\/#website\"},\"primaryImageOfPage\":{\"@id\":\"https:\\\/\\\/drasanvi.com\\\/fr\\\/producto\\\/super-alimentos-moringa-bio-125g-doypack\\\/#primaryimage\"},\"image\":{\"@id\":\"https:\\\/\\\/drasanvi.com\\\/fr\\\/producto\\\/super-alimentos-moringa-bio-125g-doypack\\\/#primaryimage\"},\"thumbnailUrl\":\"https:\\\/\\\/drasanvi.com\\\/fr\\\/wp-content\\\/uploads\\\/sites\\\/7\\\/2022\\\/02\\\/032010105.png\",\"datePublished\":\"2022-02-28T13:19:09+00:00\",\"dateModified\":\"2022-03-10T12:12:09+00:00\",\"breadcrumb\":{\"@id\":\"https:\\\/\\\/drasanvi.com\\\/fr\\\/producto\\\/super-alimentos-moringa-bio-125g-doypack\\\/#breadcrumb\"},\"inLanguage\":\"fr-FR\",\"potentialAction\":[{\"@type\":\"ReadAction\",\"target\":[\"https:\\\/\\\/drasanvi.com\\\/fr\\\/producto\\\/super-alimentos-moringa-bio-125g-doypack\\\/\"]}]},{\"@type\":\"ImageObject\",\"inLanguage\":\"fr-FR\",\"@id\":\"https:\\\/\\\/drasanvi.com\\\/fr\\\/producto\\\/super-alimentos-moringa-bio-125g-doypack\\\/#primaryimage\",\"url\":\"https:\\\/\\\/drasanvi.com\\\/fr\\\/wp-content\\\/uploads\\\/sites\\\/7\\\/2022\\\/02\\\/032010105.png\",\"contentUrl\":\"https:\\\/\\\/drasanvi.com\\\/fr\\\/wp-content\\\/uploads\\\/sites\\\/7\\\/2022\\\/02\\\/032010105.png\",\"width\":1000,\"height\":1000},{\"@type\":\"BreadcrumbList\",\"@id\":\"https:\\\/\\\/drasanvi.com\\\/fr\\\/producto\\\/super-alimentos-moringa-bio-125g-doypack\\\/#breadcrumb\",\"itemListElement\":[{\"@type\":\"ListItem\",\"position\":1,\"name\":\"Portada\",\"item\":\"https:\\\/\\\/drasanvi.com\\\/fr\\\/\"},{\"@type\":\"ListItem\",\"position\":2,\"name\":\"Tienda\",\"item\":\"https:\\\/\\\/drasanvi.com\\\/fr\\\/tienda\\\/\"},{\"@type\":\"ListItem\",\"position\":3,\"name\":\"Super Alimentos Moringa Bio 125g Doypack\"}]},{\"@type\":\"WebSite\",\"@id\":\"https:\\\/\\\/drasanvi.com\\\/fr\\\/#website\",\"url\":\"https:\\\/\\\/drasanvi.com\\\/fr\\\/\",\"name\":\"Drasanvi Francia\",\"description\":\"L\u00edder en complementos alimenticios y cosm\u00e9tica natural.\",\"publisher\":{\"@id\":\"https:\\\/\\\/drasanvi.com\\\/fr\\\/#organization\"},\"potentialAction\":[{\"@type\":\"SearchAction\",\"target\":{\"@type\":\"EntryPoint\",\"urlTemplate\":\"https:\\\/\\\/drasanvi.com\\\/fr\\\/?s={search_term_string}\"},\"query-input\":{\"@type\":\"PropertyValueSpecification\",\"valueRequired\":true,\"valueName\":\"search_term_string\"}}],\"inLanguage\":\"fr-FR\"},{\"@type\":\"Organization\",\"@id\":\"https:\\\/\\\/drasanvi.com\\\/fr\\\/#organization\",\"name\":\"Drasanvi\",\"url\":\"https:\\\/\\\/drasanvi.com\\\/fr\\\/\",\"logo\":{\"@type\":\"ImageObject\",\"inLanguage\":\"fr-FR\",\"@id\":\"https:\\\/\\\/drasanvi.com\\\/fr\\\/#\\\/schema\\\/logo\\\/image\\\/\",\"url\":\"https:\\\/\\\/drasanvi.com\\\/wp-content\\\/uploads\\\/sites\\\/7\\\/2021\\\/07\\\/logo-drasanvi.png\",\"contentUrl\":\"https:\\\/\\\/drasanvi.com\\\/wp-content\\\/uploads\\\/sites\\\/7\\\/2021\\\/07\\\/logo-drasanvi.png\",\"width\":900,\"height\":300,\"caption\":\"Drasanvi\"},\"image\":{\"@id\":\"https:\\\/\\\/drasanvi.com\\\/fr\\\/#\\\/schema\\\/logo\\\/image\\\/\"}}]}<\/script>\n<!-- \/ Yoast SEO plugin. -->","yoast_head_json":{"title":"Super Alimentos Moringa Bio 125g Doypack - Drasanvi Francia","robots":{"index":"index","follow":"follow","max-snippet":"max-snippet:-1","max-image-preview":"max-image-preview:large","max-video-preview":"max-video-preview:-1"},"canonical":"https:\/\/drasanvi.com\/fr\/producto\/super-alimentos-moringa-bio-125g-doypack\/","og_locale":"fr_FR","og_type":"article","og_title":"Super Alimentos Moringa Bio 125g Doypack - Drasanvi Francia","og_description":"La Moringa es una planta cuyo uso y aprovechamiento data de varios siglos atr\u00e1s. Sin embargo, ha incurrido con fuerza en nuestra cultura hace un par de d\u00e9cadas. \u00bfEl motivo?\u00a0 La FAO\u00a0 (Organizaci\u00f3n de las Naciones Unidas para la Alimentaci\u00f3n y la Agricultura) destina recursos para aumentar y potenciar su cultivo, debido a su aprovechamiento industrial y nutricional. Nosotros hemos seleccionado las hojas de la Moringa, cuyo perfil nutricional resulta muy interesante. El polvo es obtenido por procesos ecol\u00f3gicos y sin aplicar calor en ninguna etapa\u00a0 para mantener, as\u00ed, todas las propiedades.Ficha t\u00e9cnica","og_url":"https:\/\/drasanvi.com\/fr\/producto\/super-alimentos-moringa-bio-125g-doypack\/","og_site_name":"Drasanvi Francia","article_modified_time":"2022-03-10T12:12:09+00:00","og_image":[{"width":1000,"height":1000,"url":"https:\/\/drasanvi.com\/wp-content\/uploads\/sites\/7\/2022\/02\/032010105.png","type":"image\/png"}],"twitter_card":"summary_large_image","schema":{"@context":"https:\/\/schema.org","@graph":[{"@type":"WebPage","@id":"https:\/\/drasanvi.com\/fr\/producto\/super-alimentos-moringa-bio-125g-doypack\/","url":"https:\/\/drasanvi.com\/fr\/producto\/super-alimentos-moringa-bio-125g-doypack\/","name":"Super Alimentos Moringa Bio 125g Doypack - Drasanvi Francia","isPartOf":{"@id":"https:\/\/drasanvi.com\/fr\/#website"},"primaryImageOfPage":{"@id":"https:\/\/drasanvi.com\/fr\/producto\/super-alimentos-moringa-bio-125g-doypack\/#primaryimage"},"image":{"@id":"https:\/\/drasanvi.com\/fr\/producto\/super-alimentos-moringa-bio-125g-doypack\/#primaryimage"},"thumbnailUrl":"https:\/\/drasanvi.com\/fr\/wp-content\/uploads\/sites\/7\/2022\/02\/032010105.png","datePublished":"2022-02-28T13:19:09+00:00","dateModified":"2022-03-10T12:12:09+00:00","breadcrumb":{"@id":"https:\/\/drasanvi.com\/fr\/producto\/super-alimentos-moringa-bio-125g-doypack\/#breadcrumb"},"inLanguage":"fr-FR","potentialAction":[{"@type":"ReadAction","target":["https:\/\/drasanvi.com\/fr\/producto\/super-alimentos-moringa-bio-125g-doypack\/"]}]},{"@type":"ImageObject","inLanguage":"fr-FR","@id":"https:\/\/drasanvi.com\/fr\/producto\/super-alimentos-moringa-bio-125g-doypack\/#primaryimage","url":"https:\/\/drasanvi.com\/fr\/wp-content\/uploads\/sites\/7\/2022\/02\/032010105.png","contentUrl":"https:\/\/drasanvi.com\/fr\/wp-content\/uploads\/sites\/7\/2022\/02\/032010105.png","width":1000,"height":1000},{"@type":"BreadcrumbList","@id":"https:\/\/drasanvi.com\/fr\/producto\/super-alimentos-moringa-bio-125g-doypack\/#breadcrumb","itemListElement":[{"@type":"ListItem","position":1,"name":"Portada","item":"https:\/\/drasanvi.com\/fr\/"},{"@type":"ListItem","position":2,"name":"Tienda","item":"https:\/\/drasanvi.com\/fr\/tienda\/"},{"@type":"ListItem","position":3,"name":"Super Alimentos Moringa Bio 125g Doypack"}]},{"@type":"WebSite","@id":"https:\/\/drasanvi.com\/fr\/#website","url":"https:\/\/drasanvi.com\/fr\/","name":"Drasanvi Francia","description":"L\u00edder en complementos alimenticios y cosm\u00e9tica natural.","publisher":{"@id":"https:\/\/drasanvi.com\/fr\/#organization"},"potentialAction":[{"@type":"SearchAction","target":{"@type":"EntryPoint","urlTemplate":"https:\/\/drasanvi.com\/fr\/?s={search_term_string}"},"query-input":{"@type":"PropertyValueSpecification","valueRequired":true,"valueName":"search_term_string"}}],"inLanguage":"fr-FR"},{"@type":"Organization","@id":"https:\/\/drasanvi.com\/fr\/#organization","name":"Drasanvi","url":"https:\/\/drasanvi.com\/fr\/","logo":{"@type":"ImageObject","inLanguage":"fr-FR","@id":"https:\/\/drasanvi.com\/fr\/#\/schema\/logo\/image\/","url":"https:\/\/drasanvi.com\/wp-content\/uploads\/sites\/7\/2021\/07\/logo-drasanvi.png","contentUrl":"https:\/\/drasanvi.com\/wp-content\/uploads\/sites\/7\/2021\/07\/logo-drasanvi.png","width":900,"height":300,"caption":"Drasanvi"},"image":{"@id":"https:\/\/drasanvi.com\/fr\/#\/schema\/logo\/image\/"}}]}},"_links":{"self":[{"href":"https:\/\/drasanvi.com\/fr\/wp-json\/wp\/v2\/product\/12361","targetHints":{"allow":["GET"]}}],"collection":[{"href":"https:\/\/drasanvi.com\/fr\/wp-json\/wp\/v2\/product"}],"about":[{"href":"https:\/\/drasanvi.com\/fr\/wp-json\/wp\/v2\/types\/product"}],"version-history":[{"count":0,"href":"https:\/\/drasanvi.com\/fr\/wp-json\/wp\/v2\/product\/12361\/revisions"}],"wp:featuredmedia":[{"embeddable":true,"href":"https:\/\/drasanvi.com\/fr\/wp-json\/wp\/v2\/media\/20815"}],"wp:attachment":[{"href":"https:\/\/drasanvi.com\/fr\/wp-json\/wp\/v2\/media?parent=12361"}],"wp:term":[{"taxonomy":"product_cat","embeddable":true,"href":"https:\/\/drasanvi.com\/fr\/wp-json\/wp\/v2\/product_cat?post=12361"},{"taxonomy":"product_tag","embeddable":true,"href":"https:\/\/drasanvi.com\/fr\/wp-json\/wp\/v2\/product_tag?post=12361"}],"curies":[{"name":"wp","href":"https:\/\/api.w.org\/{rel}","templated":true}]}}