{"id":12345,"date":"2022-02-28T14:56:48","date_gmt":"2022-02-28T12:56:48","guid":{"rendered":"https:\/\/drasanvi.com\/fr\/?post_type=product&#038;p=12345"},"modified":"2022-03-15T14:50:38","modified_gmt":"2022-03-15T12:50:38","slug":"alerphyt","status":"publish","type":"product","link":"https:\/\/drasanvi.com\/fr\/producto\/alerphyt\/","title":{"rendered":"Alerphyt"},"content":{"rendered":"<h2>Ingredientes<\/h2>\n<p>Ingrediente Cantidad \/ dosis diaria Quercitina Proveniente que manzanaProveniente de cebolla roja 200 mg Bromelaina Procedente de la pi\u00f1a Ananas comosus (L.) Merril 150 mg Extracto seco de Sol de Oro Helichrysum arenarium (L) Moench con aporte en vitexina (3%) 100 mg3 mg Extracto seco de Ortiga Verde Urtica dioica L. con aporte en esteroles (0,8%) 100 mg0.8 mg N-acetilciste\u00edna 32 mg Vitamina C En forma de \u00c1cido asc\u00f3rbico 26 mg Otros ingredientes:Celulosa Microcristalina, Magnesio Estearato, Di\u00f3xido de Sil\u00edcio y Hidroxipropilmetilcelulosa (agente de recubrimiento). Sin az\u00facares a\u00f1adidos, conservantes, colorantes ni edulcorantes.<\/p>\n<h2>Modo de uso<\/h2>\n<p>Dos semanas antes de la Primavera: 1 c\u00e1psula al d\u00eda, preferiblemente despu\u00e9s del desayuno. Durante la Primavera: 2-3 c\u00e1psulas al d\u00eda despu\u00e9s de las principales comidas. Recomendamos su uso antes de la llegada de la Primavera.<\/p>\n<h3>Presentaci\u00f3n<\/h3>\n<p>Envase de 36 c\u00e1psulas vegetales de 792 mg. Peso total: 28,51 g (1 oz)<\/p>\n<h3>Advertencias<\/h3>\n<p>Complemento alimenticio a base de Quercitina, Bromela\u00edna, plantas, N-acetilciste\u00edna y vitamina c.\u00a0\u00a0No superar la dosis diaria expresamente recomendada; Los complementos alimenticios no deben utilizarse como sustituto de una dieta equilibrada; Mantener fuera del alcance de los ni\u00f1os m\u00e1s peque\u00f1os. Conservar en un lugar fresco y seco. No debe ser consumido por mujeres embarazadas o en per\u00edodo de lactancia, ni por ni\u00f1os. No administrar a ni\u00f1os menores de 3 a\u00f1os<\/p>\n<h2>Informaci\u00f3n adicional<\/h2>\n<p>ingredientes descripcion cantidad\/dosis diaria Quercitina \u00a0 200 mg Bromelaina (2400 GDU) 150 mg Agente de recubrimiento (Hidroxipropilmetilcelulosa) 120 mg Extracto seco Ortiga Verde (Urtica dioca L., esteroles 0,8%) 100 mg Extracto seco Sol de Oro (Helichrysum arenarium (L), vitexina 3%) 100 mg Agente de carga (Celulosa microcristalina) 50 mg N-acetilcisteina \u00a0 32 mg Vitamina C (\u00c1cido asc\u00f3rbico) 26 mg Agente de carga (Estearato de magnesio) 12 mg Antiaglomerante (Di\u00f3xido de silicio) 2 mg<\/p>\n<p>Por dosis diaria (1 c\u00e1psula) Ingrediente Porcentaje Cantidad Vitamina C 33% 26 mg % VRN (Valores de Referencia de Nutrientes)<\/p>\n","protected":false},"excerpt":{"rendered":"<p>Alerphyt es un complemento alimenticio que combina diversos extractos vegetales: Sol de Oro y Ortiga Verde con sustancias como la Quercitina (bioflavonoide, que se encuentra de manera natural en numerosas frutas y verduras), extra\u00edda de la manzana y la cebolla roja, la Bromela\u00edna (proteasa extra\u00edda de la pi\u00f1a), N-acetilcisteina y Vitamina C. Esta excelente mezcla se ha acondicionado en c\u00e1psulas vegetales, convirti\u00e9ndola en un producto apto para vegetarianos y veganos.<br \/>\n<a id=\"boton-ficha\" href=\"https:\/\/panel.drasanvi.com\/fichas\/1\/032050048\" target=\"_blank\" rel=\"noopener\">Ficha t\u00e9cnica<\/a><\/p>\n","protected":false},"featured_media":19617,"template":"","meta":{"inline_featured_image":false},"product_cat":[88],"product_tag":[],"class_list":["post-12345","product","type-product","status-publish","has-post-thumbnail","hentry","product_cat-alergias","pa_contiene-altramuces-no","pa_contiene-apio-no","pa_contiene-cacahuetes-no","pa_contiene-crustaceos-no","pa_contiene-frutos-secos-no","pa_contiene-huevo-no","pa_contiene-leche-no","pa_contiene-moluscos-no","pa_contiene-mostaza-no","pa_contiene-pescado-no","pa_contiene-sesamo-no","pa_contiene-soja-no","pa_producto-bio-no","pa_producto-sin-gluten-si","pa_producto-vegano-si","pa_producto-vegetariano-si"],"yoast_head":"<!-- This site is optimized with the Yoast SEO plugin v27.5 - https:\/\/yoast.com\/product\/yoast-seo-wordpress\/ -->\n<title>Alerphyt - Drasanvi Francia<\/title>\n<meta name=\"robots\" content=\"index, follow, max-snippet:-1, max-image-preview:large, max-video-preview:-1\" \/>\n<link rel=\"canonical\" href=\"https:\/\/drasanvi.com\/fr\/producto\/alerphyt\/\" \/>\n<meta property=\"og:locale\" content=\"fr_FR\" \/>\n<meta property=\"og:type\" content=\"article\" \/>\n<meta property=\"og:title\" content=\"Alerphyt - Drasanvi Francia\" \/>\n<meta property=\"og:description\" content=\"Alerphyt es un complemento alimenticio que combina diversos extractos vegetales: Sol de Oro y Ortiga Verde con sustancias como la Quercitina (bioflavonoide, que se encuentra de manera natural en numerosas frutas y verduras), extra\u00edda de la manzana y la cebolla roja, la Bromela\u00edna (proteasa extra\u00edda de la pi\u00f1a), N-acetilcisteina y Vitamina C. Esta excelente mezcla se ha acondicionado en c\u00e1psulas vegetales, convirti\u00e9ndola en un producto apto para vegetarianos y veganos. Ficha t\u00e9cnica\" \/>\n<meta property=\"og:url\" content=\"https:\/\/drasanvi.com\/fr\/producto\/alerphyt\/\" \/>\n<meta property=\"og:site_name\" content=\"Drasanvi Francia\" \/>\n<meta property=\"article:modified_time\" content=\"2022-03-15T12:50:38+00:00\" \/>\n<meta property=\"og:image\" content=\"https:\/\/drasanvi.com\/wp-content\/uploads\/sites\/7\/2022\/02\/032050048.png\" \/>\n\t<meta property=\"og:image:width\" content=\"1000\" \/>\n\t<meta property=\"og:image:height\" content=\"1000\" \/>\n\t<meta property=\"og:image:type\" content=\"image\/png\" \/>\n<meta name=\"twitter:card\" content=\"summary_large_image\" \/>\n<script type=\"application\/ld+json\" class=\"yoast-schema-graph\">{\"@context\":\"https:\\\/\\\/schema.org\",\"@graph\":[{\"@type\":\"WebPage\",\"@id\":\"https:\\\/\\\/drasanvi.com\\\/fr\\\/producto\\\/alerphyt\\\/\",\"url\":\"https:\\\/\\\/drasanvi.com\\\/fr\\\/producto\\\/alerphyt\\\/\",\"name\":\"Alerphyt - Drasanvi Francia\",\"isPartOf\":{\"@id\":\"https:\\\/\\\/drasanvi.com\\\/fr\\\/#website\"},\"primaryImageOfPage\":{\"@id\":\"https:\\\/\\\/drasanvi.com\\\/fr\\\/producto\\\/alerphyt\\\/#primaryimage\"},\"image\":{\"@id\":\"https:\\\/\\\/drasanvi.com\\\/fr\\\/producto\\\/alerphyt\\\/#primaryimage\"},\"thumbnailUrl\":\"https:\\\/\\\/drasanvi.com\\\/fr\\\/wp-content\\\/uploads\\\/sites\\\/7\\\/2022\\\/02\\\/032050048.png\",\"datePublished\":\"2022-02-28T12:56:48+00:00\",\"dateModified\":\"2022-03-15T12:50:38+00:00\",\"breadcrumb\":{\"@id\":\"https:\\\/\\\/drasanvi.com\\\/fr\\\/producto\\\/alerphyt\\\/#breadcrumb\"},\"inLanguage\":\"fr-FR\",\"potentialAction\":[{\"@type\":\"ReadAction\",\"target\":[\"https:\\\/\\\/drasanvi.com\\\/fr\\\/producto\\\/alerphyt\\\/\"]}]},{\"@type\":\"ImageObject\",\"inLanguage\":\"fr-FR\",\"@id\":\"https:\\\/\\\/drasanvi.com\\\/fr\\\/producto\\\/alerphyt\\\/#primaryimage\",\"url\":\"https:\\\/\\\/drasanvi.com\\\/fr\\\/wp-content\\\/uploads\\\/sites\\\/7\\\/2022\\\/02\\\/032050048.png\",\"contentUrl\":\"https:\\\/\\\/drasanvi.com\\\/fr\\\/wp-content\\\/uploads\\\/sites\\\/7\\\/2022\\\/02\\\/032050048.png\",\"width\":1000,\"height\":1000},{\"@type\":\"BreadcrumbList\",\"@id\":\"https:\\\/\\\/drasanvi.com\\\/fr\\\/producto\\\/alerphyt\\\/#breadcrumb\",\"itemListElement\":[{\"@type\":\"ListItem\",\"position\":1,\"name\":\"Portada\",\"item\":\"https:\\\/\\\/drasanvi.com\\\/fr\\\/\"},{\"@type\":\"ListItem\",\"position\":2,\"name\":\"Tienda\",\"item\":\"https:\\\/\\\/drasanvi.com\\\/fr\\\/tienda\\\/\"},{\"@type\":\"ListItem\",\"position\":3,\"name\":\"Alerphyt\"}]},{\"@type\":\"WebSite\",\"@id\":\"https:\\\/\\\/drasanvi.com\\\/fr\\\/#website\",\"url\":\"https:\\\/\\\/drasanvi.com\\\/fr\\\/\",\"name\":\"Drasanvi Francia\",\"description\":\"L\u00edder en complementos alimenticios y cosm\u00e9tica natural.\",\"publisher\":{\"@id\":\"https:\\\/\\\/drasanvi.com\\\/fr\\\/#organization\"},\"potentialAction\":[{\"@type\":\"SearchAction\",\"target\":{\"@type\":\"EntryPoint\",\"urlTemplate\":\"https:\\\/\\\/drasanvi.com\\\/fr\\\/?s={search_term_string}\"},\"query-input\":{\"@type\":\"PropertyValueSpecification\",\"valueRequired\":true,\"valueName\":\"search_term_string\"}}],\"inLanguage\":\"fr-FR\"},{\"@type\":\"Organization\",\"@id\":\"https:\\\/\\\/drasanvi.com\\\/fr\\\/#organization\",\"name\":\"Drasanvi\",\"url\":\"https:\\\/\\\/drasanvi.com\\\/fr\\\/\",\"logo\":{\"@type\":\"ImageObject\",\"inLanguage\":\"fr-FR\",\"@id\":\"https:\\\/\\\/drasanvi.com\\\/fr\\\/#\\\/schema\\\/logo\\\/image\\\/\",\"url\":\"https:\\\/\\\/drasanvi.com\\\/wp-content\\\/uploads\\\/sites\\\/7\\\/2021\\\/07\\\/logo-drasanvi.png\",\"contentUrl\":\"https:\\\/\\\/drasanvi.com\\\/wp-content\\\/uploads\\\/sites\\\/7\\\/2021\\\/07\\\/logo-drasanvi.png\",\"width\":900,\"height\":300,\"caption\":\"Drasanvi\"},\"image\":{\"@id\":\"https:\\\/\\\/drasanvi.com\\\/fr\\\/#\\\/schema\\\/logo\\\/image\\\/\"}}]}<\/script>\n<!-- \/ Yoast SEO plugin. -->","yoast_head_json":{"title":"Alerphyt - Drasanvi Francia","robots":{"index":"index","follow":"follow","max-snippet":"max-snippet:-1","max-image-preview":"max-image-preview:large","max-video-preview":"max-video-preview:-1"},"canonical":"https:\/\/drasanvi.com\/fr\/producto\/alerphyt\/","og_locale":"fr_FR","og_type":"article","og_title":"Alerphyt - Drasanvi Francia","og_description":"Alerphyt es un complemento alimenticio que combina diversos extractos vegetales: Sol de Oro y Ortiga Verde con sustancias como la Quercitina (bioflavonoide, que se encuentra de manera natural en numerosas frutas y verduras), extra\u00edda de la manzana y la cebolla roja, la Bromela\u00edna (proteasa extra\u00edda de la pi\u00f1a), N-acetilcisteina y Vitamina C. Esta excelente mezcla se ha acondicionado en c\u00e1psulas vegetales, convirti\u00e9ndola en un producto apto para vegetarianos y veganos. Ficha t\u00e9cnica","og_url":"https:\/\/drasanvi.com\/fr\/producto\/alerphyt\/","og_site_name":"Drasanvi Francia","article_modified_time":"2022-03-15T12:50:38+00:00","og_image":[{"width":1000,"height":1000,"url":"https:\/\/drasanvi.com\/wp-content\/uploads\/sites\/7\/2022\/02\/032050048.png","type":"image\/png"}],"twitter_card":"summary_large_image","schema":{"@context":"https:\/\/schema.org","@graph":[{"@type":"WebPage","@id":"https:\/\/drasanvi.com\/fr\/producto\/alerphyt\/","url":"https:\/\/drasanvi.com\/fr\/producto\/alerphyt\/","name":"Alerphyt - Drasanvi Francia","isPartOf":{"@id":"https:\/\/drasanvi.com\/fr\/#website"},"primaryImageOfPage":{"@id":"https:\/\/drasanvi.com\/fr\/producto\/alerphyt\/#primaryimage"},"image":{"@id":"https:\/\/drasanvi.com\/fr\/producto\/alerphyt\/#primaryimage"},"thumbnailUrl":"https:\/\/drasanvi.com\/fr\/wp-content\/uploads\/sites\/7\/2022\/02\/032050048.png","datePublished":"2022-02-28T12:56:48+00:00","dateModified":"2022-03-15T12:50:38+00:00","breadcrumb":{"@id":"https:\/\/drasanvi.com\/fr\/producto\/alerphyt\/#breadcrumb"},"inLanguage":"fr-FR","potentialAction":[{"@type":"ReadAction","target":["https:\/\/drasanvi.com\/fr\/producto\/alerphyt\/"]}]},{"@type":"ImageObject","inLanguage":"fr-FR","@id":"https:\/\/drasanvi.com\/fr\/producto\/alerphyt\/#primaryimage","url":"https:\/\/drasanvi.com\/fr\/wp-content\/uploads\/sites\/7\/2022\/02\/032050048.png","contentUrl":"https:\/\/drasanvi.com\/fr\/wp-content\/uploads\/sites\/7\/2022\/02\/032050048.png","width":1000,"height":1000},{"@type":"BreadcrumbList","@id":"https:\/\/drasanvi.com\/fr\/producto\/alerphyt\/#breadcrumb","itemListElement":[{"@type":"ListItem","position":1,"name":"Portada","item":"https:\/\/drasanvi.com\/fr\/"},{"@type":"ListItem","position":2,"name":"Tienda","item":"https:\/\/drasanvi.com\/fr\/tienda\/"},{"@type":"ListItem","position":3,"name":"Alerphyt"}]},{"@type":"WebSite","@id":"https:\/\/drasanvi.com\/fr\/#website","url":"https:\/\/drasanvi.com\/fr\/","name":"Drasanvi Francia","description":"L\u00edder en complementos alimenticios y cosm\u00e9tica natural.","publisher":{"@id":"https:\/\/drasanvi.com\/fr\/#organization"},"potentialAction":[{"@type":"SearchAction","target":{"@type":"EntryPoint","urlTemplate":"https:\/\/drasanvi.com\/fr\/?s={search_term_string}"},"query-input":{"@type":"PropertyValueSpecification","valueRequired":true,"valueName":"search_term_string"}}],"inLanguage":"fr-FR"},{"@type":"Organization","@id":"https:\/\/drasanvi.com\/fr\/#organization","name":"Drasanvi","url":"https:\/\/drasanvi.com\/fr\/","logo":{"@type":"ImageObject","inLanguage":"fr-FR","@id":"https:\/\/drasanvi.com\/fr\/#\/schema\/logo\/image\/","url":"https:\/\/drasanvi.com\/wp-content\/uploads\/sites\/7\/2021\/07\/logo-drasanvi.png","contentUrl":"https:\/\/drasanvi.com\/wp-content\/uploads\/sites\/7\/2021\/07\/logo-drasanvi.png","width":900,"height":300,"caption":"Drasanvi"},"image":{"@id":"https:\/\/drasanvi.com\/fr\/#\/schema\/logo\/image\/"}}]}},"_links":{"self":[{"href":"https:\/\/drasanvi.com\/fr\/wp-json\/wp\/v2\/product\/12345","targetHints":{"allow":["GET"]}}],"collection":[{"href":"https:\/\/drasanvi.com\/fr\/wp-json\/wp\/v2\/product"}],"about":[{"href":"https:\/\/drasanvi.com\/fr\/wp-json\/wp\/v2\/types\/product"}],"version-history":[{"count":0,"href":"https:\/\/drasanvi.com\/fr\/wp-json\/wp\/v2\/product\/12345\/revisions"}],"wp:featuredmedia":[{"embeddable":true,"href":"https:\/\/drasanvi.com\/fr\/wp-json\/wp\/v2\/media\/19617"}],"wp:attachment":[{"href":"https:\/\/drasanvi.com\/fr\/wp-json\/wp\/v2\/media?parent=12345"}],"wp:term":[{"taxonomy":"product_cat","embeddable":true,"href":"https:\/\/drasanvi.com\/fr\/wp-json\/wp\/v2\/product_cat?post=12345"},{"taxonomy":"product_tag","embeddable":true,"href":"https:\/\/drasanvi.com\/fr\/wp-json\/wp\/v2\/product_tag?post=12345"}],"curies":[{"name":"wp","href":"https:\/\/api.w.org\/{rel}","templated":true}]}}