{"id":12049,"date":"2022-02-28T14:55:52","date_gmt":"2022-02-28T12:55:52","guid":{"rendered":"https:\/\/drasanvi.com\/fr\/index.php\/producto\/aceite-del-arbol-del-te-roll-on\/"},"modified":"2022-03-15T14:50:00","modified_gmt":"2022-03-15T12:50:00","slug":"aceite-del-arbol-del-te-roll-on","status":"publish","type":"product","link":"https:\/\/drasanvi.com\/fr\/producto\/aceite-del-arbol-del-te-roll-on\/","title":{"rendered":"Aceite del \u00c1rbol del T\u00e9 Roll-on"},"content":{"rendered":"<h2>Ingredientes<\/h2>\n<p>Tea Tree Oil.<\/p>\n<h2>Modo de uso<\/h2>\n<p>Aplicar directamente una gota sobre la zona afectada, no m\u00e1s de 3 veces al d\u00eda. Solo uso externo.Se trata de un producto con numerosas aplicaciones, pudiendo utilizarse directamente o bien diluido en alguna base (aceite vegetal, crema, desodorante&#8230;).Algunas formas de utilizarlo: Aplicar sobre una picadura de insectos Aplicar sobre cut\u00edculas de las u\u00f1as de los pies, cuando exista la presencia de hongos Utilizar para combatir herpes labiales. Una vez limpia la herida superficial o corte, aplicarlo directamente, varias veces al d\u00eda. Mezclar con champ\u00fa para luchar contra los piojos<\/p>\n<h3>Presentaci\u00f3n<\/h3>\n<p>Envase de 10 ml (0.35 fl oz)<\/p>\n<h3>Advertencias<\/h3>\n<p>No ingerir. Evitar el contacto con los ojos, heridas abiertas y mucosas. Guardar a una temperatura inferior a 30\u00ba C y fuera de la luz directa del sol. Interrumpir su uso si se produce alguna reacci\u00f3n. No aplicar a ni\u00f1os menores de tres a\u00f1os.<\/p>\n<h2>Informaci\u00f3n adicional<\/h2>\n<p>Tea Tree Oil.<\/p>\n<p>Componente Acci\u00f3n Efecto \u00c1rbol del T\u00e9 Efecto antis\u00e9ptico triple: act\u00faa contra las bacterias, hongos y virus, adem\u00e1s es cicatrizante, antiinflamatorio y desodorante. Propiedades anti-acn\u00e9icas. Ayuda en casos de erupciones e irritaciones cut\u00e1neas, infecciones de las cut\u00edculas de pies y manos, infecciones provocadas por hongos, picaduras de insectos&#8230;<\/p>\n","protected":false},"excerpt":{"rendered":"<p>El Aceite del \u00c1rbol del T\u00e9 se extrae del \u00e1rbol\u00a0Melaleuca alternifolia. Su composici\u00f3n y su acci\u00f3n antis\u00e9ptica natural lo convierte en un aceite \u00fatil para heridas, peque\u00f1os cortes, herpes simples, hongos en las u\u00f1as o\u00a0acn\u00e9.<br \/>\n<a id=\"boton-ficha\" href=\"https:\/\/panel.drasanvi.com\/fichas\/1\/032060077\" target=\"_blank\" rel=\"noopener\">Ficha t\u00e9cnica<\/a><\/p>\n","protected":false},"featured_media":19518,"template":"","meta":{"inline_featured_image":false},"product_cat":[94],"product_tag":[119],"class_list":["post-12049","product","type-product","status-publish","has-post-thumbnail","hentry","product_cat-cosmetica","product_tag-arbol-del-te","pa_contiene-altramuces-no","pa_contiene-apio-no","pa_contiene-cacahuetes-no","pa_contiene-crustaceos-no","pa_contiene-frutos-secos-no","pa_contiene-huevo-no","pa_contiene-leche-no","pa_contiene-moluscos-no","pa_contiene-mostaza-no","pa_contiene-pescado-no","pa_contiene-sesamo-no","pa_contiene-soja-no","pa_producto-bio-si","pa_producto-sin-gluten-si","pa_producto-vegano-si","pa_producto-vegetariano-no"],"yoast_head":"<!-- This site is optimized with the Yoast SEO plugin v27.5 - https:\/\/yoast.com\/product\/yoast-seo-wordpress\/ -->\n<title>Aceite del \u00c1rbol del T\u00e9 Roll-on - Drasanvi Francia<\/title>\n<meta name=\"robots\" content=\"index, follow, max-snippet:-1, max-image-preview:large, max-video-preview:-1\" \/>\n<link rel=\"canonical\" href=\"https:\/\/drasanvi.com\/fr\/producto\/aceite-del-arbol-del-te-roll-on\/\" \/>\n<meta property=\"og:locale\" content=\"fr_FR\" \/>\n<meta property=\"og:type\" content=\"article\" \/>\n<meta property=\"og:title\" content=\"Aceite del \u00c1rbol del T\u00e9 Roll-on - Drasanvi Francia\" \/>\n<meta property=\"og:description\" content=\"El Aceite del \u00c1rbol del T\u00e9 se extrae del \u00e1rbol\u00a0Melaleuca alternifolia. Su composici\u00f3n y su acci\u00f3n antis\u00e9ptica natural lo convierte en un aceite \u00fatil para heridas, peque\u00f1os cortes, herpes simples, hongos en las u\u00f1as o\u00a0acn\u00e9. Ficha t\u00e9cnica\" \/>\n<meta property=\"og:url\" content=\"https:\/\/drasanvi.com\/fr\/producto\/aceite-del-arbol-del-te-roll-on\/\" \/>\n<meta property=\"og:site_name\" content=\"Drasanvi Francia\" \/>\n<meta property=\"article:modified_time\" content=\"2022-03-15T12:50:00+00:00\" \/>\n<meta property=\"og:image\" content=\"https:\/\/drasanvi.com\/wp-content\/uploads\/sites\/7\/2022\/02\/032060077.png\" \/>\n\t<meta property=\"og:image:width\" content=\"1000\" \/>\n\t<meta property=\"og:image:height\" content=\"1000\" \/>\n\t<meta property=\"og:image:type\" content=\"image\/png\" \/>\n<meta name=\"twitter:card\" content=\"summary_large_image\" \/>\n<script type=\"application\/ld+json\" class=\"yoast-schema-graph\">{\"@context\":\"https:\\\/\\\/schema.org\",\"@graph\":[{\"@type\":\"WebPage\",\"@id\":\"https:\\\/\\\/drasanvi.com\\\/fr\\\/producto\\\/aceite-del-arbol-del-te-roll-on\\\/\",\"url\":\"https:\\\/\\\/drasanvi.com\\\/fr\\\/producto\\\/aceite-del-arbol-del-te-roll-on\\\/\",\"name\":\"Aceite del \u00c1rbol del T\u00e9 Roll-on - Drasanvi Francia\",\"isPartOf\":{\"@id\":\"https:\\\/\\\/drasanvi.com\\\/fr\\\/#website\"},\"primaryImageOfPage\":{\"@id\":\"https:\\\/\\\/drasanvi.com\\\/fr\\\/producto\\\/aceite-del-arbol-del-te-roll-on\\\/#primaryimage\"},\"image\":{\"@id\":\"https:\\\/\\\/drasanvi.com\\\/fr\\\/producto\\\/aceite-del-arbol-del-te-roll-on\\\/#primaryimage\"},\"thumbnailUrl\":\"https:\\\/\\\/drasanvi.com\\\/fr\\\/wp-content\\\/uploads\\\/sites\\\/7\\\/2022\\\/02\\\/032060077.png\",\"datePublished\":\"2022-02-28T12:55:52+00:00\",\"dateModified\":\"2022-03-15T12:50:00+00:00\",\"breadcrumb\":{\"@id\":\"https:\\\/\\\/drasanvi.com\\\/fr\\\/producto\\\/aceite-del-arbol-del-te-roll-on\\\/#breadcrumb\"},\"inLanguage\":\"fr-FR\",\"potentialAction\":[{\"@type\":\"ReadAction\",\"target\":[\"https:\\\/\\\/drasanvi.com\\\/fr\\\/producto\\\/aceite-del-arbol-del-te-roll-on\\\/\"]}]},{\"@type\":\"ImageObject\",\"inLanguage\":\"fr-FR\",\"@id\":\"https:\\\/\\\/drasanvi.com\\\/fr\\\/producto\\\/aceite-del-arbol-del-te-roll-on\\\/#primaryimage\",\"url\":\"https:\\\/\\\/drasanvi.com\\\/fr\\\/wp-content\\\/uploads\\\/sites\\\/7\\\/2022\\\/02\\\/032060077.png\",\"contentUrl\":\"https:\\\/\\\/drasanvi.com\\\/fr\\\/wp-content\\\/uploads\\\/sites\\\/7\\\/2022\\\/02\\\/032060077.png\",\"width\":1000,\"height\":1000},{\"@type\":\"BreadcrumbList\",\"@id\":\"https:\\\/\\\/drasanvi.com\\\/fr\\\/producto\\\/aceite-del-arbol-del-te-roll-on\\\/#breadcrumb\",\"itemListElement\":[{\"@type\":\"ListItem\",\"position\":1,\"name\":\"Portada\",\"item\":\"https:\\\/\\\/drasanvi.com\\\/fr\\\/\"},{\"@type\":\"ListItem\",\"position\":2,\"name\":\"Tienda\",\"item\":\"https:\\\/\\\/drasanvi.com\\\/fr\\\/tienda\\\/\"},{\"@type\":\"ListItem\",\"position\":3,\"name\":\"Aceite del \u00c1rbol del T\u00e9 Roll-on\"}]},{\"@type\":\"WebSite\",\"@id\":\"https:\\\/\\\/drasanvi.com\\\/fr\\\/#website\",\"url\":\"https:\\\/\\\/drasanvi.com\\\/fr\\\/\",\"name\":\"Drasanvi Francia\",\"description\":\"L\u00edder en complementos alimenticios y cosm\u00e9tica natural.\",\"publisher\":{\"@id\":\"https:\\\/\\\/drasanvi.com\\\/fr\\\/#organization\"},\"potentialAction\":[{\"@type\":\"SearchAction\",\"target\":{\"@type\":\"EntryPoint\",\"urlTemplate\":\"https:\\\/\\\/drasanvi.com\\\/fr\\\/?s={search_term_string}\"},\"query-input\":{\"@type\":\"PropertyValueSpecification\",\"valueRequired\":true,\"valueName\":\"search_term_string\"}}],\"inLanguage\":\"fr-FR\"},{\"@type\":\"Organization\",\"@id\":\"https:\\\/\\\/drasanvi.com\\\/fr\\\/#organization\",\"name\":\"Drasanvi\",\"url\":\"https:\\\/\\\/drasanvi.com\\\/fr\\\/\",\"logo\":{\"@type\":\"ImageObject\",\"inLanguage\":\"fr-FR\",\"@id\":\"https:\\\/\\\/drasanvi.com\\\/fr\\\/#\\\/schema\\\/logo\\\/image\\\/\",\"url\":\"https:\\\/\\\/drasanvi.com\\\/wp-content\\\/uploads\\\/sites\\\/7\\\/2021\\\/07\\\/logo-drasanvi.png\",\"contentUrl\":\"https:\\\/\\\/drasanvi.com\\\/wp-content\\\/uploads\\\/sites\\\/7\\\/2021\\\/07\\\/logo-drasanvi.png\",\"width\":900,\"height\":300,\"caption\":\"Drasanvi\"},\"image\":{\"@id\":\"https:\\\/\\\/drasanvi.com\\\/fr\\\/#\\\/schema\\\/logo\\\/image\\\/\"}}]}<\/script>\n<!-- \/ Yoast SEO plugin. -->","yoast_head_json":{"title":"Aceite del \u00c1rbol del T\u00e9 Roll-on - Drasanvi Francia","robots":{"index":"index","follow":"follow","max-snippet":"max-snippet:-1","max-image-preview":"max-image-preview:large","max-video-preview":"max-video-preview:-1"},"canonical":"https:\/\/drasanvi.com\/fr\/producto\/aceite-del-arbol-del-te-roll-on\/","og_locale":"fr_FR","og_type":"article","og_title":"Aceite del \u00c1rbol del T\u00e9 Roll-on - Drasanvi Francia","og_description":"El Aceite del \u00c1rbol del T\u00e9 se extrae del \u00e1rbol\u00a0Melaleuca alternifolia. Su composici\u00f3n y su acci\u00f3n antis\u00e9ptica natural lo convierte en un aceite \u00fatil para heridas, peque\u00f1os cortes, herpes simples, hongos en las u\u00f1as o\u00a0acn\u00e9. Ficha t\u00e9cnica","og_url":"https:\/\/drasanvi.com\/fr\/producto\/aceite-del-arbol-del-te-roll-on\/","og_site_name":"Drasanvi Francia","article_modified_time":"2022-03-15T12:50:00+00:00","og_image":[{"width":1000,"height":1000,"url":"https:\/\/drasanvi.com\/wp-content\/uploads\/sites\/7\/2022\/02\/032060077.png","type":"image\/png"}],"twitter_card":"summary_large_image","schema":{"@context":"https:\/\/schema.org","@graph":[{"@type":"WebPage","@id":"https:\/\/drasanvi.com\/fr\/producto\/aceite-del-arbol-del-te-roll-on\/","url":"https:\/\/drasanvi.com\/fr\/producto\/aceite-del-arbol-del-te-roll-on\/","name":"Aceite del \u00c1rbol del T\u00e9 Roll-on - Drasanvi Francia","isPartOf":{"@id":"https:\/\/drasanvi.com\/fr\/#website"},"primaryImageOfPage":{"@id":"https:\/\/drasanvi.com\/fr\/producto\/aceite-del-arbol-del-te-roll-on\/#primaryimage"},"image":{"@id":"https:\/\/drasanvi.com\/fr\/producto\/aceite-del-arbol-del-te-roll-on\/#primaryimage"},"thumbnailUrl":"https:\/\/drasanvi.com\/fr\/wp-content\/uploads\/sites\/7\/2022\/02\/032060077.png","datePublished":"2022-02-28T12:55:52+00:00","dateModified":"2022-03-15T12:50:00+00:00","breadcrumb":{"@id":"https:\/\/drasanvi.com\/fr\/producto\/aceite-del-arbol-del-te-roll-on\/#breadcrumb"},"inLanguage":"fr-FR","potentialAction":[{"@type":"ReadAction","target":["https:\/\/drasanvi.com\/fr\/producto\/aceite-del-arbol-del-te-roll-on\/"]}]},{"@type":"ImageObject","inLanguage":"fr-FR","@id":"https:\/\/drasanvi.com\/fr\/producto\/aceite-del-arbol-del-te-roll-on\/#primaryimage","url":"https:\/\/drasanvi.com\/fr\/wp-content\/uploads\/sites\/7\/2022\/02\/032060077.png","contentUrl":"https:\/\/drasanvi.com\/fr\/wp-content\/uploads\/sites\/7\/2022\/02\/032060077.png","width":1000,"height":1000},{"@type":"BreadcrumbList","@id":"https:\/\/drasanvi.com\/fr\/producto\/aceite-del-arbol-del-te-roll-on\/#breadcrumb","itemListElement":[{"@type":"ListItem","position":1,"name":"Portada","item":"https:\/\/drasanvi.com\/fr\/"},{"@type":"ListItem","position":2,"name":"Tienda","item":"https:\/\/drasanvi.com\/fr\/tienda\/"},{"@type":"ListItem","position":3,"name":"Aceite del \u00c1rbol del T\u00e9 Roll-on"}]},{"@type":"WebSite","@id":"https:\/\/drasanvi.com\/fr\/#website","url":"https:\/\/drasanvi.com\/fr\/","name":"Drasanvi Francia","description":"L\u00edder en complementos alimenticios y cosm\u00e9tica natural.","publisher":{"@id":"https:\/\/drasanvi.com\/fr\/#organization"},"potentialAction":[{"@type":"SearchAction","target":{"@type":"EntryPoint","urlTemplate":"https:\/\/drasanvi.com\/fr\/?s={search_term_string}"},"query-input":{"@type":"PropertyValueSpecification","valueRequired":true,"valueName":"search_term_string"}}],"inLanguage":"fr-FR"},{"@type":"Organization","@id":"https:\/\/drasanvi.com\/fr\/#organization","name":"Drasanvi","url":"https:\/\/drasanvi.com\/fr\/","logo":{"@type":"ImageObject","inLanguage":"fr-FR","@id":"https:\/\/drasanvi.com\/fr\/#\/schema\/logo\/image\/","url":"https:\/\/drasanvi.com\/wp-content\/uploads\/sites\/7\/2021\/07\/logo-drasanvi.png","contentUrl":"https:\/\/drasanvi.com\/wp-content\/uploads\/sites\/7\/2021\/07\/logo-drasanvi.png","width":900,"height":300,"caption":"Drasanvi"},"image":{"@id":"https:\/\/drasanvi.com\/fr\/#\/schema\/logo\/image\/"}}]}},"_links":{"self":[{"href":"https:\/\/drasanvi.com\/fr\/wp-json\/wp\/v2\/product\/12049","targetHints":{"allow":["GET"]}}],"collection":[{"href":"https:\/\/drasanvi.com\/fr\/wp-json\/wp\/v2\/product"}],"about":[{"href":"https:\/\/drasanvi.com\/fr\/wp-json\/wp\/v2\/types\/product"}],"version-history":[{"count":0,"href":"https:\/\/drasanvi.com\/fr\/wp-json\/wp\/v2\/product\/12049\/revisions"}],"wp:featuredmedia":[{"embeddable":true,"href":"https:\/\/drasanvi.com\/fr\/wp-json\/wp\/v2\/media\/19518"}],"wp:attachment":[{"href":"https:\/\/drasanvi.com\/fr\/wp-json\/wp\/v2\/media?parent=12049"}],"wp:term":[{"taxonomy":"product_cat","embeddable":true,"href":"https:\/\/drasanvi.com\/fr\/wp-json\/wp\/v2\/product_cat?post=12049"},{"taxonomy":"product_tag","embeddable":true,"href":"https:\/\/drasanvi.com\/fr\/wp-json\/wp\/v2\/product_tag?post=12049"}],"curies":[{"name":"wp","href":"https:\/\/api.w.org\/{rel}","templated":true}]}}