{"id":20555,"date":"2022-02-28T15:14:21","date_gmt":"2022-02-28T13:14:21","guid":{"rendered":"https:\/\/drasanvi.com\/en\/producto\/proteina-vegetal-sport-live-sabor-frambuesa-sport-live\/"},"modified":"2022-02-28T16:04:53","modified_gmt":"2022-02-28T14:04:53","slug":"proteina-vegetal-sport-live-sabor-frambuesa-sport-live","status":"publish","type":"product","link":"https:\/\/drasanvi.com\/en\/producto\/proteina-vegetal-sport-live-sabor-frambuesa-sport-live\/","title":{"rendered":"Prote\u00edna  Vegetal Sport Live sabor frambuesa Sport Live"},"content":{"rendered":"<h2>Ingredientes<\/h2>\n<p>Ingredientes  mg \/ Dosis diaria      Prote\u00edna de guisante aislada\u00a0Pisum sativum L  22285.8 mg      Prote\u00edna\u00a0de arroz\u00a0Oryza sativa L.  3428,7 \u00a0mg      Prote\u00edna\u00a0de semilla de calabaza*\u00a0Cucurbita pepo  857,1 mg      Prote\u00edna de \u00a0semillas de girasol*\u00a0Helianthus annuus\u00a0L  857,1 mg      Otros Ingredientes: Aroma de frambuesa, Remolacha, Goma Xantana y Glucosidos de Steviol.\u00a0        Sin conservantes ni az\u00facares a\u00f1adidos.<\/p>\n<h2>Modo de uso<\/h2>\n<p>Mezclar 30 g (1 vaso dosificador colmado) \u00a0con 200-250 ml de agua o bebida vegetal\u00a0<\/p>\n<h3>Presentaci\u00f3n<\/h3>\n<p>600 g 21.18 oz<\/p>\n<h3>Advertencias<\/h3>\n<p>Complemento alimenticio a base de prote&iacute;nas vegetales con edulcorante.Los complementos alimenticios no deben utilizarse como sustituto de una dieta equilibrada. No superar la dosis diaria expresamente recomendada. Mantener fuera del alcance de los ni&ntilde;os m&aacute;s peque&ntilde;os. Conservar en un lugar fresco y seco. Con edulcorante.<\/p>\n<h2>Informaci\u00f3n adicional<\/h2>\n<p>Ingrediente  Descripci\u00f3n  Dosis Diaria      Prote\u00edna aislada de guisante  \u00a0  22,286 g      Prote\u00edna de arroz  \u00a0  3,429 g\u00a0      Aroma  \u00a0(Aroma de frambuesa)  1,863 g\u00a0      Prote\u00edna de semilla de calabaza  \u00a0  0,857 g      Prote\u00edna de semilla de girasol  \u00a0  0,857 \u00a0g      Colorante natural  (Remolacha)  0,343 g\u00a0      Espesante  (Goma xantana)  0,24 g\u00a0      Edulcorante  (Gluc\u00f3sidos de steviol)  0,126 g\u00a0        \u00a0\u00a0<\/p>\n<p>por cada 100 g        \u00a0  Por 100 g  Por dosis diaria      Valor energ\u00e9tico  1437 KJ (343 Kcal)  431 KJ (103Kcal)      Grasas  1,1 g  0,33 g      De los cuales saturadas  0,3 g  0,09 g      Hidratos de carbono  9,7 g  2,91 g      De las cuales az\u00facares  0,6 g  0,18 g      Prote\u00ednas  71,7 g  21,51 g      Sal  2,23 g  0,67 g      Fibra  3,4 g  1,02 g        \u00a0\u00a0<\/p>\n","protected":false},"excerpt":{"rendered":"<p>Las nuevas tendencias del mercado abogan por la importancia de las prote\u00ednas en la alimentaci\u00f3n diaria. Sin embargo, el exceso de prote\u00ednas animales o diversas formas de alimentaci\u00f3n han colocado a las prote\u00ednas vegetales entre las sustancias m\u00e1s demandadas al no poder satisfacer la cantidad necesaria a trav\u00e9s de la dieta.Las prote\u00ednas entran a formar parte de todas las estructuras del organismo, entre las que destacamos, por su importancia en el deporte, la conservaci\u00f3n de la masa muscular.<br \/><a id=\"boton-ficha\" href=\"https:\/\/drasanvi.com\/en\/fichas\/1\/032050374\" target=\"_blank\" rel=\"noopener\">Ficha t\u00e9cnica<\/a><\/p>\n","protected":false},"featured_media":20557,"template":"","meta":{"inline_featured_image":false},"product_cat":[97],"product_tag":[],"class_list":["post-20555","product","type-product","status-publish","has-post-thumbnail","hentry","product_cat-sport","pa_contains-apio-no","pa_contains-crustaceans-no","pa_contains-dry-fruit-no","pa_contains-egg-no","pa_contains-fish-no","pa_contains-lupine-no","pa_contains-milk-no","pa_contains-mollusks-no","pa_contains-mustard-no","pa_contains-peanuts-no","pa_contains-sesame-no","pa_contains-soja-no","pa_gluten-free-product-si","pa_product-bio-no","pa_product-vegan-si","pa_vegetarian-product-no"],"yoast_head":"<!-- This site is optimized with the Yoast SEO plugin v27.4 - https:\/\/yoast.com\/product\/yoast-seo-wordpress\/ -->\n<title>Prote\u00edna Vegetal Sport Live sabor frambuesa Sport Live - Drasanvi English<\/title>\n<meta name=\"robots\" content=\"index, follow, max-snippet:-1, max-image-preview:large, max-video-preview:-1\" \/>\n<link rel=\"canonical\" href=\"https:\/\/drasanvi.com\/en\/producto\/proteina-vegetal-sport-live-sabor-frambuesa-sport-live\/\" \/>\n<meta property=\"og:locale\" content=\"en_US\" \/>\n<meta property=\"og:type\" content=\"article\" \/>\n<meta property=\"og:title\" content=\"Prote\u00edna Vegetal Sport Live sabor frambuesa Sport Live - Drasanvi English\" \/>\n<meta property=\"og:description\" content=\"Las nuevas tendencias del mercado abogan por la importancia de las prote\u00ednas en la alimentaci\u00f3n diaria. Sin embargo, el exceso de prote\u00ednas animales o diversas formas de alimentaci\u00f3n han colocado a las prote\u00ednas vegetales entre las sustancias m\u00e1s demandadas al no poder satisfacer la cantidad necesaria a trav\u00e9s de la dieta.Las prote\u00ednas entran a formar parte de todas las estructuras del organismo, entre las que destacamos, por su importancia en el deporte, la conservaci\u00f3n de la masa muscular.Ficha t\u00e9cnica\" \/>\n<meta property=\"og:url\" content=\"https:\/\/drasanvi.com\/en\/producto\/proteina-vegetal-sport-live-sabor-frambuesa-sport-live\/\" \/>\n<meta property=\"og:site_name\" content=\"Drasanvi English\" \/>\n<meta property=\"article:modified_time\" content=\"2022-02-28T14:04:53+00:00\" \/>\n<meta property=\"og:image\" content=\"https:\/\/drasanvi.com\/wp-content\/uploads\/sites\/3\/2022\/02\/032050374.png\" \/>\n\t<meta property=\"og:image:width\" content=\"1000\" \/>\n\t<meta property=\"og:image:height\" content=\"1000\" \/>\n\t<meta property=\"og:image:type\" content=\"image\/png\" \/>\n<meta name=\"twitter:card\" content=\"summary_large_image\" \/>\n<script type=\"application\/ld+json\" class=\"yoast-schema-graph\">{\"@context\":\"https:\\\/\\\/schema.org\",\"@graph\":[{\"@type\":\"WebPage\",\"@id\":\"https:\\\/\\\/drasanvi.com\\\/en\\\/producto\\\/proteina-vegetal-sport-live-sabor-frambuesa-sport-live\\\/\",\"url\":\"https:\\\/\\\/drasanvi.com\\\/en\\\/producto\\\/proteina-vegetal-sport-live-sabor-frambuesa-sport-live\\\/\",\"name\":\"Prote\u00edna Vegetal Sport Live sabor frambuesa Sport Live - Drasanvi English\",\"isPartOf\":{\"@id\":\"https:\\\/\\\/drasanvi.com\\\/en\\\/#website\"},\"primaryImageOfPage\":{\"@id\":\"https:\\\/\\\/drasanvi.com\\\/en\\\/producto\\\/proteina-vegetal-sport-live-sabor-frambuesa-sport-live\\\/#primaryimage\"},\"image\":{\"@id\":\"https:\\\/\\\/drasanvi.com\\\/en\\\/producto\\\/proteina-vegetal-sport-live-sabor-frambuesa-sport-live\\\/#primaryimage\"},\"thumbnailUrl\":\"https:\\\/\\\/drasanvi.com\\\/en\\\/wp-content\\\/uploads\\\/sites\\\/3\\\/2022\\\/02\\\/032050374.png\",\"datePublished\":\"2022-02-28T13:14:21+00:00\",\"dateModified\":\"2022-02-28T14:04:53+00:00\",\"breadcrumb\":{\"@id\":\"https:\\\/\\\/drasanvi.com\\\/en\\\/producto\\\/proteina-vegetal-sport-live-sabor-frambuesa-sport-live\\\/#breadcrumb\"},\"inLanguage\":\"en-US\",\"potentialAction\":[{\"@type\":\"ReadAction\",\"target\":[\"https:\\\/\\\/drasanvi.com\\\/en\\\/producto\\\/proteina-vegetal-sport-live-sabor-frambuesa-sport-live\\\/\"]}]},{\"@type\":\"ImageObject\",\"inLanguage\":\"en-US\",\"@id\":\"https:\\\/\\\/drasanvi.com\\\/en\\\/producto\\\/proteina-vegetal-sport-live-sabor-frambuesa-sport-live\\\/#primaryimage\",\"url\":\"https:\\\/\\\/drasanvi.com\\\/en\\\/wp-content\\\/uploads\\\/sites\\\/3\\\/2022\\\/02\\\/032050374.png\",\"contentUrl\":\"https:\\\/\\\/drasanvi.com\\\/en\\\/wp-content\\\/uploads\\\/sites\\\/3\\\/2022\\\/02\\\/032050374.png\",\"width\":1000,\"height\":1000},{\"@type\":\"BreadcrumbList\",\"@id\":\"https:\\\/\\\/drasanvi.com\\\/en\\\/producto\\\/proteina-vegetal-sport-live-sabor-frambuesa-sport-live\\\/#breadcrumb\",\"itemListElement\":[{\"@type\":\"ListItem\",\"position\":1,\"name\":\"Portada\",\"item\":\"https:\\\/\\\/drasanvi.com\\\/en\\\/\"},{\"@type\":\"ListItem\",\"position\":2,\"name\":\"Tienda\",\"item\":\"https:\\\/\\\/drasanvi.com\\\/en\\\/tienda\\\/\"},{\"@type\":\"ListItem\",\"position\":3,\"name\":\"Prote\u00edna Vegetal Sport Live sabor frambuesa Sport Live\"}]},{\"@type\":\"WebSite\",\"@id\":\"https:\\\/\\\/drasanvi.com\\\/en\\\/#website\",\"url\":\"https:\\\/\\\/drasanvi.com\\\/en\\\/\",\"name\":\"Drasanvi English\",\"description\":\"L\u00edder en complementos alimenticios y cosm\u00e9tica natural.\",\"publisher\":{\"@id\":\"https:\\\/\\\/drasanvi.com\\\/en\\\/#organization\"},\"potentialAction\":[{\"@type\":\"SearchAction\",\"target\":{\"@type\":\"EntryPoint\",\"urlTemplate\":\"https:\\\/\\\/drasanvi.com\\\/en\\\/?s={search_term_string}\"},\"query-input\":{\"@type\":\"PropertyValueSpecification\",\"valueRequired\":true,\"valueName\":\"search_term_string\"}}],\"inLanguage\":\"en-US\"},{\"@type\":\"Organization\",\"@id\":\"https:\\\/\\\/drasanvi.com\\\/en\\\/#organization\",\"name\":\"Drasanvi\",\"url\":\"https:\\\/\\\/drasanvi.com\\\/en\\\/\",\"logo\":{\"@type\":\"ImageObject\",\"inLanguage\":\"en-US\",\"@id\":\"https:\\\/\\\/drasanvi.com\\\/en\\\/#\\\/schema\\\/logo\\\/image\\\/\",\"url\":\"https:\\\/\\\/drasanvi.com\\\/wp-content\\\/uploads\\\/sites\\\/3\\\/2021\\\/07\\\/logo-drasanvi.png\",\"contentUrl\":\"https:\\\/\\\/drasanvi.com\\\/wp-content\\\/uploads\\\/sites\\\/3\\\/2021\\\/07\\\/logo-drasanvi.png\",\"width\":900,\"height\":300,\"caption\":\"Drasanvi\"},\"image\":{\"@id\":\"https:\\\/\\\/drasanvi.com\\\/en\\\/#\\\/schema\\\/logo\\\/image\\\/\"}}]}<\/script>\n<!-- \/ Yoast SEO plugin. -->","yoast_head_json":{"title":"Prote\u00edna Vegetal Sport Live sabor frambuesa Sport Live - Drasanvi English","robots":{"index":"index","follow":"follow","max-snippet":"max-snippet:-1","max-image-preview":"max-image-preview:large","max-video-preview":"max-video-preview:-1"},"canonical":"https:\/\/drasanvi.com\/en\/producto\/proteina-vegetal-sport-live-sabor-frambuesa-sport-live\/","og_locale":"en_US","og_type":"article","og_title":"Prote\u00edna Vegetal Sport Live sabor frambuesa Sport Live - Drasanvi English","og_description":"Las nuevas tendencias del mercado abogan por la importancia de las prote\u00ednas en la alimentaci\u00f3n diaria. Sin embargo, el exceso de prote\u00ednas animales o diversas formas de alimentaci\u00f3n han colocado a las prote\u00ednas vegetales entre las sustancias m\u00e1s demandadas al no poder satisfacer la cantidad necesaria a trav\u00e9s de la dieta.Las prote\u00ednas entran a formar parte de todas las estructuras del organismo, entre las que destacamos, por su importancia en el deporte, la conservaci\u00f3n de la masa muscular.Ficha t\u00e9cnica","og_url":"https:\/\/drasanvi.com\/en\/producto\/proteina-vegetal-sport-live-sabor-frambuesa-sport-live\/","og_site_name":"Drasanvi English","article_modified_time":"2022-02-28T14:04:53+00:00","og_image":[{"width":1000,"height":1000,"url":"https:\/\/drasanvi.com\/wp-content\/uploads\/sites\/3\/2022\/02\/032050374.png","type":"image\/png"}],"twitter_card":"summary_large_image","schema":{"@context":"https:\/\/schema.org","@graph":[{"@type":"WebPage","@id":"https:\/\/drasanvi.com\/en\/producto\/proteina-vegetal-sport-live-sabor-frambuesa-sport-live\/","url":"https:\/\/drasanvi.com\/en\/producto\/proteina-vegetal-sport-live-sabor-frambuesa-sport-live\/","name":"Prote\u00edna Vegetal Sport Live sabor frambuesa Sport Live - Drasanvi English","isPartOf":{"@id":"https:\/\/drasanvi.com\/en\/#website"},"primaryImageOfPage":{"@id":"https:\/\/drasanvi.com\/en\/producto\/proteina-vegetal-sport-live-sabor-frambuesa-sport-live\/#primaryimage"},"image":{"@id":"https:\/\/drasanvi.com\/en\/producto\/proteina-vegetal-sport-live-sabor-frambuesa-sport-live\/#primaryimage"},"thumbnailUrl":"https:\/\/drasanvi.com\/en\/wp-content\/uploads\/sites\/3\/2022\/02\/032050374.png","datePublished":"2022-02-28T13:14:21+00:00","dateModified":"2022-02-28T14:04:53+00:00","breadcrumb":{"@id":"https:\/\/drasanvi.com\/en\/producto\/proteina-vegetal-sport-live-sabor-frambuesa-sport-live\/#breadcrumb"},"inLanguage":"en-US","potentialAction":[{"@type":"ReadAction","target":["https:\/\/drasanvi.com\/en\/producto\/proteina-vegetal-sport-live-sabor-frambuesa-sport-live\/"]}]},{"@type":"ImageObject","inLanguage":"en-US","@id":"https:\/\/drasanvi.com\/en\/producto\/proteina-vegetal-sport-live-sabor-frambuesa-sport-live\/#primaryimage","url":"https:\/\/drasanvi.com\/en\/wp-content\/uploads\/sites\/3\/2022\/02\/032050374.png","contentUrl":"https:\/\/drasanvi.com\/en\/wp-content\/uploads\/sites\/3\/2022\/02\/032050374.png","width":1000,"height":1000},{"@type":"BreadcrumbList","@id":"https:\/\/drasanvi.com\/en\/producto\/proteina-vegetal-sport-live-sabor-frambuesa-sport-live\/#breadcrumb","itemListElement":[{"@type":"ListItem","position":1,"name":"Portada","item":"https:\/\/drasanvi.com\/en\/"},{"@type":"ListItem","position":2,"name":"Tienda","item":"https:\/\/drasanvi.com\/en\/tienda\/"},{"@type":"ListItem","position":3,"name":"Prote\u00edna Vegetal Sport Live sabor frambuesa Sport Live"}]},{"@type":"WebSite","@id":"https:\/\/drasanvi.com\/en\/#website","url":"https:\/\/drasanvi.com\/en\/","name":"Drasanvi English","description":"L\u00edder en complementos alimenticios y cosm\u00e9tica natural.","publisher":{"@id":"https:\/\/drasanvi.com\/en\/#organization"},"potentialAction":[{"@type":"SearchAction","target":{"@type":"EntryPoint","urlTemplate":"https:\/\/drasanvi.com\/en\/?s={search_term_string}"},"query-input":{"@type":"PropertyValueSpecification","valueRequired":true,"valueName":"search_term_string"}}],"inLanguage":"en-US"},{"@type":"Organization","@id":"https:\/\/drasanvi.com\/en\/#organization","name":"Drasanvi","url":"https:\/\/drasanvi.com\/en\/","logo":{"@type":"ImageObject","inLanguage":"en-US","@id":"https:\/\/drasanvi.com\/en\/#\/schema\/logo\/image\/","url":"https:\/\/drasanvi.com\/wp-content\/uploads\/sites\/3\/2021\/07\/logo-drasanvi.png","contentUrl":"https:\/\/drasanvi.com\/wp-content\/uploads\/sites\/3\/2021\/07\/logo-drasanvi.png","width":900,"height":300,"caption":"Drasanvi"},"image":{"@id":"https:\/\/drasanvi.com\/en\/#\/schema\/logo\/image\/"}}]}},"_links":{"self":[{"href":"https:\/\/drasanvi.com\/en\/wp-json\/wp\/v2\/product\/20555","targetHints":{"allow":["GET"]}}],"collection":[{"href":"https:\/\/drasanvi.com\/en\/wp-json\/wp\/v2\/product"}],"about":[{"href":"https:\/\/drasanvi.com\/en\/wp-json\/wp\/v2\/types\/product"}],"version-history":[{"count":0,"href":"https:\/\/drasanvi.com\/en\/wp-json\/wp\/v2\/product\/20555\/revisions"}],"wp:featuredmedia":[{"embeddable":true,"href":"https:\/\/drasanvi.com\/en\/wp-json\/wp\/v2\/media\/20557"}],"wp:attachment":[{"href":"https:\/\/drasanvi.com\/en\/wp-json\/wp\/v2\/media?parent=20555"}],"wp:term":[{"taxonomy":"product_cat","embeddable":true,"href":"https:\/\/drasanvi.com\/en\/wp-json\/wp\/v2\/product_cat?post=20555"},{"taxonomy":"product_tag","embeddable":true,"href":"https:\/\/drasanvi.com\/en\/wp-json\/wp\/v2\/product_tag?post=20555"}],"curies":[{"name":"wp","href":"https:\/\/api.w.org\/{rel}","templated":true}]}}