{"id":20488,"date":"2022-02-28T15:13:01","date_gmt":"2022-02-28T13:13:01","guid":{"rendered":"https:\/\/drasanvi.com\/en\/producto\/oseogen-oseo-2\/"},"modified":"2022-03-15T16:52:41","modified_gmt":"2022-03-15T14:52:41","slug":"oseogen-oseo-2","status":"publish","type":"product","link":"https:\/\/drasanvi.com\/en\/producto\/oseogen-oseo-2\/","title":{"rendered":"Oseogen \u00d3seo"},"content":{"rendered":"<h2>Ingredientes<\/h2>\n<p>Ingrediente Cantidad \/ dosis diaria Calcio En forma de Calcio Coral En forma de Carbonato de Calcio En forma de Citrato de Calcio En forma de Fosfato de Calcio 900 mg 294,34 mg 195 mg195 mg Ipriflavona 7-isopropoxiflavona 300 mg Magnesio En forma de Citrato de Magnesio 195 mg L-lisina 90 mg Vitamina C Como \u00c1cido Asc\u00f3rbico 20 mg Vitamina D Como Colecalciferol 1,98 mg Cobre En forma de Gluconato de Cobre 1,95 mg Vitamina A Como Acetato de Retinilo 0,48 mg Otros Ingredientes: Estearato de magnesio, Di\u00f3xido de silicio y Hidroxipropilmetilcelulosa (agente de recubrimiento) Sin az\u00facares a\u00f1adidos, edulcorantes, colorantes ni conservantes<\/p>\n<h2>Modo de uso<\/h2>\n<p>Tomar 3 c\u00e1psulas al d\u00eda repartidas en las principales comidas, acompa\u00f1adas de agua o zumo. Recomendamos consumir el producto al menos durante 5 meses.<\/p>\n<h3>Presentaci\u00f3n<\/h3>\n<p>Envase de 72 c\u00e1psulas de 880 mg. Peso total: 63,36 g (2,23 oz)<\/p>\n<h3>Advertencias<\/h3>\n<p>Complemento alimenticio a base de vitaminas, minerales e Ipriflavona.\u00a0\u00a0No superar la dosis diaria expresamente recomendada; Los complementos alimenticios no deben utilizarse como sustituto de una dieta equilibrada; Mantener fuera del alcance de los ni\u00f1os m\u00e1s peque\u00f1os. Conservar en un lugar fresco y seco.<\/p>\n<h2>Informaci\u00f3n adicional<\/h2>\n<p>INGREDIENTE DESCRIPCION DOSIS DIARIA Calcio coral \u00a0 900 mg Agente de recubrimiento (Hidroxipropilmetilcelulosa) 390 mg Ipriflavona \u00a0 300 mg Carbonato de calcio \u00a0 294,34 mg Citrato de calcio \u00a0 195 mg Fosfato de calcio \u00a0 195 mg citrato de magnesio \u00a0 195 mg L-lisina \u00a0 90 mg Agente de carga (Estearato de magnesio) 45 mg Antiaglomerante (Di\u00f3xido de silicio) 11,25 mg Vitamina C (\u00c1cido asc\u00f3rbico) 20 mg Vitamina D3 (Calciferol) 1,98 mg Gluconato de cobre \u00a0 1,95 mg Vitamina A (Acetato de retinilo) 0,48 mg<\/p>\n<p>por dosis diaria (3 c\u00e1psulas) Ingrediente Porcentaje Cantidad Vitamina D 100% 5 \u00b5g Calcio 64% 512 mg Vitamina A 60% 0,48 mg Cobre 27% 0,273 mg Vitamina C 25% 20 mg % VRN (Valor Recomendado de Nutrientes) 0,71 Kcal \u00b7 2,98 Kj<\/p>\n","protected":false},"excerpt":{"rendered":"<p>Contribuye al correcto funcionamiento de los huesos en condiciones normales. Oseogen Alimento \u00d3seo es un complemento alimenticio \u00fanico que incorpora en su composici\u00f3n nutriente como la ipriflavona y la lisina, reforzado con 3 minerales y 3 vitaminas. La forma de administrar los minerales lo hacen \u00fanico y especial. Entre su composici\u00f3n est\u00e1 el calcio, que contribuye al correcto funcionamiento de los huesos en condiciones normales.<br \/>\n<a id=\"boton-ficha\" href=\"https:\/\/drasanvi.com\/en\/fichas\/1\/032050025\" target=\"_blank\" rel=\"noopener\">Ficha t\u00e9cnica<\/a><\/p>\n","protected":false},"featured_media":20490,"template":"","meta":{"inline_featured_image":false},"product_cat":[101],"product_tag":[],"class_list":["post-20488","product","type-product","status-publish","has-post-thumbnail","hentry","product_cat-bones-joints","pa_contains-apio-no","pa_contains-crustaceans-no","pa_contains-dry-fruit-no","pa_contains-egg-no","pa_contains-fish-no","pa_contains-lupine-no","pa_contains-milk-no","pa_contains-mollusks-no","pa_contains-mustard-no","pa_contains-peanuts-no","pa_contains-sesame-no","pa_contains-soja-si","pa_gluten-free-product-si","pa_product-bio-no","pa_product-vegan-no","pa_vegetarian-product-no"],"yoast_head":"<!-- This site is optimized with the Yoast SEO plugin v27.4 - https:\/\/yoast.com\/product\/yoast-seo-wordpress\/ -->\n<title>Oseogen \u00d3seo - Drasanvi English<\/title>\n<meta name=\"robots\" content=\"index, follow, max-snippet:-1, max-image-preview:large, max-video-preview:-1\" \/>\n<link rel=\"canonical\" href=\"https:\/\/drasanvi.com\/en\/producto\/oseogen-oseo-2\/\" \/>\n<meta property=\"og:locale\" content=\"en_US\" \/>\n<meta property=\"og:type\" content=\"article\" \/>\n<meta property=\"og:title\" content=\"Oseogen \u00d3seo - Drasanvi English\" \/>\n<meta property=\"og:description\" content=\"Contribuye al correcto funcionamiento de los huesos en condiciones normales. Oseogen Alimento \u00d3seo es un complemento alimenticio \u00fanico que incorpora en su composici\u00f3n nutriente como la ipriflavona y la lisina, reforzado con 3 minerales y 3 vitaminas. La forma de administrar los minerales lo hacen \u00fanico y especial. Entre su composici\u00f3n est\u00e1 el calcio, que contribuye al correcto funcionamiento de los huesos en condiciones normales. Ficha t\u00e9cnica\" \/>\n<meta property=\"og:url\" content=\"https:\/\/drasanvi.com\/en\/producto\/oseogen-oseo-2\/\" \/>\n<meta property=\"og:site_name\" content=\"Drasanvi English\" \/>\n<meta property=\"article:modified_time\" content=\"2022-03-15T14:52:41+00:00\" \/>\n<meta property=\"og:image\" content=\"https:\/\/drasanvi.com\/wp-content\/uploads\/sites\/3\/2022\/02\/032050025.png\" \/>\n\t<meta property=\"og:image:width\" content=\"1000\" \/>\n\t<meta property=\"og:image:height\" content=\"1000\" \/>\n\t<meta property=\"og:image:type\" content=\"image\/png\" \/>\n<meta name=\"twitter:card\" content=\"summary_large_image\" \/>\n<script type=\"application\/ld+json\" class=\"yoast-schema-graph\">{\"@context\":\"https:\\\/\\\/schema.org\",\"@graph\":[{\"@type\":\"WebPage\",\"@id\":\"https:\\\/\\\/drasanvi.com\\\/en\\\/producto\\\/oseogen-oseo-2\\\/\",\"url\":\"https:\\\/\\\/drasanvi.com\\\/en\\\/producto\\\/oseogen-oseo-2\\\/\",\"name\":\"Oseogen \u00d3seo - Drasanvi English\",\"isPartOf\":{\"@id\":\"https:\\\/\\\/drasanvi.com\\\/en\\\/#website\"},\"primaryImageOfPage\":{\"@id\":\"https:\\\/\\\/drasanvi.com\\\/en\\\/producto\\\/oseogen-oseo-2\\\/#primaryimage\"},\"image\":{\"@id\":\"https:\\\/\\\/drasanvi.com\\\/en\\\/producto\\\/oseogen-oseo-2\\\/#primaryimage\"},\"thumbnailUrl\":\"https:\\\/\\\/drasanvi.com\\\/en\\\/wp-content\\\/uploads\\\/sites\\\/3\\\/2022\\\/02\\\/032050025.png\",\"datePublished\":\"2022-02-28T13:13:01+00:00\",\"dateModified\":\"2022-03-15T14:52:41+00:00\",\"breadcrumb\":{\"@id\":\"https:\\\/\\\/drasanvi.com\\\/en\\\/producto\\\/oseogen-oseo-2\\\/#breadcrumb\"},\"inLanguage\":\"en-US\",\"potentialAction\":[{\"@type\":\"ReadAction\",\"target\":[\"https:\\\/\\\/drasanvi.com\\\/en\\\/producto\\\/oseogen-oseo-2\\\/\"]}]},{\"@type\":\"ImageObject\",\"inLanguage\":\"en-US\",\"@id\":\"https:\\\/\\\/drasanvi.com\\\/en\\\/producto\\\/oseogen-oseo-2\\\/#primaryimage\",\"url\":\"https:\\\/\\\/drasanvi.com\\\/en\\\/wp-content\\\/uploads\\\/sites\\\/3\\\/2022\\\/02\\\/032050025.png\",\"contentUrl\":\"https:\\\/\\\/drasanvi.com\\\/en\\\/wp-content\\\/uploads\\\/sites\\\/3\\\/2022\\\/02\\\/032050025.png\",\"width\":1000,\"height\":1000},{\"@type\":\"BreadcrumbList\",\"@id\":\"https:\\\/\\\/drasanvi.com\\\/en\\\/producto\\\/oseogen-oseo-2\\\/#breadcrumb\",\"itemListElement\":[{\"@type\":\"ListItem\",\"position\":1,\"name\":\"Portada\",\"item\":\"https:\\\/\\\/drasanvi.com\\\/en\\\/\"},{\"@type\":\"ListItem\",\"position\":2,\"name\":\"Tienda\",\"item\":\"https:\\\/\\\/drasanvi.com\\\/en\\\/tienda\\\/\"},{\"@type\":\"ListItem\",\"position\":3,\"name\":\"Oseogen \u00d3seo\"}]},{\"@type\":\"WebSite\",\"@id\":\"https:\\\/\\\/drasanvi.com\\\/en\\\/#website\",\"url\":\"https:\\\/\\\/drasanvi.com\\\/en\\\/\",\"name\":\"Drasanvi English\",\"description\":\"L\u00edder en complementos alimenticios y cosm\u00e9tica natural.\",\"publisher\":{\"@id\":\"https:\\\/\\\/drasanvi.com\\\/en\\\/#organization\"},\"potentialAction\":[{\"@type\":\"SearchAction\",\"target\":{\"@type\":\"EntryPoint\",\"urlTemplate\":\"https:\\\/\\\/drasanvi.com\\\/en\\\/?s={search_term_string}\"},\"query-input\":{\"@type\":\"PropertyValueSpecification\",\"valueRequired\":true,\"valueName\":\"search_term_string\"}}],\"inLanguage\":\"en-US\"},{\"@type\":\"Organization\",\"@id\":\"https:\\\/\\\/drasanvi.com\\\/en\\\/#organization\",\"name\":\"Drasanvi\",\"url\":\"https:\\\/\\\/drasanvi.com\\\/en\\\/\",\"logo\":{\"@type\":\"ImageObject\",\"inLanguage\":\"en-US\",\"@id\":\"https:\\\/\\\/drasanvi.com\\\/en\\\/#\\\/schema\\\/logo\\\/image\\\/\",\"url\":\"https:\\\/\\\/drasanvi.com\\\/wp-content\\\/uploads\\\/sites\\\/3\\\/2021\\\/07\\\/logo-drasanvi.png\",\"contentUrl\":\"https:\\\/\\\/drasanvi.com\\\/wp-content\\\/uploads\\\/sites\\\/3\\\/2021\\\/07\\\/logo-drasanvi.png\",\"width\":900,\"height\":300,\"caption\":\"Drasanvi\"},\"image\":{\"@id\":\"https:\\\/\\\/drasanvi.com\\\/en\\\/#\\\/schema\\\/logo\\\/image\\\/\"}}]}<\/script>\n<!-- \/ Yoast SEO plugin. -->","yoast_head_json":{"title":"Oseogen \u00d3seo - Drasanvi English","robots":{"index":"index","follow":"follow","max-snippet":"max-snippet:-1","max-image-preview":"max-image-preview:large","max-video-preview":"max-video-preview:-1"},"canonical":"https:\/\/drasanvi.com\/en\/producto\/oseogen-oseo-2\/","og_locale":"en_US","og_type":"article","og_title":"Oseogen \u00d3seo - Drasanvi English","og_description":"Contribuye al correcto funcionamiento de los huesos en condiciones normales. Oseogen Alimento \u00d3seo es un complemento alimenticio \u00fanico que incorpora en su composici\u00f3n nutriente como la ipriflavona y la lisina, reforzado con 3 minerales y 3 vitaminas. La forma de administrar los minerales lo hacen \u00fanico y especial. Entre su composici\u00f3n est\u00e1 el calcio, que contribuye al correcto funcionamiento de los huesos en condiciones normales. Ficha t\u00e9cnica","og_url":"https:\/\/drasanvi.com\/en\/producto\/oseogen-oseo-2\/","og_site_name":"Drasanvi English","article_modified_time":"2022-03-15T14:52:41+00:00","og_image":[{"width":1000,"height":1000,"url":"https:\/\/drasanvi.com\/wp-content\/uploads\/sites\/3\/2022\/02\/032050025.png","type":"image\/png"}],"twitter_card":"summary_large_image","schema":{"@context":"https:\/\/schema.org","@graph":[{"@type":"WebPage","@id":"https:\/\/drasanvi.com\/en\/producto\/oseogen-oseo-2\/","url":"https:\/\/drasanvi.com\/en\/producto\/oseogen-oseo-2\/","name":"Oseogen \u00d3seo - Drasanvi English","isPartOf":{"@id":"https:\/\/drasanvi.com\/en\/#website"},"primaryImageOfPage":{"@id":"https:\/\/drasanvi.com\/en\/producto\/oseogen-oseo-2\/#primaryimage"},"image":{"@id":"https:\/\/drasanvi.com\/en\/producto\/oseogen-oseo-2\/#primaryimage"},"thumbnailUrl":"https:\/\/drasanvi.com\/en\/wp-content\/uploads\/sites\/3\/2022\/02\/032050025.png","datePublished":"2022-02-28T13:13:01+00:00","dateModified":"2022-03-15T14:52:41+00:00","breadcrumb":{"@id":"https:\/\/drasanvi.com\/en\/producto\/oseogen-oseo-2\/#breadcrumb"},"inLanguage":"en-US","potentialAction":[{"@type":"ReadAction","target":["https:\/\/drasanvi.com\/en\/producto\/oseogen-oseo-2\/"]}]},{"@type":"ImageObject","inLanguage":"en-US","@id":"https:\/\/drasanvi.com\/en\/producto\/oseogen-oseo-2\/#primaryimage","url":"https:\/\/drasanvi.com\/en\/wp-content\/uploads\/sites\/3\/2022\/02\/032050025.png","contentUrl":"https:\/\/drasanvi.com\/en\/wp-content\/uploads\/sites\/3\/2022\/02\/032050025.png","width":1000,"height":1000},{"@type":"BreadcrumbList","@id":"https:\/\/drasanvi.com\/en\/producto\/oseogen-oseo-2\/#breadcrumb","itemListElement":[{"@type":"ListItem","position":1,"name":"Portada","item":"https:\/\/drasanvi.com\/en\/"},{"@type":"ListItem","position":2,"name":"Tienda","item":"https:\/\/drasanvi.com\/en\/tienda\/"},{"@type":"ListItem","position":3,"name":"Oseogen \u00d3seo"}]},{"@type":"WebSite","@id":"https:\/\/drasanvi.com\/en\/#website","url":"https:\/\/drasanvi.com\/en\/","name":"Drasanvi English","description":"L\u00edder en complementos alimenticios y cosm\u00e9tica natural.","publisher":{"@id":"https:\/\/drasanvi.com\/en\/#organization"},"potentialAction":[{"@type":"SearchAction","target":{"@type":"EntryPoint","urlTemplate":"https:\/\/drasanvi.com\/en\/?s={search_term_string}"},"query-input":{"@type":"PropertyValueSpecification","valueRequired":true,"valueName":"search_term_string"}}],"inLanguage":"en-US"},{"@type":"Organization","@id":"https:\/\/drasanvi.com\/en\/#organization","name":"Drasanvi","url":"https:\/\/drasanvi.com\/en\/","logo":{"@type":"ImageObject","inLanguage":"en-US","@id":"https:\/\/drasanvi.com\/en\/#\/schema\/logo\/image\/","url":"https:\/\/drasanvi.com\/wp-content\/uploads\/sites\/3\/2021\/07\/logo-drasanvi.png","contentUrl":"https:\/\/drasanvi.com\/wp-content\/uploads\/sites\/3\/2021\/07\/logo-drasanvi.png","width":900,"height":300,"caption":"Drasanvi"},"image":{"@id":"https:\/\/drasanvi.com\/en\/#\/schema\/logo\/image\/"}}]}},"_links":{"self":[{"href":"https:\/\/drasanvi.com\/en\/wp-json\/wp\/v2\/product\/20488","targetHints":{"allow":["GET"]}}],"collection":[{"href":"https:\/\/drasanvi.com\/en\/wp-json\/wp\/v2\/product"}],"about":[{"href":"https:\/\/drasanvi.com\/en\/wp-json\/wp\/v2\/types\/product"}],"version-history":[{"count":0,"href":"https:\/\/drasanvi.com\/en\/wp-json\/wp\/v2\/product\/20488\/revisions"}],"wp:featuredmedia":[{"embeddable":true,"href":"https:\/\/drasanvi.com\/en\/wp-json\/wp\/v2\/media\/20490"}],"wp:attachment":[{"href":"https:\/\/drasanvi.com\/en\/wp-json\/wp\/v2\/media?parent=20488"}],"wp:term":[{"taxonomy":"product_cat","embeddable":true,"href":"https:\/\/drasanvi.com\/en\/wp-json\/wp\/v2\/product_cat?post=20488"},{"taxonomy":"product_tag","embeddable":true,"href":"https:\/\/drasanvi.com\/en\/wp-json\/wp\/v2\/product_tag?post=20488"}],"curies":[{"name":"wp","href":"https:\/\/api.w.org\/{rel}","templated":true}]}}