{"id":20348,"date":"2022-02-28T15:10:25","date_gmt":"2022-02-28T13:10:25","guid":{"rendered":"https:\/\/drasanvi.com\/en\/producto\/mineral-bisglicinato-de-zinc-90-comprimidos\/"},"modified":"2022-02-28T16:03:39","modified_gmt":"2022-02-28T14:03:39","slug":"mineral-bisglicinato-de-zinc-90-comprimidos","status":"publish","type":"product","link":"https:\/\/drasanvi.com\/en\/producto\/mineral-bisglicinato-de-zinc-90-comprimidos\/","title":{"rendered":"Mineral Bisglicinato de Zinc 90 comprimidos"},"content":{"rendered":"<h2>Ingredientes<\/h2>\n<p>Ingredientes  mg \/ Dosis diaria)      Bisglicinato de Zinc\u00a0\u00a0Zinc 20%  100 mg.20mg      Otros Ingredientes: Celulosa microcristalina, Magnesio estearato y Di\u00f3xido de Silicio        Sin colorantes, conservantes ni az\u00facares a\u00f1adidos.<\/p>\n<h2>Modo de uso<\/h2>\n<p>Tomar un comprimido al d\u00eda, junto con la comida.<\/p>\n<h3>Presentaci\u00f3n<\/h3>\n<p>90 comprimidos de 550 mg (49.5 g)<\/p>\n<h3>Advertencias<\/h3>\n<p>Complemento Alimenticio a base de minerales.Los complementos alimenticios no deben utilizarse como sustituto de una dieta equilibrada. No superar la dosis diaria expresamente recomendada. Mantener fuera del alcance de los ni&ntilde;os m&aacute;s peque&ntilde;os. Conservar en un lugar fresco y seco.<\/p>\n<h2>Informaci\u00f3n adicional<\/h2>\n<p>Ingrediente  Descripci\u00f3n  Dosis diaria      Agente de carga\u00a0  (Celulosa microcristalina)\u00a0   426\u00a0 mg      Bisglicinato de Zinc  Zinc 20%  100 mg      Agente de carga\u00a0  (Estearato de magnesio)\u00a0   18 mg       Antiaglomerante\u00a0  (Di\u00f3xido de silicio)  6 mg\u00a0        \u00a0\u00a0<\/p>\n<p>por dosis diaria        Ingrediente  Porcentaje  Cantidad      Zinc  200%  20 mg        % VRN (Valor de Referencia Nutricional)<\/p>\n","protected":false},"excerpt":{"rendered":"<p>El Zinc es un mineral esencial para la vida y relacionado con numerosas funciones en el organismo, desde la funci\u00f3n cognitiva hasta el mantenimiento de la visi\u00f3n normal.No obstante hay que elegir una fuente de Zinc con alta biodisponibilidad, por esa raz\u00f3n decidimos a\u00f1adir el Zinc en forma de Bisglicinato, el cual se ha demostrado que se absorbe un 43% m\u00e1s que otras fuentes de zinc m\u00e1s utilizadas como el gluconato.<br \/><a id=\"boton-ficha\" href=\"https:\/\/drasanvi.com\/en\/fichas\/1\/032050454\" target=\"_blank\" rel=\"noopener\">Ficha t\u00e9cnica<\/a><\/p>\n","protected":false},"featured_media":20350,"template":"","meta":{"inline_featured_image":false},"product_cat":[118],"product_tag":[],"class_list":["post-20348","product","type-product","status-publish","has-post-thumbnail","hentry","product_cat-vitamins-minerals","pa_contains-apio-no","pa_contains-crustaceans-no","pa_contains-dry-fruit-no","pa_contains-egg-no","pa_contains-fish-no","pa_contains-lupine-no","pa_contains-milk-no","pa_contains-mollusks-no","pa_contains-mustard-no","pa_contains-peanuts-no","pa_contains-sesame-no","pa_contains-soja-no","pa_gluten-free-product-si","pa_product-bio-no","pa_product-vegan-si","pa_vegetarian-product-si"],"yoast_head":"<!-- This site is optimized with the Yoast SEO plugin v27.4 - https:\/\/yoast.com\/product\/yoast-seo-wordpress\/ -->\n<title>Mineral Bisglicinato de Zinc 90 comprimidos - Drasanvi English<\/title>\n<meta name=\"robots\" content=\"index, follow, max-snippet:-1, max-image-preview:large, max-video-preview:-1\" \/>\n<link rel=\"canonical\" href=\"https:\/\/drasanvi.com\/en\/producto\/mineral-bisglicinato-de-zinc-90-comprimidos\/\" \/>\n<meta property=\"og:locale\" content=\"en_US\" \/>\n<meta property=\"og:type\" content=\"article\" \/>\n<meta property=\"og:title\" content=\"Mineral Bisglicinato de Zinc 90 comprimidos - Drasanvi English\" \/>\n<meta property=\"og:description\" content=\"El Zinc es un mineral esencial para la vida y relacionado con numerosas funciones en el organismo, desde la funci\u00f3n cognitiva hasta el mantenimiento de la visi\u00f3n normal.No obstante hay que elegir una fuente de Zinc con alta biodisponibilidad, por esa raz\u00f3n decidimos a\u00f1adir el Zinc en forma de Bisglicinato, el cual se ha demostrado que se absorbe un 43% m\u00e1s que otras fuentes de zinc m\u00e1s utilizadas como el gluconato.Ficha t\u00e9cnica\" \/>\n<meta property=\"og:url\" content=\"https:\/\/drasanvi.com\/en\/producto\/mineral-bisglicinato-de-zinc-90-comprimidos\/\" \/>\n<meta property=\"og:site_name\" content=\"Drasanvi English\" \/>\n<meta property=\"article:modified_time\" content=\"2022-02-28T14:03:39+00:00\" \/>\n<meta property=\"og:image\" content=\"https:\/\/drasanvi.com\/wp-content\/uploads\/sites\/3\/2022\/02\/032050454.png\" \/>\n\t<meta property=\"og:image:width\" content=\"1000\" \/>\n\t<meta property=\"og:image:height\" content=\"1000\" \/>\n\t<meta property=\"og:image:type\" content=\"image\/png\" \/>\n<meta name=\"twitter:card\" content=\"summary_large_image\" \/>\n<script type=\"application\/ld+json\" class=\"yoast-schema-graph\">{\"@context\":\"https:\\\/\\\/schema.org\",\"@graph\":[{\"@type\":\"WebPage\",\"@id\":\"https:\\\/\\\/drasanvi.com\\\/en\\\/producto\\\/mineral-bisglicinato-de-zinc-90-comprimidos\\\/\",\"url\":\"https:\\\/\\\/drasanvi.com\\\/en\\\/producto\\\/mineral-bisglicinato-de-zinc-90-comprimidos\\\/\",\"name\":\"Mineral Bisglicinato de Zinc 90 comprimidos - Drasanvi English\",\"isPartOf\":{\"@id\":\"https:\\\/\\\/drasanvi.com\\\/en\\\/#website\"},\"primaryImageOfPage\":{\"@id\":\"https:\\\/\\\/drasanvi.com\\\/en\\\/producto\\\/mineral-bisglicinato-de-zinc-90-comprimidos\\\/#primaryimage\"},\"image\":{\"@id\":\"https:\\\/\\\/drasanvi.com\\\/en\\\/producto\\\/mineral-bisglicinato-de-zinc-90-comprimidos\\\/#primaryimage\"},\"thumbnailUrl\":\"https:\\\/\\\/drasanvi.com\\\/en\\\/wp-content\\\/uploads\\\/sites\\\/3\\\/2022\\\/02\\\/032050454.png\",\"datePublished\":\"2022-02-28T13:10:25+00:00\",\"dateModified\":\"2022-02-28T14:03:39+00:00\",\"breadcrumb\":{\"@id\":\"https:\\\/\\\/drasanvi.com\\\/en\\\/producto\\\/mineral-bisglicinato-de-zinc-90-comprimidos\\\/#breadcrumb\"},\"inLanguage\":\"en-US\",\"potentialAction\":[{\"@type\":\"ReadAction\",\"target\":[\"https:\\\/\\\/drasanvi.com\\\/en\\\/producto\\\/mineral-bisglicinato-de-zinc-90-comprimidos\\\/\"]}]},{\"@type\":\"ImageObject\",\"inLanguage\":\"en-US\",\"@id\":\"https:\\\/\\\/drasanvi.com\\\/en\\\/producto\\\/mineral-bisglicinato-de-zinc-90-comprimidos\\\/#primaryimage\",\"url\":\"https:\\\/\\\/drasanvi.com\\\/en\\\/wp-content\\\/uploads\\\/sites\\\/3\\\/2022\\\/02\\\/032050454.png\",\"contentUrl\":\"https:\\\/\\\/drasanvi.com\\\/en\\\/wp-content\\\/uploads\\\/sites\\\/3\\\/2022\\\/02\\\/032050454.png\",\"width\":1000,\"height\":1000},{\"@type\":\"BreadcrumbList\",\"@id\":\"https:\\\/\\\/drasanvi.com\\\/en\\\/producto\\\/mineral-bisglicinato-de-zinc-90-comprimidos\\\/#breadcrumb\",\"itemListElement\":[{\"@type\":\"ListItem\",\"position\":1,\"name\":\"Portada\",\"item\":\"https:\\\/\\\/drasanvi.com\\\/en\\\/\"},{\"@type\":\"ListItem\",\"position\":2,\"name\":\"Tienda\",\"item\":\"https:\\\/\\\/drasanvi.com\\\/en\\\/tienda\\\/\"},{\"@type\":\"ListItem\",\"position\":3,\"name\":\"Mineral Bisglicinato de Zinc 90 comprimidos\"}]},{\"@type\":\"WebSite\",\"@id\":\"https:\\\/\\\/drasanvi.com\\\/en\\\/#website\",\"url\":\"https:\\\/\\\/drasanvi.com\\\/en\\\/\",\"name\":\"Drasanvi English\",\"description\":\"L\u00edder en complementos alimenticios y cosm\u00e9tica natural.\",\"publisher\":{\"@id\":\"https:\\\/\\\/drasanvi.com\\\/en\\\/#organization\"},\"potentialAction\":[{\"@type\":\"SearchAction\",\"target\":{\"@type\":\"EntryPoint\",\"urlTemplate\":\"https:\\\/\\\/drasanvi.com\\\/en\\\/?s={search_term_string}\"},\"query-input\":{\"@type\":\"PropertyValueSpecification\",\"valueRequired\":true,\"valueName\":\"search_term_string\"}}],\"inLanguage\":\"en-US\"},{\"@type\":\"Organization\",\"@id\":\"https:\\\/\\\/drasanvi.com\\\/en\\\/#organization\",\"name\":\"Drasanvi\",\"url\":\"https:\\\/\\\/drasanvi.com\\\/en\\\/\",\"logo\":{\"@type\":\"ImageObject\",\"inLanguage\":\"en-US\",\"@id\":\"https:\\\/\\\/drasanvi.com\\\/en\\\/#\\\/schema\\\/logo\\\/image\\\/\",\"url\":\"https:\\\/\\\/drasanvi.com\\\/wp-content\\\/uploads\\\/sites\\\/3\\\/2021\\\/07\\\/logo-drasanvi.png\",\"contentUrl\":\"https:\\\/\\\/drasanvi.com\\\/wp-content\\\/uploads\\\/sites\\\/3\\\/2021\\\/07\\\/logo-drasanvi.png\",\"width\":900,\"height\":300,\"caption\":\"Drasanvi\"},\"image\":{\"@id\":\"https:\\\/\\\/drasanvi.com\\\/en\\\/#\\\/schema\\\/logo\\\/image\\\/\"}}]}<\/script>\n<!-- \/ Yoast SEO plugin. -->","yoast_head_json":{"title":"Mineral Bisglicinato de Zinc 90 comprimidos - Drasanvi English","robots":{"index":"index","follow":"follow","max-snippet":"max-snippet:-1","max-image-preview":"max-image-preview:large","max-video-preview":"max-video-preview:-1"},"canonical":"https:\/\/drasanvi.com\/en\/producto\/mineral-bisglicinato-de-zinc-90-comprimidos\/","og_locale":"en_US","og_type":"article","og_title":"Mineral Bisglicinato de Zinc 90 comprimidos - Drasanvi English","og_description":"El Zinc es un mineral esencial para la vida y relacionado con numerosas funciones en el organismo, desde la funci\u00f3n cognitiva hasta el mantenimiento de la visi\u00f3n normal.No obstante hay que elegir una fuente de Zinc con alta biodisponibilidad, por esa raz\u00f3n decidimos a\u00f1adir el Zinc en forma de Bisglicinato, el cual se ha demostrado que se absorbe un 43% m\u00e1s que otras fuentes de zinc m\u00e1s utilizadas como el gluconato.Ficha t\u00e9cnica","og_url":"https:\/\/drasanvi.com\/en\/producto\/mineral-bisglicinato-de-zinc-90-comprimidos\/","og_site_name":"Drasanvi English","article_modified_time":"2022-02-28T14:03:39+00:00","og_image":[{"width":1000,"height":1000,"url":"https:\/\/drasanvi.com\/wp-content\/uploads\/sites\/3\/2022\/02\/032050454.png","type":"image\/png"}],"twitter_card":"summary_large_image","schema":{"@context":"https:\/\/schema.org","@graph":[{"@type":"WebPage","@id":"https:\/\/drasanvi.com\/en\/producto\/mineral-bisglicinato-de-zinc-90-comprimidos\/","url":"https:\/\/drasanvi.com\/en\/producto\/mineral-bisglicinato-de-zinc-90-comprimidos\/","name":"Mineral Bisglicinato de Zinc 90 comprimidos - Drasanvi English","isPartOf":{"@id":"https:\/\/drasanvi.com\/en\/#website"},"primaryImageOfPage":{"@id":"https:\/\/drasanvi.com\/en\/producto\/mineral-bisglicinato-de-zinc-90-comprimidos\/#primaryimage"},"image":{"@id":"https:\/\/drasanvi.com\/en\/producto\/mineral-bisglicinato-de-zinc-90-comprimidos\/#primaryimage"},"thumbnailUrl":"https:\/\/drasanvi.com\/en\/wp-content\/uploads\/sites\/3\/2022\/02\/032050454.png","datePublished":"2022-02-28T13:10:25+00:00","dateModified":"2022-02-28T14:03:39+00:00","breadcrumb":{"@id":"https:\/\/drasanvi.com\/en\/producto\/mineral-bisglicinato-de-zinc-90-comprimidos\/#breadcrumb"},"inLanguage":"en-US","potentialAction":[{"@type":"ReadAction","target":["https:\/\/drasanvi.com\/en\/producto\/mineral-bisglicinato-de-zinc-90-comprimidos\/"]}]},{"@type":"ImageObject","inLanguage":"en-US","@id":"https:\/\/drasanvi.com\/en\/producto\/mineral-bisglicinato-de-zinc-90-comprimidos\/#primaryimage","url":"https:\/\/drasanvi.com\/en\/wp-content\/uploads\/sites\/3\/2022\/02\/032050454.png","contentUrl":"https:\/\/drasanvi.com\/en\/wp-content\/uploads\/sites\/3\/2022\/02\/032050454.png","width":1000,"height":1000},{"@type":"BreadcrumbList","@id":"https:\/\/drasanvi.com\/en\/producto\/mineral-bisglicinato-de-zinc-90-comprimidos\/#breadcrumb","itemListElement":[{"@type":"ListItem","position":1,"name":"Portada","item":"https:\/\/drasanvi.com\/en\/"},{"@type":"ListItem","position":2,"name":"Tienda","item":"https:\/\/drasanvi.com\/en\/tienda\/"},{"@type":"ListItem","position":3,"name":"Mineral Bisglicinato de Zinc 90 comprimidos"}]},{"@type":"WebSite","@id":"https:\/\/drasanvi.com\/en\/#website","url":"https:\/\/drasanvi.com\/en\/","name":"Drasanvi English","description":"L\u00edder en complementos alimenticios y cosm\u00e9tica natural.","publisher":{"@id":"https:\/\/drasanvi.com\/en\/#organization"},"potentialAction":[{"@type":"SearchAction","target":{"@type":"EntryPoint","urlTemplate":"https:\/\/drasanvi.com\/en\/?s={search_term_string}"},"query-input":{"@type":"PropertyValueSpecification","valueRequired":true,"valueName":"search_term_string"}}],"inLanguage":"en-US"},{"@type":"Organization","@id":"https:\/\/drasanvi.com\/en\/#organization","name":"Drasanvi","url":"https:\/\/drasanvi.com\/en\/","logo":{"@type":"ImageObject","inLanguage":"en-US","@id":"https:\/\/drasanvi.com\/en\/#\/schema\/logo\/image\/","url":"https:\/\/drasanvi.com\/wp-content\/uploads\/sites\/3\/2021\/07\/logo-drasanvi.png","contentUrl":"https:\/\/drasanvi.com\/wp-content\/uploads\/sites\/3\/2021\/07\/logo-drasanvi.png","width":900,"height":300,"caption":"Drasanvi"},"image":{"@id":"https:\/\/drasanvi.com\/en\/#\/schema\/logo\/image\/"}}]}},"_links":{"self":[{"href":"https:\/\/drasanvi.com\/en\/wp-json\/wp\/v2\/product\/20348","targetHints":{"allow":["GET"]}}],"collection":[{"href":"https:\/\/drasanvi.com\/en\/wp-json\/wp\/v2\/product"}],"about":[{"href":"https:\/\/drasanvi.com\/en\/wp-json\/wp\/v2\/types\/product"}],"version-history":[{"count":0,"href":"https:\/\/drasanvi.com\/en\/wp-json\/wp\/v2\/product\/20348\/revisions"}],"wp:featuredmedia":[{"embeddable":true,"href":"https:\/\/drasanvi.com\/en\/wp-json\/wp\/v2\/media\/20350"}],"wp:attachment":[{"href":"https:\/\/drasanvi.com\/en\/wp-json\/wp\/v2\/media?parent=20348"}],"wp:term":[{"taxonomy":"product_cat","embeddable":true,"href":"https:\/\/drasanvi.com\/en\/wp-json\/wp\/v2\/product_cat?post=20348"},{"taxonomy":"product_tag","embeddable":true,"href":"https:\/\/drasanvi.com\/en\/wp-json\/wp\/v2\/product_tag?post=20348"}],"curies":[{"name":"wp","href":"https:\/\/api.w.org\/{rel}","templated":true}]}}