{"id":19980,"date":"2022-02-28T15:03:43","date_gmt":"2022-02-28T13:03:43","guid":{"rendered":"https:\/\/drasanvi.com\/en\/producto\/collmar-vainilla-180-comprimidos-2\/"},"modified":"2022-03-15T16:04:05","modified_gmt":"2022-03-15T14:04:05","slug":"collmar-vainilla-180-comprimidos-2","status":"publish","type":"product","link":"https:\/\/drasanvi.com\/en\/producto\/collmar-vainilla-180-comprimidos-2\/","title":{"rendered":"Collmar Vainilla 180 Comprimidos"},"content":{"rendered":"<h2>Ingredientes<\/h2>\n<p>INGREDIENTES CANTIDAD DOSIS DIARIA Col\u00e1geno Marino Hidrolizado enzim\u00e1ticamente (Tipo I) Muy bajo peso molecular 3.900 mg \u00d3xido de Magnesio Con aporte en Magnesio (40%) 562,5 mg 226,56 mg Carbonato de Calcio Con aporte en Calcio (40%) 432 mg 172,92 mg Extracto seco de Acerola\u00a0Malpighia prunicifolia Vitamina C al 25% 80 mg\u00a020 mg \u00c1cido hialur\u00f3nico Procedente de fermentaci\u00f3n bacteriana 10,02 mg Otros ingredientes: Celulosa microcristalina (Agente de carga), Aroma vainilla (Aroma), Estearato de magnesio (Agente de carga) y Di\u00f3xido de Silicio (Antiaglomerante)<\/p>\n<h2>Modo de uso<\/h2>\n<p>Tomar 6 comprimidos al d\u00eda, repartidos entre el desayuno y la cena.<\/p>\n<h3>Presentaci\u00f3n<\/h3>\n<p>Envase de 180 comprimidos de 1150 mg. Peso total: 207 g (7.30 oz)<\/p>\n<h3>Advertencias<\/h3>\n<p>Complemento alimenticio a base de col\u00e1geno, plantas, minerales y \u00e1cido hialur\u00f3nico.Los complementos alimenticios no deben utilizarse como sustitutivos de una dieta equilibrada. No superar la dosis diaria expresamente recomendada. Mantener fuera del alcance de los ni\u00f1os m\u00e1s peque\u00f1os. Conservar en un lugar fresco y seco. Consumir siempre acompa\u00f1ado de agua<\/p>\n<h2>Informaci\u00f3n adicional<\/h2>\n<p>Ingrediente Descripci\u00f3n Dosis diaria Col\u00e1geno Marino Hidrolizado Enzimaticamente ( Contiene pescado,Tipo I, muy bajo peso molecular) 3.900 mg Agente de carga (Celulosa microcristalina) 1535,88 mg \u00d3xido de Magnesio (Magnesio 40%) 562,5 mg Carbonato de Calcio (Calcio 40%) 432 mg Aroma\u00a0 (Aroma vainilla) 200 mg Agente de carga (Estearato de magnesio) 144 mg Extracto seco de Acerola (Malpighia prunicifolia Vitamina C al 25%) 80 mg Antiaglomerante (Di\u00f3xido de silicio) 36 mg \u00c1cido Hialur\u00f3nico \u00a0 10,02 mg<\/p>\n<p>Por dosis diaria (6 comprimidos) INGREDIENTE PORCENTAJE CANTIDAD Magnesio 61% 226,56 mg Calcio 21% 172,92 mg Vitamina C 25% 20 mg % VRN (Valores Recomendados de Nutrientes)<\/p>\n","protected":false},"excerpt":{"rendered":"<p>Collmar\u00ae en comprimidos presenta las propiedades de nuestro Collmar\u00ae con Magnesio, pero en presentaci\u00f3n de comprimidos.Los comprimidos de Collmar\u00ae incorporan en su composici\u00f3n Col\u00e1geno\u00a0Marino Hidrolizado enzim\u00e1ticamente, \u00c1cido Hialur\u00f3nico, Magnesio, Calcio y Vitamina C.Gracias a la presencia de Vitamina C, Collmar\u00ae con Magnesio contribuye a la formaci\u00f3n normal de Col\u00e1geno para el funcionamiento normal de cart\u00edlagos, huesos y piel.<br \/>\n<a id=\"boton-ficha\" href=\"https:\/\/drasanvi.com\/en\/fichas\/1\/032050176\" target=\"_blank\" rel=\"noopener\">Ficha t\u00e9cnica<\/a><\/p>\n","protected":false},"featured_media":19982,"template":"","meta":{"inline_featured_image":false},"product_cat":[101],"product_tag":[],"class_list":["post-19980","product","type-product","status-publish","has-post-thumbnail","hentry","product_cat-bones-joints","pa_contains-apio-no","pa_contains-crustaceans-no","pa_contains-dry-fruit-no","pa_contains-egg-no","pa_contains-fish-si","pa_contains-lupine-no","pa_contains-milk-no","pa_contains-mollusks-no","pa_contains-mustard-no","pa_contains-peanuts-no","pa_contains-sesame-no","pa_contains-soja-no","pa_gluten-free-product-si","pa_product-bio-no","pa_product-vegan-no","pa_vegetarian-product-no"],"yoast_head":"<!-- This site is optimized with the Yoast SEO plugin v27.4 - https:\/\/yoast.com\/product\/yoast-seo-wordpress\/ -->\n<title>Collmar Vainilla 180 Comprimidos - Drasanvi English<\/title>\n<meta name=\"robots\" content=\"index, follow, max-snippet:-1, max-image-preview:large, max-video-preview:-1\" \/>\n<link rel=\"canonical\" href=\"https:\/\/drasanvi.com\/en\/producto\/collmar-vainilla-180-comprimidos-2\/\" \/>\n<meta property=\"og:locale\" content=\"en_US\" \/>\n<meta property=\"og:type\" content=\"article\" \/>\n<meta property=\"og:title\" content=\"Collmar Vainilla 180 Comprimidos - Drasanvi English\" \/>\n<meta property=\"og:description\" content=\"Collmar\u00ae en comprimidos presenta las propiedades de nuestro Collmar\u00ae con Magnesio, pero en presentaci\u00f3n de comprimidos.Los comprimidos de Collmar\u00ae incorporan en su composici\u00f3n Col\u00e1geno\u00a0Marino Hidrolizado enzim\u00e1ticamente, \u00c1cido Hialur\u00f3nico, Magnesio, Calcio y Vitamina C.Gracias a la presencia de Vitamina C, Collmar\u00ae con Magnesio contribuye a la formaci\u00f3n normal de Col\u00e1geno para el funcionamiento normal de cart\u00edlagos, huesos y piel. Ficha t\u00e9cnica\" \/>\n<meta property=\"og:url\" content=\"https:\/\/drasanvi.com\/en\/producto\/collmar-vainilla-180-comprimidos-2\/\" \/>\n<meta property=\"og:site_name\" content=\"Drasanvi English\" \/>\n<meta property=\"article:modified_time\" content=\"2022-03-15T14:04:05+00:00\" \/>\n<meta property=\"og:image\" content=\"https:\/\/drasanvi.com\/wp-content\/uploads\/sites\/3\/2022\/02\/032050176.png\" \/>\n\t<meta property=\"og:image:width\" content=\"1000\" \/>\n\t<meta property=\"og:image:height\" content=\"1000\" \/>\n\t<meta property=\"og:image:type\" content=\"image\/png\" \/>\n<meta name=\"twitter:card\" content=\"summary_large_image\" \/>\n<script type=\"application\/ld+json\" class=\"yoast-schema-graph\">{\"@context\":\"https:\\\/\\\/schema.org\",\"@graph\":[{\"@type\":\"WebPage\",\"@id\":\"https:\\\/\\\/drasanvi.com\\\/en\\\/producto\\\/collmar-vainilla-180-comprimidos-2\\\/\",\"url\":\"https:\\\/\\\/drasanvi.com\\\/en\\\/producto\\\/collmar-vainilla-180-comprimidos-2\\\/\",\"name\":\"Collmar Vainilla 180 Comprimidos - Drasanvi English\",\"isPartOf\":{\"@id\":\"https:\\\/\\\/drasanvi.com\\\/en\\\/#website\"},\"primaryImageOfPage\":{\"@id\":\"https:\\\/\\\/drasanvi.com\\\/en\\\/producto\\\/collmar-vainilla-180-comprimidos-2\\\/#primaryimage\"},\"image\":{\"@id\":\"https:\\\/\\\/drasanvi.com\\\/en\\\/producto\\\/collmar-vainilla-180-comprimidos-2\\\/#primaryimage\"},\"thumbnailUrl\":\"https:\\\/\\\/drasanvi.com\\\/en\\\/wp-content\\\/uploads\\\/sites\\\/3\\\/2022\\\/02\\\/032050176.png\",\"datePublished\":\"2022-02-28T13:03:43+00:00\",\"dateModified\":\"2022-03-15T14:04:05+00:00\",\"breadcrumb\":{\"@id\":\"https:\\\/\\\/drasanvi.com\\\/en\\\/producto\\\/collmar-vainilla-180-comprimidos-2\\\/#breadcrumb\"},\"inLanguage\":\"en-US\",\"potentialAction\":[{\"@type\":\"ReadAction\",\"target\":[\"https:\\\/\\\/drasanvi.com\\\/en\\\/producto\\\/collmar-vainilla-180-comprimidos-2\\\/\"]}]},{\"@type\":\"ImageObject\",\"inLanguage\":\"en-US\",\"@id\":\"https:\\\/\\\/drasanvi.com\\\/en\\\/producto\\\/collmar-vainilla-180-comprimidos-2\\\/#primaryimage\",\"url\":\"https:\\\/\\\/drasanvi.com\\\/en\\\/wp-content\\\/uploads\\\/sites\\\/3\\\/2022\\\/02\\\/032050176.png\",\"contentUrl\":\"https:\\\/\\\/drasanvi.com\\\/en\\\/wp-content\\\/uploads\\\/sites\\\/3\\\/2022\\\/02\\\/032050176.png\",\"width\":1000,\"height\":1000},{\"@type\":\"BreadcrumbList\",\"@id\":\"https:\\\/\\\/drasanvi.com\\\/en\\\/producto\\\/collmar-vainilla-180-comprimidos-2\\\/#breadcrumb\",\"itemListElement\":[{\"@type\":\"ListItem\",\"position\":1,\"name\":\"Portada\",\"item\":\"https:\\\/\\\/drasanvi.com\\\/en\\\/\"},{\"@type\":\"ListItem\",\"position\":2,\"name\":\"Tienda\",\"item\":\"https:\\\/\\\/drasanvi.com\\\/en\\\/tienda\\\/\"},{\"@type\":\"ListItem\",\"position\":3,\"name\":\"Collmar Vainilla 180 Comprimidos\"}]},{\"@type\":\"WebSite\",\"@id\":\"https:\\\/\\\/drasanvi.com\\\/en\\\/#website\",\"url\":\"https:\\\/\\\/drasanvi.com\\\/en\\\/\",\"name\":\"Drasanvi English\",\"description\":\"L\u00edder en complementos alimenticios y cosm\u00e9tica natural.\",\"publisher\":{\"@id\":\"https:\\\/\\\/drasanvi.com\\\/en\\\/#organization\"},\"potentialAction\":[{\"@type\":\"SearchAction\",\"target\":{\"@type\":\"EntryPoint\",\"urlTemplate\":\"https:\\\/\\\/drasanvi.com\\\/en\\\/?s={search_term_string}\"},\"query-input\":{\"@type\":\"PropertyValueSpecification\",\"valueRequired\":true,\"valueName\":\"search_term_string\"}}],\"inLanguage\":\"en-US\"},{\"@type\":\"Organization\",\"@id\":\"https:\\\/\\\/drasanvi.com\\\/en\\\/#organization\",\"name\":\"Drasanvi\",\"url\":\"https:\\\/\\\/drasanvi.com\\\/en\\\/\",\"logo\":{\"@type\":\"ImageObject\",\"inLanguage\":\"en-US\",\"@id\":\"https:\\\/\\\/drasanvi.com\\\/en\\\/#\\\/schema\\\/logo\\\/image\\\/\",\"url\":\"https:\\\/\\\/drasanvi.com\\\/wp-content\\\/uploads\\\/sites\\\/3\\\/2021\\\/07\\\/logo-drasanvi.png\",\"contentUrl\":\"https:\\\/\\\/drasanvi.com\\\/wp-content\\\/uploads\\\/sites\\\/3\\\/2021\\\/07\\\/logo-drasanvi.png\",\"width\":900,\"height\":300,\"caption\":\"Drasanvi\"},\"image\":{\"@id\":\"https:\\\/\\\/drasanvi.com\\\/en\\\/#\\\/schema\\\/logo\\\/image\\\/\"}}]}<\/script>\n<!-- \/ Yoast SEO plugin. -->","yoast_head_json":{"title":"Collmar Vainilla 180 Comprimidos - Drasanvi English","robots":{"index":"index","follow":"follow","max-snippet":"max-snippet:-1","max-image-preview":"max-image-preview:large","max-video-preview":"max-video-preview:-1"},"canonical":"https:\/\/drasanvi.com\/en\/producto\/collmar-vainilla-180-comprimidos-2\/","og_locale":"en_US","og_type":"article","og_title":"Collmar Vainilla 180 Comprimidos - Drasanvi English","og_description":"Collmar\u00ae en comprimidos presenta las propiedades de nuestro Collmar\u00ae con Magnesio, pero en presentaci\u00f3n de comprimidos.Los comprimidos de Collmar\u00ae incorporan en su composici\u00f3n Col\u00e1geno\u00a0Marino Hidrolizado enzim\u00e1ticamente, \u00c1cido Hialur\u00f3nico, Magnesio, Calcio y Vitamina C.Gracias a la presencia de Vitamina C, Collmar\u00ae con Magnesio contribuye a la formaci\u00f3n normal de Col\u00e1geno para el funcionamiento normal de cart\u00edlagos, huesos y piel. Ficha t\u00e9cnica","og_url":"https:\/\/drasanvi.com\/en\/producto\/collmar-vainilla-180-comprimidos-2\/","og_site_name":"Drasanvi English","article_modified_time":"2022-03-15T14:04:05+00:00","og_image":[{"width":1000,"height":1000,"url":"https:\/\/drasanvi.com\/wp-content\/uploads\/sites\/3\/2022\/02\/032050176.png","type":"image\/png"}],"twitter_card":"summary_large_image","schema":{"@context":"https:\/\/schema.org","@graph":[{"@type":"WebPage","@id":"https:\/\/drasanvi.com\/en\/producto\/collmar-vainilla-180-comprimidos-2\/","url":"https:\/\/drasanvi.com\/en\/producto\/collmar-vainilla-180-comprimidos-2\/","name":"Collmar Vainilla 180 Comprimidos - Drasanvi English","isPartOf":{"@id":"https:\/\/drasanvi.com\/en\/#website"},"primaryImageOfPage":{"@id":"https:\/\/drasanvi.com\/en\/producto\/collmar-vainilla-180-comprimidos-2\/#primaryimage"},"image":{"@id":"https:\/\/drasanvi.com\/en\/producto\/collmar-vainilla-180-comprimidos-2\/#primaryimage"},"thumbnailUrl":"https:\/\/drasanvi.com\/en\/wp-content\/uploads\/sites\/3\/2022\/02\/032050176.png","datePublished":"2022-02-28T13:03:43+00:00","dateModified":"2022-03-15T14:04:05+00:00","breadcrumb":{"@id":"https:\/\/drasanvi.com\/en\/producto\/collmar-vainilla-180-comprimidos-2\/#breadcrumb"},"inLanguage":"en-US","potentialAction":[{"@type":"ReadAction","target":["https:\/\/drasanvi.com\/en\/producto\/collmar-vainilla-180-comprimidos-2\/"]}]},{"@type":"ImageObject","inLanguage":"en-US","@id":"https:\/\/drasanvi.com\/en\/producto\/collmar-vainilla-180-comprimidos-2\/#primaryimage","url":"https:\/\/drasanvi.com\/en\/wp-content\/uploads\/sites\/3\/2022\/02\/032050176.png","contentUrl":"https:\/\/drasanvi.com\/en\/wp-content\/uploads\/sites\/3\/2022\/02\/032050176.png","width":1000,"height":1000},{"@type":"BreadcrumbList","@id":"https:\/\/drasanvi.com\/en\/producto\/collmar-vainilla-180-comprimidos-2\/#breadcrumb","itemListElement":[{"@type":"ListItem","position":1,"name":"Portada","item":"https:\/\/drasanvi.com\/en\/"},{"@type":"ListItem","position":2,"name":"Tienda","item":"https:\/\/drasanvi.com\/en\/tienda\/"},{"@type":"ListItem","position":3,"name":"Collmar Vainilla 180 Comprimidos"}]},{"@type":"WebSite","@id":"https:\/\/drasanvi.com\/en\/#website","url":"https:\/\/drasanvi.com\/en\/","name":"Drasanvi English","description":"L\u00edder en complementos alimenticios y cosm\u00e9tica natural.","publisher":{"@id":"https:\/\/drasanvi.com\/en\/#organization"},"potentialAction":[{"@type":"SearchAction","target":{"@type":"EntryPoint","urlTemplate":"https:\/\/drasanvi.com\/en\/?s={search_term_string}"},"query-input":{"@type":"PropertyValueSpecification","valueRequired":true,"valueName":"search_term_string"}}],"inLanguage":"en-US"},{"@type":"Organization","@id":"https:\/\/drasanvi.com\/en\/#organization","name":"Drasanvi","url":"https:\/\/drasanvi.com\/en\/","logo":{"@type":"ImageObject","inLanguage":"en-US","@id":"https:\/\/drasanvi.com\/en\/#\/schema\/logo\/image\/","url":"https:\/\/drasanvi.com\/wp-content\/uploads\/sites\/3\/2021\/07\/logo-drasanvi.png","contentUrl":"https:\/\/drasanvi.com\/wp-content\/uploads\/sites\/3\/2021\/07\/logo-drasanvi.png","width":900,"height":300,"caption":"Drasanvi"},"image":{"@id":"https:\/\/drasanvi.com\/en\/#\/schema\/logo\/image\/"}}]}},"_links":{"self":[{"href":"https:\/\/drasanvi.com\/en\/wp-json\/wp\/v2\/product\/19980","targetHints":{"allow":["GET"]}}],"collection":[{"href":"https:\/\/drasanvi.com\/en\/wp-json\/wp\/v2\/product"}],"about":[{"href":"https:\/\/drasanvi.com\/en\/wp-json\/wp\/v2\/types\/product"}],"version-history":[{"count":0,"href":"https:\/\/drasanvi.com\/en\/wp-json\/wp\/v2\/product\/19980\/revisions"}],"wp:featuredmedia":[{"embeddable":true,"href":"https:\/\/drasanvi.com\/en\/wp-json\/wp\/v2\/media\/19982"}],"wp:attachment":[{"href":"https:\/\/drasanvi.com\/en\/wp-json\/wp\/v2\/media?parent=19980"}],"wp:term":[{"taxonomy":"product_cat","embeddable":true,"href":"https:\/\/drasanvi.com\/en\/wp-json\/wp\/v2\/product_cat?post=19980"},{"taxonomy":"product_tag","embeddable":true,"href":"https:\/\/drasanvi.com\/en\/wp-json\/wp\/v2\/product_tag?post=19980"}],"curies":[{"name":"wp","href":"https:\/\/api.w.org\/{rel}","templated":true}]}}