{"id":19899,"date":"2022-02-28T15:01:42","date_gmt":"2022-02-28T13:01:42","guid":{"rendered":"https:\/\/drasanvi.com\/en\/producto\/champu-biotina-y-aloe-vera-100-ml-drasanvi\/"},"modified":"2022-03-15T15:50:40","modified_gmt":"2022-03-15T13:50:40","slug":"champu-biotina-y-aloe-vera-100-ml-drasanvi","status":"publish","type":"product","link":"https:\/\/drasanvi.com\/en\/producto\/champu-biotina-y-aloe-vera-100-ml-drasanvi\/","title":{"rendered":"Champ\u00fa Biotina y Aloe Vera 100 ml Drasanvi"},"content":{"rendered":"<h2>Ingredientes<\/h2>\n<p>Biotina, aloe vera, inositol, prote\u00ednas, \u00e1cido pantot\u00e9nico y ciste\u00edna.<\/p>\n<h2>Modo de uso<\/h2>\n<p>Aplicar una peque\u00f1a cantidad de champ\u00fa sobre el cuero cabelludo y masajear. Dejar actuar unos minutos y, finalmente, aclarar con abundante agua.<\/p>\n<h3>Presentaci\u00f3n<\/h3>\n<p>100 ml (3,38 fl oz)<\/p>\n<h3>Advertencias<\/h3>\n<h2>Informaci\u00f3n adicional<\/h2>\n<p>Aqua(Water), Sodium Laureth Sulfate, Glycerin, Cocamide Dea, Cocamidopropyl Betaine, Aloe Barbadensis Leaf Juice, Peg-7 Glyceryl Cocoate, Guar Hydroxypropyltrimonium Chloride, Parfum(Fragrance), Disodium Edta, Sodium Benzoate, Diazolidinyl Urea, Potassium Sorbate, Citric Acid, Hydrolyzed Silk, Polyquaternium-7, Styrene\/Acrylates Copolymer, Hydrolyzed Oat Protein, Panthenol, Arginine, Biotin, Inositol, Calcium Pantothenate, Cysteine, Methionine, Sodium Hydroxide, Phenoxyethanol, Benzyl Alcohol, Sodium Chloride, Benzyl Salicylate, Hexyl Cinnamal, Linalool<\/p>\n<p>Componente Acci\u00f3n Efecto Biotina Constituye una vitamina esencial en el crecimiento y salud del cabello. Una deficiencia de la misma est\u00e1 asociada a procesos de alopecia. Ayudan a fortalecer la ra\u00edz del cabello, fortaleciendo el mismo y facilitando su crecimiento. Aloe Vera Penetra con facilidad abriendo los poros, facilitando el acceso a sustancias beneficiosas, adem\u00e1s logra una limpieza profunda de las impurezas del cabello. Facilita la nutrici\u00f3n y regeneraci\u00f3n del cabello. Elimina las impurezas, facilitando la oxigenaci\u00f3n del cabello. Inositol Sustancia esencial en la nutrici\u00f3n del cabello. Ayuda al crecimiento del cabello. Prote\u00edna de seda Suaviza La prote\u00edna de seda adem\u00e1s de suavizar, protege el cabello creando una pel\u00edcula. Prote\u00edna de avena Nutre y da elasticidad Act\u00faan como humectantes atrayendo mol\u00e9culas de agua, dando hidrataci\u00f3n y elasticidad. Pantotenato C\u00e1lcico (Vit. B5) La vitamina B5 es fundamental para que el cuero cabelludo incorpore cobre a la altura del fol\u00edculo del cabello. El cobre es esencial para evitar la ruptura del cabello y el pelo quebradizo. La utilizaci\u00f3n de vitamina B5 contribuye en tener un pelo fuerte y saludable. Ciste\u00edna Amino\u00e1cido que act\u00faa sobre la queratina del cabello, lo que supone una acci\u00f3n acondicionadora. Nutre y refuerza el cabello, consiguiendo un pelo m\u00e1s fuerte.<\/p>\n","protected":false},"excerpt":{"rendered":"<p>Su riqueza en biotina y la sinergia de otros ingredientes le confieren al producto las siguientes propiedades: \u00a0Nutre: aporta las sustancias que tu cuerpo necesita para crecer fuerte y sano. \u00a0Protege: gracias a las prote\u00ednas y amino\u00e1cidos que protegen el cabello contra las agresiones externas. Abrillanta: el poder del Aloe Vera penetra en el interior del cuero cabelludo para proporcionar un brillo inigualable.<br \/>\n<a id=\"boton-ficha\" href=\"https:\/\/drasanvi.com\/en\/fichas\/1\/032060653\" target=\"_blank\" rel=\"noopener\">Ficha t\u00e9cnica<\/a><\/p>\n","protected":false},"featured_media":19901,"template":"","meta":{"inline_featured_image":false},"product_cat":[94],"product_tag":[],"class_list":["post-19899","product","type-product","status-publish","has-post-thumbnail","hentry","product_cat-cosmetics","pa_contains-apio-no","pa_contains-crustaceans-no","pa_contains-dry-fruit-no","pa_contains-egg-no","pa_contains-fish-no","pa_contains-lupine-no","pa_contains-milk-no","pa_contains-mollusks-no","pa_contains-mustard-no","pa_contains-peanuts-no","pa_contains-sesame-no","pa_contains-soja-no","pa_gluten-free-product-no","pa_product-bio-no","pa_product-vegan-no","pa_vegetarian-product-no"],"yoast_head":"<!-- This site is optimized with the Yoast SEO plugin v27.4 - https:\/\/yoast.com\/product\/yoast-seo-wordpress\/ -->\n<title>Champ\u00fa Biotina y Aloe Vera 100 ml Drasanvi - Drasanvi English<\/title>\n<meta name=\"robots\" content=\"index, follow, max-snippet:-1, max-image-preview:large, max-video-preview:-1\" \/>\n<link rel=\"canonical\" href=\"https:\/\/drasanvi.com\/en\/producto\/champu-biotina-y-aloe-vera-100-ml-drasanvi\/\" \/>\n<meta property=\"og:locale\" content=\"en_US\" \/>\n<meta property=\"og:type\" content=\"article\" \/>\n<meta property=\"og:title\" content=\"Champ\u00fa Biotina y Aloe Vera 100 ml Drasanvi - Drasanvi English\" \/>\n<meta property=\"og:description\" content=\"Su riqueza en biotina y la sinergia de otros ingredientes le confieren al producto las siguientes propiedades: \u00a0Nutre: aporta las sustancias que tu cuerpo necesita para crecer fuerte y sano. \u00a0Protege: gracias a las prote\u00ednas y amino\u00e1cidos que protegen el cabello contra las agresiones externas. Abrillanta: el poder del Aloe Vera penetra en el interior del cuero cabelludo para proporcionar un brillo inigualable. Ficha t\u00e9cnica\" \/>\n<meta property=\"og:url\" content=\"https:\/\/drasanvi.com\/en\/producto\/champu-biotina-y-aloe-vera-100-ml-drasanvi\/\" \/>\n<meta property=\"og:site_name\" content=\"Drasanvi English\" \/>\n<meta property=\"article:modified_time\" content=\"2022-03-15T13:50:40+00:00\" \/>\n<meta property=\"og:image\" content=\"https:\/\/drasanvi.com\/wp-content\/uploads\/sites\/3\/2022\/02\/032060653.png\" \/>\n\t<meta property=\"og:image:width\" content=\"1200\" \/>\n\t<meta property=\"og:image:height\" content=\"1200\" \/>\n\t<meta property=\"og:image:type\" content=\"image\/png\" \/>\n<meta name=\"twitter:card\" content=\"summary_large_image\" \/>\n<script type=\"application\/ld+json\" class=\"yoast-schema-graph\">{\"@context\":\"https:\\\/\\\/schema.org\",\"@graph\":[{\"@type\":\"WebPage\",\"@id\":\"https:\\\/\\\/drasanvi.com\\\/en\\\/producto\\\/champu-biotina-y-aloe-vera-100-ml-drasanvi\\\/\",\"url\":\"https:\\\/\\\/drasanvi.com\\\/en\\\/producto\\\/champu-biotina-y-aloe-vera-100-ml-drasanvi\\\/\",\"name\":\"Champ\u00fa Biotina y Aloe Vera 100 ml Drasanvi - Drasanvi English\",\"isPartOf\":{\"@id\":\"https:\\\/\\\/drasanvi.com\\\/en\\\/#website\"},\"primaryImageOfPage\":{\"@id\":\"https:\\\/\\\/drasanvi.com\\\/en\\\/producto\\\/champu-biotina-y-aloe-vera-100-ml-drasanvi\\\/#primaryimage\"},\"image\":{\"@id\":\"https:\\\/\\\/drasanvi.com\\\/en\\\/producto\\\/champu-biotina-y-aloe-vera-100-ml-drasanvi\\\/#primaryimage\"},\"thumbnailUrl\":\"https:\\\/\\\/drasanvi.com\\\/en\\\/wp-content\\\/uploads\\\/sites\\\/3\\\/2022\\\/02\\\/032060653.png\",\"datePublished\":\"2022-02-28T13:01:42+00:00\",\"dateModified\":\"2022-03-15T13:50:40+00:00\",\"breadcrumb\":{\"@id\":\"https:\\\/\\\/drasanvi.com\\\/en\\\/producto\\\/champu-biotina-y-aloe-vera-100-ml-drasanvi\\\/#breadcrumb\"},\"inLanguage\":\"en-US\",\"potentialAction\":[{\"@type\":\"ReadAction\",\"target\":[\"https:\\\/\\\/drasanvi.com\\\/en\\\/producto\\\/champu-biotina-y-aloe-vera-100-ml-drasanvi\\\/\"]}]},{\"@type\":\"ImageObject\",\"inLanguage\":\"en-US\",\"@id\":\"https:\\\/\\\/drasanvi.com\\\/en\\\/producto\\\/champu-biotina-y-aloe-vera-100-ml-drasanvi\\\/#primaryimage\",\"url\":\"https:\\\/\\\/drasanvi.com\\\/en\\\/wp-content\\\/uploads\\\/sites\\\/3\\\/2022\\\/02\\\/032060653.png\",\"contentUrl\":\"https:\\\/\\\/drasanvi.com\\\/en\\\/wp-content\\\/uploads\\\/sites\\\/3\\\/2022\\\/02\\\/032060653.png\",\"width\":1200,\"height\":1200},{\"@type\":\"BreadcrumbList\",\"@id\":\"https:\\\/\\\/drasanvi.com\\\/en\\\/producto\\\/champu-biotina-y-aloe-vera-100-ml-drasanvi\\\/#breadcrumb\",\"itemListElement\":[{\"@type\":\"ListItem\",\"position\":1,\"name\":\"Portada\",\"item\":\"https:\\\/\\\/drasanvi.com\\\/en\\\/\"},{\"@type\":\"ListItem\",\"position\":2,\"name\":\"Tienda\",\"item\":\"https:\\\/\\\/drasanvi.com\\\/en\\\/tienda\\\/\"},{\"@type\":\"ListItem\",\"position\":3,\"name\":\"Champ\u00fa Biotina y Aloe Vera 100 ml Drasanvi\"}]},{\"@type\":\"WebSite\",\"@id\":\"https:\\\/\\\/drasanvi.com\\\/en\\\/#website\",\"url\":\"https:\\\/\\\/drasanvi.com\\\/en\\\/\",\"name\":\"Drasanvi English\",\"description\":\"L\u00edder en complementos alimenticios y cosm\u00e9tica natural.\",\"publisher\":{\"@id\":\"https:\\\/\\\/drasanvi.com\\\/en\\\/#organization\"},\"potentialAction\":[{\"@type\":\"SearchAction\",\"target\":{\"@type\":\"EntryPoint\",\"urlTemplate\":\"https:\\\/\\\/drasanvi.com\\\/en\\\/?s={search_term_string}\"},\"query-input\":{\"@type\":\"PropertyValueSpecification\",\"valueRequired\":true,\"valueName\":\"search_term_string\"}}],\"inLanguage\":\"en-US\"},{\"@type\":\"Organization\",\"@id\":\"https:\\\/\\\/drasanvi.com\\\/en\\\/#organization\",\"name\":\"Drasanvi\",\"url\":\"https:\\\/\\\/drasanvi.com\\\/en\\\/\",\"logo\":{\"@type\":\"ImageObject\",\"inLanguage\":\"en-US\",\"@id\":\"https:\\\/\\\/drasanvi.com\\\/en\\\/#\\\/schema\\\/logo\\\/image\\\/\",\"url\":\"https:\\\/\\\/drasanvi.com\\\/wp-content\\\/uploads\\\/sites\\\/3\\\/2021\\\/07\\\/logo-drasanvi.png\",\"contentUrl\":\"https:\\\/\\\/drasanvi.com\\\/wp-content\\\/uploads\\\/sites\\\/3\\\/2021\\\/07\\\/logo-drasanvi.png\",\"width\":900,\"height\":300,\"caption\":\"Drasanvi\"},\"image\":{\"@id\":\"https:\\\/\\\/drasanvi.com\\\/en\\\/#\\\/schema\\\/logo\\\/image\\\/\"}}]}<\/script>\n<!-- \/ Yoast SEO plugin. -->","yoast_head_json":{"title":"Champ\u00fa Biotina y Aloe Vera 100 ml Drasanvi - Drasanvi English","robots":{"index":"index","follow":"follow","max-snippet":"max-snippet:-1","max-image-preview":"max-image-preview:large","max-video-preview":"max-video-preview:-1"},"canonical":"https:\/\/drasanvi.com\/en\/producto\/champu-biotina-y-aloe-vera-100-ml-drasanvi\/","og_locale":"en_US","og_type":"article","og_title":"Champ\u00fa Biotina y Aloe Vera 100 ml Drasanvi - Drasanvi English","og_description":"Su riqueza en biotina y la sinergia de otros ingredientes le confieren al producto las siguientes propiedades: \u00a0Nutre: aporta las sustancias que tu cuerpo necesita para crecer fuerte y sano. \u00a0Protege: gracias a las prote\u00ednas y amino\u00e1cidos que protegen el cabello contra las agresiones externas. Abrillanta: el poder del Aloe Vera penetra en el interior del cuero cabelludo para proporcionar un brillo inigualable. Ficha t\u00e9cnica","og_url":"https:\/\/drasanvi.com\/en\/producto\/champu-biotina-y-aloe-vera-100-ml-drasanvi\/","og_site_name":"Drasanvi English","article_modified_time":"2022-03-15T13:50:40+00:00","og_image":[{"width":1200,"height":1200,"url":"https:\/\/drasanvi.com\/wp-content\/uploads\/sites\/3\/2022\/02\/032060653.png","type":"image\/png"}],"twitter_card":"summary_large_image","schema":{"@context":"https:\/\/schema.org","@graph":[{"@type":"WebPage","@id":"https:\/\/drasanvi.com\/en\/producto\/champu-biotina-y-aloe-vera-100-ml-drasanvi\/","url":"https:\/\/drasanvi.com\/en\/producto\/champu-biotina-y-aloe-vera-100-ml-drasanvi\/","name":"Champ\u00fa Biotina y Aloe Vera 100 ml Drasanvi - Drasanvi English","isPartOf":{"@id":"https:\/\/drasanvi.com\/en\/#website"},"primaryImageOfPage":{"@id":"https:\/\/drasanvi.com\/en\/producto\/champu-biotina-y-aloe-vera-100-ml-drasanvi\/#primaryimage"},"image":{"@id":"https:\/\/drasanvi.com\/en\/producto\/champu-biotina-y-aloe-vera-100-ml-drasanvi\/#primaryimage"},"thumbnailUrl":"https:\/\/drasanvi.com\/en\/wp-content\/uploads\/sites\/3\/2022\/02\/032060653.png","datePublished":"2022-02-28T13:01:42+00:00","dateModified":"2022-03-15T13:50:40+00:00","breadcrumb":{"@id":"https:\/\/drasanvi.com\/en\/producto\/champu-biotina-y-aloe-vera-100-ml-drasanvi\/#breadcrumb"},"inLanguage":"en-US","potentialAction":[{"@type":"ReadAction","target":["https:\/\/drasanvi.com\/en\/producto\/champu-biotina-y-aloe-vera-100-ml-drasanvi\/"]}]},{"@type":"ImageObject","inLanguage":"en-US","@id":"https:\/\/drasanvi.com\/en\/producto\/champu-biotina-y-aloe-vera-100-ml-drasanvi\/#primaryimage","url":"https:\/\/drasanvi.com\/en\/wp-content\/uploads\/sites\/3\/2022\/02\/032060653.png","contentUrl":"https:\/\/drasanvi.com\/en\/wp-content\/uploads\/sites\/3\/2022\/02\/032060653.png","width":1200,"height":1200},{"@type":"BreadcrumbList","@id":"https:\/\/drasanvi.com\/en\/producto\/champu-biotina-y-aloe-vera-100-ml-drasanvi\/#breadcrumb","itemListElement":[{"@type":"ListItem","position":1,"name":"Portada","item":"https:\/\/drasanvi.com\/en\/"},{"@type":"ListItem","position":2,"name":"Tienda","item":"https:\/\/drasanvi.com\/en\/tienda\/"},{"@type":"ListItem","position":3,"name":"Champ\u00fa Biotina y Aloe Vera 100 ml Drasanvi"}]},{"@type":"WebSite","@id":"https:\/\/drasanvi.com\/en\/#website","url":"https:\/\/drasanvi.com\/en\/","name":"Drasanvi English","description":"L\u00edder en complementos alimenticios y cosm\u00e9tica natural.","publisher":{"@id":"https:\/\/drasanvi.com\/en\/#organization"},"potentialAction":[{"@type":"SearchAction","target":{"@type":"EntryPoint","urlTemplate":"https:\/\/drasanvi.com\/en\/?s={search_term_string}"},"query-input":{"@type":"PropertyValueSpecification","valueRequired":true,"valueName":"search_term_string"}}],"inLanguage":"en-US"},{"@type":"Organization","@id":"https:\/\/drasanvi.com\/en\/#organization","name":"Drasanvi","url":"https:\/\/drasanvi.com\/en\/","logo":{"@type":"ImageObject","inLanguage":"en-US","@id":"https:\/\/drasanvi.com\/en\/#\/schema\/logo\/image\/","url":"https:\/\/drasanvi.com\/wp-content\/uploads\/sites\/3\/2021\/07\/logo-drasanvi.png","contentUrl":"https:\/\/drasanvi.com\/wp-content\/uploads\/sites\/3\/2021\/07\/logo-drasanvi.png","width":900,"height":300,"caption":"Drasanvi"},"image":{"@id":"https:\/\/drasanvi.com\/en\/#\/schema\/logo\/image\/"}}]}},"_links":{"self":[{"href":"https:\/\/drasanvi.com\/en\/wp-json\/wp\/v2\/product\/19899","targetHints":{"allow":["GET"]}}],"collection":[{"href":"https:\/\/drasanvi.com\/en\/wp-json\/wp\/v2\/product"}],"about":[{"href":"https:\/\/drasanvi.com\/en\/wp-json\/wp\/v2\/types\/product"}],"version-history":[{"count":0,"href":"https:\/\/drasanvi.com\/en\/wp-json\/wp\/v2\/product\/19899\/revisions"}],"wp:featuredmedia":[{"embeddable":true,"href":"https:\/\/drasanvi.com\/en\/wp-json\/wp\/v2\/media\/19901"}],"wp:attachment":[{"href":"https:\/\/drasanvi.com\/en\/wp-json\/wp\/v2\/media?parent=19899"}],"wp:term":[{"taxonomy":"product_cat","embeddable":true,"href":"https:\/\/drasanvi.com\/en\/wp-json\/wp\/v2\/product_cat?post=19899"},{"taxonomy":"product_tag","embeddable":true,"href":"https:\/\/drasanvi.com\/en\/wp-json\/wp\/v2\/product_tag?post=19899"}],"curies":[{"name":"wp","href":"https:\/\/api.w.org\/{rel}","templated":true}]}}