{"id":19854,"date":"2022-02-28T15:01:04","date_gmt":"2022-02-28T13:01:04","guid":{"rendered":"https:\/\/drasanvi.com\/en\/producto\/cannabis-d-rojo-36-capsulas-drasanvi\/"},"modified":"2022-02-28T16:08:11","modified_gmt":"2022-02-28T14:08:11","slug":"cannabis-d-rojo-36-capsulas-drasanvi","status":"publish","type":"product","link":"https:\/\/drasanvi.com\/en\/producto\/cannabis-d-rojo-36-capsulas-drasanvi\/","title":{"rendered":"Cannabis D Rojo 36 capsulas Drasanvi"},"content":{"rendered":"<h2>Ingredientes<\/h2>\n<p>Ingredientes  Descripci\u00f3n  Cantidad \/ Dosis diaria      \u00a0Palmitoiletanolamida (PEA)  \u00a0  300 mg\u00a0      S-Adenosilmetionina\u00a0  \u00a0  100 mg\u00a0      Extracto semilla c\u00e1\u00f1amo\u00a0  Cannabis sativa var sativa  50 mg\u00a0      Vitamina B12  Cianocobalamina\u00a0  2,5 \u00b5g\u00a0      Otros ingredientes  Hidroxipropilmetilcelulosa, Celulosa microcristina, esterato de magnesio, di\u00f3xido de silicio  \u00a0<\/p>\n<h2>Modo de uso<\/h2>\n<p>Tomar c\u00e1psula al d\u00eda, preferiblemente antes de acostarse.<\/p>\n<h3>Presentaci\u00f3n<\/h3>\n<p>36 c\u00e1psulas de 663 mg. Peso neto 23,87 g\u00a0<\/p>\n<h3>Advertencias<\/h3>\n<p>Complemento alimenticio a base de semilla de c&aacute;&ntilde;amo industrial, palmitoiletanolamida, adenosilmetionina y vitamina B12.Los complementos alimenticios no deben utilizarse como sustituto de una dieta equilibrada. No superar la dosis diaria expresamente recomendada. Mantener fuera del alcance de los ni&ntilde;os m&aacute;s peque&ntilde;os. Conservar en un lugar fresco y seco.<\/p>\n<h2>Informaci\u00f3n adicional<\/h2>\n<p>Ingredientes  Descripci\u00f3n  Cantidad \/ Dosis diaria      Palmitoiletanolamida (PEA)  \u00a0  300 mg\u00a0      Envoltura  (Hidroxipropilmetilcelulosa)  120 mg\u00a0      S- Adenosilmetionina (SAMe)  \u00a0  100 mg\u00a0      Agente de carga\u00a0  Celulosa microcristalina\u00a0  88 mg\u00a0      Semilla de c\u00e1\u00f1amo industrial\u00a0  Cannabis sativa L.\u00a0  50 mg\u00a0      Agente de carga\u00a0  Esterato de magnesio\u00a0  6 mg\u00a0      Antiaglomerante\u00a0  Dioxido de silicio\u00a0  4 mg\u00a0      Vitamina B12  Cianocobalamina\u00a0  2,5 \u00b5g\u00a0<\/p>\n<p>por dosis diaria        Ingrediente  Porcentaje  Cantidad      Vitamina B12  100 %  2,5 \u00b5g        % VRN (Valores de Referencia de Nutrientes)<\/p>\n","protected":false},"excerpt":{"rendered":"<p>Nuestras c\u00e1psulas de Cannabis aprovechan las propiedades del c\u00e1\u00f1amo industrial y la sinergia del revolucionario ingrediente Palmitoiletanolamida, conocido como PEA. Este ingrediente act\u00faa a nivel de los receptores cannabinoides, encargados de regular numerosas funciones del organismo.\u00a0  Toma uno al d\u00eda, preferiblemente, antes de dormir, pero, puedes elegir el momento que m\u00e1s se ajuste a las necesidades.\u00a0<br \/><a id=\"boton-ficha\" href=\"https:\/\/drasanvi.com\/en\/fichas\/1\/032057037\" target=\"_blank\" rel=\"noopener\">Ficha t\u00e9cnica<\/a><\/p>\n","protected":false},"featured_media":19856,"template":"","meta":{"inline_featured_image":false},"product_cat":[92],"product_tag":[],"class_list":["post-19854","product","type-product","status-publish","has-post-thumbnail","hentry","product_cat-cannabis-cbd","pa_contains-apio-no","pa_contains-crustaceans-no","pa_contains-dry-fruit-no","pa_contains-egg-no","pa_contains-fish-no","pa_contains-lupine-no","pa_contains-milk-no","pa_contains-mollusks-no","pa_contains-mustard-no","pa_contains-peanuts-no","pa_contains-sesame-no","pa_contains-soja-no","pa_gluten-free-product-si","pa_product-bio-no","pa_product-vegan-si","pa_vegetarian-product-si"],"yoast_head":"<!-- This site is optimized with the Yoast SEO plugin v27.5 - https:\/\/yoast.com\/product\/yoast-seo-wordpress\/ -->\n<title>Cannabis D Rojo 36 capsulas Drasanvi - Drasanvi English<\/title>\n<meta name=\"robots\" content=\"index, follow, max-snippet:-1, max-image-preview:large, max-video-preview:-1\" \/>\n<link rel=\"canonical\" href=\"https:\/\/drasanvi.com\/en\/producto\/cannabis-d-rojo-36-capsulas-drasanvi\/\" \/>\n<meta property=\"og:locale\" content=\"en_US\" \/>\n<meta property=\"og:type\" content=\"article\" \/>\n<meta property=\"og:title\" content=\"Cannabis D Rojo 36 capsulas Drasanvi - Drasanvi English\" \/>\n<meta property=\"og:description\" content=\"Nuestras c\u00e1psulas de Cannabis aprovechan las propiedades del c\u00e1\u00f1amo industrial y la sinergia del revolucionario ingrediente Palmitoiletanolamida, conocido como PEA. Este ingrediente act\u00faa a nivel de los receptores cannabinoides, encargados de regular numerosas funciones del organismo.\u00a0 Toma uno al d\u00eda, preferiblemente, antes de dormir, pero, puedes elegir el momento que m\u00e1s se ajuste a las necesidades.\u00a0Ficha t\u00e9cnica\" \/>\n<meta property=\"og:url\" content=\"https:\/\/drasanvi.com\/en\/producto\/cannabis-d-rojo-36-capsulas-drasanvi\/\" \/>\n<meta property=\"og:site_name\" content=\"Drasanvi English\" \/>\n<meta property=\"article:modified_time\" content=\"2022-02-28T14:08:11+00:00\" \/>\n<meta property=\"og:image\" content=\"https:\/\/drasanvi.com\/wp-content\/uploads\/sites\/3\/2022\/02\/032057037.png\" \/>\n\t<meta property=\"og:image:width\" content=\"768\" \/>\n\t<meta property=\"og:image:height\" content=\"768\" \/>\n\t<meta property=\"og:image:type\" content=\"image\/png\" \/>\n<meta name=\"twitter:card\" content=\"summary_large_image\" \/>\n<script type=\"application\/ld+json\" class=\"yoast-schema-graph\">{\"@context\":\"https:\\\/\\\/schema.org\",\"@graph\":[{\"@type\":\"WebPage\",\"@id\":\"https:\\\/\\\/drasanvi.com\\\/en\\\/producto\\\/cannabis-d-rojo-36-capsulas-drasanvi\\\/\",\"url\":\"https:\\\/\\\/drasanvi.com\\\/en\\\/producto\\\/cannabis-d-rojo-36-capsulas-drasanvi\\\/\",\"name\":\"Cannabis D Rojo 36 capsulas Drasanvi - Drasanvi English\",\"isPartOf\":{\"@id\":\"https:\\\/\\\/drasanvi.com\\\/en\\\/#website\"},\"primaryImageOfPage\":{\"@id\":\"https:\\\/\\\/drasanvi.com\\\/en\\\/producto\\\/cannabis-d-rojo-36-capsulas-drasanvi\\\/#primaryimage\"},\"image\":{\"@id\":\"https:\\\/\\\/drasanvi.com\\\/en\\\/producto\\\/cannabis-d-rojo-36-capsulas-drasanvi\\\/#primaryimage\"},\"thumbnailUrl\":\"https:\\\/\\\/drasanvi.com\\\/en\\\/wp-content\\\/uploads\\\/sites\\\/3\\\/2022\\\/02\\\/032057037.png\",\"datePublished\":\"2022-02-28T13:01:04+00:00\",\"dateModified\":\"2022-02-28T14:08:11+00:00\",\"breadcrumb\":{\"@id\":\"https:\\\/\\\/drasanvi.com\\\/en\\\/producto\\\/cannabis-d-rojo-36-capsulas-drasanvi\\\/#breadcrumb\"},\"inLanguage\":\"en-US\",\"potentialAction\":[{\"@type\":\"ReadAction\",\"target\":[\"https:\\\/\\\/drasanvi.com\\\/en\\\/producto\\\/cannabis-d-rojo-36-capsulas-drasanvi\\\/\"]}]},{\"@type\":\"ImageObject\",\"inLanguage\":\"en-US\",\"@id\":\"https:\\\/\\\/drasanvi.com\\\/en\\\/producto\\\/cannabis-d-rojo-36-capsulas-drasanvi\\\/#primaryimage\",\"url\":\"https:\\\/\\\/drasanvi.com\\\/en\\\/wp-content\\\/uploads\\\/sites\\\/3\\\/2022\\\/02\\\/032057037.png\",\"contentUrl\":\"https:\\\/\\\/drasanvi.com\\\/en\\\/wp-content\\\/uploads\\\/sites\\\/3\\\/2022\\\/02\\\/032057037.png\",\"width\":768,\"height\":768},{\"@type\":\"BreadcrumbList\",\"@id\":\"https:\\\/\\\/drasanvi.com\\\/en\\\/producto\\\/cannabis-d-rojo-36-capsulas-drasanvi\\\/#breadcrumb\",\"itemListElement\":[{\"@type\":\"ListItem\",\"position\":1,\"name\":\"Portada\",\"item\":\"https:\\\/\\\/drasanvi.com\\\/en\\\/\"},{\"@type\":\"ListItem\",\"position\":2,\"name\":\"Tienda\",\"item\":\"https:\\\/\\\/drasanvi.com\\\/en\\\/tienda\\\/\"},{\"@type\":\"ListItem\",\"position\":3,\"name\":\"Cannabis D Rojo 36 capsulas Drasanvi\"}]},{\"@type\":\"WebSite\",\"@id\":\"https:\\\/\\\/drasanvi.com\\\/en\\\/#website\",\"url\":\"https:\\\/\\\/drasanvi.com\\\/en\\\/\",\"name\":\"Drasanvi English\",\"description\":\"L\u00edder en complementos alimenticios y cosm\u00e9tica natural.\",\"publisher\":{\"@id\":\"https:\\\/\\\/drasanvi.com\\\/en\\\/#organization\"},\"potentialAction\":[{\"@type\":\"SearchAction\",\"target\":{\"@type\":\"EntryPoint\",\"urlTemplate\":\"https:\\\/\\\/drasanvi.com\\\/en\\\/?s={search_term_string}\"},\"query-input\":{\"@type\":\"PropertyValueSpecification\",\"valueRequired\":true,\"valueName\":\"search_term_string\"}}],\"inLanguage\":\"en-US\"},{\"@type\":\"Organization\",\"@id\":\"https:\\\/\\\/drasanvi.com\\\/en\\\/#organization\",\"name\":\"Drasanvi\",\"url\":\"https:\\\/\\\/drasanvi.com\\\/en\\\/\",\"logo\":{\"@type\":\"ImageObject\",\"inLanguage\":\"en-US\",\"@id\":\"https:\\\/\\\/drasanvi.com\\\/en\\\/#\\\/schema\\\/logo\\\/image\\\/\",\"url\":\"https:\\\/\\\/drasanvi.com\\\/wp-content\\\/uploads\\\/sites\\\/3\\\/2021\\\/07\\\/logo-drasanvi.png\",\"contentUrl\":\"https:\\\/\\\/drasanvi.com\\\/wp-content\\\/uploads\\\/sites\\\/3\\\/2021\\\/07\\\/logo-drasanvi.png\",\"width\":900,\"height\":300,\"caption\":\"Drasanvi\"},\"image\":{\"@id\":\"https:\\\/\\\/drasanvi.com\\\/en\\\/#\\\/schema\\\/logo\\\/image\\\/\"}}]}<\/script>\n<!-- \/ Yoast SEO plugin. -->","yoast_head_json":{"title":"Cannabis D Rojo 36 capsulas Drasanvi - Drasanvi English","robots":{"index":"index","follow":"follow","max-snippet":"max-snippet:-1","max-image-preview":"max-image-preview:large","max-video-preview":"max-video-preview:-1"},"canonical":"https:\/\/drasanvi.com\/en\/producto\/cannabis-d-rojo-36-capsulas-drasanvi\/","og_locale":"en_US","og_type":"article","og_title":"Cannabis D Rojo 36 capsulas Drasanvi - Drasanvi English","og_description":"Nuestras c\u00e1psulas de Cannabis aprovechan las propiedades del c\u00e1\u00f1amo industrial y la sinergia del revolucionario ingrediente Palmitoiletanolamida, conocido como PEA. Este ingrediente act\u00faa a nivel de los receptores cannabinoides, encargados de regular numerosas funciones del organismo.\u00a0 Toma uno al d\u00eda, preferiblemente, antes de dormir, pero, puedes elegir el momento que m\u00e1s se ajuste a las necesidades.\u00a0Ficha t\u00e9cnica","og_url":"https:\/\/drasanvi.com\/en\/producto\/cannabis-d-rojo-36-capsulas-drasanvi\/","og_site_name":"Drasanvi English","article_modified_time":"2022-02-28T14:08:11+00:00","og_image":[{"width":768,"height":768,"url":"https:\/\/drasanvi.com\/wp-content\/uploads\/sites\/3\/2022\/02\/032057037.png","type":"image\/png"}],"twitter_card":"summary_large_image","schema":{"@context":"https:\/\/schema.org","@graph":[{"@type":"WebPage","@id":"https:\/\/drasanvi.com\/en\/producto\/cannabis-d-rojo-36-capsulas-drasanvi\/","url":"https:\/\/drasanvi.com\/en\/producto\/cannabis-d-rojo-36-capsulas-drasanvi\/","name":"Cannabis D Rojo 36 capsulas Drasanvi - Drasanvi English","isPartOf":{"@id":"https:\/\/drasanvi.com\/en\/#website"},"primaryImageOfPage":{"@id":"https:\/\/drasanvi.com\/en\/producto\/cannabis-d-rojo-36-capsulas-drasanvi\/#primaryimage"},"image":{"@id":"https:\/\/drasanvi.com\/en\/producto\/cannabis-d-rojo-36-capsulas-drasanvi\/#primaryimage"},"thumbnailUrl":"https:\/\/drasanvi.com\/en\/wp-content\/uploads\/sites\/3\/2022\/02\/032057037.png","datePublished":"2022-02-28T13:01:04+00:00","dateModified":"2022-02-28T14:08:11+00:00","breadcrumb":{"@id":"https:\/\/drasanvi.com\/en\/producto\/cannabis-d-rojo-36-capsulas-drasanvi\/#breadcrumb"},"inLanguage":"en-US","potentialAction":[{"@type":"ReadAction","target":["https:\/\/drasanvi.com\/en\/producto\/cannabis-d-rojo-36-capsulas-drasanvi\/"]}]},{"@type":"ImageObject","inLanguage":"en-US","@id":"https:\/\/drasanvi.com\/en\/producto\/cannabis-d-rojo-36-capsulas-drasanvi\/#primaryimage","url":"https:\/\/drasanvi.com\/en\/wp-content\/uploads\/sites\/3\/2022\/02\/032057037.png","contentUrl":"https:\/\/drasanvi.com\/en\/wp-content\/uploads\/sites\/3\/2022\/02\/032057037.png","width":768,"height":768},{"@type":"BreadcrumbList","@id":"https:\/\/drasanvi.com\/en\/producto\/cannabis-d-rojo-36-capsulas-drasanvi\/#breadcrumb","itemListElement":[{"@type":"ListItem","position":1,"name":"Portada","item":"https:\/\/drasanvi.com\/en\/"},{"@type":"ListItem","position":2,"name":"Tienda","item":"https:\/\/drasanvi.com\/en\/tienda\/"},{"@type":"ListItem","position":3,"name":"Cannabis D Rojo 36 capsulas Drasanvi"}]},{"@type":"WebSite","@id":"https:\/\/drasanvi.com\/en\/#website","url":"https:\/\/drasanvi.com\/en\/","name":"Drasanvi English","description":"L\u00edder en complementos alimenticios y cosm\u00e9tica natural.","publisher":{"@id":"https:\/\/drasanvi.com\/en\/#organization"},"potentialAction":[{"@type":"SearchAction","target":{"@type":"EntryPoint","urlTemplate":"https:\/\/drasanvi.com\/en\/?s={search_term_string}"},"query-input":{"@type":"PropertyValueSpecification","valueRequired":true,"valueName":"search_term_string"}}],"inLanguage":"en-US"},{"@type":"Organization","@id":"https:\/\/drasanvi.com\/en\/#organization","name":"Drasanvi","url":"https:\/\/drasanvi.com\/en\/","logo":{"@type":"ImageObject","inLanguage":"en-US","@id":"https:\/\/drasanvi.com\/en\/#\/schema\/logo\/image\/","url":"https:\/\/drasanvi.com\/wp-content\/uploads\/sites\/3\/2021\/07\/logo-drasanvi.png","contentUrl":"https:\/\/drasanvi.com\/wp-content\/uploads\/sites\/3\/2021\/07\/logo-drasanvi.png","width":900,"height":300,"caption":"Drasanvi"},"image":{"@id":"https:\/\/drasanvi.com\/en\/#\/schema\/logo\/image\/"}}]}},"_links":{"self":[{"href":"https:\/\/drasanvi.com\/en\/wp-json\/wp\/v2\/product\/19854","targetHints":{"allow":["GET"]}}],"collection":[{"href":"https:\/\/drasanvi.com\/en\/wp-json\/wp\/v2\/product"}],"about":[{"href":"https:\/\/drasanvi.com\/en\/wp-json\/wp\/v2\/types\/product"}],"version-history":[{"count":0,"href":"https:\/\/drasanvi.com\/en\/wp-json\/wp\/v2\/product\/19854\/revisions"}],"wp:featuredmedia":[{"embeddable":true,"href":"https:\/\/drasanvi.com\/en\/wp-json\/wp\/v2\/media\/19856"}],"wp:attachment":[{"href":"https:\/\/drasanvi.com\/en\/wp-json\/wp\/v2\/media?parent=19854"}],"wp:term":[{"taxonomy":"product_cat","embeddable":true,"href":"https:\/\/drasanvi.com\/en\/wp-json\/wp\/v2\/product_cat?post=19854"},{"taxonomy":"product_tag","embeddable":true,"href":"https:\/\/drasanvi.com\/en\/wp-json\/wp\/v2\/product_tag?post=19854"}],"curies":[{"name":"wp","href":"https:\/\/api.w.org\/{rel}","templated":true}]}}