{"id":19589,"date":"2022-02-28T14:56:21","date_gmt":"2022-02-28T12:56:21","guid":{"rendered":"https:\/\/drasanvi.com\/en\/producto\/aceite-vegetal-coco-bio\/"},"modified":"2022-03-10T14:16:48","modified_gmt":"2022-03-10T12:16:48","slug":"aceite-vegetal-coco-bio","status":"publish","type":"product","link":"https:\/\/drasanvi.com\/en\/producto\/aceite-vegetal-coco-bio\/","title":{"rendered":"Aceite Vegetal Coco BIO"},"content":{"rendered":"<h2>Ingredientes<\/h2>\n<p>Aceite de Coco Cocos nucifera* de primera prensada en fr\u00edo  *Ingrediente procedente de la Agricultura Ecol\u00f3gica<\/p>\n<h2>Modo de uso<\/h2>\n<p>Aplicar en la piel y masajear hasta su completa absorci\u00f3n.<\/p>\n<h3>Presentaci\u00f3n<\/h3>\n<p>Envase de 50 ml (1.75 fl oz)<\/p>\n<h3>Advertencias<\/h3>\n<p>Mantener fuera del alcance de los ni&ntilde;os m&aacute;s peque&ntilde;os. Conservar en un lugar fresco y seco.&nbsp;&nbsp;<\/p>\n<h2>Informaci\u00f3n adicional<\/h2>\n<p>Ingredients:\u00a0Cocos nucifera*. *Ingredientes procedentes de la Agricultura Ecol\u00f3gica. *El 100% del total de los ingredientes procede de la Agricultura Ecol\u00f3gica. *100% del total es de origen natural. COSMOS ORGANIC certificado por Ecocert Greenlife seg\u00fan el est\u00e1ndar COSMOS disponible en http:\/\/cosmos.ecocert.com<\/p>\n","protected":false},"excerpt":{"rendered":"<p>El cocotero es una palmera esbelta, t\u00edpica de las regiones tropicales, que puede alcanzar entre los 12 y 30 metros de altura. Su fruto, el coco, se produce durante todo el a\u00f1o. El coco se ha utilizado, hist\u00f3ricamente, como fruto medicinal y es en los \u00faltimos a\u00f1os cuando est\u00e1 siendo reconocido a nivel mundial y se est\u00e1 usando tanto en recetas culinarias como por sus propiedades cosm\u00e9ticas y terap\u00e9uticas.  El aceite vegetal de Coco de Vitaroms es obtenido por primera presi\u00f3n en fr\u00edo del fruto de Cocos nucifera. Esto nos asegura que todos sus componentes se mantengan intactos, proporcionando, as\u00ed, grandes beneficios al organismo. M\u00e1s del 90% de los \u00e1cidos grasos son saturados, por lo que el porcentaje de \u00e1cidos grasos insaturados es menor al 10%. Es un aceite, altamente nutritivo, emoliente y regenerador.<br \/><a id=\"boton-ficha\" href=\"https:\/\/panel.drasanvi.com\/fichas\/1\/032010161\" target=\"_blank\" rel=\"noopener\">Ficha t\u00e9cnica<\/a><\/p>\n","protected":false},"featured_media":19591,"template":"","meta":{"inline_featured_image":false},"product_cat":[89,109,110],"product_tag":[],"class_list":["post-19589","product","type-product","status-publish","has-post-thumbnail","hentry","product_cat-food","product_cat-healthy-weight","product_cat-products-keto","pa_contains-apio-no","pa_contains-crustaceans-no","pa_contains-dry-fruit-no","pa_contains-egg-no","pa_contains-fish-no","pa_contains-lupine-no","pa_contains-milk-no","pa_contains-mollusks-no","pa_contains-mustard-no","pa_contains-peanuts-no","pa_contains-sesame-no","pa_contains-soja-no","pa_gluten-free-product-si","pa_product-bio-si","pa_product-vegan-si","pa_vegetarian-product-si"],"yoast_head":"<!-- This site is optimized with the Yoast SEO plugin v27.4 - https:\/\/yoast.com\/product\/yoast-seo-wordpress\/ -->\n<title>Aceite Vegetal Coco BIO - Drasanvi English<\/title>\n<meta name=\"robots\" content=\"index, follow, max-snippet:-1, max-image-preview:large, max-video-preview:-1\" \/>\n<link rel=\"canonical\" href=\"https:\/\/drasanvi.com\/en\/producto\/aceite-vegetal-coco-bio\/\" \/>\n<meta property=\"og:locale\" content=\"en_US\" \/>\n<meta property=\"og:type\" content=\"article\" \/>\n<meta property=\"og:title\" content=\"Aceite Vegetal Coco BIO - Drasanvi English\" \/>\n<meta property=\"og:description\" content=\"El cocotero es una palmera esbelta, t\u00edpica de las regiones tropicales, que puede alcanzar entre los 12 y 30 metros de altura. Su fruto, el coco, se produce durante todo el a\u00f1o. El coco se ha utilizado, hist\u00f3ricamente, como fruto medicinal y es en los \u00faltimos a\u00f1os cuando est\u00e1 siendo reconocido a nivel mundial y se est\u00e1 usando tanto en recetas culinarias como por sus propiedades cosm\u00e9ticas y terap\u00e9uticas. El aceite vegetal de Coco de Vitaroms es obtenido por primera presi\u00f3n en fr\u00edo del fruto de Cocos nucifera. Esto nos asegura que todos sus componentes se mantengan intactos, proporcionando, as\u00ed, grandes beneficios al organismo. M\u00e1s del 90% de los \u00e1cidos grasos son saturados, por lo que el porcentaje de \u00e1cidos grasos insaturados es menor al 10%. Es un aceite, altamente nutritivo, emoliente y regenerador.Ficha t\u00e9cnica\" \/>\n<meta property=\"og:url\" content=\"https:\/\/drasanvi.com\/en\/producto\/aceite-vegetal-coco-bio\/\" \/>\n<meta property=\"og:site_name\" content=\"Drasanvi English\" \/>\n<meta property=\"article:modified_time\" content=\"2022-03-10T12:16:48+00:00\" \/>\n<meta property=\"og:image\" content=\"https:\/\/drasanvi.com\/wp-content\/uploads\/sites\/3\/2022\/02\/032010161.png\" \/>\n\t<meta property=\"og:image:width\" content=\"1000\" \/>\n\t<meta property=\"og:image:height\" content=\"1000\" \/>\n\t<meta property=\"og:image:type\" content=\"image\/png\" \/>\n<meta name=\"twitter:card\" content=\"summary_large_image\" \/>\n<script type=\"application\/ld+json\" class=\"yoast-schema-graph\">{\"@context\":\"https:\\\/\\\/schema.org\",\"@graph\":[{\"@type\":\"WebPage\",\"@id\":\"https:\\\/\\\/drasanvi.com\\\/en\\\/producto\\\/aceite-vegetal-coco-bio\\\/\",\"url\":\"https:\\\/\\\/drasanvi.com\\\/en\\\/producto\\\/aceite-vegetal-coco-bio\\\/\",\"name\":\"Aceite Vegetal Coco BIO - Drasanvi English\",\"isPartOf\":{\"@id\":\"https:\\\/\\\/drasanvi.com\\\/en\\\/#website\"},\"primaryImageOfPage\":{\"@id\":\"https:\\\/\\\/drasanvi.com\\\/en\\\/producto\\\/aceite-vegetal-coco-bio\\\/#primaryimage\"},\"image\":{\"@id\":\"https:\\\/\\\/drasanvi.com\\\/en\\\/producto\\\/aceite-vegetal-coco-bio\\\/#primaryimage\"},\"thumbnailUrl\":\"https:\\\/\\\/drasanvi.com\\\/en\\\/wp-content\\\/uploads\\\/sites\\\/3\\\/2022\\\/02\\\/032010161.png\",\"datePublished\":\"2022-02-28T12:56:21+00:00\",\"dateModified\":\"2022-03-10T12:16:48+00:00\",\"breadcrumb\":{\"@id\":\"https:\\\/\\\/drasanvi.com\\\/en\\\/producto\\\/aceite-vegetal-coco-bio\\\/#breadcrumb\"},\"inLanguage\":\"en-US\",\"potentialAction\":[{\"@type\":\"ReadAction\",\"target\":[\"https:\\\/\\\/drasanvi.com\\\/en\\\/producto\\\/aceite-vegetal-coco-bio\\\/\"]}]},{\"@type\":\"ImageObject\",\"inLanguage\":\"en-US\",\"@id\":\"https:\\\/\\\/drasanvi.com\\\/en\\\/producto\\\/aceite-vegetal-coco-bio\\\/#primaryimage\",\"url\":\"https:\\\/\\\/drasanvi.com\\\/en\\\/wp-content\\\/uploads\\\/sites\\\/3\\\/2022\\\/02\\\/032010161.png\",\"contentUrl\":\"https:\\\/\\\/drasanvi.com\\\/en\\\/wp-content\\\/uploads\\\/sites\\\/3\\\/2022\\\/02\\\/032010161.png\",\"width\":1000,\"height\":1000},{\"@type\":\"BreadcrumbList\",\"@id\":\"https:\\\/\\\/drasanvi.com\\\/en\\\/producto\\\/aceite-vegetal-coco-bio\\\/#breadcrumb\",\"itemListElement\":[{\"@type\":\"ListItem\",\"position\":1,\"name\":\"Portada\",\"item\":\"https:\\\/\\\/drasanvi.com\\\/en\\\/\"},{\"@type\":\"ListItem\",\"position\":2,\"name\":\"Tienda\",\"item\":\"https:\\\/\\\/drasanvi.com\\\/en\\\/tienda\\\/\"},{\"@type\":\"ListItem\",\"position\":3,\"name\":\"Aceite Vegetal Coco BIO\"}]},{\"@type\":\"WebSite\",\"@id\":\"https:\\\/\\\/drasanvi.com\\\/en\\\/#website\",\"url\":\"https:\\\/\\\/drasanvi.com\\\/en\\\/\",\"name\":\"Drasanvi English\",\"description\":\"L\u00edder en complementos alimenticios y cosm\u00e9tica natural.\",\"publisher\":{\"@id\":\"https:\\\/\\\/drasanvi.com\\\/en\\\/#organization\"},\"potentialAction\":[{\"@type\":\"SearchAction\",\"target\":{\"@type\":\"EntryPoint\",\"urlTemplate\":\"https:\\\/\\\/drasanvi.com\\\/en\\\/?s={search_term_string}\"},\"query-input\":{\"@type\":\"PropertyValueSpecification\",\"valueRequired\":true,\"valueName\":\"search_term_string\"}}],\"inLanguage\":\"en-US\"},{\"@type\":\"Organization\",\"@id\":\"https:\\\/\\\/drasanvi.com\\\/en\\\/#organization\",\"name\":\"Drasanvi\",\"url\":\"https:\\\/\\\/drasanvi.com\\\/en\\\/\",\"logo\":{\"@type\":\"ImageObject\",\"inLanguage\":\"en-US\",\"@id\":\"https:\\\/\\\/drasanvi.com\\\/en\\\/#\\\/schema\\\/logo\\\/image\\\/\",\"url\":\"https:\\\/\\\/drasanvi.com\\\/wp-content\\\/uploads\\\/sites\\\/3\\\/2021\\\/07\\\/logo-drasanvi.png\",\"contentUrl\":\"https:\\\/\\\/drasanvi.com\\\/wp-content\\\/uploads\\\/sites\\\/3\\\/2021\\\/07\\\/logo-drasanvi.png\",\"width\":900,\"height\":300,\"caption\":\"Drasanvi\"},\"image\":{\"@id\":\"https:\\\/\\\/drasanvi.com\\\/en\\\/#\\\/schema\\\/logo\\\/image\\\/\"}}]}<\/script>\n<!-- \/ Yoast SEO plugin. -->","yoast_head_json":{"title":"Aceite Vegetal Coco BIO - Drasanvi English","robots":{"index":"index","follow":"follow","max-snippet":"max-snippet:-1","max-image-preview":"max-image-preview:large","max-video-preview":"max-video-preview:-1"},"canonical":"https:\/\/drasanvi.com\/en\/producto\/aceite-vegetal-coco-bio\/","og_locale":"en_US","og_type":"article","og_title":"Aceite Vegetal Coco BIO - Drasanvi English","og_description":"El cocotero es una palmera esbelta, t\u00edpica de las regiones tropicales, que puede alcanzar entre los 12 y 30 metros de altura. Su fruto, el coco, se produce durante todo el a\u00f1o. El coco se ha utilizado, hist\u00f3ricamente, como fruto medicinal y es en los \u00faltimos a\u00f1os cuando est\u00e1 siendo reconocido a nivel mundial y se est\u00e1 usando tanto en recetas culinarias como por sus propiedades cosm\u00e9ticas y terap\u00e9uticas. El aceite vegetal de Coco de Vitaroms es obtenido por primera presi\u00f3n en fr\u00edo del fruto de Cocos nucifera. Esto nos asegura que todos sus componentes se mantengan intactos, proporcionando, as\u00ed, grandes beneficios al organismo. M\u00e1s del 90% de los \u00e1cidos grasos son saturados, por lo que el porcentaje de \u00e1cidos grasos insaturados es menor al 10%. Es un aceite, altamente nutritivo, emoliente y regenerador.Ficha t\u00e9cnica","og_url":"https:\/\/drasanvi.com\/en\/producto\/aceite-vegetal-coco-bio\/","og_site_name":"Drasanvi English","article_modified_time":"2022-03-10T12:16:48+00:00","og_image":[{"width":1000,"height":1000,"url":"https:\/\/drasanvi.com\/wp-content\/uploads\/sites\/3\/2022\/02\/032010161.png","type":"image\/png"}],"twitter_card":"summary_large_image","schema":{"@context":"https:\/\/schema.org","@graph":[{"@type":"WebPage","@id":"https:\/\/drasanvi.com\/en\/producto\/aceite-vegetal-coco-bio\/","url":"https:\/\/drasanvi.com\/en\/producto\/aceite-vegetal-coco-bio\/","name":"Aceite Vegetal Coco BIO - Drasanvi English","isPartOf":{"@id":"https:\/\/drasanvi.com\/en\/#website"},"primaryImageOfPage":{"@id":"https:\/\/drasanvi.com\/en\/producto\/aceite-vegetal-coco-bio\/#primaryimage"},"image":{"@id":"https:\/\/drasanvi.com\/en\/producto\/aceite-vegetal-coco-bio\/#primaryimage"},"thumbnailUrl":"https:\/\/drasanvi.com\/en\/wp-content\/uploads\/sites\/3\/2022\/02\/032010161.png","datePublished":"2022-02-28T12:56:21+00:00","dateModified":"2022-03-10T12:16:48+00:00","breadcrumb":{"@id":"https:\/\/drasanvi.com\/en\/producto\/aceite-vegetal-coco-bio\/#breadcrumb"},"inLanguage":"en-US","potentialAction":[{"@type":"ReadAction","target":["https:\/\/drasanvi.com\/en\/producto\/aceite-vegetal-coco-bio\/"]}]},{"@type":"ImageObject","inLanguage":"en-US","@id":"https:\/\/drasanvi.com\/en\/producto\/aceite-vegetal-coco-bio\/#primaryimage","url":"https:\/\/drasanvi.com\/en\/wp-content\/uploads\/sites\/3\/2022\/02\/032010161.png","contentUrl":"https:\/\/drasanvi.com\/en\/wp-content\/uploads\/sites\/3\/2022\/02\/032010161.png","width":1000,"height":1000},{"@type":"BreadcrumbList","@id":"https:\/\/drasanvi.com\/en\/producto\/aceite-vegetal-coco-bio\/#breadcrumb","itemListElement":[{"@type":"ListItem","position":1,"name":"Portada","item":"https:\/\/drasanvi.com\/en\/"},{"@type":"ListItem","position":2,"name":"Tienda","item":"https:\/\/drasanvi.com\/en\/tienda\/"},{"@type":"ListItem","position":3,"name":"Aceite Vegetal Coco BIO"}]},{"@type":"WebSite","@id":"https:\/\/drasanvi.com\/en\/#website","url":"https:\/\/drasanvi.com\/en\/","name":"Drasanvi English","description":"L\u00edder en complementos alimenticios y cosm\u00e9tica natural.","publisher":{"@id":"https:\/\/drasanvi.com\/en\/#organization"},"potentialAction":[{"@type":"SearchAction","target":{"@type":"EntryPoint","urlTemplate":"https:\/\/drasanvi.com\/en\/?s={search_term_string}"},"query-input":{"@type":"PropertyValueSpecification","valueRequired":true,"valueName":"search_term_string"}}],"inLanguage":"en-US"},{"@type":"Organization","@id":"https:\/\/drasanvi.com\/en\/#organization","name":"Drasanvi","url":"https:\/\/drasanvi.com\/en\/","logo":{"@type":"ImageObject","inLanguage":"en-US","@id":"https:\/\/drasanvi.com\/en\/#\/schema\/logo\/image\/","url":"https:\/\/drasanvi.com\/wp-content\/uploads\/sites\/3\/2021\/07\/logo-drasanvi.png","contentUrl":"https:\/\/drasanvi.com\/wp-content\/uploads\/sites\/3\/2021\/07\/logo-drasanvi.png","width":900,"height":300,"caption":"Drasanvi"},"image":{"@id":"https:\/\/drasanvi.com\/en\/#\/schema\/logo\/image\/"}}]}},"_links":{"self":[{"href":"https:\/\/drasanvi.com\/en\/wp-json\/wp\/v2\/product\/19589","targetHints":{"allow":["GET"]}}],"collection":[{"href":"https:\/\/drasanvi.com\/en\/wp-json\/wp\/v2\/product"}],"about":[{"href":"https:\/\/drasanvi.com\/en\/wp-json\/wp\/v2\/types\/product"}],"version-history":[{"count":0,"href":"https:\/\/drasanvi.com\/en\/wp-json\/wp\/v2\/product\/19589\/revisions"}],"wp:featuredmedia":[{"embeddable":true,"href":"https:\/\/drasanvi.com\/en\/wp-json\/wp\/v2\/media\/19591"}],"wp:attachment":[{"href":"https:\/\/drasanvi.com\/en\/wp-json\/wp\/v2\/media?parent=19589"}],"wp:term":[{"taxonomy":"product_cat","embeddable":true,"href":"https:\/\/drasanvi.com\/en\/wp-json\/wp\/v2\/product_cat?post=19589"},{"taxonomy":"product_tag","embeddable":true,"href":"https:\/\/drasanvi.com\/en\/wp-json\/wp\/v2\/product_tag?post=19589"}],"curies":[{"name":"wp","href":"https:\/\/api.w.org\/{rel}","templated":true}]}}