{"id":19575,"date":"2022-02-28T14:56:21","date_gmt":"2022-02-28T12:56:21","guid":{"rendered":"https:\/\/drasanvi.com\/en\/producto\/aceite-macerado-hiperico-50-ml-ecocert\/"},"modified":"2022-03-10T14:16:46","modified_gmt":"2022-03-10T12:16:46","slug":"aceite-macerado-hiperico-50-ml-ecocert","status":"publish","type":"product","link":"https:\/\/drasanvi.com\/en\/producto\/aceite-macerado-hiperico-50-ml-ecocert\/","title":{"rendered":"Aceite Macerado Hip\u00e9rico 50 ml ECOCERT"},"content":{"rendered":"<h2>Ingredientes<\/h2>\n<h2>Modo de uso<\/h2>\n<p>Aplicar en la piel y masajear hasta su completa absorci\u00f3n.<\/p>\n<h3>Presentaci\u00f3n<\/h3>\n<p>Envase de 50 ml (1.75 fl oz)<\/p>\n<h3>Advertencias<\/h3>\n<p>Mantener fuera del alcance de los ni&ntilde;os m&aacute;s peque&ntilde;os. Conservar en un lugar fresco y seco.&nbsp;&nbsp;<\/p>\n<h2>Informaci\u00f3n adicional<\/h2>\n<p>Helianthus Annuus Seed Oil*, Hypericum Perforatum Flower Extract*, tocopherol. *Ingredientes procedentes de la Agricultura Ecol\u00f3gica. *El 99.7% del total de los ingredientes procede de la Agricultura Ecol\u00f3gica. *100% del total es de origen natural. COSMOS ORGANIC certificado por Ecocert Greenlife seg\u00fan el est\u00e1ndar COSMOS disponible en http:\/\/cosmos.ecocert.com<\/p>\n","protected":false},"excerpt":{"rendered":"<p>El Hip\u00e9rico, tambi\u00e9n conocido, habitualmente, como Hiperic\u00f3n o Hierba de San Juan, es una planta f\u00e1cil de encontrar en toda la cuenca mediterr\u00e1nea. Asociada a la cultura popular, se ha usado con diferentes fines, tales como mejorar la circulaci\u00f3n, calmar pieles irritadas, curar quemaduras o por su efecto calmante y sedativo.  El aceite vegetal de Hip\u00e9rico de Vitaroms es obtenido por la maceraci\u00f3n de sus flores en un aceite base BIO. Esto nos asegura contar con todas las propiedades que nos ofrece la planta y, adem\u00e1s, todos los beneficios de un aceite de base BIO, el cual contiene todos sus \u00e1cidos grasos, minerales y vitaminas intactos.\u00a0<br \/><a id=\"boton-ficha\" href=\"https:\/\/panel.drasanvi.com\/fichas\/1\/032060780\" target=\"_blank\" rel=\"noopener\">Ficha t\u00e9cnica<\/a><\/p>\n","protected":false},"featured_media":0,"template":"","meta":{"inline_featured_image":false},"product_cat":[87],"product_tag":[],"class_list":["post-19575","product","type-product","status-publish","hentry","product_cat-uric-acid","pa_contains-apio-no","pa_contains-crustaceans-no","pa_contains-dry-fruit-no","pa_contains-egg-no","pa_contains-fish-no","pa_contains-lupine-no","pa_contains-milk-no","pa_contains-mollusks-no","pa_contains-mustard-no","pa_contains-peanuts-no","pa_contains-sesame-no","pa_contains-soja-no","pa_gluten-free-product-si","pa_product-bio-si","pa_product-vegan-si","pa_vegetarian-product-si"],"yoast_head":"<!-- This site is optimized with the Yoast SEO plugin v27.6 - https:\/\/yoast.com\/product\/yoast-seo-wordpress\/ -->\n<title>Aceite Macerado Hip\u00e9rico 50 ml ECOCERT - Drasanvi English<\/title>\n<meta name=\"robots\" content=\"index, follow, max-snippet:-1, max-image-preview:large, max-video-preview:-1\" \/>\n<link rel=\"canonical\" href=\"https:\/\/drasanvi.com\/en\/producto\/aceite-macerado-hiperico-50-ml-ecocert\/\" \/>\n<meta property=\"og:locale\" content=\"en_US\" \/>\n<meta property=\"og:type\" content=\"article\" \/>\n<meta property=\"og:title\" content=\"Aceite Macerado Hip\u00e9rico 50 ml ECOCERT - Drasanvi English\" \/>\n<meta property=\"og:description\" content=\"El Hip\u00e9rico, tambi\u00e9n conocido, habitualmente, como Hiperic\u00f3n o Hierba de San Juan, es una planta f\u00e1cil de encontrar en toda la cuenca mediterr\u00e1nea. Asociada a la cultura popular, se ha usado con diferentes fines, tales como mejorar la circulaci\u00f3n, calmar pieles irritadas, curar quemaduras o por su efecto calmante y sedativo. El aceite vegetal de Hip\u00e9rico de Vitaroms es obtenido por la maceraci\u00f3n de sus flores en un aceite base BIO. Esto nos asegura contar con todas las propiedades que nos ofrece la planta y, adem\u00e1s, todos los beneficios de un aceite de base BIO, el cual contiene todos sus \u00e1cidos grasos, minerales y vitaminas intactos.\u00a0Ficha t\u00e9cnica\" \/>\n<meta property=\"og:url\" content=\"https:\/\/drasanvi.com\/en\/producto\/aceite-macerado-hiperico-50-ml-ecocert\/\" \/>\n<meta property=\"og:site_name\" content=\"Drasanvi English\" \/>\n<meta property=\"article:modified_time\" content=\"2022-03-10T12:16:46+00:00\" \/>\n<meta name=\"twitter:card\" content=\"summary_large_image\" \/>\n<script type=\"application\/ld+json\" class=\"yoast-schema-graph\">{\"@context\":\"https:\\\/\\\/schema.org\",\"@graph\":[{\"@type\":\"WebPage\",\"@id\":\"https:\\\/\\\/drasanvi.com\\\/en\\\/producto\\\/aceite-macerado-hiperico-50-ml-ecocert\\\/\",\"url\":\"https:\\\/\\\/drasanvi.com\\\/en\\\/producto\\\/aceite-macerado-hiperico-50-ml-ecocert\\\/\",\"name\":\"Aceite Macerado Hip\u00e9rico 50 ml ECOCERT - Drasanvi English\",\"isPartOf\":{\"@id\":\"https:\\\/\\\/drasanvi.com\\\/en\\\/#website\"},\"datePublished\":\"2022-02-28T12:56:21+00:00\",\"dateModified\":\"2022-03-10T12:16:46+00:00\",\"breadcrumb\":{\"@id\":\"https:\\\/\\\/drasanvi.com\\\/en\\\/producto\\\/aceite-macerado-hiperico-50-ml-ecocert\\\/#breadcrumb\"},\"inLanguage\":\"en-US\",\"potentialAction\":[{\"@type\":\"ReadAction\",\"target\":[\"https:\\\/\\\/drasanvi.com\\\/en\\\/producto\\\/aceite-macerado-hiperico-50-ml-ecocert\\\/\"]}]},{\"@type\":\"BreadcrumbList\",\"@id\":\"https:\\\/\\\/drasanvi.com\\\/en\\\/producto\\\/aceite-macerado-hiperico-50-ml-ecocert\\\/#breadcrumb\",\"itemListElement\":[{\"@type\":\"ListItem\",\"position\":1,\"name\":\"Portada\",\"item\":\"https:\\\/\\\/drasanvi.com\\\/en\\\/\"},{\"@type\":\"ListItem\",\"position\":2,\"name\":\"Tienda\",\"item\":\"https:\\\/\\\/drasanvi.com\\\/en\\\/tienda\\\/\"},{\"@type\":\"ListItem\",\"position\":3,\"name\":\"Aceite Macerado Hip\u00e9rico 50 ml ECOCERT\"}]},{\"@type\":\"WebSite\",\"@id\":\"https:\\\/\\\/drasanvi.com\\\/en\\\/#website\",\"url\":\"https:\\\/\\\/drasanvi.com\\\/en\\\/\",\"name\":\"Drasanvi English\",\"description\":\"L\u00edder en complementos alimenticios y cosm\u00e9tica natural.\",\"publisher\":{\"@id\":\"https:\\\/\\\/drasanvi.com\\\/en\\\/#organization\"},\"potentialAction\":[{\"@type\":\"SearchAction\",\"target\":{\"@type\":\"EntryPoint\",\"urlTemplate\":\"https:\\\/\\\/drasanvi.com\\\/en\\\/?s={search_term_string}\"},\"query-input\":{\"@type\":\"PropertyValueSpecification\",\"valueRequired\":true,\"valueName\":\"search_term_string\"}}],\"inLanguage\":\"en-US\"},{\"@type\":\"Organization\",\"@id\":\"https:\\\/\\\/drasanvi.com\\\/en\\\/#organization\",\"name\":\"Drasanvi\",\"url\":\"https:\\\/\\\/drasanvi.com\\\/en\\\/\",\"logo\":{\"@type\":\"ImageObject\",\"inLanguage\":\"en-US\",\"@id\":\"https:\\\/\\\/drasanvi.com\\\/en\\\/#\\\/schema\\\/logo\\\/image\\\/\",\"url\":\"https:\\\/\\\/drasanvi.com\\\/wp-content\\\/uploads\\\/sites\\\/3\\\/2021\\\/07\\\/logo-drasanvi.png\",\"contentUrl\":\"https:\\\/\\\/drasanvi.com\\\/wp-content\\\/uploads\\\/sites\\\/3\\\/2021\\\/07\\\/logo-drasanvi.png\",\"width\":900,\"height\":300,\"caption\":\"Drasanvi\"},\"image\":{\"@id\":\"https:\\\/\\\/drasanvi.com\\\/en\\\/#\\\/schema\\\/logo\\\/image\\\/\"}}]}<\/script>\n<!-- \/ Yoast SEO plugin. -->","yoast_head_json":{"title":"Aceite Macerado Hip\u00e9rico 50 ml ECOCERT - Drasanvi English","robots":{"index":"index","follow":"follow","max-snippet":"max-snippet:-1","max-image-preview":"max-image-preview:large","max-video-preview":"max-video-preview:-1"},"canonical":"https:\/\/drasanvi.com\/en\/producto\/aceite-macerado-hiperico-50-ml-ecocert\/","og_locale":"en_US","og_type":"article","og_title":"Aceite Macerado Hip\u00e9rico 50 ml ECOCERT - Drasanvi English","og_description":"El Hip\u00e9rico, tambi\u00e9n conocido, habitualmente, como Hiperic\u00f3n o Hierba de San Juan, es una planta f\u00e1cil de encontrar en toda la cuenca mediterr\u00e1nea. Asociada a la cultura popular, se ha usado con diferentes fines, tales como mejorar la circulaci\u00f3n, calmar pieles irritadas, curar quemaduras o por su efecto calmante y sedativo. El aceite vegetal de Hip\u00e9rico de Vitaroms es obtenido por la maceraci\u00f3n de sus flores en un aceite base BIO. Esto nos asegura contar con todas las propiedades que nos ofrece la planta y, adem\u00e1s, todos los beneficios de un aceite de base BIO, el cual contiene todos sus \u00e1cidos grasos, minerales y vitaminas intactos.\u00a0Ficha t\u00e9cnica","og_url":"https:\/\/drasanvi.com\/en\/producto\/aceite-macerado-hiperico-50-ml-ecocert\/","og_site_name":"Drasanvi English","article_modified_time":"2022-03-10T12:16:46+00:00","twitter_card":"summary_large_image","schema":{"@context":"https:\/\/schema.org","@graph":[{"@type":"WebPage","@id":"https:\/\/drasanvi.com\/en\/producto\/aceite-macerado-hiperico-50-ml-ecocert\/","url":"https:\/\/drasanvi.com\/en\/producto\/aceite-macerado-hiperico-50-ml-ecocert\/","name":"Aceite Macerado Hip\u00e9rico 50 ml ECOCERT - Drasanvi English","isPartOf":{"@id":"https:\/\/drasanvi.com\/en\/#website"},"datePublished":"2022-02-28T12:56:21+00:00","dateModified":"2022-03-10T12:16:46+00:00","breadcrumb":{"@id":"https:\/\/drasanvi.com\/en\/producto\/aceite-macerado-hiperico-50-ml-ecocert\/#breadcrumb"},"inLanguage":"en-US","potentialAction":[{"@type":"ReadAction","target":["https:\/\/drasanvi.com\/en\/producto\/aceite-macerado-hiperico-50-ml-ecocert\/"]}]},{"@type":"BreadcrumbList","@id":"https:\/\/drasanvi.com\/en\/producto\/aceite-macerado-hiperico-50-ml-ecocert\/#breadcrumb","itemListElement":[{"@type":"ListItem","position":1,"name":"Portada","item":"https:\/\/drasanvi.com\/en\/"},{"@type":"ListItem","position":2,"name":"Tienda","item":"https:\/\/drasanvi.com\/en\/tienda\/"},{"@type":"ListItem","position":3,"name":"Aceite Macerado Hip\u00e9rico 50 ml ECOCERT"}]},{"@type":"WebSite","@id":"https:\/\/drasanvi.com\/en\/#website","url":"https:\/\/drasanvi.com\/en\/","name":"Drasanvi English","description":"L\u00edder en complementos alimenticios y cosm\u00e9tica natural.","publisher":{"@id":"https:\/\/drasanvi.com\/en\/#organization"},"potentialAction":[{"@type":"SearchAction","target":{"@type":"EntryPoint","urlTemplate":"https:\/\/drasanvi.com\/en\/?s={search_term_string}"},"query-input":{"@type":"PropertyValueSpecification","valueRequired":true,"valueName":"search_term_string"}}],"inLanguage":"en-US"},{"@type":"Organization","@id":"https:\/\/drasanvi.com\/en\/#organization","name":"Drasanvi","url":"https:\/\/drasanvi.com\/en\/","logo":{"@type":"ImageObject","inLanguage":"en-US","@id":"https:\/\/drasanvi.com\/en\/#\/schema\/logo\/image\/","url":"https:\/\/drasanvi.com\/wp-content\/uploads\/sites\/3\/2021\/07\/logo-drasanvi.png","contentUrl":"https:\/\/drasanvi.com\/wp-content\/uploads\/sites\/3\/2021\/07\/logo-drasanvi.png","width":900,"height":300,"caption":"Drasanvi"},"image":{"@id":"https:\/\/drasanvi.com\/en\/#\/schema\/logo\/image\/"}}]}},"_links":{"self":[{"href":"https:\/\/drasanvi.com\/en\/wp-json\/wp\/v2\/product\/19575","targetHints":{"allow":["GET"]}}],"collection":[{"href":"https:\/\/drasanvi.com\/en\/wp-json\/wp\/v2\/product"}],"about":[{"href":"https:\/\/drasanvi.com\/en\/wp-json\/wp\/v2\/types\/product"}],"version-history":[{"count":0,"href":"https:\/\/drasanvi.com\/en\/wp-json\/wp\/v2\/product\/19575\/revisions"}],"wp:attachment":[{"href":"https:\/\/drasanvi.com\/en\/wp-json\/wp\/v2\/media?parent=19575"}],"wp:term":[{"taxonomy":"product_cat","embeddable":true,"href":"https:\/\/drasanvi.com\/en\/wp-json\/wp\/v2\/product_cat?post=19575"},{"taxonomy":"product_tag","embeddable":true,"href":"https:\/\/drasanvi.com\/en\/wp-json\/wp\/v2\/product_tag?post=19575"}],"curies":[{"name":"wp","href":"https:\/\/api.w.org\/{rel}","templated":true}]}}