{"id":18634,"date":"2022-02-11T12:03:46","date_gmt":"2022-02-11T10:03:46","guid":{"rendered":"https:\/\/drasanvi.com\/en\/producto\/nachos-bio-sin-gluten-125g-ecosana\/"},"modified":"2022-04-07T12:11:22","modified_gmt":"2022-04-07T10:11:22","slug":"nachos-bio-sin-gluten-125g-ecosana","status":"publish","type":"product","link":"https:\/\/drasanvi.com\/en\/producto\/nachos-bio-sin-gluten-125g-ecosana\/","title":{"rendered":"Gluten Free Nachos Bio 125 g Ecosana"},"content":{"rendered":"<h2>Ingredients<\/h2>\n<p>Corn* 75%, sunflower oil*, sea salt.*From organic farming.<\/p>\n<h2>Mode of use<\/h2>\n<p>You can prepare them with guacamole sauce, with cheese, with jalape\u00f1os, with chili and meat, and with everything you can think of.<\/p>\n<h3>Warnings<\/h3>\n<p>May contain traces of soya and milk.Store in a cool, dry place.<\/p>\n","protected":false},"excerpt":{"rendered":"<p>Los Nachos\u00a0Bio de Ecosana\u00a0son perfectos para disfrutar solos como snack o acompa\u00f1ados con queso fundido por encima\u00a0 y\/o con la salsa que m\u00e1s te guste. Este aperitivo es elaborado a partir de ingredientes procedentes de la agricultura ecol\u00f3gica y, adem\u00e1s,\u00a0sin gluten, \u00a0consiguiendo un producto de gran calidad que nos transportar\u00e1 al sabor aut\u00e9ntico de los nachos mexicanos. Apto para celiacos.\u00a0  Ecosana Organic Nachos are perfect to enjoy alone as a snack or accompanied with melted cheese on top and \/ or with the sauce that you like the most. This appetizer is made from ingredients from organic farming and, in addition, gluten-free, achieving a high quality product that will transport us to the authentic flavour of Mexican nachos. Suitable for celiacs.<br \/><strong>Contains:<\/strong> Contains 125 g<br \/><a id=\"boton-ficha\" href=\"https:\/\/panel.drasanvi.com\/fichas\/4\/467010206\" target=\"_blank\" rel=\"noopener\">Ficha t\u00e9cnica<\/a><\/p>\n","protected":false},"featured_media":18636,"template":"","meta":{"inline_featured_image":false},"product_cat":[1313],"product_tag":[],"class_list":["post-18634","product","type-product","status-publish","has-post-thumbnail","hentry","product_cat-dried-fruits-and-snacks"],"yoast_head":"<!-- This site is optimized with the Yoast SEO plugin v27.4 - https:\/\/yoast.com\/product\/yoast-seo-wordpress\/ -->\n<title>Gluten Free Nachos Bio 125 g Ecosana - Drasanvi English<\/title>\n<meta name=\"robots\" content=\"index, follow, max-snippet:-1, max-image-preview:large, max-video-preview:-1\" \/>\n<link rel=\"canonical\" href=\"https:\/\/drasanvi.com\/en\/producto\/nachos-bio-sin-gluten-125g-ecosana\/\" \/>\n<meta property=\"og:locale\" content=\"en_US\" \/>\n<meta property=\"og:type\" content=\"article\" \/>\n<meta property=\"og:title\" content=\"Gluten Free Nachos Bio 125 g Ecosana - Drasanvi English\" \/>\n<meta property=\"og:description\" content=\"Los Nachos\u00a0Bio de Ecosana\u00a0son perfectos para disfrutar solos como snack o acompa\u00f1ados con queso fundido por encima\u00a0 y\/o con la salsa que m\u00e1s te guste. Este aperitivo es elaborado a partir de ingredientes procedentes de la agricultura ecol\u00f3gica y, adem\u00e1s,\u00a0sin gluten, \u00a0consiguiendo un producto de gran calidad que nos transportar\u00e1 al sabor aut\u00e9ntico de los nachos mexicanos. Apto para celiacos.\u00a0 Ecosana Organic Nachos are perfect to enjoy alone as a snack or accompanied with melted cheese on top and \/ or with the sauce that you like the most. This appetizer is made from ingredients from organic farming and, in addition, gluten-free, achieving a high quality product that will transport us to the authentic flavour of Mexican nachos. Suitable for celiacs.Contains: Contains 125 gFicha t\u00e9cnica\" \/>\n<meta property=\"og:url\" content=\"https:\/\/drasanvi.com\/en\/producto\/nachos-bio-sin-gluten-125g-ecosana\/\" \/>\n<meta property=\"og:site_name\" content=\"Drasanvi English\" \/>\n<meta property=\"article:modified_time\" content=\"2022-04-07T10:11:22+00:00\" \/>\n<meta property=\"og:image\" content=\"https:\/\/drasanvi.com\/en\/wp-content\/uploads\/sites\/3\/2022\/02\/467010206.png\" \/>\n\t<meta property=\"og:image:width\" content=\"1000\" \/>\n\t<meta property=\"og:image:height\" content=\"1000\" \/>\n\t<meta property=\"og:image:type\" content=\"image\/png\" \/>\n<meta name=\"twitter:card\" content=\"summary_large_image\" \/>\n<script type=\"application\/ld+json\" class=\"yoast-schema-graph\">{\"@context\":\"https:\\\/\\\/schema.org\",\"@graph\":[{\"@type\":\"WebPage\",\"@id\":\"https:\\\/\\\/drasanvi.com\\\/en\\\/producto\\\/nachos-bio-sin-gluten-125g-ecosana\\\/\",\"url\":\"https:\\\/\\\/drasanvi.com\\\/en\\\/producto\\\/nachos-bio-sin-gluten-125g-ecosana\\\/\",\"name\":\"Gluten Free Nachos Bio 125 g Ecosana - Drasanvi English\",\"isPartOf\":{\"@id\":\"https:\\\/\\\/drasanvi.com\\\/en\\\/#website\"},\"primaryImageOfPage\":{\"@id\":\"https:\\\/\\\/drasanvi.com\\\/en\\\/producto\\\/nachos-bio-sin-gluten-125g-ecosana\\\/#primaryimage\"},\"image\":{\"@id\":\"https:\\\/\\\/drasanvi.com\\\/en\\\/producto\\\/nachos-bio-sin-gluten-125g-ecosana\\\/#primaryimage\"},\"thumbnailUrl\":\"https:\\\/\\\/drasanvi.com\\\/en\\\/wp-content\\\/uploads\\\/sites\\\/3\\\/2022\\\/02\\\/467010206.png\",\"datePublished\":\"2022-02-11T10:03:46+00:00\",\"dateModified\":\"2022-04-07T10:11:22+00:00\",\"breadcrumb\":{\"@id\":\"https:\\\/\\\/drasanvi.com\\\/en\\\/producto\\\/nachos-bio-sin-gluten-125g-ecosana\\\/#breadcrumb\"},\"inLanguage\":\"en-US\",\"potentialAction\":[{\"@type\":\"ReadAction\",\"target\":[\"https:\\\/\\\/drasanvi.com\\\/en\\\/producto\\\/nachos-bio-sin-gluten-125g-ecosana\\\/\"]}]},{\"@type\":\"ImageObject\",\"inLanguage\":\"en-US\",\"@id\":\"https:\\\/\\\/drasanvi.com\\\/en\\\/producto\\\/nachos-bio-sin-gluten-125g-ecosana\\\/#primaryimage\",\"url\":\"https:\\\/\\\/drasanvi.com\\\/en\\\/wp-content\\\/uploads\\\/sites\\\/3\\\/2022\\\/02\\\/467010206.png\",\"contentUrl\":\"https:\\\/\\\/drasanvi.com\\\/en\\\/wp-content\\\/uploads\\\/sites\\\/3\\\/2022\\\/02\\\/467010206.png\",\"width\":1000,\"height\":1000},{\"@type\":\"BreadcrumbList\",\"@id\":\"https:\\\/\\\/drasanvi.com\\\/en\\\/producto\\\/nachos-bio-sin-gluten-125g-ecosana\\\/#breadcrumb\",\"itemListElement\":[{\"@type\":\"ListItem\",\"position\":1,\"name\":\"Portada\",\"item\":\"https:\\\/\\\/drasanvi.com\\\/en\\\/\"},{\"@type\":\"ListItem\",\"position\":2,\"name\":\"Tienda\",\"item\":\"https:\\\/\\\/drasanvi.com\\\/en\\\/tienda\\\/\"},{\"@type\":\"ListItem\",\"position\":3,\"name\":\"Gluten Free Nachos Bio 125 g Ecosana\"}]},{\"@type\":\"WebSite\",\"@id\":\"https:\\\/\\\/drasanvi.com\\\/en\\\/#website\",\"url\":\"https:\\\/\\\/drasanvi.com\\\/en\\\/\",\"name\":\"Drasanvi English\",\"description\":\"L\u00edder en complementos alimenticios y cosm\u00e9tica natural.\",\"publisher\":{\"@id\":\"https:\\\/\\\/drasanvi.com\\\/en\\\/#organization\"},\"potentialAction\":[{\"@type\":\"SearchAction\",\"target\":{\"@type\":\"EntryPoint\",\"urlTemplate\":\"https:\\\/\\\/drasanvi.com\\\/en\\\/?s={search_term_string}\"},\"query-input\":{\"@type\":\"PropertyValueSpecification\",\"valueRequired\":true,\"valueName\":\"search_term_string\"}}],\"inLanguage\":\"en-US\"},{\"@type\":\"Organization\",\"@id\":\"https:\\\/\\\/drasanvi.com\\\/en\\\/#organization\",\"name\":\"Drasanvi\",\"url\":\"https:\\\/\\\/drasanvi.com\\\/en\\\/\",\"logo\":{\"@type\":\"ImageObject\",\"inLanguage\":\"en-US\",\"@id\":\"https:\\\/\\\/drasanvi.com\\\/en\\\/#\\\/schema\\\/logo\\\/image\\\/\",\"url\":\"https:\\\/\\\/drasanvi.com\\\/wp-content\\\/uploads\\\/sites\\\/3\\\/2021\\\/07\\\/logo-drasanvi.png\",\"contentUrl\":\"https:\\\/\\\/drasanvi.com\\\/wp-content\\\/uploads\\\/sites\\\/3\\\/2021\\\/07\\\/logo-drasanvi.png\",\"width\":900,\"height\":300,\"caption\":\"Drasanvi\"},\"image\":{\"@id\":\"https:\\\/\\\/drasanvi.com\\\/en\\\/#\\\/schema\\\/logo\\\/image\\\/\"}}]}<\/script>\n<!-- \/ Yoast SEO plugin. -->","yoast_head_json":{"title":"Gluten Free Nachos Bio 125 g Ecosana - Drasanvi English","robots":{"index":"index","follow":"follow","max-snippet":"max-snippet:-1","max-image-preview":"max-image-preview:large","max-video-preview":"max-video-preview:-1"},"canonical":"https:\/\/drasanvi.com\/en\/producto\/nachos-bio-sin-gluten-125g-ecosana\/","og_locale":"en_US","og_type":"article","og_title":"Gluten Free Nachos Bio 125 g Ecosana - Drasanvi English","og_description":"Los Nachos\u00a0Bio de Ecosana\u00a0son perfectos para disfrutar solos como snack o acompa\u00f1ados con queso fundido por encima\u00a0 y\/o con la salsa que m\u00e1s te guste. Este aperitivo es elaborado a partir de ingredientes procedentes de la agricultura ecol\u00f3gica y, adem\u00e1s,\u00a0sin gluten, \u00a0consiguiendo un producto de gran calidad que nos transportar\u00e1 al sabor aut\u00e9ntico de los nachos mexicanos. Apto para celiacos.\u00a0 Ecosana Organic Nachos are perfect to enjoy alone as a snack or accompanied with melted cheese on top and \/ or with the sauce that you like the most. This appetizer is made from ingredients from organic farming and, in addition, gluten-free, achieving a high quality product that will transport us to the authentic flavour of Mexican nachos. Suitable for celiacs.Contains: Contains 125 gFicha t\u00e9cnica","og_url":"https:\/\/drasanvi.com\/en\/producto\/nachos-bio-sin-gluten-125g-ecosana\/","og_site_name":"Drasanvi English","article_modified_time":"2022-04-07T10:11:22+00:00","og_image":[{"width":1000,"height":1000,"url":"https:\/\/drasanvi.com\/en\/wp-content\/uploads\/sites\/3\/2022\/02\/467010206.png","type":"image\/png"}],"twitter_card":"summary_large_image","schema":{"@context":"https:\/\/schema.org","@graph":[{"@type":"WebPage","@id":"https:\/\/drasanvi.com\/en\/producto\/nachos-bio-sin-gluten-125g-ecosana\/","url":"https:\/\/drasanvi.com\/en\/producto\/nachos-bio-sin-gluten-125g-ecosana\/","name":"Gluten Free Nachos Bio 125 g Ecosana - Drasanvi English","isPartOf":{"@id":"https:\/\/drasanvi.com\/en\/#website"},"primaryImageOfPage":{"@id":"https:\/\/drasanvi.com\/en\/producto\/nachos-bio-sin-gluten-125g-ecosana\/#primaryimage"},"image":{"@id":"https:\/\/drasanvi.com\/en\/producto\/nachos-bio-sin-gluten-125g-ecosana\/#primaryimage"},"thumbnailUrl":"https:\/\/drasanvi.com\/en\/wp-content\/uploads\/sites\/3\/2022\/02\/467010206.png","datePublished":"2022-02-11T10:03:46+00:00","dateModified":"2022-04-07T10:11:22+00:00","breadcrumb":{"@id":"https:\/\/drasanvi.com\/en\/producto\/nachos-bio-sin-gluten-125g-ecosana\/#breadcrumb"},"inLanguage":"en-US","potentialAction":[{"@type":"ReadAction","target":["https:\/\/drasanvi.com\/en\/producto\/nachos-bio-sin-gluten-125g-ecosana\/"]}]},{"@type":"ImageObject","inLanguage":"en-US","@id":"https:\/\/drasanvi.com\/en\/producto\/nachos-bio-sin-gluten-125g-ecosana\/#primaryimage","url":"https:\/\/drasanvi.com\/en\/wp-content\/uploads\/sites\/3\/2022\/02\/467010206.png","contentUrl":"https:\/\/drasanvi.com\/en\/wp-content\/uploads\/sites\/3\/2022\/02\/467010206.png","width":1000,"height":1000},{"@type":"BreadcrumbList","@id":"https:\/\/drasanvi.com\/en\/producto\/nachos-bio-sin-gluten-125g-ecosana\/#breadcrumb","itemListElement":[{"@type":"ListItem","position":1,"name":"Portada","item":"https:\/\/drasanvi.com\/en\/"},{"@type":"ListItem","position":2,"name":"Tienda","item":"https:\/\/drasanvi.com\/en\/tienda\/"},{"@type":"ListItem","position":3,"name":"Gluten Free Nachos Bio 125 g Ecosana"}]},{"@type":"WebSite","@id":"https:\/\/drasanvi.com\/en\/#website","url":"https:\/\/drasanvi.com\/en\/","name":"Drasanvi English","description":"L\u00edder en complementos alimenticios y cosm\u00e9tica natural.","publisher":{"@id":"https:\/\/drasanvi.com\/en\/#organization"},"potentialAction":[{"@type":"SearchAction","target":{"@type":"EntryPoint","urlTemplate":"https:\/\/drasanvi.com\/en\/?s={search_term_string}"},"query-input":{"@type":"PropertyValueSpecification","valueRequired":true,"valueName":"search_term_string"}}],"inLanguage":"en-US"},{"@type":"Organization","@id":"https:\/\/drasanvi.com\/en\/#organization","name":"Drasanvi","url":"https:\/\/drasanvi.com\/en\/","logo":{"@type":"ImageObject","inLanguage":"en-US","@id":"https:\/\/drasanvi.com\/en\/#\/schema\/logo\/image\/","url":"https:\/\/drasanvi.com\/wp-content\/uploads\/sites\/3\/2021\/07\/logo-drasanvi.png","contentUrl":"https:\/\/drasanvi.com\/wp-content\/uploads\/sites\/3\/2021\/07\/logo-drasanvi.png","width":900,"height":300,"caption":"Drasanvi"},"image":{"@id":"https:\/\/drasanvi.com\/en\/#\/schema\/logo\/image\/"}}]}},"_links":{"self":[{"href":"https:\/\/drasanvi.com\/en\/wp-json\/wp\/v2\/product\/18634","targetHints":{"allow":["GET"]}}],"collection":[{"href":"https:\/\/drasanvi.com\/en\/wp-json\/wp\/v2\/product"}],"about":[{"href":"https:\/\/drasanvi.com\/en\/wp-json\/wp\/v2\/types\/product"}],"version-history":[{"count":0,"href":"https:\/\/drasanvi.com\/en\/wp-json\/wp\/v2\/product\/18634\/revisions"}],"wp:featuredmedia":[{"embeddable":true,"href":"https:\/\/drasanvi.com\/en\/wp-json\/wp\/v2\/media\/18636"}],"wp:attachment":[{"href":"https:\/\/drasanvi.com\/en\/wp-json\/wp\/v2\/media?parent=18634"}],"wp:term":[{"taxonomy":"product_cat","embeddable":true,"href":"https:\/\/drasanvi.com\/en\/wp-json\/wp\/v2\/product_cat?post=18634"},{"taxonomy":"product_tag","embeddable":true,"href":"https:\/\/drasanvi.com\/en\/wp-json\/wp\/v2\/product_tag?post=18634"}],"curies":[{"name":"wp","href":"https:\/\/api.w.org\/{rel}","templated":true}]}}