{"id":18273,"date":"2022-02-28T15:21:38","date_gmt":"2022-02-28T13:21:38","guid":{"rendered":"https:\/\/drasanvi.com\/en\/producto\/zinc-18-28x2-ml-ampollas-labcatal\/"},"modified":"2022-03-10T14:15:38","modified_gmt":"2022-03-10T12:15:38","slug":"zinc-18-28x2-ml-ampollas-labcatal","status":"publish","type":"product","link":"https:\/\/drasanvi.com\/en\/producto\/zinc-18-28x2-ml-ampollas-labcatal\/","title":{"rendered":"Zinc 18 28&#215;2 ml ampollas Labcatal"},"content":{"rendered":"<h2>Ingredientes<\/h2>\n<p>Agua purificada, glucosa y gluconato de zinc.<\/p>\n<h2>Modo de uso<\/h2>\n<p>V\u00eda oral. Tomar 1 ampolla al d\u00eda preferentemente fuera de las comidas. Para abrir la ampolla, romper las 2 puntas a nivel del anillo de color.<\/p>\n<h3>Presentaci\u00f3n<\/h3>\n<p>Soluci\u00f3n bebible en ampolla de 2 ml (caja de 28 ampollas)<\/p>\n<h3>Advertencias<\/h3>\n<p>No superar la dosis diaria expresamente recomendada; Los complementos alimenticios no deben utilizarse como sustituto de una dieta equilibrada; Mantener fuera del alcance de los ni\u00f1os m\u00e1s peque\u00f1os. Conservar en un lugar fresco y seco.<\/p>\n<h2>Informaci\u00f3n adicional<\/h2>\n<p>Agua purificada, glucosa y gluconato de zinc.<\/p>\n<p>1,5 mg de zinc \/ ampolla de 2ml \u00a0 Cantidad\/ dosis diaria %VRN Zinc 1,5 mg 15%<\/p>\n","protected":false},"excerpt":{"rendered":"<p>El zinc contribuye al mantenimiento normal de: sistema inmunitario, fertilidad y reproducci\u00f3n, piel, cabello, u\u00f1as y visi\u00f3n.<br \/>\nn<a id=\"boton-ficha\" href=\"https:\/\/panel.drasanvi.com\/fichas\/1\/300051828\" target=\"_blank\" rel=\"noopener\">Ficha t\u00e9cnica<\/a><\/p>\n","protected":false},"featured_media":18275,"template":"","meta":{"inline_featured_image":false},"product_cat":[1304],"product_tag":[],"class_list":["post-18273","product","type-product","status-publish","has-post-thumbnail","hentry","product_cat-oligoelements","pa_contains-apio-no","pa_contains-crustaceans-no","pa_contains-dry-fruit-no","pa_contains-egg-no","pa_contains-fish-no","pa_contains-lupine-no","pa_contains-milk-no","pa_contains-mollusks-no","pa_contains-mustard-no","pa_contains-peanuts-no","pa_contains-sesame-no","pa_contains-soja-no","pa_gluten-free-product-si","pa_product-bio-no","pa_product-vegan-no","pa_vegetarian-product-no"],"yoast_head":"<!-- This site is optimized with the Yoast SEO plugin v27.4 - https:\/\/yoast.com\/product\/yoast-seo-wordpress\/ -->\n<title>Zinc 18 28x2 ml ampollas Labcatal - Drasanvi English<\/title>\n<meta name=\"robots\" content=\"index, follow, max-snippet:-1, max-image-preview:large, max-video-preview:-1\" \/>\n<link rel=\"canonical\" href=\"https:\/\/drasanvi.com\/en\/producto\/zinc-18-28x2-ml-ampollas-labcatal\/\" \/>\n<meta property=\"og:locale\" content=\"en_US\" \/>\n<meta property=\"og:type\" content=\"article\" \/>\n<meta property=\"og:title\" content=\"Zinc 18 28x2 ml ampollas Labcatal - Drasanvi English\" \/>\n<meta property=\"og:description\" content=\"El zinc contribuye al mantenimiento normal de: sistema inmunitario, fertilidad y reproducci\u00f3n, piel, cabello, u\u00f1as y visi\u00f3n. nFicha t\u00e9cnica\" \/>\n<meta property=\"og:url\" content=\"https:\/\/drasanvi.com\/en\/producto\/zinc-18-28x2-ml-ampollas-labcatal\/\" \/>\n<meta property=\"og:site_name\" content=\"Drasanvi English\" \/>\n<meta property=\"article:modified_time\" content=\"2022-03-10T12:15:38+00:00\" \/>\n<meta property=\"og:image\" content=\"https:\/\/drasanvi.com\/wp-content\/uploads\/sites\/3\/2022\/02\/300051828.png\" \/>\n\t<meta property=\"og:image:width\" content=\"1000\" \/>\n\t<meta property=\"og:image:height\" content=\"1000\" \/>\n\t<meta property=\"og:image:type\" content=\"image\/png\" \/>\n<meta name=\"twitter:card\" content=\"summary_large_image\" \/>\n<script type=\"application\/ld+json\" class=\"yoast-schema-graph\">{\"@context\":\"https:\\\/\\\/schema.org\",\"@graph\":[{\"@type\":\"WebPage\",\"@id\":\"https:\\\/\\\/drasanvi.com\\\/en\\\/producto\\\/zinc-18-28x2-ml-ampollas-labcatal\\\/\",\"url\":\"https:\\\/\\\/drasanvi.com\\\/en\\\/producto\\\/zinc-18-28x2-ml-ampollas-labcatal\\\/\",\"name\":\"Zinc 18 28x2 ml ampollas Labcatal - Drasanvi English\",\"isPartOf\":{\"@id\":\"https:\\\/\\\/drasanvi.com\\\/en\\\/#website\"},\"primaryImageOfPage\":{\"@id\":\"https:\\\/\\\/drasanvi.com\\\/en\\\/producto\\\/zinc-18-28x2-ml-ampollas-labcatal\\\/#primaryimage\"},\"image\":{\"@id\":\"https:\\\/\\\/drasanvi.com\\\/en\\\/producto\\\/zinc-18-28x2-ml-ampollas-labcatal\\\/#primaryimage\"},\"thumbnailUrl\":\"https:\\\/\\\/drasanvi.com\\\/en\\\/wp-content\\\/uploads\\\/sites\\\/3\\\/2022\\\/02\\\/300051828.png\",\"datePublished\":\"2022-02-28T13:21:38+00:00\",\"dateModified\":\"2022-03-10T12:15:38+00:00\",\"breadcrumb\":{\"@id\":\"https:\\\/\\\/drasanvi.com\\\/en\\\/producto\\\/zinc-18-28x2-ml-ampollas-labcatal\\\/#breadcrumb\"},\"inLanguage\":\"en-US\",\"potentialAction\":[{\"@type\":\"ReadAction\",\"target\":[\"https:\\\/\\\/drasanvi.com\\\/en\\\/producto\\\/zinc-18-28x2-ml-ampollas-labcatal\\\/\"]}]},{\"@type\":\"ImageObject\",\"inLanguage\":\"en-US\",\"@id\":\"https:\\\/\\\/drasanvi.com\\\/en\\\/producto\\\/zinc-18-28x2-ml-ampollas-labcatal\\\/#primaryimage\",\"url\":\"https:\\\/\\\/drasanvi.com\\\/en\\\/wp-content\\\/uploads\\\/sites\\\/3\\\/2022\\\/02\\\/300051828.png\",\"contentUrl\":\"https:\\\/\\\/drasanvi.com\\\/en\\\/wp-content\\\/uploads\\\/sites\\\/3\\\/2022\\\/02\\\/300051828.png\",\"width\":1000,\"height\":1000},{\"@type\":\"BreadcrumbList\",\"@id\":\"https:\\\/\\\/drasanvi.com\\\/en\\\/producto\\\/zinc-18-28x2-ml-ampollas-labcatal\\\/#breadcrumb\",\"itemListElement\":[{\"@type\":\"ListItem\",\"position\":1,\"name\":\"Portada\",\"item\":\"https:\\\/\\\/drasanvi.com\\\/en\\\/\"},{\"@type\":\"ListItem\",\"position\":2,\"name\":\"Tienda\",\"item\":\"https:\\\/\\\/drasanvi.com\\\/en\\\/tienda\\\/\"},{\"@type\":\"ListItem\",\"position\":3,\"name\":\"Zinc 18 28&#215;2 ml ampollas Labcatal\"}]},{\"@type\":\"WebSite\",\"@id\":\"https:\\\/\\\/drasanvi.com\\\/en\\\/#website\",\"url\":\"https:\\\/\\\/drasanvi.com\\\/en\\\/\",\"name\":\"Drasanvi English\",\"description\":\"L\u00edder en complementos alimenticios y cosm\u00e9tica natural.\",\"publisher\":{\"@id\":\"https:\\\/\\\/drasanvi.com\\\/en\\\/#organization\"},\"potentialAction\":[{\"@type\":\"SearchAction\",\"target\":{\"@type\":\"EntryPoint\",\"urlTemplate\":\"https:\\\/\\\/drasanvi.com\\\/en\\\/?s={search_term_string}\"},\"query-input\":{\"@type\":\"PropertyValueSpecification\",\"valueRequired\":true,\"valueName\":\"search_term_string\"}}],\"inLanguage\":\"en-US\"},{\"@type\":\"Organization\",\"@id\":\"https:\\\/\\\/drasanvi.com\\\/en\\\/#organization\",\"name\":\"Drasanvi\",\"url\":\"https:\\\/\\\/drasanvi.com\\\/en\\\/\",\"logo\":{\"@type\":\"ImageObject\",\"inLanguage\":\"en-US\",\"@id\":\"https:\\\/\\\/drasanvi.com\\\/en\\\/#\\\/schema\\\/logo\\\/image\\\/\",\"url\":\"https:\\\/\\\/drasanvi.com\\\/wp-content\\\/uploads\\\/sites\\\/3\\\/2021\\\/07\\\/logo-drasanvi.png\",\"contentUrl\":\"https:\\\/\\\/drasanvi.com\\\/wp-content\\\/uploads\\\/sites\\\/3\\\/2021\\\/07\\\/logo-drasanvi.png\",\"width\":900,\"height\":300,\"caption\":\"Drasanvi\"},\"image\":{\"@id\":\"https:\\\/\\\/drasanvi.com\\\/en\\\/#\\\/schema\\\/logo\\\/image\\\/\"}}]}<\/script>\n<!-- \/ Yoast SEO plugin. -->","yoast_head_json":{"title":"Zinc 18 28x2 ml ampollas Labcatal - Drasanvi English","robots":{"index":"index","follow":"follow","max-snippet":"max-snippet:-1","max-image-preview":"max-image-preview:large","max-video-preview":"max-video-preview:-1"},"canonical":"https:\/\/drasanvi.com\/en\/producto\/zinc-18-28x2-ml-ampollas-labcatal\/","og_locale":"en_US","og_type":"article","og_title":"Zinc 18 28x2 ml ampollas Labcatal - Drasanvi English","og_description":"El zinc contribuye al mantenimiento normal de: sistema inmunitario, fertilidad y reproducci\u00f3n, piel, cabello, u\u00f1as y visi\u00f3n. nFicha t\u00e9cnica","og_url":"https:\/\/drasanvi.com\/en\/producto\/zinc-18-28x2-ml-ampollas-labcatal\/","og_site_name":"Drasanvi English","article_modified_time":"2022-03-10T12:15:38+00:00","og_image":[{"width":1000,"height":1000,"url":"https:\/\/drasanvi.com\/wp-content\/uploads\/sites\/3\/2022\/02\/300051828.png","type":"image\/png"}],"twitter_card":"summary_large_image","schema":{"@context":"https:\/\/schema.org","@graph":[{"@type":"WebPage","@id":"https:\/\/drasanvi.com\/en\/producto\/zinc-18-28x2-ml-ampollas-labcatal\/","url":"https:\/\/drasanvi.com\/en\/producto\/zinc-18-28x2-ml-ampollas-labcatal\/","name":"Zinc 18 28x2 ml ampollas Labcatal - Drasanvi English","isPartOf":{"@id":"https:\/\/drasanvi.com\/en\/#website"},"primaryImageOfPage":{"@id":"https:\/\/drasanvi.com\/en\/producto\/zinc-18-28x2-ml-ampollas-labcatal\/#primaryimage"},"image":{"@id":"https:\/\/drasanvi.com\/en\/producto\/zinc-18-28x2-ml-ampollas-labcatal\/#primaryimage"},"thumbnailUrl":"https:\/\/drasanvi.com\/en\/wp-content\/uploads\/sites\/3\/2022\/02\/300051828.png","datePublished":"2022-02-28T13:21:38+00:00","dateModified":"2022-03-10T12:15:38+00:00","breadcrumb":{"@id":"https:\/\/drasanvi.com\/en\/producto\/zinc-18-28x2-ml-ampollas-labcatal\/#breadcrumb"},"inLanguage":"en-US","potentialAction":[{"@type":"ReadAction","target":["https:\/\/drasanvi.com\/en\/producto\/zinc-18-28x2-ml-ampollas-labcatal\/"]}]},{"@type":"ImageObject","inLanguage":"en-US","@id":"https:\/\/drasanvi.com\/en\/producto\/zinc-18-28x2-ml-ampollas-labcatal\/#primaryimage","url":"https:\/\/drasanvi.com\/en\/wp-content\/uploads\/sites\/3\/2022\/02\/300051828.png","contentUrl":"https:\/\/drasanvi.com\/en\/wp-content\/uploads\/sites\/3\/2022\/02\/300051828.png","width":1000,"height":1000},{"@type":"BreadcrumbList","@id":"https:\/\/drasanvi.com\/en\/producto\/zinc-18-28x2-ml-ampollas-labcatal\/#breadcrumb","itemListElement":[{"@type":"ListItem","position":1,"name":"Portada","item":"https:\/\/drasanvi.com\/en\/"},{"@type":"ListItem","position":2,"name":"Tienda","item":"https:\/\/drasanvi.com\/en\/tienda\/"},{"@type":"ListItem","position":3,"name":"Zinc 18 28&#215;2 ml ampollas Labcatal"}]},{"@type":"WebSite","@id":"https:\/\/drasanvi.com\/en\/#website","url":"https:\/\/drasanvi.com\/en\/","name":"Drasanvi English","description":"L\u00edder en complementos alimenticios y cosm\u00e9tica natural.","publisher":{"@id":"https:\/\/drasanvi.com\/en\/#organization"},"potentialAction":[{"@type":"SearchAction","target":{"@type":"EntryPoint","urlTemplate":"https:\/\/drasanvi.com\/en\/?s={search_term_string}"},"query-input":{"@type":"PropertyValueSpecification","valueRequired":true,"valueName":"search_term_string"}}],"inLanguage":"en-US"},{"@type":"Organization","@id":"https:\/\/drasanvi.com\/en\/#organization","name":"Drasanvi","url":"https:\/\/drasanvi.com\/en\/","logo":{"@type":"ImageObject","inLanguage":"en-US","@id":"https:\/\/drasanvi.com\/en\/#\/schema\/logo\/image\/","url":"https:\/\/drasanvi.com\/wp-content\/uploads\/sites\/3\/2021\/07\/logo-drasanvi.png","contentUrl":"https:\/\/drasanvi.com\/wp-content\/uploads\/sites\/3\/2021\/07\/logo-drasanvi.png","width":900,"height":300,"caption":"Drasanvi"},"image":{"@id":"https:\/\/drasanvi.com\/en\/#\/schema\/logo\/image\/"}}]}},"_links":{"self":[{"href":"https:\/\/drasanvi.com\/en\/wp-json\/wp\/v2\/product\/18273","targetHints":{"allow":["GET"]}}],"collection":[{"href":"https:\/\/drasanvi.com\/en\/wp-json\/wp\/v2\/product"}],"about":[{"href":"https:\/\/drasanvi.com\/en\/wp-json\/wp\/v2\/types\/product"}],"version-history":[{"count":0,"href":"https:\/\/drasanvi.com\/en\/wp-json\/wp\/v2\/product\/18273\/revisions"}],"wp:featuredmedia":[{"embeddable":true,"href":"https:\/\/drasanvi.com\/en\/wp-json\/wp\/v2\/media\/18275"}],"wp:attachment":[{"href":"https:\/\/drasanvi.com\/en\/wp-json\/wp\/v2\/media?parent=18273"}],"wp:term":[{"taxonomy":"product_cat","embeddable":true,"href":"https:\/\/drasanvi.com\/en\/wp-json\/wp\/v2\/product_cat?post=18273"},{"taxonomy":"product_tag","embeddable":true,"href":"https:\/\/drasanvi.com\/en\/wp-json\/wp\/v2\/product_tag?post=18273"}],"curies":[{"name":"wp","href":"https:\/\/api.w.org\/{rel}","templated":true}]}}