{"id":24045,"date":"2023-02-21T20:00:15","date_gmt":"2023-02-21T18:00:15","guid":{"rendered":"https:\/\/drasanvi.com\/cr\/?post_type=product&#038;p=24045"},"modified":"2024-10-16T01:00:05","modified_gmt":"2024-10-15T23:00:05","slug":"acido-hialuronico-con-vitamina-c-30-capsulas-nutrabasics","status":"publish","type":"product","link":"https:\/\/drasanvi.com\/cr\/producto\/acido-hialuronico-con-vitamina-c-30-capsulas-nutrabasics\/","title":{"rendered":"\u00c1cido Hialur\u00f3nico con vitamina C 30 C\u00e1psulas Nutrabasics"},"content":{"rendered":"<p>El &Aacute;cido Hialur&oacute;nico es un polisac&aacute;rido, az&uacute;car, con funci&oacute;n estructural. Presenta una textura viscosa que entra a formar parte de piel, cart&iacute;lagos y articulaciones.La uni&oacute;n de las cadenas de carbohidratos forma una estructura compleja, en forma de espiral y con una alta capacidad para retener grandes cantidades de agua.A diferencia de otros complementos de &Aacute;cido Hialur&oacute;nico, que consiguen esta sustancia a partir de animales como las aves o el vacuno, las c&aacute;psulas de &Aacute;cido Hialur&oacute;nico de Drasanvi se obtienen a partir de <strong>fermentaci&oacute;n bacteriana<\/strong>, lo que lo convierte en un producto diferenciador de mayor calidad y apto para vegetarianos.<\/p>\n<h2>Ingredientes<\/h2>\n<p>Agente de carga<em>(Celulosa microcristalina)<\/em>, Agente de recubrimiento<em>(Hidroxipropilmetilcelulosa)<\/em>, Agente de carga<em>(Estearto de carga)<\/em>, &Aacute;cido hialur&oacute;nico<em>(Obtenido por fermentaci&oacute;n bacteriana de Streptococcus zooepidemicus)<\/em>40 mg, Vitamina C<em>&nbsp;<\/em>20 mg, Antiaglomerante<em>(Di&oacute;xido de silicio)<\/em><\/p>\n<h2>Modo de uso<\/h2>\n<p>Consumir una c&aacute;psula al d&iacute;a, preferiblemente, con el desayuno.<\/p>\n<h2>Presentaci\u00f3n<\/h2>\n<p>Envase de 30 c&aacute;psulas de 470 mg. Peso total: 14.1 g (0.49 oz)<\/p>\n<h2>Advertencias<\/h2>\n<p>Complemento alimenticio a base de &aacute;cido hialur&oacute;nico.<\/p>\n<p>Los complementos alimenticios no deben utilizarse como sustitutivos de una dieta equilibrada. No superar la dosis diaria expresamente recomendada. Mantener fuera del alcance de los ni&ntilde;os m&aacute;s peque&ntilde;os. Conservar en un lugar fresco y seco.<\/p>\n<h2>Valores nutricionales<\/h2>\n","protected":false},"excerpt":{"rendered":"<p>El &Aacute;cido Hialur&oacute;nico es un polisac&aacute;rido, az&uacute;car, con funci&oacute;n estructural. Presenta una textura viscosa que entra a formar parte de piel, cart&iacute;lagos y articulaciones.La uni&oacute;n de las cadenas de carbohidratos forma una estructura compleja, en forma de espiral y con una alta capacidad para retener grandes cantidades de agua.A diferencia de otros complementos de &Aacute;cido Hialur&oacute;nico, que consiguen esta sustancia a partir de animales como las aves o el vacuno, las c&aacute;psulas de &Aacute;cido Hialur&oacute;nico de Drasanvi se obtienen a partir de <strong>fermentaci&oacute;n bacteriana<\/strong>, lo que lo convierte en un producto diferenciador de mayor calidad y apto para vegetarianos.<\/p>\n<p><a id=\"boton-ficha\" href=\"https:\/\/panel.drasanvi.com\/fichas\/3\/032057242\">Ficha t\u00e9cnica<\/a><\/p>\n","protected":false},"featured_media":0,"template":"","meta":{"inline_featured_image":false},"product_cat":[87],"product_tag":[],"class_list":["post-24045","product","type-product","status-publish","hentry","product_cat-acido-urico"],"yoast_head":"<!-- This site is optimized with the Yoast SEO plugin v27.4 - https:\/\/yoast.com\/product\/yoast-seo-wordpress\/ -->\n<title>\u00c1cido Hialur\u00f3nico con vitamina C 30 C\u00e1psulas Nutrabasics - Drasanvi Costa Rica<\/title>\n<meta name=\"robots\" content=\"index, follow, max-snippet:-1, max-image-preview:large, max-video-preview:-1\" \/>\n<link rel=\"canonical\" href=\"https:\/\/drasanvi.com\/cr\/producto\/acido-hialuronico-con-vitamina-c-30-capsulas-nutrabasics\/\" \/>\n<meta property=\"og:locale\" content=\"es_ES\" \/>\n<meta property=\"og:type\" content=\"article\" \/>\n<meta property=\"og:title\" content=\"\u00c1cido Hialur\u00f3nico con vitamina C 30 C\u00e1psulas Nutrabasics - Drasanvi Costa Rica\" \/>\n<meta property=\"og:description\" content=\"El &Aacute;cido Hialur&oacute;nico es un polisac&aacute;rido, az&uacute;car, con funci&oacute;n estructural. Presenta una textura viscosa que entra a formar parte de piel, cart&iacute;lagos y articulaciones.La uni&oacute;n de las cadenas de carbohidratos forma una estructura compleja, en forma de espiral y con una alta capacidad para retener grandes cantidades de agua.A diferencia de otros complementos de &Aacute;cido Hialur&oacute;nico, que consiguen esta sustancia a partir de animales como las aves o el vacuno, las c&aacute;psulas de &Aacute;cido Hialur&oacute;nico de Drasanvi se obtienen a partir de fermentaci&oacute;n bacteriana, lo que lo convierte en un producto diferenciador de mayor calidad y apto para vegetarianos.Ficha t\u00e9cnica\" \/>\n<meta property=\"og:url\" content=\"https:\/\/drasanvi.com\/cr\/producto\/acido-hialuronico-con-vitamina-c-30-capsulas-nutrabasics\/\" \/>\n<meta property=\"og:site_name\" content=\"Drasanvi Costa Rica\" \/>\n<meta property=\"article:modified_time\" content=\"2024-10-15T23:00:05+00:00\" \/>\n<meta name=\"twitter:card\" content=\"summary_large_image\" \/>\n<script type=\"application\/ld+json\" class=\"yoast-schema-graph\">{\"@context\":\"https:\\\/\\\/schema.org\",\"@graph\":[{\"@type\":\"WebPage\",\"@id\":\"https:\\\/\\\/drasanvi.com\\\/cr\\\/producto\\\/acido-hialuronico-con-vitamina-c-30-capsulas-nutrabasics\\\/\",\"url\":\"https:\\\/\\\/drasanvi.com\\\/cr\\\/producto\\\/acido-hialuronico-con-vitamina-c-30-capsulas-nutrabasics\\\/\",\"name\":\"\u00c1cido Hialur\u00f3nico con vitamina C 30 C\u00e1psulas Nutrabasics - Drasanvi Costa Rica\",\"isPartOf\":{\"@id\":\"https:\\\/\\\/drasanvi.com\\\/cr\\\/#website\"},\"datePublished\":\"2023-02-21T18:00:15+00:00\",\"dateModified\":\"2024-10-15T23:00:05+00:00\",\"breadcrumb\":{\"@id\":\"https:\\\/\\\/drasanvi.com\\\/cr\\\/producto\\\/acido-hialuronico-con-vitamina-c-30-capsulas-nutrabasics\\\/#breadcrumb\"},\"inLanguage\":\"es\",\"potentialAction\":[{\"@type\":\"ReadAction\",\"target\":[\"https:\\\/\\\/drasanvi.com\\\/cr\\\/producto\\\/acido-hialuronico-con-vitamina-c-30-capsulas-nutrabasics\\\/\"]}]},{\"@type\":\"BreadcrumbList\",\"@id\":\"https:\\\/\\\/drasanvi.com\\\/cr\\\/producto\\\/acido-hialuronico-con-vitamina-c-30-capsulas-nutrabasics\\\/#breadcrumb\",\"itemListElement\":[{\"@type\":\"ListItem\",\"position\":1,\"name\":\"Portada\",\"item\":\"https:\\\/\\\/drasanvi.com\\\/cr\\\/\"},{\"@type\":\"ListItem\",\"position\":2,\"name\":\"Tienda\",\"item\":\"https:\\\/\\\/drasanvi.com\\\/cr\\\/tienda\\\/\"},{\"@type\":\"ListItem\",\"position\":3,\"name\":\"\u00c1cido Hialur\u00f3nico con vitamina C 30 C\u00e1psulas Nutrabasics\"}]},{\"@type\":\"WebSite\",\"@id\":\"https:\\\/\\\/drasanvi.com\\\/cr\\\/#website\",\"url\":\"https:\\\/\\\/drasanvi.com\\\/cr\\\/\",\"name\":\"Drasanvi Costa Rica\",\"description\":\"L\u00edder en complementos alimenticios y cosm\u00e9tica natural.\",\"publisher\":{\"@id\":\"https:\\\/\\\/drasanvi.com\\\/cr\\\/#organization\"},\"potentialAction\":[{\"@type\":\"SearchAction\",\"target\":{\"@type\":\"EntryPoint\",\"urlTemplate\":\"https:\\\/\\\/drasanvi.com\\\/cr\\\/?s={search_term_string}\"},\"query-input\":{\"@type\":\"PropertyValueSpecification\",\"valueRequired\":true,\"valueName\":\"search_term_string\"}}],\"inLanguage\":\"es\"},{\"@type\":\"Organization\",\"@id\":\"https:\\\/\\\/drasanvi.com\\\/cr\\\/#organization\",\"name\":\"Drasanvi\",\"url\":\"https:\\\/\\\/drasanvi.com\\\/cr\\\/\",\"logo\":{\"@type\":\"ImageObject\",\"inLanguage\":\"es\",\"@id\":\"https:\\\/\\\/drasanvi.com\\\/cr\\\/#\\\/schema\\\/logo\\\/image\\\/\",\"url\":\"https:\\\/\\\/drasanvi.com\\\/wp-content\\\/uploads\\\/sites\\\/2\\\/2021\\\/07\\\/logo-drasanvi.png\",\"contentUrl\":\"https:\\\/\\\/drasanvi.com\\\/wp-content\\\/uploads\\\/sites\\\/2\\\/2021\\\/07\\\/logo-drasanvi.png\",\"width\":900,\"height\":300,\"caption\":\"Drasanvi\"},\"image\":{\"@id\":\"https:\\\/\\\/drasanvi.com\\\/cr\\\/#\\\/schema\\\/logo\\\/image\\\/\"}}]}<\/script>\n<!-- \/ Yoast SEO plugin. -->","yoast_head_json":{"title":"\u00c1cido Hialur\u00f3nico con vitamina C 30 C\u00e1psulas Nutrabasics - Drasanvi Costa Rica","robots":{"index":"index","follow":"follow","max-snippet":"max-snippet:-1","max-image-preview":"max-image-preview:large","max-video-preview":"max-video-preview:-1"},"canonical":"https:\/\/drasanvi.com\/cr\/producto\/acido-hialuronico-con-vitamina-c-30-capsulas-nutrabasics\/","og_locale":"es_ES","og_type":"article","og_title":"\u00c1cido Hialur\u00f3nico con vitamina C 30 C\u00e1psulas Nutrabasics - Drasanvi Costa Rica","og_description":"El &Aacute;cido Hialur&oacute;nico es un polisac&aacute;rido, az&uacute;car, con funci&oacute;n estructural. Presenta una textura viscosa que entra a formar parte de piel, cart&iacute;lagos y articulaciones.La uni&oacute;n de las cadenas de carbohidratos forma una estructura compleja, en forma de espiral y con una alta capacidad para retener grandes cantidades de agua.A diferencia de otros complementos de &Aacute;cido Hialur&oacute;nico, que consiguen esta sustancia a partir de animales como las aves o el vacuno, las c&aacute;psulas de &Aacute;cido Hialur&oacute;nico de Drasanvi se obtienen a partir de fermentaci&oacute;n bacteriana, lo que lo convierte en un producto diferenciador de mayor calidad y apto para vegetarianos.Ficha t\u00e9cnica","og_url":"https:\/\/drasanvi.com\/cr\/producto\/acido-hialuronico-con-vitamina-c-30-capsulas-nutrabasics\/","og_site_name":"Drasanvi Costa Rica","article_modified_time":"2024-10-15T23:00:05+00:00","twitter_card":"summary_large_image","schema":{"@context":"https:\/\/schema.org","@graph":[{"@type":"WebPage","@id":"https:\/\/drasanvi.com\/cr\/producto\/acido-hialuronico-con-vitamina-c-30-capsulas-nutrabasics\/","url":"https:\/\/drasanvi.com\/cr\/producto\/acido-hialuronico-con-vitamina-c-30-capsulas-nutrabasics\/","name":"\u00c1cido Hialur\u00f3nico con vitamina C 30 C\u00e1psulas Nutrabasics - Drasanvi Costa Rica","isPartOf":{"@id":"https:\/\/drasanvi.com\/cr\/#website"},"datePublished":"2023-02-21T18:00:15+00:00","dateModified":"2024-10-15T23:00:05+00:00","breadcrumb":{"@id":"https:\/\/drasanvi.com\/cr\/producto\/acido-hialuronico-con-vitamina-c-30-capsulas-nutrabasics\/#breadcrumb"},"inLanguage":"es","potentialAction":[{"@type":"ReadAction","target":["https:\/\/drasanvi.com\/cr\/producto\/acido-hialuronico-con-vitamina-c-30-capsulas-nutrabasics\/"]}]},{"@type":"BreadcrumbList","@id":"https:\/\/drasanvi.com\/cr\/producto\/acido-hialuronico-con-vitamina-c-30-capsulas-nutrabasics\/#breadcrumb","itemListElement":[{"@type":"ListItem","position":1,"name":"Portada","item":"https:\/\/drasanvi.com\/cr\/"},{"@type":"ListItem","position":2,"name":"Tienda","item":"https:\/\/drasanvi.com\/cr\/tienda\/"},{"@type":"ListItem","position":3,"name":"\u00c1cido Hialur\u00f3nico con vitamina C 30 C\u00e1psulas Nutrabasics"}]},{"@type":"WebSite","@id":"https:\/\/drasanvi.com\/cr\/#website","url":"https:\/\/drasanvi.com\/cr\/","name":"Drasanvi Costa Rica","description":"L\u00edder en complementos alimenticios y cosm\u00e9tica natural.","publisher":{"@id":"https:\/\/drasanvi.com\/cr\/#organization"},"potentialAction":[{"@type":"SearchAction","target":{"@type":"EntryPoint","urlTemplate":"https:\/\/drasanvi.com\/cr\/?s={search_term_string}"},"query-input":{"@type":"PropertyValueSpecification","valueRequired":true,"valueName":"search_term_string"}}],"inLanguage":"es"},{"@type":"Organization","@id":"https:\/\/drasanvi.com\/cr\/#organization","name":"Drasanvi","url":"https:\/\/drasanvi.com\/cr\/","logo":{"@type":"ImageObject","inLanguage":"es","@id":"https:\/\/drasanvi.com\/cr\/#\/schema\/logo\/image\/","url":"https:\/\/drasanvi.com\/wp-content\/uploads\/sites\/2\/2021\/07\/logo-drasanvi.png","contentUrl":"https:\/\/drasanvi.com\/wp-content\/uploads\/sites\/2\/2021\/07\/logo-drasanvi.png","width":900,"height":300,"caption":"Drasanvi"},"image":{"@id":"https:\/\/drasanvi.com\/cr\/#\/schema\/logo\/image\/"}}]}},"_links":{"self":[{"href":"https:\/\/drasanvi.com\/cr\/wp-json\/wp\/v2\/product\/24045","targetHints":{"allow":["GET"]}}],"collection":[{"href":"https:\/\/drasanvi.com\/cr\/wp-json\/wp\/v2\/product"}],"about":[{"href":"https:\/\/drasanvi.com\/cr\/wp-json\/wp\/v2\/types\/product"}],"version-history":[{"count":1,"href":"https:\/\/drasanvi.com\/cr\/wp-json\/wp\/v2\/product\/24045\/revisions"}],"predecessor-version":[{"id":24697,"href":"https:\/\/drasanvi.com\/cr\/wp-json\/wp\/v2\/product\/24045\/revisions\/24697"}],"wp:attachment":[{"href":"https:\/\/drasanvi.com\/cr\/wp-json\/wp\/v2\/media?parent=24045"}],"wp:term":[{"taxonomy":"product_cat","embeddable":true,"href":"https:\/\/drasanvi.com\/cr\/wp-json\/wp\/v2\/product_cat?post=24045"},{"taxonomy":"product_tag","embeddable":true,"href":"https:\/\/drasanvi.com\/cr\/wp-json\/wp\/v2\/product_tag?post=24045"}],"curies":[{"name":"wp","href":"https:\/\/api.w.org\/{rel}","templated":true}]}}