{"id":16047,"date":"2021-08-17T15:09:13","date_gmt":"2021-08-17T13:09:13","guid":{"rendered":"https:\/\/drasanvi.com\/cr\/?page_id=16047"},"modified":"2022-03-01T12:41:52","modified_gmt":"2022-03-01T10:41:52","slug":"blog-drasanvi","status":"publish","type":"page","link":"https:\/\/drasanvi.com\/cr\/blog-drasanvi\/","title":{"rendered":"Blog Drasanvi"},"content":{"rendered":"\t\t<div data-elementor-type=\"wp-page\" data-elementor-id=\"16047\" class=\"elementor elementor-16047\" data-elementor-settings=\"{&quot;ha_cmc_init_switcher&quot;:&quot;no&quot;}\" data-elementor-post-type=\"page\">\n\t\t\t\t\t\t<section class=\"elementor-section elementor-top-section elementor-element elementor-element-95b9acb elementor-section-stretched elementor-section-boxed elementor-section-height-default elementor-section-height-default\" data-id=\"95b9acb\" data-element_type=\"section\" data-e-type=\"section\" data-settings=\"{&quot;stretch_section&quot;:&quot;section-stretched&quot;,&quot;background_background&quot;:&quot;classic&quot;,&quot;_ha_eqh_enable&quot;:false}\">\n\t\t\t\t\t\t<div class=\"elementor-container elementor-column-gap-default\">\n\t\t\t\t\t<div class=\"elementor-column elementor-col-100 elementor-top-column elementor-element elementor-element-67531fb\" data-id=\"67531fb\" data-element_type=\"column\" data-e-type=\"column\">\n\t\t\t<div class=\"elementor-widget-wrap\">\n\t\t\t\t\t\t\t<\/div>\n\t\t<\/div>\n\t\t\t\t\t<\/div>\n\t\t<\/section>\n\t\t\t\t<section class=\"wd-negative-gap elementor-section elementor-top-section elementor-element elementor-element-88b567d elementor-section-stretched elementor-section-boxed elementor-section-height-default elementor-section-height-default\" data-id=\"88b567d\" data-element_type=\"section\" data-e-type=\"section\" data-settings=\"{&quot;stretch_section&quot;:&quot;section-stretched&quot;,&quot;_ha_eqh_enable&quot;:false}\">\n\t\t\t\t\t\t<div class=\"elementor-container elementor-column-gap-default\">\n\t\t\t\t\t<div class=\"elementor-column elementor-col-100 elementor-top-column elementor-element elementor-element-0794262\" data-id=\"0794262\" data-element_type=\"column\" data-e-type=\"column\">\n\t\t\t<div class=\"elementor-widget-wrap elementor-element-populated\">\n\t\t\t\t\t\t<section class=\"elementor-section elementor-inner-section elementor-element elementor-element-c2810c9 elementor-section-boxed elementor-section-height-default elementor-section-height-default\" data-id=\"c2810c9\" data-element_type=\"section\" data-e-type=\"section\" data-settings=\"{&quot;_ha_eqh_enable&quot;:false}\">\n\t\t\t\t\t\t<div class=\"elementor-container elementor-column-gap-default\">\n\t\t\t\t\t<div class=\"elementor-column elementor-col-100 elementor-inner-column elementor-element elementor-element-997fbab\" data-id=\"997fbab\" data-element_type=\"column\" data-e-type=\"column\">\n\t\t\t<div class=\"elementor-widget-wrap\">\n\t\t\t\t\t\t\t<\/div>\n\t\t<\/div>\n\t\t\t\t\t<\/div>\n\t\t<\/section>\n\t\t\t\t\t<\/div>\n\t\t<\/div>\n\t\t\t\t\t<\/div>\n\t\t<\/section>\n\t\t\t\t<\/div>\n\t\t","protected":false},"excerpt":{"rendered":"<p>Noticias destacadas Categor\u00edasBeautyDeporteH\u00e1bitos SaludablesNutrici\u00f3nRecetas H\u00e1bitos Saludables Los beneficios de las rutinas del sue\u00f1o y la alimentaci\u00f3n desde ni\u00f1os 08 Feb<\/p>\n","protected":false},"author":1,"featured_media":0,"parent":0,"menu_order":0,"comment_status":"closed","ping_status":"closed","template":"","meta":{"inline_featured_image":false,"footnotes":""},"class_list":["post-16047","page","type-page","status-publish","hentry"],"yoast_head":"<!-- This site is optimized with the Yoast SEO plugin v27.4 - https:\/\/yoast.com\/product\/yoast-seo-wordpress\/ -->\n<title>Blog Drasanvi - Drasanvi Costa Rica<\/title>\n<meta name=\"robots\" content=\"index, follow, max-snippet:-1, max-image-preview:large, max-video-preview:-1\" \/>\n<link rel=\"canonical\" href=\"https:\/\/drasanvi.com\/cr\/blog-drasanvi\/\" \/>\n<meta property=\"og:locale\" content=\"es_ES\" \/>\n<meta property=\"og:type\" content=\"article\" \/>\n<meta property=\"og:title\" content=\"Blog Drasanvi - Drasanvi Costa Rica\" \/>\n<meta property=\"og:description\" content=\"Noticias destacadas Categor\u00edasBeautyDeporteH\u00e1bitos SaludablesNutrici\u00f3nRecetas H\u00e1bitos Saludables Los beneficios de las rutinas del sue\u00f1o y la alimentaci\u00f3n desde ni\u00f1os 08 Feb\" \/>\n<meta property=\"og:url\" content=\"https:\/\/drasanvi.com\/cr\/blog-drasanvi\/\" \/>\n<meta property=\"og:site_name\" content=\"Drasanvi Costa Rica\" \/>\n<meta property=\"article:modified_time\" content=\"2022-03-01T10:41:52+00:00\" \/>\n<meta property=\"og:image\" content=\"https:\/\/drasanvi.com\/wp-content\/uploads\/sites\/2\/2021\/02\/Blog-sueno-ninos-150x150.jpg\" \/>\n<meta name=\"twitter:card\" content=\"summary_large_image\" \/>\n<script type=\"application\/ld+json\" class=\"yoast-schema-graph\">{\"@context\":\"https:\\\/\\\/schema.org\",\"@graph\":[{\"@type\":\"WebPage\",\"@id\":\"https:\\\/\\\/drasanvi.com\\\/cr\\\/blog-drasanvi\\\/\",\"url\":\"https:\\\/\\\/drasanvi.com\\\/cr\\\/blog-drasanvi\\\/\",\"name\":\"Blog Drasanvi - Drasanvi Costa Rica\",\"isPartOf\":{\"@id\":\"https:\\\/\\\/drasanvi.com\\\/cr\\\/#website\"},\"primaryImageOfPage\":{\"@id\":\"https:\\\/\\\/drasanvi.com\\\/cr\\\/blog-drasanvi\\\/#primaryimage\"},\"image\":{\"@id\":\"https:\\\/\\\/drasanvi.com\\\/cr\\\/blog-drasanvi\\\/#primaryimage\"},\"thumbnailUrl\":\"https:\\\/\\\/drasanvi.com\\\/wp-content\\\/uploads\\\/sites\\\/2\\\/2021\\\/02\\\/Blog-sueno-ninos-150x150.jpg\",\"datePublished\":\"2021-08-17T13:09:13+00:00\",\"dateModified\":\"2022-03-01T10:41:52+00:00\",\"breadcrumb\":{\"@id\":\"https:\\\/\\\/drasanvi.com\\\/cr\\\/blog-drasanvi\\\/#breadcrumb\"},\"inLanguage\":\"es\",\"potentialAction\":[{\"@type\":\"ReadAction\",\"target\":[\"https:\\\/\\\/drasanvi.com\\\/cr\\\/blog-drasanvi\\\/\"]}]},{\"@type\":\"ImageObject\",\"inLanguage\":\"es\",\"@id\":\"https:\\\/\\\/drasanvi.com\\\/cr\\\/blog-drasanvi\\\/#primaryimage\",\"url\":\"https:\\\/\\\/drasanvi.com\\\/wp-content\\\/uploads\\\/sites\\\/2\\\/2021\\\/02\\\/Blog-sueno-ninos-150x150.jpg\",\"contentUrl\":\"https:\\\/\\\/drasanvi.com\\\/wp-content\\\/uploads\\\/sites\\\/2\\\/2021\\\/02\\\/Blog-sueno-ninos-150x150.jpg\"},{\"@type\":\"BreadcrumbList\",\"@id\":\"https:\\\/\\\/drasanvi.com\\\/cr\\\/blog-drasanvi\\\/#breadcrumb\",\"itemListElement\":[{\"@type\":\"ListItem\",\"position\":1,\"name\":\"Portada\",\"item\":\"https:\\\/\\\/drasanvi.com\\\/cr\\\/\"},{\"@type\":\"ListItem\",\"position\":2,\"name\":\"Blog Drasanvi\"}]},{\"@type\":\"WebSite\",\"@id\":\"https:\\\/\\\/drasanvi.com\\\/cr\\\/#website\",\"url\":\"https:\\\/\\\/drasanvi.com\\\/cr\\\/\",\"name\":\"Drasanvi Costa Rica\",\"description\":\"L\u00edder en complementos alimenticios y cosm\u00e9tica natural.\",\"publisher\":{\"@id\":\"https:\\\/\\\/drasanvi.com\\\/cr\\\/#organization\"},\"potentialAction\":[{\"@type\":\"SearchAction\",\"target\":{\"@type\":\"EntryPoint\",\"urlTemplate\":\"https:\\\/\\\/drasanvi.com\\\/cr\\\/?s={search_term_string}\"},\"query-input\":{\"@type\":\"PropertyValueSpecification\",\"valueRequired\":true,\"valueName\":\"search_term_string\"}}],\"inLanguage\":\"es\"},{\"@type\":\"Organization\",\"@id\":\"https:\\\/\\\/drasanvi.com\\\/cr\\\/#organization\",\"name\":\"Drasanvi\",\"url\":\"https:\\\/\\\/drasanvi.com\\\/cr\\\/\",\"logo\":{\"@type\":\"ImageObject\",\"inLanguage\":\"es\",\"@id\":\"https:\\\/\\\/drasanvi.com\\\/cr\\\/#\\\/schema\\\/logo\\\/image\\\/\",\"url\":\"https:\\\/\\\/drasanvi.com\\\/wp-content\\\/uploads\\\/sites\\\/2\\\/2021\\\/07\\\/logo-drasanvi.png\",\"contentUrl\":\"https:\\\/\\\/drasanvi.com\\\/wp-content\\\/uploads\\\/sites\\\/2\\\/2021\\\/07\\\/logo-drasanvi.png\",\"width\":900,\"height\":300,\"caption\":\"Drasanvi\"},\"image\":{\"@id\":\"https:\\\/\\\/drasanvi.com\\\/cr\\\/#\\\/schema\\\/logo\\\/image\\\/\"}}]}<\/script>\n<!-- \/ Yoast SEO plugin. -->","yoast_head_json":{"title":"Blog Drasanvi - Drasanvi Costa Rica","robots":{"index":"index","follow":"follow","max-snippet":"max-snippet:-1","max-image-preview":"max-image-preview:large","max-video-preview":"max-video-preview:-1"},"canonical":"https:\/\/drasanvi.com\/cr\/blog-drasanvi\/","og_locale":"es_ES","og_type":"article","og_title":"Blog Drasanvi - Drasanvi Costa Rica","og_description":"Noticias destacadas Categor\u00edasBeautyDeporteH\u00e1bitos SaludablesNutrici\u00f3nRecetas H\u00e1bitos Saludables Los beneficios de las rutinas del sue\u00f1o y la alimentaci\u00f3n desde ni\u00f1os 08 Feb","og_url":"https:\/\/drasanvi.com\/cr\/blog-drasanvi\/","og_site_name":"Drasanvi Costa Rica","article_modified_time":"2022-03-01T10:41:52+00:00","og_image":[{"url":"https:\/\/drasanvi.com\/wp-content\/uploads\/sites\/2\/2021\/02\/Blog-sueno-ninos-150x150.jpg","type":"","width":"","height":""}],"twitter_card":"summary_large_image","schema":{"@context":"https:\/\/schema.org","@graph":[{"@type":"WebPage","@id":"https:\/\/drasanvi.com\/cr\/blog-drasanvi\/","url":"https:\/\/drasanvi.com\/cr\/blog-drasanvi\/","name":"Blog Drasanvi - Drasanvi Costa Rica","isPartOf":{"@id":"https:\/\/drasanvi.com\/cr\/#website"},"primaryImageOfPage":{"@id":"https:\/\/drasanvi.com\/cr\/blog-drasanvi\/#primaryimage"},"image":{"@id":"https:\/\/drasanvi.com\/cr\/blog-drasanvi\/#primaryimage"},"thumbnailUrl":"https:\/\/drasanvi.com\/wp-content\/uploads\/sites\/2\/2021\/02\/Blog-sueno-ninos-150x150.jpg","datePublished":"2021-08-17T13:09:13+00:00","dateModified":"2022-03-01T10:41:52+00:00","breadcrumb":{"@id":"https:\/\/drasanvi.com\/cr\/blog-drasanvi\/#breadcrumb"},"inLanguage":"es","potentialAction":[{"@type":"ReadAction","target":["https:\/\/drasanvi.com\/cr\/blog-drasanvi\/"]}]},{"@type":"ImageObject","inLanguage":"es","@id":"https:\/\/drasanvi.com\/cr\/blog-drasanvi\/#primaryimage","url":"https:\/\/drasanvi.com\/wp-content\/uploads\/sites\/2\/2021\/02\/Blog-sueno-ninos-150x150.jpg","contentUrl":"https:\/\/drasanvi.com\/wp-content\/uploads\/sites\/2\/2021\/02\/Blog-sueno-ninos-150x150.jpg"},{"@type":"BreadcrumbList","@id":"https:\/\/drasanvi.com\/cr\/blog-drasanvi\/#breadcrumb","itemListElement":[{"@type":"ListItem","position":1,"name":"Portada","item":"https:\/\/drasanvi.com\/cr\/"},{"@type":"ListItem","position":2,"name":"Blog Drasanvi"}]},{"@type":"WebSite","@id":"https:\/\/drasanvi.com\/cr\/#website","url":"https:\/\/drasanvi.com\/cr\/","name":"Drasanvi Costa Rica","description":"L\u00edder en complementos alimenticios y cosm\u00e9tica natural.","publisher":{"@id":"https:\/\/drasanvi.com\/cr\/#organization"},"potentialAction":[{"@type":"SearchAction","target":{"@type":"EntryPoint","urlTemplate":"https:\/\/drasanvi.com\/cr\/?s={search_term_string}"},"query-input":{"@type":"PropertyValueSpecification","valueRequired":true,"valueName":"search_term_string"}}],"inLanguage":"es"},{"@type":"Organization","@id":"https:\/\/drasanvi.com\/cr\/#organization","name":"Drasanvi","url":"https:\/\/drasanvi.com\/cr\/","logo":{"@type":"ImageObject","inLanguage":"es","@id":"https:\/\/drasanvi.com\/cr\/#\/schema\/logo\/image\/","url":"https:\/\/drasanvi.com\/wp-content\/uploads\/sites\/2\/2021\/07\/logo-drasanvi.png","contentUrl":"https:\/\/drasanvi.com\/wp-content\/uploads\/sites\/2\/2021\/07\/logo-drasanvi.png","width":900,"height":300,"caption":"Drasanvi"},"image":{"@id":"https:\/\/drasanvi.com\/cr\/#\/schema\/logo\/image\/"}}]}},"_links":{"self":[{"href":"https:\/\/drasanvi.com\/cr\/wp-json\/wp\/v2\/pages\/16047","targetHints":{"allow":["GET"]}}],"collection":[{"href":"https:\/\/drasanvi.com\/cr\/wp-json\/wp\/v2\/pages"}],"about":[{"href":"https:\/\/drasanvi.com\/cr\/wp-json\/wp\/v2\/types\/page"}],"author":[{"embeddable":true,"href":"https:\/\/drasanvi.com\/cr\/wp-json\/wp\/v2\/users\/1"}],"replies":[{"embeddable":true,"href":"https:\/\/drasanvi.com\/cr\/wp-json\/wp\/v2\/comments?post=16047"}],"version-history":[{"count":0,"href":"https:\/\/drasanvi.com\/cr\/wp-json\/wp\/v2\/pages\/16047\/revisions"}],"wp:attachment":[{"href":"https:\/\/drasanvi.com\/cr\/wp-json\/wp\/v2\/media?parent=16047"}],"curies":[{"name":"wp","href":"https:\/\/api.w.org\/{rel}","templated":true}]}}