{"id":24059,"date":"2025-01-29T13:00:04","date_gmt":"2025-01-29T11:00:04","guid":{"rendered":"https:\/\/drasanvi.com\/cl\/?post_type=product&#038;p=24059"},"modified":"2025-01-30T01:00:04","modified_gmt":"2025-01-29T23:00:04","slug":"acido-folico-bote-60-capsulas-nutrabasicos","status":"publish","type":"product","link":"https:\/\/drasanvi.com\/cl\/producto\/acido-folico-bote-60-capsulas-nutrabasicos\/","title":{"rendered":"\u00c1cido F\u00f3lico bote 60 C\u00e1psulas Nutrabasicos"},"content":{"rendered":"<p>El &Aacute;cido&nbsp;F&oacute;lico es una vitamina del grupo B, conocida como vitamina B9. Se trata de una vitamina cuyas funciones, aprobadas por la EFSA son:<\/p>\n<ul>\n<li>Contribuye al crecimiento de los tejidos maternos durante el embarazo.<\/li>\n<li>Contribuye a la s&iacute;ntesis normal de amino&aacute;cidos.<\/li>\n<li>Contribuye a la formaci&oacute;n normal de c&eacute;lulas sangu&iacute;neas.<\/li>\n<li>Contribuye a la funci&oacute;n psicol&oacute;gica normal.<\/li>\n<li>Contribuye al funcionamiento normal del sistema inmunitario.<\/li>\n<li>Ayudan a disminuir el cansancio y la fatiga.<\/li>\n<li>Contribuyen al proceso de divisi&oacute;n celular.<\/li>\n<\/ul>\n<p>Las fuentes alimenticias del &Aacute;cido F&oacute;lico son v&iacute;sceras, verduras de hoja verde, levadura de cerveza y frutos secos. Las c&aacute;psulas de Drasanvi incorporan en su composici&oacute;n 400 &micro;g de &Aacute;cido F&oacute;lico en forma de &aacute;cido pteroil-L-glut&aacute;mico. La cantidad por c&aacute;psula aporta el 100% de la Cantidad Diaria Recomendada.<\/p>\n<h2>Ingredientes<\/h2>\n<p>Agente de carga<em>(Celulosa microcristalina)<\/em>, Agente de recubrimiento<em>(Hidroxipropilmetilcelulosa)<\/em>, Agente de carga<em>(Sal magn&eacute;sica de &aacute;cido graso)<\/em>, Antiaglomerante<em>(Di&oacute;xido de silicio)<\/em>, &Aacute;cido f&oacute;lico<em>(&Aacute;cido pteroil-L-glut&aacute;mico)<\/em>0,4 mg<\/p>\n<h2>Modo de uso<\/h2>\n<p>Producto listo para su consumo. No consumir m&aacute;s de 1 porci&oacute;n al d&iacute;a.<\/p>\n<h2>Presentaci\u00f3n<\/h2>\n<p>Envase de 60 c&aacute;psulas de 396,4 mg. Peso total: 23,78 g (0.84 oz)<\/p>\n<h2>Advertencias<\/h2>\n<p><strong>SUPLEMENTO ALIMENTARIO EN C&Aacute;PSULA A BASE DE &Aacute;CIDO F&Oacute;LICO.<\/strong><\/p>\n<p>Su uso no es recomendable para consumo por menores de 8 a&ntilde;os, embarazadas y nodrizas, salvo indicaci&oacute;n profesional competente y no remplaza una alimentaci&oacute;n balanceada.<\/p>\n<h2>Valores nutricionales<\/h2>\n<p><strong>INFORMACI&Oacute;N NUTRICIONAL<\/strong><\/p>\n<table>\n<tbody>\n<tr>\n<td>Porci&oacute;n: 0.4 g (1 c&aacute;psula) Porciones por envase: 30<\/td>\n<td>&nbsp;<\/td>\n<td>&nbsp;<\/td>\n<\/tr>\n<tr>\n<td>&nbsp;<\/td>\n<td>100 g<\/td>\n<td>Porci&oacute;n<\/td>\n<\/tr>\n<tr>\n<td>Energ&iacute;a (Kcal)<\/td>\n<td>301<\/td>\n<td>1.19<\/td>\n<\/tr>\n<tr>\n<td>Prote&iacute;nas (g)<\/td>\n<td>1.00<\/td>\n<td>0.00<\/td>\n<\/tr>\n<tr>\n<td>Grasa total (g)<\/td>\n<td>0.24<\/td>\n<td>0.00<\/td>\n<\/tr>\n<tr>\n<td>grasas saturadas (g)<\/td>\n<td>0.35<\/td>\n<td>0.00<\/td>\n<\/tr>\n<tr>\n<td>Hidratos de carbono (g)<\/td>\n<td>74.3<\/td>\n<td>0.29<\/td>\n<\/tr>\n<tr>\n<td>Fibra (g)<\/td>\n<td>11.6<\/td>\n<td>0.05<\/td>\n<\/tr>\n<tr>\n<td>az&uacute;cares totales (g)<\/td>\n<td>048<\/td>\n<td>0.00<\/td>\n<\/tr>\n<tr>\n<td>Sodio (mg)<\/td>\n<td>50.0<\/td>\n<td>0.20<\/td>\n<\/tr>\n<\/tbody>\n<\/table>\n<table border=\"\">\n<tbody>\n<tr>\n<td>&nbsp;<\/td>\n<td>&nbsp;<\/td>\n<td>(*)<\/td>\n<\/tr>\n<tr>\n<td>&Aacute;cido f&oacute;lico (&micro;g)<\/td>\n<td>101010<\/td>\n<td>200%<\/td>\n<\/tr>\n<\/tbody>\n<\/table>\n<p>(*) % en relaci&oacute;n a la Dosis Diaria Recomendada (DDR).<\/p>\n","protected":false},"excerpt":{"rendered":"<p>El &Aacute;cido&nbsp;F&oacute;lico es una vitamina del grupo B, conocida como vitamina B9. Se trata de una vitamina cuyas funciones, aprobadas por la EFSA son:<\/p>\n<ul>\n<li>Contribuye al crecimiento de los tejidos maternos durante el embarazo.<\/li>\n<li>Contribuye a la s&iacute;ntesis normal de amino&aacute;cidos.<\/li>\n<li>Contribuye a la formaci&oacute;n normal de c&eacute;lulas sangu&iacute;neas.<\/li>\n<li>Contribuye a la funci&oacute;n psicol&oacute;gica normal.<\/li>\n<li>Contribuye al funcionamiento normal del sistema inmunitario.<\/li>\n<li>Ayudan a disminuir el cansancio y la fatiga.<\/li>\n<li>Contribuyen al proceso de divisi&oacute;n celular.<\/li>\n<\/ul>\n<p>Las fuentes alimenticias del &Aacute;cido F&oacute;lico son v&iacute;sceras, verduras de hoja verde, levadura de cerveza y frutos secos. Las c&aacute;psulas de Drasanvi incorporan en su composici&oacute;n 400 &micro;g de &Aacute;cido F&oacute;lico en forma de &aacute;cido pteroil-L-glut&aacute;mico. La cantidad por c&aacute;psula aporta el 100% de la Cantidad Diaria Recomendada.<\/p>\n<p><a id=\"boton-ficha\" href=\"https:\/\/panel.drasanvi.com\/fichas\/2\/032057455\">Ficha t\u00e9cnica<\/a><\/p>\n","protected":false},"featured_media":0,"template":"","meta":{"inline_featured_image":false},"product_cat":[87],"product_tag":[],"class_list":["post-24059","product","type-product","status-publish","hentry","product_cat-acido-urico"],"yoast_head":"<!-- This site is optimized with the Yoast SEO plugin v27.5 - https:\/\/yoast.com\/product\/yoast-seo-wordpress\/ -->\n<title>\u00c1cido F\u00f3lico bote 60 C\u00e1psulas Nutrabasicos - Drasanvi Chile<\/title>\n<meta name=\"robots\" content=\"index, follow, max-snippet:-1, max-image-preview:large, max-video-preview:-1\" \/>\n<link rel=\"canonical\" href=\"https:\/\/drasanvi.com\/cl\/producto\/acido-folico-bote-60-capsulas-nutrabasicos\/\" \/>\n<meta property=\"og:locale\" content=\"es_ES\" \/>\n<meta property=\"og:type\" content=\"article\" \/>\n<meta property=\"og:title\" content=\"\u00c1cido F\u00f3lico bote 60 C\u00e1psulas Nutrabasicos - Drasanvi Chile\" \/>\n<meta property=\"og:description\" content=\"El &Aacute;cido&nbsp;F&oacute;lico es una vitamina del grupo B, conocida como vitamina B9. Se trata de una vitamina cuyas funciones, aprobadas por la EFSA son:  Contribuye al crecimiento de los tejidos maternos durante el embarazo. Contribuye a la s&iacute;ntesis normal de amino&aacute;cidos. Contribuye a la formaci&oacute;n normal de c&eacute;lulas sangu&iacute;neas. Contribuye a la funci&oacute;n psicol&oacute;gica normal. Contribuye al funcionamiento normal del sistema inmunitario. Ayudan a disminuir el cansancio y la fatiga. Contribuyen al proceso de divisi&oacute;n celular.  Las fuentes alimenticias del &Aacute;cido F&oacute;lico son v&iacute;sceras, verduras de hoja verde, levadura de cerveza y frutos secos. Las c&aacute;psulas de Drasanvi incorporan en su composici&oacute;n 400 &micro;g de &Aacute;cido F&oacute;lico en forma de &aacute;cido pteroil-L-glut&aacute;mico. La cantidad por c&aacute;psula aporta el 100% de la Cantidad Diaria Recomendada.Ficha t\u00e9cnica\" \/>\n<meta property=\"og:url\" content=\"https:\/\/drasanvi.com\/cl\/producto\/acido-folico-bote-60-capsulas-nutrabasicos\/\" \/>\n<meta property=\"og:site_name\" content=\"Drasanvi Chile\" \/>\n<meta property=\"article:modified_time\" content=\"2025-01-29T23:00:04+00:00\" \/>\n<meta name=\"twitter:card\" content=\"summary_large_image\" \/>\n<script type=\"application\/ld+json\" class=\"yoast-schema-graph\">{\"@context\":\"https:\\\/\\\/schema.org\",\"@graph\":[{\"@type\":\"WebPage\",\"@id\":\"https:\\\/\\\/drasanvi.com\\\/cl\\\/producto\\\/acido-folico-bote-60-capsulas-nutrabasicos\\\/\",\"url\":\"https:\\\/\\\/drasanvi.com\\\/cl\\\/producto\\\/acido-folico-bote-60-capsulas-nutrabasicos\\\/\",\"name\":\"\u00c1cido F\u00f3lico bote 60 C\u00e1psulas Nutrabasicos - Drasanvi Chile\",\"isPartOf\":{\"@id\":\"https:\\\/\\\/drasanvi.com\\\/cl\\\/#website\"},\"datePublished\":\"2025-01-29T11:00:04+00:00\",\"dateModified\":\"2025-01-29T23:00:04+00:00\",\"breadcrumb\":{\"@id\":\"https:\\\/\\\/drasanvi.com\\\/cl\\\/producto\\\/acido-folico-bote-60-capsulas-nutrabasicos\\\/#breadcrumb\"},\"inLanguage\":\"es\",\"potentialAction\":[{\"@type\":\"ReadAction\",\"target\":[\"https:\\\/\\\/drasanvi.com\\\/cl\\\/producto\\\/acido-folico-bote-60-capsulas-nutrabasicos\\\/\"]}]},{\"@type\":\"BreadcrumbList\",\"@id\":\"https:\\\/\\\/drasanvi.com\\\/cl\\\/producto\\\/acido-folico-bote-60-capsulas-nutrabasicos\\\/#breadcrumb\",\"itemListElement\":[{\"@type\":\"ListItem\",\"position\":1,\"name\":\"Portada\",\"item\":\"https:\\\/\\\/drasanvi.com\\\/cl\\\/\"},{\"@type\":\"ListItem\",\"position\":2,\"name\":\"Tienda\",\"item\":\"https:\\\/\\\/drasanvi.com\\\/cl\\\/tienda\\\/\"},{\"@type\":\"ListItem\",\"position\":3,\"name\":\"\u00c1cido F\u00f3lico bote 60 C\u00e1psulas Nutrabasicos\"}]},{\"@type\":\"WebSite\",\"@id\":\"https:\\\/\\\/drasanvi.com\\\/cl\\\/#website\",\"url\":\"https:\\\/\\\/drasanvi.com\\\/cl\\\/\",\"name\":\"Drasanvi Chile\",\"description\":\"L\u00edder en complementos alimenticios y cosm\u00e9tica natural.\",\"publisher\":{\"@id\":\"https:\\\/\\\/drasanvi.com\\\/cl\\\/#organization\"},\"potentialAction\":[{\"@type\":\"SearchAction\",\"target\":{\"@type\":\"EntryPoint\",\"urlTemplate\":\"https:\\\/\\\/drasanvi.com\\\/cl\\\/?s={search_term_string}\"},\"query-input\":{\"@type\":\"PropertyValueSpecification\",\"valueRequired\":true,\"valueName\":\"search_term_string\"}}],\"inLanguage\":\"es\"},{\"@type\":\"Organization\",\"@id\":\"https:\\\/\\\/drasanvi.com\\\/cl\\\/#organization\",\"name\":\"Drasanvi\",\"url\":\"https:\\\/\\\/drasanvi.com\\\/cl\\\/\",\"logo\":{\"@type\":\"ImageObject\",\"inLanguage\":\"es\",\"@id\":\"https:\\\/\\\/drasanvi.com\\\/cl\\\/#\\\/schema\\\/logo\\\/image\\\/\",\"url\":\"https:\\\/\\\/drasanvi.com\\\/wp-content\\\/uploads\\\/sites\\\/4\\\/2021\\\/07\\\/logo-drasanvi.png\",\"contentUrl\":\"https:\\\/\\\/drasanvi.com\\\/wp-content\\\/uploads\\\/sites\\\/4\\\/2021\\\/07\\\/logo-drasanvi.png\",\"width\":900,\"height\":300,\"caption\":\"Drasanvi\"},\"image\":{\"@id\":\"https:\\\/\\\/drasanvi.com\\\/cl\\\/#\\\/schema\\\/logo\\\/image\\\/\"}}]}<\/script>\n<!-- \/ Yoast SEO plugin. -->","yoast_head_json":{"title":"\u00c1cido F\u00f3lico bote 60 C\u00e1psulas Nutrabasicos - Drasanvi Chile","robots":{"index":"index","follow":"follow","max-snippet":"max-snippet:-1","max-image-preview":"max-image-preview:large","max-video-preview":"max-video-preview:-1"},"canonical":"https:\/\/drasanvi.com\/cl\/producto\/acido-folico-bote-60-capsulas-nutrabasicos\/","og_locale":"es_ES","og_type":"article","og_title":"\u00c1cido F\u00f3lico bote 60 C\u00e1psulas Nutrabasicos - Drasanvi Chile","og_description":"El &Aacute;cido&nbsp;F&oacute;lico es una vitamina del grupo B, conocida como vitamina B9. Se trata de una vitamina cuyas funciones, aprobadas por la EFSA son:  Contribuye al crecimiento de los tejidos maternos durante el embarazo. Contribuye a la s&iacute;ntesis normal de amino&aacute;cidos. Contribuye a la formaci&oacute;n normal de c&eacute;lulas sangu&iacute;neas. Contribuye a la funci&oacute;n psicol&oacute;gica normal. Contribuye al funcionamiento normal del sistema inmunitario. Ayudan a disminuir el cansancio y la fatiga. Contribuyen al proceso de divisi&oacute;n celular.  Las fuentes alimenticias del &Aacute;cido F&oacute;lico son v&iacute;sceras, verduras de hoja verde, levadura de cerveza y frutos secos. Las c&aacute;psulas de Drasanvi incorporan en su composici&oacute;n 400 &micro;g de &Aacute;cido F&oacute;lico en forma de &aacute;cido pteroil-L-glut&aacute;mico. La cantidad por c&aacute;psula aporta el 100% de la Cantidad Diaria Recomendada.Ficha t\u00e9cnica","og_url":"https:\/\/drasanvi.com\/cl\/producto\/acido-folico-bote-60-capsulas-nutrabasicos\/","og_site_name":"Drasanvi Chile","article_modified_time":"2025-01-29T23:00:04+00:00","twitter_card":"summary_large_image","schema":{"@context":"https:\/\/schema.org","@graph":[{"@type":"WebPage","@id":"https:\/\/drasanvi.com\/cl\/producto\/acido-folico-bote-60-capsulas-nutrabasicos\/","url":"https:\/\/drasanvi.com\/cl\/producto\/acido-folico-bote-60-capsulas-nutrabasicos\/","name":"\u00c1cido F\u00f3lico bote 60 C\u00e1psulas Nutrabasicos - Drasanvi Chile","isPartOf":{"@id":"https:\/\/drasanvi.com\/cl\/#website"},"datePublished":"2025-01-29T11:00:04+00:00","dateModified":"2025-01-29T23:00:04+00:00","breadcrumb":{"@id":"https:\/\/drasanvi.com\/cl\/producto\/acido-folico-bote-60-capsulas-nutrabasicos\/#breadcrumb"},"inLanguage":"es","potentialAction":[{"@type":"ReadAction","target":["https:\/\/drasanvi.com\/cl\/producto\/acido-folico-bote-60-capsulas-nutrabasicos\/"]}]},{"@type":"BreadcrumbList","@id":"https:\/\/drasanvi.com\/cl\/producto\/acido-folico-bote-60-capsulas-nutrabasicos\/#breadcrumb","itemListElement":[{"@type":"ListItem","position":1,"name":"Portada","item":"https:\/\/drasanvi.com\/cl\/"},{"@type":"ListItem","position":2,"name":"Tienda","item":"https:\/\/drasanvi.com\/cl\/tienda\/"},{"@type":"ListItem","position":3,"name":"\u00c1cido F\u00f3lico bote 60 C\u00e1psulas Nutrabasicos"}]},{"@type":"WebSite","@id":"https:\/\/drasanvi.com\/cl\/#website","url":"https:\/\/drasanvi.com\/cl\/","name":"Drasanvi Chile","description":"L\u00edder en complementos alimenticios y cosm\u00e9tica natural.","publisher":{"@id":"https:\/\/drasanvi.com\/cl\/#organization"},"potentialAction":[{"@type":"SearchAction","target":{"@type":"EntryPoint","urlTemplate":"https:\/\/drasanvi.com\/cl\/?s={search_term_string}"},"query-input":{"@type":"PropertyValueSpecification","valueRequired":true,"valueName":"search_term_string"}}],"inLanguage":"es"},{"@type":"Organization","@id":"https:\/\/drasanvi.com\/cl\/#organization","name":"Drasanvi","url":"https:\/\/drasanvi.com\/cl\/","logo":{"@type":"ImageObject","inLanguage":"es","@id":"https:\/\/drasanvi.com\/cl\/#\/schema\/logo\/image\/","url":"https:\/\/drasanvi.com\/wp-content\/uploads\/sites\/4\/2021\/07\/logo-drasanvi.png","contentUrl":"https:\/\/drasanvi.com\/wp-content\/uploads\/sites\/4\/2021\/07\/logo-drasanvi.png","width":900,"height":300,"caption":"Drasanvi"},"image":{"@id":"https:\/\/drasanvi.com\/cl\/#\/schema\/logo\/image\/"}}]}},"_links":{"self":[{"href":"https:\/\/drasanvi.com\/cl\/wp-json\/wp\/v2\/product\/24059","targetHints":{"allow":["GET"]}}],"collection":[{"href":"https:\/\/drasanvi.com\/cl\/wp-json\/wp\/v2\/product"}],"about":[{"href":"https:\/\/drasanvi.com\/cl\/wp-json\/wp\/v2\/types\/product"}],"version-history":[{"count":1,"href":"https:\/\/drasanvi.com\/cl\/wp-json\/wp\/v2\/product\/24059\/revisions"}],"predecessor-version":[{"id":24072,"href":"https:\/\/drasanvi.com\/cl\/wp-json\/wp\/v2\/product\/24059\/revisions\/24072"}],"wp:attachment":[{"href":"https:\/\/drasanvi.com\/cl\/wp-json\/wp\/v2\/media?parent=24059"}],"wp:term":[{"taxonomy":"product_cat","embeddable":true,"href":"https:\/\/drasanvi.com\/cl\/wp-json\/wp\/v2\/product_cat?post=24059"},{"taxonomy":"product_tag","embeddable":true,"href":"https:\/\/drasanvi.com\/cl\/wp-json\/wp\/v2\/product_tag?post=24059"}],"curies":[{"name":"wp","href":"https:\/\/api.w.org\/{rel}","templated":true}]}}