{"id":23757,"date":"2022-06-08T12:39:00","date_gmt":"2022-06-08T10:39:00","guid":{"rendered":"https:\/\/drasanvi.com\/cl\/producto\/l-glutamina-sabor-sandia-sport-live-300-g-drasanvi\/"},"modified":"2022-06-08T12:39:09","modified_gmt":"2022-06-08T10:39:09","slug":"l-glutamina-sabor-sandia-sport-live-300-g-drasanvi","status":"publish","type":"product","link":"https:\/\/drasanvi.com\/cl\/producto\/l-glutamina-sabor-sandia-sport-live-300-g-drasanvi\/","title":{"rendered":"L-Glutamina Sabor Sand\u00eda Sport Live 300 g Drasanvi"},"content":{"rendered":"<h2>Ingredientes<\/h2>\n<p>Ingredientes  mg \/ Dosis diaria      L-Glutamina Kyowa  8697,2mg       Otros Ingredientes: Aroma de sand\u00eda, sucralosa y remolacha        Sin conservantes ni az\u00facares a\u00f1adidos.<\/p>\n<h2>Modo de uso<\/h2>\n<p>Tomar 5 g de L-Glutamina disueltos en 100 ml de agua durante el desayuno y otros 5 g despu\u00e9s del entrenamiento.Esta ingesta est\u00e1 recomendada para personas de 80 Kg (aumentar la proporci\u00f3n seg\u00fan el peso corporal )*Un cazo dosificador enrasado corresponde a 5 g<\/p>\n<h2>Presentaci\u00f3n<\/h2>\n<p>Envase 300 g (10,58 oz)<\/p>\n<h2>Advertencias<\/h2>\n<p>Complemento alimenticio a base de L-glutamina con edulcorante. No superar la dosis diaria expresamente recomendada; Los complementos alimenticios no deben utilizarse como sustituto de una dieta equilibrada; Mantener fuera del alcance de los ni&ntilde;os m&aacute;s peque&ntilde;os. Conservar en un lugar fresco y seco.<\/p>\n","protected":false},"excerpt":{"rendered":"<p>La L- Glutamina es un amino\u00e1cido no esencial. Es decir, nuestro cuerpo es capaz de sintetizarlo aunque, en determinadas situaciones,el organismo puede necesitar m\u00e1s cantidad y ser dependiente del aporte nutricionalLa L-Glutamina entra a formar parte de diversas prote\u00ednas, las cuales son esenciales para nuestro organismo: entran a formar parte de los m\u00fasculos o forman parte del sistema inmunitario.Nuestra L-Glutamina se encuentran de forma libre, al igual que en nuestro organismo.Utilizamos Glutamina de marca Kyowa,\u00a0 una marca que une calidad e innovaci\u00f3n en sus procesos de fabricaci\u00f3n.<br \/><a id=\"boton-ficha\" href=\"https:\/\/panel.drasanvi.com\/fichas\/2\/032057097\" target=\"_blank\" rel=\"noopener\">Ficha t\u00e9cnica<\/a><\/p>\n","protected":false},"featured_media":23759,"template":"","meta":{"inline_featured_image":false},"product_cat":[97],"product_tag":[],"class_list":["post-23757","product","type-product","status-publish","has-post-thumbnail","hentry","product_cat-deporte","pa_contiene-altramuces-no","pa_contiene-apio-no","pa_contiene-cacahuetes-no","pa_contiene-crustaceos-no","pa_contiene-frutos-secos-no","pa_contiene-huevo-no","pa_contiene-leche-no","pa_contiene-moluscos-no","pa_contiene-mostaza-no","pa_contiene-pescado-no","pa_contiene-sesamo-no","pa_contiene-soja-no","pa_producto-bio-no","pa_producto-sin-gluten-si","pa_producto-vegano-si","pa_producto-vegetariano-no"],"yoast_head":"<!-- This site is optimized with the Yoast SEO plugin v27.4 - https:\/\/yoast.com\/product\/yoast-seo-wordpress\/ -->\n<title>L-Glutamina Sabor Sand\u00eda Sport Live 300 g Drasanvi - Drasanvi Chile<\/title>\n<meta name=\"robots\" content=\"index, follow, max-snippet:-1, max-image-preview:large, max-video-preview:-1\" \/>\n<link rel=\"canonical\" href=\"https:\/\/drasanvi.com\/cl\/producto\/l-glutamina-sabor-sandia-sport-live-300-g-drasanvi\/\" \/>\n<meta property=\"og:locale\" content=\"es_ES\" \/>\n<meta property=\"og:type\" content=\"article\" \/>\n<meta property=\"og:title\" content=\"L-Glutamina Sabor Sand\u00eda Sport Live 300 g Drasanvi - Drasanvi Chile\" \/>\n<meta property=\"og:description\" content=\"La L- Glutamina es un amino\u00e1cido no esencial. Es decir, nuestro cuerpo es capaz de sintetizarlo aunque, en determinadas situaciones,el organismo puede necesitar m\u00e1s cantidad y ser dependiente del aporte nutricionalLa L-Glutamina entra a formar parte de diversas prote\u00ednas, las cuales son esenciales para nuestro organismo: entran a formar parte de los m\u00fasculos o forman parte del sistema inmunitario.Nuestra L-Glutamina se encuentran de forma libre, al igual que en nuestro organismo.Utilizamos Glutamina de marca Kyowa,\u00a0 una marca que une calidad e innovaci\u00f3n en sus procesos de fabricaci\u00f3n.Ficha t\u00e9cnica\" \/>\n<meta property=\"og:url\" content=\"https:\/\/drasanvi.com\/cl\/producto\/l-glutamina-sabor-sandia-sport-live-300-g-drasanvi\/\" \/>\n<meta property=\"og:site_name\" content=\"Drasanvi Chile\" \/>\n<meta property=\"article:modified_time\" content=\"2022-06-08T10:39:09+00:00\" \/>\n<meta property=\"og:image\" content=\"https:\/\/drasanvi.com\/cl\/wp-content\/uploads\/sites\/4\/2022\/06\/032057097.png\" \/>\n\t<meta property=\"og:image:width\" content=\"1000\" \/>\n\t<meta property=\"og:image:height\" content=\"1000\" \/>\n\t<meta property=\"og:image:type\" content=\"image\/png\" \/>\n<meta name=\"twitter:card\" content=\"summary_large_image\" \/>\n<script type=\"application\/ld+json\" class=\"yoast-schema-graph\">{\"@context\":\"https:\\\/\\\/schema.org\",\"@graph\":[{\"@type\":\"WebPage\",\"@id\":\"https:\\\/\\\/drasanvi.com\\\/cl\\\/producto\\\/l-glutamina-sabor-sandia-sport-live-300-g-drasanvi\\\/\",\"url\":\"https:\\\/\\\/drasanvi.com\\\/cl\\\/producto\\\/l-glutamina-sabor-sandia-sport-live-300-g-drasanvi\\\/\",\"name\":\"L-Glutamina Sabor Sand\u00eda Sport Live 300 g Drasanvi - Drasanvi Chile\",\"isPartOf\":{\"@id\":\"https:\\\/\\\/drasanvi.com\\\/cl\\\/#website\"},\"primaryImageOfPage\":{\"@id\":\"https:\\\/\\\/drasanvi.com\\\/cl\\\/producto\\\/l-glutamina-sabor-sandia-sport-live-300-g-drasanvi\\\/#primaryimage\"},\"image\":{\"@id\":\"https:\\\/\\\/drasanvi.com\\\/cl\\\/producto\\\/l-glutamina-sabor-sandia-sport-live-300-g-drasanvi\\\/#primaryimage\"},\"thumbnailUrl\":\"https:\\\/\\\/drasanvi.com\\\/cl\\\/wp-content\\\/uploads\\\/sites\\\/4\\\/2022\\\/06\\\/032057097.png\",\"datePublished\":\"2022-06-08T10:39:00+00:00\",\"dateModified\":\"2022-06-08T10:39:09+00:00\",\"breadcrumb\":{\"@id\":\"https:\\\/\\\/drasanvi.com\\\/cl\\\/producto\\\/l-glutamina-sabor-sandia-sport-live-300-g-drasanvi\\\/#breadcrumb\"},\"inLanguage\":\"es\",\"potentialAction\":[{\"@type\":\"ReadAction\",\"target\":[\"https:\\\/\\\/drasanvi.com\\\/cl\\\/producto\\\/l-glutamina-sabor-sandia-sport-live-300-g-drasanvi\\\/\"]}]},{\"@type\":\"ImageObject\",\"inLanguage\":\"es\",\"@id\":\"https:\\\/\\\/drasanvi.com\\\/cl\\\/producto\\\/l-glutamina-sabor-sandia-sport-live-300-g-drasanvi\\\/#primaryimage\",\"url\":\"https:\\\/\\\/drasanvi.com\\\/cl\\\/wp-content\\\/uploads\\\/sites\\\/4\\\/2022\\\/06\\\/032057097.png\",\"contentUrl\":\"https:\\\/\\\/drasanvi.com\\\/cl\\\/wp-content\\\/uploads\\\/sites\\\/4\\\/2022\\\/06\\\/032057097.png\",\"width\":1000,\"height\":1000},{\"@type\":\"BreadcrumbList\",\"@id\":\"https:\\\/\\\/drasanvi.com\\\/cl\\\/producto\\\/l-glutamina-sabor-sandia-sport-live-300-g-drasanvi\\\/#breadcrumb\",\"itemListElement\":[{\"@type\":\"ListItem\",\"position\":1,\"name\":\"Portada\",\"item\":\"https:\\\/\\\/drasanvi.com\\\/cl\\\/\"},{\"@type\":\"ListItem\",\"position\":2,\"name\":\"Tienda\",\"item\":\"https:\\\/\\\/drasanvi.com\\\/cl\\\/tienda\\\/\"},{\"@type\":\"ListItem\",\"position\":3,\"name\":\"L-Glutamina Sabor Sand\u00eda Sport Live 300 g Drasanvi\"}]},{\"@type\":\"WebSite\",\"@id\":\"https:\\\/\\\/drasanvi.com\\\/cl\\\/#website\",\"url\":\"https:\\\/\\\/drasanvi.com\\\/cl\\\/\",\"name\":\"Drasanvi Chile\",\"description\":\"L\u00edder en complementos alimenticios y cosm\u00e9tica natural.\",\"publisher\":{\"@id\":\"https:\\\/\\\/drasanvi.com\\\/cl\\\/#organization\"},\"potentialAction\":[{\"@type\":\"SearchAction\",\"target\":{\"@type\":\"EntryPoint\",\"urlTemplate\":\"https:\\\/\\\/drasanvi.com\\\/cl\\\/?s={search_term_string}\"},\"query-input\":{\"@type\":\"PropertyValueSpecification\",\"valueRequired\":true,\"valueName\":\"search_term_string\"}}],\"inLanguage\":\"es\"},{\"@type\":\"Organization\",\"@id\":\"https:\\\/\\\/drasanvi.com\\\/cl\\\/#organization\",\"name\":\"Drasanvi\",\"url\":\"https:\\\/\\\/drasanvi.com\\\/cl\\\/\",\"logo\":{\"@type\":\"ImageObject\",\"inLanguage\":\"es\",\"@id\":\"https:\\\/\\\/drasanvi.com\\\/cl\\\/#\\\/schema\\\/logo\\\/image\\\/\",\"url\":\"https:\\\/\\\/drasanvi.com\\\/wp-content\\\/uploads\\\/sites\\\/4\\\/2021\\\/07\\\/logo-drasanvi.png\",\"contentUrl\":\"https:\\\/\\\/drasanvi.com\\\/wp-content\\\/uploads\\\/sites\\\/4\\\/2021\\\/07\\\/logo-drasanvi.png\",\"width\":900,\"height\":300,\"caption\":\"Drasanvi\"},\"image\":{\"@id\":\"https:\\\/\\\/drasanvi.com\\\/cl\\\/#\\\/schema\\\/logo\\\/image\\\/\"}}]}<\/script>\n<!-- \/ Yoast SEO plugin. -->","yoast_head_json":{"title":"L-Glutamina Sabor Sand\u00eda Sport Live 300 g Drasanvi - Drasanvi Chile","robots":{"index":"index","follow":"follow","max-snippet":"max-snippet:-1","max-image-preview":"max-image-preview:large","max-video-preview":"max-video-preview:-1"},"canonical":"https:\/\/drasanvi.com\/cl\/producto\/l-glutamina-sabor-sandia-sport-live-300-g-drasanvi\/","og_locale":"es_ES","og_type":"article","og_title":"L-Glutamina Sabor Sand\u00eda Sport Live 300 g Drasanvi - Drasanvi Chile","og_description":"La L- Glutamina es un amino\u00e1cido no esencial. Es decir, nuestro cuerpo es capaz de sintetizarlo aunque, en determinadas situaciones,el organismo puede necesitar m\u00e1s cantidad y ser dependiente del aporte nutricionalLa L-Glutamina entra a formar parte de diversas prote\u00ednas, las cuales son esenciales para nuestro organismo: entran a formar parte de los m\u00fasculos o forman parte del sistema inmunitario.Nuestra L-Glutamina se encuentran de forma libre, al igual que en nuestro organismo.Utilizamos Glutamina de marca Kyowa,\u00a0 una marca que une calidad e innovaci\u00f3n en sus procesos de fabricaci\u00f3n.Ficha t\u00e9cnica","og_url":"https:\/\/drasanvi.com\/cl\/producto\/l-glutamina-sabor-sandia-sport-live-300-g-drasanvi\/","og_site_name":"Drasanvi Chile","article_modified_time":"2022-06-08T10:39:09+00:00","og_image":[{"width":1000,"height":1000,"url":"https:\/\/drasanvi.com\/cl\/wp-content\/uploads\/sites\/4\/2022\/06\/032057097.png","type":"image\/png"}],"twitter_card":"summary_large_image","schema":{"@context":"https:\/\/schema.org","@graph":[{"@type":"WebPage","@id":"https:\/\/drasanvi.com\/cl\/producto\/l-glutamina-sabor-sandia-sport-live-300-g-drasanvi\/","url":"https:\/\/drasanvi.com\/cl\/producto\/l-glutamina-sabor-sandia-sport-live-300-g-drasanvi\/","name":"L-Glutamina Sabor Sand\u00eda Sport Live 300 g Drasanvi - Drasanvi Chile","isPartOf":{"@id":"https:\/\/drasanvi.com\/cl\/#website"},"primaryImageOfPage":{"@id":"https:\/\/drasanvi.com\/cl\/producto\/l-glutamina-sabor-sandia-sport-live-300-g-drasanvi\/#primaryimage"},"image":{"@id":"https:\/\/drasanvi.com\/cl\/producto\/l-glutamina-sabor-sandia-sport-live-300-g-drasanvi\/#primaryimage"},"thumbnailUrl":"https:\/\/drasanvi.com\/cl\/wp-content\/uploads\/sites\/4\/2022\/06\/032057097.png","datePublished":"2022-06-08T10:39:00+00:00","dateModified":"2022-06-08T10:39:09+00:00","breadcrumb":{"@id":"https:\/\/drasanvi.com\/cl\/producto\/l-glutamina-sabor-sandia-sport-live-300-g-drasanvi\/#breadcrumb"},"inLanguage":"es","potentialAction":[{"@type":"ReadAction","target":["https:\/\/drasanvi.com\/cl\/producto\/l-glutamina-sabor-sandia-sport-live-300-g-drasanvi\/"]}]},{"@type":"ImageObject","inLanguage":"es","@id":"https:\/\/drasanvi.com\/cl\/producto\/l-glutamina-sabor-sandia-sport-live-300-g-drasanvi\/#primaryimage","url":"https:\/\/drasanvi.com\/cl\/wp-content\/uploads\/sites\/4\/2022\/06\/032057097.png","contentUrl":"https:\/\/drasanvi.com\/cl\/wp-content\/uploads\/sites\/4\/2022\/06\/032057097.png","width":1000,"height":1000},{"@type":"BreadcrumbList","@id":"https:\/\/drasanvi.com\/cl\/producto\/l-glutamina-sabor-sandia-sport-live-300-g-drasanvi\/#breadcrumb","itemListElement":[{"@type":"ListItem","position":1,"name":"Portada","item":"https:\/\/drasanvi.com\/cl\/"},{"@type":"ListItem","position":2,"name":"Tienda","item":"https:\/\/drasanvi.com\/cl\/tienda\/"},{"@type":"ListItem","position":3,"name":"L-Glutamina Sabor Sand\u00eda Sport Live 300 g Drasanvi"}]},{"@type":"WebSite","@id":"https:\/\/drasanvi.com\/cl\/#website","url":"https:\/\/drasanvi.com\/cl\/","name":"Drasanvi Chile","description":"L\u00edder en complementos alimenticios y cosm\u00e9tica natural.","publisher":{"@id":"https:\/\/drasanvi.com\/cl\/#organization"},"potentialAction":[{"@type":"SearchAction","target":{"@type":"EntryPoint","urlTemplate":"https:\/\/drasanvi.com\/cl\/?s={search_term_string}"},"query-input":{"@type":"PropertyValueSpecification","valueRequired":true,"valueName":"search_term_string"}}],"inLanguage":"es"},{"@type":"Organization","@id":"https:\/\/drasanvi.com\/cl\/#organization","name":"Drasanvi","url":"https:\/\/drasanvi.com\/cl\/","logo":{"@type":"ImageObject","inLanguage":"es","@id":"https:\/\/drasanvi.com\/cl\/#\/schema\/logo\/image\/","url":"https:\/\/drasanvi.com\/wp-content\/uploads\/sites\/4\/2021\/07\/logo-drasanvi.png","contentUrl":"https:\/\/drasanvi.com\/wp-content\/uploads\/sites\/4\/2021\/07\/logo-drasanvi.png","width":900,"height":300,"caption":"Drasanvi"},"image":{"@id":"https:\/\/drasanvi.com\/cl\/#\/schema\/logo\/image\/"}}]}},"_links":{"self":[{"href":"https:\/\/drasanvi.com\/cl\/wp-json\/wp\/v2\/product\/23757","targetHints":{"allow":["GET"]}}],"collection":[{"href":"https:\/\/drasanvi.com\/cl\/wp-json\/wp\/v2\/product"}],"about":[{"href":"https:\/\/drasanvi.com\/cl\/wp-json\/wp\/v2\/types\/product"}],"version-history":[{"count":0,"href":"https:\/\/drasanvi.com\/cl\/wp-json\/wp\/v2\/product\/23757\/revisions"}],"wp:featuredmedia":[{"embeddable":true,"href":"https:\/\/drasanvi.com\/cl\/wp-json\/wp\/v2\/media\/23759"}],"wp:attachment":[{"href":"https:\/\/drasanvi.com\/cl\/wp-json\/wp\/v2\/media?parent=23757"}],"wp:term":[{"taxonomy":"product_cat","embeddable":true,"href":"https:\/\/drasanvi.com\/cl\/wp-json\/wp\/v2\/product_cat?post=23757"},{"taxonomy":"product_tag","embeddable":true,"href":"https:\/\/drasanvi.com\/cl\/wp-json\/wp\/v2\/product_tag?post=23757"}],"curies":[{"name":"wp","href":"https:\/\/api.w.org\/{rel}","templated":true}]}}