{"id":23419,"date":"2022-06-08T12:43:09","date_gmt":"2022-06-08T10:43:09","guid":{"rendered":"https:\/\/drasanvi.com\/cl\/producto\/gel-intimo-drasanvi-300ml\/"},"modified":"2022-06-08T12:43:18","modified_gmt":"2022-06-08T10:43:18","slug":"gel-intimo-drasanvi-300ml","status":"publish","type":"product","link":"https:\/\/drasanvi.com\/cl\/producto\/gel-intimo-drasanvi-300ml\/","title":{"rendered":"Gel \u00edntimo Drasanvi 300ml"},"content":{"rendered":"<h2>Ingredientes<\/h2>\n<p>Aqua(Water),\u00a0 Aloe Barbadensis Leaf Extract*, Sodium Lauryl Sulfate, Cocamidopropyl Betaine, Glycerin, Disodium Cocoamphodiacetate, Betaine, Calendula Officinalis Flower Extract*, Melaleuca Alternifolia (Tea Tree ) Leaf Oil* , Lavandula Officinalis Flower Oil*, Pelargonium Graveolens Flower Oil*,\u00a0 Olea Europaea (Olive) Leaf Extract*,\u00a0 Hamamelis Virginiana (Witch Hazel) Leaf Extract, Inulin, Alpha-glucan Oligosaccharide, Lactic Acid,\u00a0 Propanediol, \u00a0Benzyl Alcohol, Salicylic Acid,\u00a0 Sodium Benzoate, Potassium Sorbate, Sorbic Acid, Citric Acid, Linalool, Citronellol        *Ingrediente procedente de la Agricultura Ecol\u00f3gica\u00a0El 20,61 % del total de los ingredientes procede de la Agricultura Ecol\u00f3gica.\u00a097,41% del total es de origen naturalCOSMOS ORGANIC certificado por Ecocert Greenlife seg\u00fan el est\u00e1ndar COSMOS ( disponible en http:\/\/ COSMOS.ecocert.com)\u00a0<\/p>\n<h2>Modo de uso<\/h2>\n<p>Aplicar sobre la zona a limpiar, previamente humedecida con agua. Aclarar con abundante agua. Importante secar bien la zona.<\/p>\n<h2>Presentaci\u00f3n<\/h2>\n<p>Envase de 300 ml (10,14 fl oz)<\/p>\n<h2>Advertencias<\/h2>\n<p>Uso externo.<\/p>\n","protected":false},"excerpt":{"rendered":"<p>El gel \u00edntimo de Drasanvi posee una formulaci\u00f3n a base de Aloe Vera ecol\u00f3gico, extracto de Cal\u00e9ndula ecol\u00f3gico, extracto de Olivo ecol\u00f3gico, aceite esencial de \u00c1rbol del T\u00e9 ecol\u00f3gico, aceite esencial de Lavanda ecol\u00f3gico, aceite esencial de Geranio ecol\u00f3gico y extracto de Hamamelis, que refresca y nutre intensamente la piel, aport\u00e1ndole un vigor extraordinario.\u00a0 Adem\u00e1s, tiene funciones calmantes, antibacterianas y antif\u00fangicas.Cuenta con un pH 4.5, ideal para la zona de cuidado \u00edntimo. Tambi\u00e9n incluye en su formulaci\u00f3n prebi\u00f3ticos, que favorecen la generaci\u00f3n de la flora, a la vez que la equilibra mejorando la salud e hidrataci\u00f3n \u00edntima.<br \/><a id=\"boton-ficha\" href=\"https:\/\/panel.drasanvi.com\/fichas\/2\/032050648\" target=\"_blank\" rel=\"noopener\">Ficha t\u00e9cnica<\/a><\/p>\n","protected":false},"featured_media":23602,"template":"","meta":{"inline_featured_image":false},"product_cat":[94],"product_tag":[],"class_list":["post-23419","product","type-product","status-publish","has-post-thumbnail","hentry","product_cat-cosmetica","pa_contiene-altramuces-no","pa_contiene-apio-no","pa_contiene-cacahuetes-no","pa_contiene-crustaceos-no","pa_contiene-frutos-secos-no","pa_contiene-huevo-no","pa_contiene-leche-no","pa_contiene-moluscos-no","pa_contiene-mostaza-no","pa_contiene-pescado-no","pa_contiene-sesamo-no","pa_contiene-soja-no","pa_producto-bio-si","pa_producto-sin-gluten-si","pa_producto-vegano-si","pa_producto-vegetariano-no"],"yoast_head":"<!-- This site is optimized with the Yoast SEO plugin v27.4 - https:\/\/yoast.com\/product\/yoast-seo-wordpress\/ -->\n<title>Gel \u00edntimo Drasanvi 300ml - Drasanvi Chile<\/title>\n<meta name=\"robots\" content=\"index, follow, max-snippet:-1, max-image-preview:large, max-video-preview:-1\" \/>\n<link rel=\"canonical\" href=\"https:\/\/drasanvi.com\/cl\/producto\/gel-intimo-drasanvi-300ml\/\" \/>\n<meta property=\"og:locale\" content=\"es_ES\" \/>\n<meta property=\"og:type\" content=\"article\" \/>\n<meta property=\"og:title\" content=\"Gel \u00edntimo Drasanvi 300ml - Drasanvi Chile\" \/>\n<meta property=\"og:description\" content=\"El gel \u00edntimo de Drasanvi posee una formulaci\u00f3n a base de Aloe Vera ecol\u00f3gico, extracto de Cal\u00e9ndula ecol\u00f3gico, extracto de Olivo ecol\u00f3gico, aceite esencial de \u00c1rbol del T\u00e9 ecol\u00f3gico, aceite esencial de Lavanda ecol\u00f3gico, aceite esencial de Geranio ecol\u00f3gico y extracto de Hamamelis, que refresca y nutre intensamente la piel, aport\u00e1ndole un vigor extraordinario.\u00a0 Adem\u00e1s, tiene funciones calmantes, antibacterianas y antif\u00fangicas.Cuenta con un pH 4.5, ideal para la zona de cuidado \u00edntimo. Tambi\u00e9n incluye en su formulaci\u00f3n prebi\u00f3ticos, que favorecen la generaci\u00f3n de la flora, a la vez que la equilibra mejorando la salud e hidrataci\u00f3n \u00edntima.Ficha t\u00e9cnica\" \/>\n<meta property=\"og:url\" content=\"https:\/\/drasanvi.com\/cl\/producto\/gel-intimo-drasanvi-300ml\/\" \/>\n<meta property=\"og:site_name\" content=\"Drasanvi Chile\" \/>\n<meta property=\"article:modified_time\" content=\"2022-06-08T10:43:18+00:00\" \/>\n<meta property=\"og:image\" content=\"https:\/\/drasanvi.com\/cl\/wp-content\/uploads\/sites\/4\/2022\/04\/032050648.png\" \/>\n\t<meta property=\"og:image:width\" content=\"1000\" \/>\n\t<meta property=\"og:image:height\" content=\"1000\" \/>\n\t<meta property=\"og:image:type\" content=\"image\/png\" \/>\n<meta name=\"twitter:card\" content=\"summary_large_image\" \/>\n<script type=\"application\/ld+json\" class=\"yoast-schema-graph\">{\"@context\":\"https:\\\/\\\/schema.org\",\"@graph\":[{\"@type\":\"WebPage\",\"@id\":\"https:\\\/\\\/drasanvi.com\\\/cl\\\/producto\\\/gel-intimo-drasanvi-300ml\\\/\",\"url\":\"https:\\\/\\\/drasanvi.com\\\/cl\\\/producto\\\/gel-intimo-drasanvi-300ml\\\/\",\"name\":\"Gel \u00edntimo Drasanvi 300ml - Drasanvi Chile\",\"isPartOf\":{\"@id\":\"https:\\\/\\\/drasanvi.com\\\/cl\\\/#website\"},\"primaryImageOfPage\":{\"@id\":\"https:\\\/\\\/drasanvi.com\\\/cl\\\/producto\\\/gel-intimo-drasanvi-300ml\\\/#primaryimage\"},\"image\":{\"@id\":\"https:\\\/\\\/drasanvi.com\\\/cl\\\/producto\\\/gel-intimo-drasanvi-300ml\\\/#primaryimage\"},\"thumbnailUrl\":\"https:\\\/\\\/drasanvi.com\\\/cl\\\/wp-content\\\/uploads\\\/sites\\\/4\\\/2022\\\/04\\\/032050648.png\",\"datePublished\":\"2022-06-08T10:43:09+00:00\",\"dateModified\":\"2022-06-08T10:43:18+00:00\",\"breadcrumb\":{\"@id\":\"https:\\\/\\\/drasanvi.com\\\/cl\\\/producto\\\/gel-intimo-drasanvi-300ml\\\/#breadcrumb\"},\"inLanguage\":\"es\",\"potentialAction\":[{\"@type\":\"ReadAction\",\"target\":[\"https:\\\/\\\/drasanvi.com\\\/cl\\\/producto\\\/gel-intimo-drasanvi-300ml\\\/\"]}]},{\"@type\":\"ImageObject\",\"inLanguage\":\"es\",\"@id\":\"https:\\\/\\\/drasanvi.com\\\/cl\\\/producto\\\/gel-intimo-drasanvi-300ml\\\/#primaryimage\",\"url\":\"https:\\\/\\\/drasanvi.com\\\/cl\\\/wp-content\\\/uploads\\\/sites\\\/4\\\/2022\\\/04\\\/032050648.png\",\"contentUrl\":\"https:\\\/\\\/drasanvi.com\\\/cl\\\/wp-content\\\/uploads\\\/sites\\\/4\\\/2022\\\/04\\\/032050648.png\",\"width\":1000,\"height\":1000},{\"@type\":\"BreadcrumbList\",\"@id\":\"https:\\\/\\\/drasanvi.com\\\/cl\\\/producto\\\/gel-intimo-drasanvi-300ml\\\/#breadcrumb\",\"itemListElement\":[{\"@type\":\"ListItem\",\"position\":1,\"name\":\"Portada\",\"item\":\"https:\\\/\\\/drasanvi.com\\\/cl\\\/\"},{\"@type\":\"ListItem\",\"position\":2,\"name\":\"Tienda\",\"item\":\"https:\\\/\\\/drasanvi.com\\\/cl\\\/tienda\\\/\"},{\"@type\":\"ListItem\",\"position\":3,\"name\":\"Gel \u00edntimo Drasanvi 300ml\"}]},{\"@type\":\"WebSite\",\"@id\":\"https:\\\/\\\/drasanvi.com\\\/cl\\\/#website\",\"url\":\"https:\\\/\\\/drasanvi.com\\\/cl\\\/\",\"name\":\"Drasanvi Chile\",\"description\":\"L\u00edder en complementos alimenticios y cosm\u00e9tica natural.\",\"publisher\":{\"@id\":\"https:\\\/\\\/drasanvi.com\\\/cl\\\/#organization\"},\"potentialAction\":[{\"@type\":\"SearchAction\",\"target\":{\"@type\":\"EntryPoint\",\"urlTemplate\":\"https:\\\/\\\/drasanvi.com\\\/cl\\\/?s={search_term_string}\"},\"query-input\":{\"@type\":\"PropertyValueSpecification\",\"valueRequired\":true,\"valueName\":\"search_term_string\"}}],\"inLanguage\":\"es\"},{\"@type\":\"Organization\",\"@id\":\"https:\\\/\\\/drasanvi.com\\\/cl\\\/#organization\",\"name\":\"Drasanvi\",\"url\":\"https:\\\/\\\/drasanvi.com\\\/cl\\\/\",\"logo\":{\"@type\":\"ImageObject\",\"inLanguage\":\"es\",\"@id\":\"https:\\\/\\\/drasanvi.com\\\/cl\\\/#\\\/schema\\\/logo\\\/image\\\/\",\"url\":\"https:\\\/\\\/drasanvi.com\\\/wp-content\\\/uploads\\\/sites\\\/4\\\/2021\\\/07\\\/logo-drasanvi.png\",\"contentUrl\":\"https:\\\/\\\/drasanvi.com\\\/wp-content\\\/uploads\\\/sites\\\/4\\\/2021\\\/07\\\/logo-drasanvi.png\",\"width\":900,\"height\":300,\"caption\":\"Drasanvi\"},\"image\":{\"@id\":\"https:\\\/\\\/drasanvi.com\\\/cl\\\/#\\\/schema\\\/logo\\\/image\\\/\"}}]}<\/script>\n<!-- \/ Yoast SEO plugin. -->","yoast_head_json":{"title":"Gel \u00edntimo Drasanvi 300ml - Drasanvi Chile","robots":{"index":"index","follow":"follow","max-snippet":"max-snippet:-1","max-image-preview":"max-image-preview:large","max-video-preview":"max-video-preview:-1"},"canonical":"https:\/\/drasanvi.com\/cl\/producto\/gel-intimo-drasanvi-300ml\/","og_locale":"es_ES","og_type":"article","og_title":"Gel \u00edntimo Drasanvi 300ml - Drasanvi Chile","og_description":"El gel \u00edntimo de Drasanvi posee una formulaci\u00f3n a base de Aloe Vera ecol\u00f3gico, extracto de Cal\u00e9ndula ecol\u00f3gico, extracto de Olivo ecol\u00f3gico, aceite esencial de \u00c1rbol del T\u00e9 ecol\u00f3gico, aceite esencial de Lavanda ecol\u00f3gico, aceite esencial de Geranio ecol\u00f3gico y extracto de Hamamelis, que refresca y nutre intensamente la piel, aport\u00e1ndole un vigor extraordinario.\u00a0 Adem\u00e1s, tiene funciones calmantes, antibacterianas y antif\u00fangicas.Cuenta con un pH 4.5, ideal para la zona de cuidado \u00edntimo. Tambi\u00e9n incluye en su formulaci\u00f3n prebi\u00f3ticos, que favorecen la generaci\u00f3n de la flora, a la vez que la equilibra mejorando la salud e hidrataci\u00f3n \u00edntima.Ficha t\u00e9cnica","og_url":"https:\/\/drasanvi.com\/cl\/producto\/gel-intimo-drasanvi-300ml\/","og_site_name":"Drasanvi Chile","article_modified_time":"2022-06-08T10:43:18+00:00","og_image":[{"width":1000,"height":1000,"url":"https:\/\/drasanvi.com\/cl\/wp-content\/uploads\/sites\/4\/2022\/04\/032050648.png","type":"image\/png"}],"twitter_card":"summary_large_image","schema":{"@context":"https:\/\/schema.org","@graph":[{"@type":"WebPage","@id":"https:\/\/drasanvi.com\/cl\/producto\/gel-intimo-drasanvi-300ml\/","url":"https:\/\/drasanvi.com\/cl\/producto\/gel-intimo-drasanvi-300ml\/","name":"Gel \u00edntimo Drasanvi 300ml - Drasanvi Chile","isPartOf":{"@id":"https:\/\/drasanvi.com\/cl\/#website"},"primaryImageOfPage":{"@id":"https:\/\/drasanvi.com\/cl\/producto\/gel-intimo-drasanvi-300ml\/#primaryimage"},"image":{"@id":"https:\/\/drasanvi.com\/cl\/producto\/gel-intimo-drasanvi-300ml\/#primaryimage"},"thumbnailUrl":"https:\/\/drasanvi.com\/cl\/wp-content\/uploads\/sites\/4\/2022\/04\/032050648.png","datePublished":"2022-06-08T10:43:09+00:00","dateModified":"2022-06-08T10:43:18+00:00","breadcrumb":{"@id":"https:\/\/drasanvi.com\/cl\/producto\/gel-intimo-drasanvi-300ml\/#breadcrumb"},"inLanguage":"es","potentialAction":[{"@type":"ReadAction","target":["https:\/\/drasanvi.com\/cl\/producto\/gel-intimo-drasanvi-300ml\/"]}]},{"@type":"ImageObject","inLanguage":"es","@id":"https:\/\/drasanvi.com\/cl\/producto\/gel-intimo-drasanvi-300ml\/#primaryimage","url":"https:\/\/drasanvi.com\/cl\/wp-content\/uploads\/sites\/4\/2022\/04\/032050648.png","contentUrl":"https:\/\/drasanvi.com\/cl\/wp-content\/uploads\/sites\/4\/2022\/04\/032050648.png","width":1000,"height":1000},{"@type":"BreadcrumbList","@id":"https:\/\/drasanvi.com\/cl\/producto\/gel-intimo-drasanvi-300ml\/#breadcrumb","itemListElement":[{"@type":"ListItem","position":1,"name":"Portada","item":"https:\/\/drasanvi.com\/cl\/"},{"@type":"ListItem","position":2,"name":"Tienda","item":"https:\/\/drasanvi.com\/cl\/tienda\/"},{"@type":"ListItem","position":3,"name":"Gel \u00edntimo Drasanvi 300ml"}]},{"@type":"WebSite","@id":"https:\/\/drasanvi.com\/cl\/#website","url":"https:\/\/drasanvi.com\/cl\/","name":"Drasanvi Chile","description":"L\u00edder en complementos alimenticios y cosm\u00e9tica natural.","publisher":{"@id":"https:\/\/drasanvi.com\/cl\/#organization"},"potentialAction":[{"@type":"SearchAction","target":{"@type":"EntryPoint","urlTemplate":"https:\/\/drasanvi.com\/cl\/?s={search_term_string}"},"query-input":{"@type":"PropertyValueSpecification","valueRequired":true,"valueName":"search_term_string"}}],"inLanguage":"es"},{"@type":"Organization","@id":"https:\/\/drasanvi.com\/cl\/#organization","name":"Drasanvi","url":"https:\/\/drasanvi.com\/cl\/","logo":{"@type":"ImageObject","inLanguage":"es","@id":"https:\/\/drasanvi.com\/cl\/#\/schema\/logo\/image\/","url":"https:\/\/drasanvi.com\/wp-content\/uploads\/sites\/4\/2021\/07\/logo-drasanvi.png","contentUrl":"https:\/\/drasanvi.com\/wp-content\/uploads\/sites\/4\/2021\/07\/logo-drasanvi.png","width":900,"height":300,"caption":"Drasanvi"},"image":{"@id":"https:\/\/drasanvi.com\/cl\/#\/schema\/logo\/image\/"}}]}},"_links":{"self":[{"href":"https:\/\/drasanvi.com\/cl\/wp-json\/wp\/v2\/product\/23419","targetHints":{"allow":["GET"]}}],"collection":[{"href":"https:\/\/drasanvi.com\/cl\/wp-json\/wp\/v2\/product"}],"about":[{"href":"https:\/\/drasanvi.com\/cl\/wp-json\/wp\/v2\/types\/product"}],"version-history":[{"count":0,"href":"https:\/\/drasanvi.com\/cl\/wp-json\/wp\/v2\/product\/23419\/revisions"}],"wp:featuredmedia":[{"embeddable":true,"href":"https:\/\/drasanvi.com\/cl\/wp-json\/wp\/v2\/media\/23602"}],"wp:attachment":[{"href":"https:\/\/drasanvi.com\/cl\/wp-json\/wp\/v2\/media?parent=23419"}],"wp:term":[{"taxonomy":"product_cat","embeddable":true,"href":"https:\/\/drasanvi.com\/cl\/wp-json\/wp\/v2\/product_cat?post=23419"},{"taxonomy":"product_tag","embeddable":true,"href":"https:\/\/drasanvi.com\/cl\/wp-json\/wp\/v2\/product_tag?post=23419"}],"curies":[{"name":"wp","href":"https:\/\/api.w.org\/{rel}","templated":true}]}}