{"id":23401,"date":"2022-06-08T12:42:10","date_gmt":"2022-06-08T10:42:10","guid":{"rendered":"https:\/\/drasanvi.com\/cl\/producto\/serum-facial-de-aceite-de-oliva-bio-30-ml\/"},"modified":"2022-06-08T12:42:14","modified_gmt":"2022-06-08T10:42:14","slug":"serum-facial-de-aceite-de-oliva-bio-30-ml","status":"publish","type":"product","link":"https:\/\/drasanvi.com\/cl\/producto\/serum-facial-de-aceite-de-oliva-bio-30-ml\/","title":{"rendered":"Serum facial de Aceite de Oliva BIO 30 ml"},"content":{"rendered":"<h2>Ingredientes<\/h2>\n<p>Aloe barbadensis\u00a0Leaf Extract*, Aqua (Water), Cetearyl Alcohol, Glycerin,\u00a0Olea europaea\u00a0(Olive) Fruit Oil*,\u00a0Butyrospermum parkii\u00a0(Shea) Butter*, Glyceryl Stearate SE,\u00a0Oryza sativa\u00a0(Rice)Starch, Betaine,\u00a0Olea europaea\u00a0(Olive) Leaf Extract*,\u00a0Lavandula hybrida\u00a0Herb Oil*,\u00a0Citrus reticulata\u00a0Peel Oil*,\u00a0Argania spinosa\u00a0(Argan) Kernel Oil*,\u00a0Prunus amygdalus dulcis\u00a0(Sweet Almond) Oil*,\u00a0Corylus avellana\u00a0Seed Oil*,\u00a0Hamamelis virginiana\u00a0(Witch Hazel) Leaf Extract, Glycine Soja( Soybean) Oil, Xanthan Gum, Propanediol, Benzyl Alcohol, Sodium PCA, Sodium Hydroxide, Salicylic Acid, Citric Acid, Tocopherol, Beta-Sitosterol, Sorbic Acid, Squalene, Potassium Sorbate, Sodium Benzoate,Limonene, Linalool.*Ingredientes procedentes de la Agricultura Ecol\u00f3gicaEl 70,22% del total de los ingredientes procede de la Agricultura Ecol\u00f3gica.98,89% del total es de origen naturalCOSMOS ORGANIC certificado por Ecocert Greenlife seg\u00fan el est\u00e1ndar COSMOS disponible en http:\/\/ COSMOS.ecocert.com<\/p>\n<h2>Modo de uso<\/h2>\n<p>Tras la limpieza facial de la piel, con el mousse desmaquillante de Oliva, aplicar una peque\u00f1a cantidad en rostro \u00a0cuello, mediante un masaje suave y ascendente.Aplicar ma\u00f1ana y noche, antes de la crema de tratamiento.\u00a0<\/p>\n<h2>Presentaci\u00f3n<\/h2>\n<p>Envase de 30 ml (1,06 fl oz)<\/p>\n<h2>Advertencias<\/h2>\n<p>Uso t&oacute;pico.Producto destinado exclusivamente para la higiene.<\/p>\n","protected":false},"excerpt":{"rendered":"<p>El s\u00e9rum facial de Aceite de oliva Drasanvi est\u00e1 especialmente pensadopara corregir y reparar las pieles secas y desvitalizadas, hidratando yretrasando el envejecimiento cut\u00e1neo. Gracias a su formulaci\u00f3n rica enaceite de oliva virgen y aceites esenciales quimiotipados de Mandarina yLavand\u00edn. Su aroma c\u00edtrico nos envolver\u00e1 en una atm\u00f3sfera de serenidady calma. Pieles secas, desvitalizadas Calmante, nutritiva, antioxidante<br \/><a id=\"boton-ficha\" href=\"https:\/\/panel.drasanvi.com\/fichas\/2\/032060123\" target=\"_blank\" rel=\"noopener\">Ficha t\u00e9cnica<\/a><\/p>\n","protected":false},"featured_media":23584,"template":"","meta":{"inline_featured_image":false},"product_cat":[100],"product_tag":[],"class_list":["post-23401","product","type-product","status-publish","has-post-thumbnail","hentry","product_cat-fitoaromaterapia","pa_contiene-altramuces-no","pa_contiene-apio-no","pa_contiene-cacahuetes-no","pa_contiene-crustaceos-no","pa_contiene-frutos-secos-no","pa_contiene-huevo-no","pa_contiene-leche-no","pa_contiene-moluscos-no","pa_contiene-mostaza-no","pa_contiene-pescado-no","pa_contiene-sesamo-no","pa_contiene-soja-no","pa_producto-bio-si","pa_producto-sin-gluten-si","pa_producto-vegano-si","pa_producto-vegetariano-no"],"yoast_head":"<!-- This site is optimized with the Yoast SEO plugin v27.4 - https:\/\/yoast.com\/product\/yoast-seo-wordpress\/ -->\n<title>Serum facial de Aceite de Oliva BIO 30 ml - Drasanvi Chile<\/title>\n<meta name=\"robots\" content=\"index, follow, max-snippet:-1, max-image-preview:large, max-video-preview:-1\" \/>\n<link rel=\"canonical\" href=\"https:\/\/drasanvi.com\/cl\/producto\/serum-facial-de-aceite-de-oliva-bio-30-ml\/\" \/>\n<meta property=\"og:locale\" content=\"es_ES\" \/>\n<meta property=\"og:type\" content=\"article\" \/>\n<meta property=\"og:title\" content=\"Serum facial de Aceite de Oliva BIO 30 ml - Drasanvi Chile\" \/>\n<meta property=\"og:description\" content=\"El s\u00e9rum facial de Aceite de oliva Drasanvi est\u00e1 especialmente pensadopara corregir y reparar las pieles secas y desvitalizadas, hidratando yretrasando el envejecimiento cut\u00e1neo. Gracias a su formulaci\u00f3n rica enaceite de oliva virgen y aceites esenciales quimiotipados de Mandarina yLavand\u00edn. Su aroma c\u00edtrico nos envolver\u00e1 en una atm\u00f3sfera de serenidady calma. Pieles secas, desvitalizadas Calmante, nutritiva, antioxidanteFicha t\u00e9cnica\" \/>\n<meta property=\"og:url\" content=\"https:\/\/drasanvi.com\/cl\/producto\/serum-facial-de-aceite-de-oliva-bio-30-ml\/\" \/>\n<meta property=\"og:site_name\" content=\"Drasanvi Chile\" \/>\n<meta property=\"article:modified_time\" content=\"2022-06-08T10:42:14+00:00\" \/>\n<meta property=\"og:image\" content=\"https:\/\/drasanvi.com\/cl\/wp-content\/uploads\/sites\/4\/2022\/04\/032060123.png\" \/>\n\t<meta property=\"og:image:width\" content=\"1000\" \/>\n\t<meta property=\"og:image:height\" content=\"1000\" \/>\n\t<meta property=\"og:image:type\" content=\"image\/png\" \/>\n<meta name=\"twitter:card\" content=\"summary_large_image\" \/>\n<script type=\"application\/ld+json\" class=\"yoast-schema-graph\">{\"@context\":\"https:\\\/\\\/schema.org\",\"@graph\":[{\"@type\":\"WebPage\",\"@id\":\"https:\\\/\\\/drasanvi.com\\\/cl\\\/producto\\\/serum-facial-de-aceite-de-oliva-bio-30-ml\\\/\",\"url\":\"https:\\\/\\\/drasanvi.com\\\/cl\\\/producto\\\/serum-facial-de-aceite-de-oliva-bio-30-ml\\\/\",\"name\":\"Serum facial de Aceite de Oliva BIO 30 ml - Drasanvi Chile\",\"isPartOf\":{\"@id\":\"https:\\\/\\\/drasanvi.com\\\/cl\\\/#website\"},\"primaryImageOfPage\":{\"@id\":\"https:\\\/\\\/drasanvi.com\\\/cl\\\/producto\\\/serum-facial-de-aceite-de-oliva-bio-30-ml\\\/#primaryimage\"},\"image\":{\"@id\":\"https:\\\/\\\/drasanvi.com\\\/cl\\\/producto\\\/serum-facial-de-aceite-de-oliva-bio-30-ml\\\/#primaryimage\"},\"thumbnailUrl\":\"https:\\\/\\\/drasanvi.com\\\/cl\\\/wp-content\\\/uploads\\\/sites\\\/4\\\/2022\\\/04\\\/032060123.png\",\"datePublished\":\"2022-06-08T10:42:10+00:00\",\"dateModified\":\"2022-06-08T10:42:14+00:00\",\"breadcrumb\":{\"@id\":\"https:\\\/\\\/drasanvi.com\\\/cl\\\/producto\\\/serum-facial-de-aceite-de-oliva-bio-30-ml\\\/#breadcrumb\"},\"inLanguage\":\"es\",\"potentialAction\":[{\"@type\":\"ReadAction\",\"target\":[\"https:\\\/\\\/drasanvi.com\\\/cl\\\/producto\\\/serum-facial-de-aceite-de-oliva-bio-30-ml\\\/\"]}]},{\"@type\":\"ImageObject\",\"inLanguage\":\"es\",\"@id\":\"https:\\\/\\\/drasanvi.com\\\/cl\\\/producto\\\/serum-facial-de-aceite-de-oliva-bio-30-ml\\\/#primaryimage\",\"url\":\"https:\\\/\\\/drasanvi.com\\\/cl\\\/wp-content\\\/uploads\\\/sites\\\/4\\\/2022\\\/04\\\/032060123.png\",\"contentUrl\":\"https:\\\/\\\/drasanvi.com\\\/cl\\\/wp-content\\\/uploads\\\/sites\\\/4\\\/2022\\\/04\\\/032060123.png\",\"width\":1000,\"height\":1000},{\"@type\":\"BreadcrumbList\",\"@id\":\"https:\\\/\\\/drasanvi.com\\\/cl\\\/producto\\\/serum-facial-de-aceite-de-oliva-bio-30-ml\\\/#breadcrumb\",\"itemListElement\":[{\"@type\":\"ListItem\",\"position\":1,\"name\":\"Portada\",\"item\":\"https:\\\/\\\/drasanvi.com\\\/cl\\\/\"},{\"@type\":\"ListItem\",\"position\":2,\"name\":\"Tienda\",\"item\":\"https:\\\/\\\/drasanvi.com\\\/cl\\\/tienda\\\/\"},{\"@type\":\"ListItem\",\"position\":3,\"name\":\"Serum facial de Aceite de Oliva BIO 30 ml\"}]},{\"@type\":\"WebSite\",\"@id\":\"https:\\\/\\\/drasanvi.com\\\/cl\\\/#website\",\"url\":\"https:\\\/\\\/drasanvi.com\\\/cl\\\/\",\"name\":\"Drasanvi Chile\",\"description\":\"L\u00edder en complementos alimenticios y cosm\u00e9tica natural.\",\"publisher\":{\"@id\":\"https:\\\/\\\/drasanvi.com\\\/cl\\\/#organization\"},\"potentialAction\":[{\"@type\":\"SearchAction\",\"target\":{\"@type\":\"EntryPoint\",\"urlTemplate\":\"https:\\\/\\\/drasanvi.com\\\/cl\\\/?s={search_term_string}\"},\"query-input\":{\"@type\":\"PropertyValueSpecification\",\"valueRequired\":true,\"valueName\":\"search_term_string\"}}],\"inLanguage\":\"es\"},{\"@type\":\"Organization\",\"@id\":\"https:\\\/\\\/drasanvi.com\\\/cl\\\/#organization\",\"name\":\"Drasanvi\",\"url\":\"https:\\\/\\\/drasanvi.com\\\/cl\\\/\",\"logo\":{\"@type\":\"ImageObject\",\"inLanguage\":\"es\",\"@id\":\"https:\\\/\\\/drasanvi.com\\\/cl\\\/#\\\/schema\\\/logo\\\/image\\\/\",\"url\":\"https:\\\/\\\/drasanvi.com\\\/wp-content\\\/uploads\\\/sites\\\/4\\\/2021\\\/07\\\/logo-drasanvi.png\",\"contentUrl\":\"https:\\\/\\\/drasanvi.com\\\/wp-content\\\/uploads\\\/sites\\\/4\\\/2021\\\/07\\\/logo-drasanvi.png\",\"width\":900,\"height\":300,\"caption\":\"Drasanvi\"},\"image\":{\"@id\":\"https:\\\/\\\/drasanvi.com\\\/cl\\\/#\\\/schema\\\/logo\\\/image\\\/\"}}]}<\/script>\n<!-- \/ Yoast SEO plugin. -->","yoast_head_json":{"title":"Serum facial de Aceite de Oliva BIO 30 ml - Drasanvi Chile","robots":{"index":"index","follow":"follow","max-snippet":"max-snippet:-1","max-image-preview":"max-image-preview:large","max-video-preview":"max-video-preview:-1"},"canonical":"https:\/\/drasanvi.com\/cl\/producto\/serum-facial-de-aceite-de-oliva-bio-30-ml\/","og_locale":"es_ES","og_type":"article","og_title":"Serum facial de Aceite de Oliva BIO 30 ml - Drasanvi Chile","og_description":"El s\u00e9rum facial de Aceite de oliva Drasanvi est\u00e1 especialmente pensadopara corregir y reparar las pieles secas y desvitalizadas, hidratando yretrasando el envejecimiento cut\u00e1neo. Gracias a su formulaci\u00f3n rica enaceite de oliva virgen y aceites esenciales quimiotipados de Mandarina yLavand\u00edn. Su aroma c\u00edtrico nos envolver\u00e1 en una atm\u00f3sfera de serenidady calma. Pieles secas, desvitalizadas Calmante, nutritiva, antioxidanteFicha t\u00e9cnica","og_url":"https:\/\/drasanvi.com\/cl\/producto\/serum-facial-de-aceite-de-oliva-bio-30-ml\/","og_site_name":"Drasanvi Chile","article_modified_time":"2022-06-08T10:42:14+00:00","og_image":[{"width":1000,"height":1000,"url":"https:\/\/drasanvi.com\/cl\/wp-content\/uploads\/sites\/4\/2022\/04\/032060123.png","type":"image\/png"}],"twitter_card":"summary_large_image","schema":{"@context":"https:\/\/schema.org","@graph":[{"@type":"WebPage","@id":"https:\/\/drasanvi.com\/cl\/producto\/serum-facial-de-aceite-de-oliva-bio-30-ml\/","url":"https:\/\/drasanvi.com\/cl\/producto\/serum-facial-de-aceite-de-oliva-bio-30-ml\/","name":"Serum facial de Aceite de Oliva BIO 30 ml - Drasanvi Chile","isPartOf":{"@id":"https:\/\/drasanvi.com\/cl\/#website"},"primaryImageOfPage":{"@id":"https:\/\/drasanvi.com\/cl\/producto\/serum-facial-de-aceite-de-oliva-bio-30-ml\/#primaryimage"},"image":{"@id":"https:\/\/drasanvi.com\/cl\/producto\/serum-facial-de-aceite-de-oliva-bio-30-ml\/#primaryimage"},"thumbnailUrl":"https:\/\/drasanvi.com\/cl\/wp-content\/uploads\/sites\/4\/2022\/04\/032060123.png","datePublished":"2022-06-08T10:42:10+00:00","dateModified":"2022-06-08T10:42:14+00:00","breadcrumb":{"@id":"https:\/\/drasanvi.com\/cl\/producto\/serum-facial-de-aceite-de-oliva-bio-30-ml\/#breadcrumb"},"inLanguage":"es","potentialAction":[{"@type":"ReadAction","target":["https:\/\/drasanvi.com\/cl\/producto\/serum-facial-de-aceite-de-oliva-bio-30-ml\/"]}]},{"@type":"ImageObject","inLanguage":"es","@id":"https:\/\/drasanvi.com\/cl\/producto\/serum-facial-de-aceite-de-oliva-bio-30-ml\/#primaryimage","url":"https:\/\/drasanvi.com\/cl\/wp-content\/uploads\/sites\/4\/2022\/04\/032060123.png","contentUrl":"https:\/\/drasanvi.com\/cl\/wp-content\/uploads\/sites\/4\/2022\/04\/032060123.png","width":1000,"height":1000},{"@type":"BreadcrumbList","@id":"https:\/\/drasanvi.com\/cl\/producto\/serum-facial-de-aceite-de-oliva-bio-30-ml\/#breadcrumb","itemListElement":[{"@type":"ListItem","position":1,"name":"Portada","item":"https:\/\/drasanvi.com\/cl\/"},{"@type":"ListItem","position":2,"name":"Tienda","item":"https:\/\/drasanvi.com\/cl\/tienda\/"},{"@type":"ListItem","position":3,"name":"Serum facial de Aceite de Oliva BIO 30 ml"}]},{"@type":"WebSite","@id":"https:\/\/drasanvi.com\/cl\/#website","url":"https:\/\/drasanvi.com\/cl\/","name":"Drasanvi Chile","description":"L\u00edder en complementos alimenticios y cosm\u00e9tica natural.","publisher":{"@id":"https:\/\/drasanvi.com\/cl\/#organization"},"potentialAction":[{"@type":"SearchAction","target":{"@type":"EntryPoint","urlTemplate":"https:\/\/drasanvi.com\/cl\/?s={search_term_string}"},"query-input":{"@type":"PropertyValueSpecification","valueRequired":true,"valueName":"search_term_string"}}],"inLanguage":"es"},{"@type":"Organization","@id":"https:\/\/drasanvi.com\/cl\/#organization","name":"Drasanvi","url":"https:\/\/drasanvi.com\/cl\/","logo":{"@type":"ImageObject","inLanguage":"es","@id":"https:\/\/drasanvi.com\/cl\/#\/schema\/logo\/image\/","url":"https:\/\/drasanvi.com\/wp-content\/uploads\/sites\/4\/2021\/07\/logo-drasanvi.png","contentUrl":"https:\/\/drasanvi.com\/wp-content\/uploads\/sites\/4\/2021\/07\/logo-drasanvi.png","width":900,"height":300,"caption":"Drasanvi"},"image":{"@id":"https:\/\/drasanvi.com\/cl\/#\/schema\/logo\/image\/"}}]}},"_links":{"self":[{"href":"https:\/\/drasanvi.com\/cl\/wp-json\/wp\/v2\/product\/23401","targetHints":{"allow":["GET"]}}],"collection":[{"href":"https:\/\/drasanvi.com\/cl\/wp-json\/wp\/v2\/product"}],"about":[{"href":"https:\/\/drasanvi.com\/cl\/wp-json\/wp\/v2\/types\/product"}],"version-history":[{"count":0,"href":"https:\/\/drasanvi.com\/cl\/wp-json\/wp\/v2\/product\/23401\/revisions"}],"wp:featuredmedia":[{"embeddable":true,"href":"https:\/\/drasanvi.com\/cl\/wp-json\/wp\/v2\/media\/23584"}],"wp:attachment":[{"href":"https:\/\/drasanvi.com\/cl\/wp-json\/wp\/v2\/media?parent=23401"}],"wp:term":[{"taxonomy":"product_cat","embeddable":true,"href":"https:\/\/drasanvi.com\/cl\/wp-json\/wp\/v2\/product_cat?post=23401"},{"taxonomy":"product_tag","embeddable":true,"href":"https:\/\/drasanvi.com\/cl\/wp-json\/wp\/v2\/product_tag?post=23401"}],"curies":[{"name":"wp","href":"https:\/\/api.w.org\/{rel}","templated":true}]}}