{"id":23385,"date":"2022-06-08T12:41:11","date_gmt":"2022-06-08T10:41:11","guid":{"rendered":"https:\/\/drasanvi.com\/cl\/producto\/gel-de-bano-rosa-mosqueta-bio-500-ml\/"},"modified":"2022-06-08T12:41:21","modified_gmt":"2022-06-08T10:41:21","slug":"gel-de-bano-rosa-mosqueta-bio-500-ml","status":"publish","type":"product","link":"https:\/\/drasanvi.com\/cl\/producto\/gel-de-bano-rosa-mosqueta-bio-500-ml\/","title":{"rendered":"Gel de ba\u00f1o Rosa Mosqueta BIO 500 ml"},"content":{"rendered":"<h2>Ingredientes<\/h2>\n<p>Aqua (Water),\u00a0Aloe barbadensis\u00a0Leaf Extract*, Sodium Lauryl Sulfate, Disodium Cocoamphodiacetate, Cocamidopropyl Betaine, Glycerin,\u00a0Rosa canina\u00a0Fruit Extract*,\u00a0Pelargonium graveolens\u00a0Flower Oil*, Benzyl Alcohol, Salicylic Acid, Citric Acid, Potassium Sorbate, Sodium Benzoate, Sorbic Acid, Citronellol, Geraniol.*Ingredientes procedentes de la Agricultura Ecol\u00f3gicaEl 27,22% del total de los ingredientes procede de la Agricultura Ecol\u00f3gica.97,00% del total es de origen naturalCOSMOS ORGANIC certificado por Ecocert Greenlife seg\u00fan el est\u00e1ndar COSMOS disponible en http:\/\/ COSMOS.ecocert.com<\/p>\n<h2>Modo de uso<\/h2>\n<p>Aplicar una cantidad en la piel h\u00fameda y masajear, a continuaci\u00f3n aclarar con abundante agua tibia, repetir la operaci\u00f3n si se requiere.<\/p>\n<h2>Presentaci\u00f3n<\/h2>\n<p>Envase de 500 ml (16,9 fl oz)<\/p>\n<h2>Advertencias<\/h2>\n<p>Uso t&oacute;pico.Producto destinado exclusivamente para higiene personal.<\/p>\n","protected":false},"excerpt":{"rendered":"<p>El Gel de Ba\u00f1o de Rosa Mosqueta de Drasanvi est\u00e1 indicado parapieles secas y maduras. Su composici\u00f3n, rica en Rosa Mosqueta yaceite esencial quimiotipado de Geranio, limpia la piel, dej\u00e1ndolam\u00e1s hidratada y suave. Su aroma dulce y florar, nos aportar\u00e1 vigor yfeminidad. Indicado para pieles secas y maduras Hidratante,regenerante.<br \/><a id=\"boton-ficha\" href=\"https:\/\/panel.drasanvi.com\/fichas\/2\/032060126\" target=\"_blank\" rel=\"noopener\">Ficha t\u00e9cnica<\/a><\/p>\n","protected":false},"featured_media":23568,"template":"","meta":{"inline_featured_image":false},"product_cat":[100],"product_tag":[],"class_list":["post-23385","product","type-product","status-publish","has-post-thumbnail","hentry","product_cat-fitoaromaterapia","pa_contiene-altramuces-no","pa_contiene-apio-no","pa_contiene-cacahuetes-no","pa_contiene-crustaceos-no","pa_contiene-frutos-secos-no","pa_contiene-huevo-no","pa_contiene-leche-no","pa_contiene-moluscos-no","pa_contiene-mostaza-no","pa_contiene-pescado-no","pa_contiene-sesamo-no","pa_contiene-soja-no","pa_producto-bio-si","pa_producto-sin-gluten-si","pa_producto-vegano-si","pa_producto-vegetariano-no"],"yoast_head":"<!-- This site is optimized with the Yoast SEO plugin v27.4 - https:\/\/yoast.com\/product\/yoast-seo-wordpress\/ -->\n<title>Gel de ba\u00f1o Rosa Mosqueta BIO 500 ml - Drasanvi Chile<\/title>\n<meta name=\"robots\" content=\"index, follow, max-snippet:-1, max-image-preview:large, max-video-preview:-1\" \/>\n<link rel=\"canonical\" href=\"https:\/\/drasanvi.com\/cl\/producto\/gel-de-bano-rosa-mosqueta-bio-500-ml\/\" \/>\n<meta property=\"og:locale\" content=\"es_ES\" \/>\n<meta property=\"og:type\" content=\"article\" \/>\n<meta property=\"og:title\" content=\"Gel de ba\u00f1o Rosa Mosqueta BIO 500 ml - Drasanvi Chile\" \/>\n<meta property=\"og:description\" content=\"El Gel de Ba\u00f1o de Rosa Mosqueta de Drasanvi est\u00e1 indicado parapieles secas y maduras. Su composici\u00f3n, rica en Rosa Mosqueta yaceite esencial quimiotipado de Geranio, limpia la piel, dej\u00e1ndolam\u00e1s hidratada y suave. Su aroma dulce y florar, nos aportar\u00e1 vigor yfeminidad. Indicado para pieles secas y maduras Hidratante,regenerante.Ficha t\u00e9cnica\" \/>\n<meta property=\"og:url\" content=\"https:\/\/drasanvi.com\/cl\/producto\/gel-de-bano-rosa-mosqueta-bio-500-ml\/\" \/>\n<meta property=\"og:site_name\" content=\"Drasanvi Chile\" \/>\n<meta property=\"article:modified_time\" content=\"2022-06-08T10:41:21+00:00\" \/>\n<meta property=\"og:image\" content=\"https:\/\/drasanvi.com\/cl\/wp-content\/uploads\/sites\/4\/2022\/04\/032060126.png\" \/>\n\t<meta property=\"og:image:width\" content=\"1000\" \/>\n\t<meta property=\"og:image:height\" content=\"1000\" \/>\n\t<meta property=\"og:image:type\" content=\"image\/png\" \/>\n<meta name=\"twitter:card\" content=\"summary_large_image\" \/>\n<script type=\"application\/ld+json\" class=\"yoast-schema-graph\">{\"@context\":\"https:\\\/\\\/schema.org\",\"@graph\":[{\"@type\":\"WebPage\",\"@id\":\"https:\\\/\\\/drasanvi.com\\\/cl\\\/producto\\\/gel-de-bano-rosa-mosqueta-bio-500-ml\\\/\",\"url\":\"https:\\\/\\\/drasanvi.com\\\/cl\\\/producto\\\/gel-de-bano-rosa-mosqueta-bio-500-ml\\\/\",\"name\":\"Gel de ba\u00f1o Rosa Mosqueta BIO 500 ml - Drasanvi Chile\",\"isPartOf\":{\"@id\":\"https:\\\/\\\/drasanvi.com\\\/cl\\\/#website\"},\"primaryImageOfPage\":{\"@id\":\"https:\\\/\\\/drasanvi.com\\\/cl\\\/producto\\\/gel-de-bano-rosa-mosqueta-bio-500-ml\\\/#primaryimage\"},\"image\":{\"@id\":\"https:\\\/\\\/drasanvi.com\\\/cl\\\/producto\\\/gel-de-bano-rosa-mosqueta-bio-500-ml\\\/#primaryimage\"},\"thumbnailUrl\":\"https:\\\/\\\/drasanvi.com\\\/cl\\\/wp-content\\\/uploads\\\/sites\\\/4\\\/2022\\\/04\\\/032060126.png\",\"datePublished\":\"2022-06-08T10:41:11+00:00\",\"dateModified\":\"2022-06-08T10:41:21+00:00\",\"breadcrumb\":{\"@id\":\"https:\\\/\\\/drasanvi.com\\\/cl\\\/producto\\\/gel-de-bano-rosa-mosqueta-bio-500-ml\\\/#breadcrumb\"},\"inLanguage\":\"es\",\"potentialAction\":[{\"@type\":\"ReadAction\",\"target\":[\"https:\\\/\\\/drasanvi.com\\\/cl\\\/producto\\\/gel-de-bano-rosa-mosqueta-bio-500-ml\\\/\"]}]},{\"@type\":\"ImageObject\",\"inLanguage\":\"es\",\"@id\":\"https:\\\/\\\/drasanvi.com\\\/cl\\\/producto\\\/gel-de-bano-rosa-mosqueta-bio-500-ml\\\/#primaryimage\",\"url\":\"https:\\\/\\\/drasanvi.com\\\/cl\\\/wp-content\\\/uploads\\\/sites\\\/4\\\/2022\\\/04\\\/032060126.png\",\"contentUrl\":\"https:\\\/\\\/drasanvi.com\\\/cl\\\/wp-content\\\/uploads\\\/sites\\\/4\\\/2022\\\/04\\\/032060126.png\",\"width\":1000,\"height\":1000},{\"@type\":\"BreadcrumbList\",\"@id\":\"https:\\\/\\\/drasanvi.com\\\/cl\\\/producto\\\/gel-de-bano-rosa-mosqueta-bio-500-ml\\\/#breadcrumb\",\"itemListElement\":[{\"@type\":\"ListItem\",\"position\":1,\"name\":\"Portada\",\"item\":\"https:\\\/\\\/drasanvi.com\\\/cl\\\/\"},{\"@type\":\"ListItem\",\"position\":2,\"name\":\"Tienda\",\"item\":\"https:\\\/\\\/drasanvi.com\\\/cl\\\/tienda\\\/\"},{\"@type\":\"ListItem\",\"position\":3,\"name\":\"Gel de ba\u00f1o Rosa Mosqueta BIO 500 ml\"}]},{\"@type\":\"WebSite\",\"@id\":\"https:\\\/\\\/drasanvi.com\\\/cl\\\/#website\",\"url\":\"https:\\\/\\\/drasanvi.com\\\/cl\\\/\",\"name\":\"Drasanvi Chile\",\"description\":\"L\u00edder en complementos alimenticios y cosm\u00e9tica natural.\",\"publisher\":{\"@id\":\"https:\\\/\\\/drasanvi.com\\\/cl\\\/#organization\"},\"potentialAction\":[{\"@type\":\"SearchAction\",\"target\":{\"@type\":\"EntryPoint\",\"urlTemplate\":\"https:\\\/\\\/drasanvi.com\\\/cl\\\/?s={search_term_string}\"},\"query-input\":{\"@type\":\"PropertyValueSpecification\",\"valueRequired\":true,\"valueName\":\"search_term_string\"}}],\"inLanguage\":\"es\"},{\"@type\":\"Organization\",\"@id\":\"https:\\\/\\\/drasanvi.com\\\/cl\\\/#organization\",\"name\":\"Drasanvi\",\"url\":\"https:\\\/\\\/drasanvi.com\\\/cl\\\/\",\"logo\":{\"@type\":\"ImageObject\",\"inLanguage\":\"es\",\"@id\":\"https:\\\/\\\/drasanvi.com\\\/cl\\\/#\\\/schema\\\/logo\\\/image\\\/\",\"url\":\"https:\\\/\\\/drasanvi.com\\\/wp-content\\\/uploads\\\/sites\\\/4\\\/2021\\\/07\\\/logo-drasanvi.png\",\"contentUrl\":\"https:\\\/\\\/drasanvi.com\\\/wp-content\\\/uploads\\\/sites\\\/4\\\/2021\\\/07\\\/logo-drasanvi.png\",\"width\":900,\"height\":300,\"caption\":\"Drasanvi\"},\"image\":{\"@id\":\"https:\\\/\\\/drasanvi.com\\\/cl\\\/#\\\/schema\\\/logo\\\/image\\\/\"}}]}<\/script>\n<!-- \/ Yoast SEO plugin. -->","yoast_head_json":{"title":"Gel de ba\u00f1o Rosa Mosqueta BIO 500 ml - Drasanvi Chile","robots":{"index":"index","follow":"follow","max-snippet":"max-snippet:-1","max-image-preview":"max-image-preview:large","max-video-preview":"max-video-preview:-1"},"canonical":"https:\/\/drasanvi.com\/cl\/producto\/gel-de-bano-rosa-mosqueta-bio-500-ml\/","og_locale":"es_ES","og_type":"article","og_title":"Gel de ba\u00f1o Rosa Mosqueta BIO 500 ml - Drasanvi Chile","og_description":"El Gel de Ba\u00f1o de Rosa Mosqueta de Drasanvi est\u00e1 indicado parapieles secas y maduras. Su composici\u00f3n, rica en Rosa Mosqueta yaceite esencial quimiotipado de Geranio, limpia la piel, dej\u00e1ndolam\u00e1s hidratada y suave. Su aroma dulce y florar, nos aportar\u00e1 vigor yfeminidad. Indicado para pieles secas y maduras Hidratante,regenerante.Ficha t\u00e9cnica","og_url":"https:\/\/drasanvi.com\/cl\/producto\/gel-de-bano-rosa-mosqueta-bio-500-ml\/","og_site_name":"Drasanvi Chile","article_modified_time":"2022-06-08T10:41:21+00:00","og_image":[{"width":1000,"height":1000,"url":"https:\/\/drasanvi.com\/cl\/wp-content\/uploads\/sites\/4\/2022\/04\/032060126.png","type":"image\/png"}],"twitter_card":"summary_large_image","schema":{"@context":"https:\/\/schema.org","@graph":[{"@type":"WebPage","@id":"https:\/\/drasanvi.com\/cl\/producto\/gel-de-bano-rosa-mosqueta-bio-500-ml\/","url":"https:\/\/drasanvi.com\/cl\/producto\/gel-de-bano-rosa-mosqueta-bio-500-ml\/","name":"Gel de ba\u00f1o Rosa Mosqueta BIO 500 ml - Drasanvi Chile","isPartOf":{"@id":"https:\/\/drasanvi.com\/cl\/#website"},"primaryImageOfPage":{"@id":"https:\/\/drasanvi.com\/cl\/producto\/gel-de-bano-rosa-mosqueta-bio-500-ml\/#primaryimage"},"image":{"@id":"https:\/\/drasanvi.com\/cl\/producto\/gel-de-bano-rosa-mosqueta-bio-500-ml\/#primaryimage"},"thumbnailUrl":"https:\/\/drasanvi.com\/cl\/wp-content\/uploads\/sites\/4\/2022\/04\/032060126.png","datePublished":"2022-06-08T10:41:11+00:00","dateModified":"2022-06-08T10:41:21+00:00","breadcrumb":{"@id":"https:\/\/drasanvi.com\/cl\/producto\/gel-de-bano-rosa-mosqueta-bio-500-ml\/#breadcrumb"},"inLanguage":"es","potentialAction":[{"@type":"ReadAction","target":["https:\/\/drasanvi.com\/cl\/producto\/gel-de-bano-rosa-mosqueta-bio-500-ml\/"]}]},{"@type":"ImageObject","inLanguage":"es","@id":"https:\/\/drasanvi.com\/cl\/producto\/gel-de-bano-rosa-mosqueta-bio-500-ml\/#primaryimage","url":"https:\/\/drasanvi.com\/cl\/wp-content\/uploads\/sites\/4\/2022\/04\/032060126.png","contentUrl":"https:\/\/drasanvi.com\/cl\/wp-content\/uploads\/sites\/4\/2022\/04\/032060126.png","width":1000,"height":1000},{"@type":"BreadcrumbList","@id":"https:\/\/drasanvi.com\/cl\/producto\/gel-de-bano-rosa-mosqueta-bio-500-ml\/#breadcrumb","itemListElement":[{"@type":"ListItem","position":1,"name":"Portada","item":"https:\/\/drasanvi.com\/cl\/"},{"@type":"ListItem","position":2,"name":"Tienda","item":"https:\/\/drasanvi.com\/cl\/tienda\/"},{"@type":"ListItem","position":3,"name":"Gel de ba\u00f1o Rosa Mosqueta BIO 500 ml"}]},{"@type":"WebSite","@id":"https:\/\/drasanvi.com\/cl\/#website","url":"https:\/\/drasanvi.com\/cl\/","name":"Drasanvi Chile","description":"L\u00edder en complementos alimenticios y cosm\u00e9tica natural.","publisher":{"@id":"https:\/\/drasanvi.com\/cl\/#organization"},"potentialAction":[{"@type":"SearchAction","target":{"@type":"EntryPoint","urlTemplate":"https:\/\/drasanvi.com\/cl\/?s={search_term_string}"},"query-input":{"@type":"PropertyValueSpecification","valueRequired":true,"valueName":"search_term_string"}}],"inLanguage":"es"},{"@type":"Organization","@id":"https:\/\/drasanvi.com\/cl\/#organization","name":"Drasanvi","url":"https:\/\/drasanvi.com\/cl\/","logo":{"@type":"ImageObject","inLanguage":"es","@id":"https:\/\/drasanvi.com\/cl\/#\/schema\/logo\/image\/","url":"https:\/\/drasanvi.com\/wp-content\/uploads\/sites\/4\/2021\/07\/logo-drasanvi.png","contentUrl":"https:\/\/drasanvi.com\/wp-content\/uploads\/sites\/4\/2021\/07\/logo-drasanvi.png","width":900,"height":300,"caption":"Drasanvi"},"image":{"@id":"https:\/\/drasanvi.com\/cl\/#\/schema\/logo\/image\/"}}]}},"_links":{"self":[{"href":"https:\/\/drasanvi.com\/cl\/wp-json\/wp\/v2\/product\/23385","targetHints":{"allow":["GET"]}}],"collection":[{"href":"https:\/\/drasanvi.com\/cl\/wp-json\/wp\/v2\/product"}],"about":[{"href":"https:\/\/drasanvi.com\/cl\/wp-json\/wp\/v2\/types\/product"}],"version-history":[{"count":0,"href":"https:\/\/drasanvi.com\/cl\/wp-json\/wp\/v2\/product\/23385\/revisions"}],"wp:featuredmedia":[{"embeddable":true,"href":"https:\/\/drasanvi.com\/cl\/wp-json\/wp\/v2\/media\/23568"}],"wp:attachment":[{"href":"https:\/\/drasanvi.com\/cl\/wp-json\/wp\/v2\/media?parent=23385"}],"wp:term":[{"taxonomy":"product_cat","embeddable":true,"href":"https:\/\/drasanvi.com\/cl\/wp-json\/wp\/v2\/product_cat?post=23385"},{"taxonomy":"product_tag","embeddable":true,"href":"https:\/\/drasanvi.com\/cl\/wp-json\/wp\/v2\/product_tag?post=23385"}],"curies":[{"name":"wp","href":"https:\/\/api.w.org\/{rel}","templated":true}]}}