{"id":23343,"date":"2022-06-08T12:41:11","date_gmt":"2022-06-08T10:41:11","guid":{"rendered":"https:\/\/drasanvi.com\/cl\/producto\/crema-facial-arbol-del-te-bio-50-ml\/"},"modified":"2022-06-08T12:41:18","modified_gmt":"2022-06-08T10:41:18","slug":"crema-facial-arbol-del-te-bio-50-ml","status":"publish","type":"product","link":"https:\/\/drasanvi.com\/cl\/producto\/crema-facial-arbol-del-te-bio-50-ml\/","title":{"rendered":"Crema facial \u00c1rbol del T\u00e9 BIO 50 ml"},"content":{"rendered":"<h2>Ingredientes<\/h2>\n<p>Aloe barbadensis\u00a0Leaf Extract*, Aqua (Water), Cetearyl Alcohol, Glycerin, Glyceryl Stearate,\u00a0Argania spinosa\u00a0(Argan) Kernel Oil*,\u00a0Oryza sativa\u00a0(Rice) Starch,\u00a0Melaleuca alternifolia\u00a0Leaf Oil*,\u00a0Olea europaea\u00a0(Olive) Oil Unsaponifiables, Glycine Soja (Soybean) Oil, Cellulose Gum, Potassium Palmitoyl Hydrolyzed Wheat Protein, Benzyl Alcohol, Sodium PCA, Salicylic Acid, Potassium Sorbate, Sodium Benzoate, Sodium Hydroxide, Tocopherol, Citric Acid, Beta-Sitosterol, Sorbic Acid, Squalene, Limonene, Linalool*Ingrediente procedente de la Agricultura Ecol\u00f3gica.El 54,035 % del total de los ingredientes procede de Agricultura Ecol\u00f3gica.98,882% del total es de origen natural.COSMOS ORGANIC certificado por Ecocert Greenlife seg\u00fan el est\u00e1ndar COSMOS (disponible en http:\/\/COSMOS.ecocert.com)<\/p>\n<h2>Modo de uso<\/h2>\n<p>Tras la limpieza de la piel, con el mousse desmaquillante de \u00c1rbol del T\u00e9, aplicar una peque\u00f1a cantidad en rostro y cuello, mediante un \u00a0masaje suave y ascendente.Aplicar ma\u00f1ana y noche.Se aconseja completar el tratamiento facial con el s\u00e9rum de la misma l\u00ednea.<\/p>\n<h2>Presentaci\u00f3n<\/h2>\n<p>Envase de 50 ml (1,69 fl oz)<\/p>\n<h2>Advertencias<\/h2>\n<p>Uso t&oacute;pico.Producto destinado exclusivamente a la higiene personal.<\/p>\n","protected":false},"excerpt":{"rendered":"<p>La crema facial de \u00c1rbol del te de Drasanvi est\u00e1 indicada para pielesmixtas y grasas con tendencia acneica. Gracias a su formulaci\u00f3n ricaen aceite esencial de \u00c1rbol del t\u00e9 quimiotipado, conseguiremos una pielhidratada, purificada y libre de impurezas. Indicada para pieles contendencia acneica Purificante, matificante<br \/><a id=\"boton-ficha\" href=\"https:\/\/panel.drasanvi.com\/fichas\/2\/032060117\" target=\"_blank\" rel=\"noopener\">Ficha t\u00e9cnica<\/a><\/p>\n","protected":false},"featured_media":23526,"template":"","meta":{"inline_featured_image":false},"product_cat":[100],"product_tag":[],"class_list":["post-23343","product","type-product","status-publish","has-post-thumbnail","hentry","product_cat-fitoaromaterapia","pa_contiene-altramuces-no","pa_contiene-apio-no","pa_contiene-cacahuetes-no","pa_contiene-crustaceos-no","pa_contiene-frutos-secos-no","pa_contiene-huevo-no","pa_contiene-leche-no","pa_contiene-moluscos-no","pa_contiene-mostaza-no","pa_contiene-pescado-no","pa_contiene-sesamo-no","pa_contiene-soja-no","pa_producto-bio-si","pa_producto-sin-gluten-si","pa_producto-vegano-si","pa_producto-vegetariano-no"],"yoast_head":"<!-- This site is optimized with the Yoast SEO plugin v27.5 - https:\/\/yoast.com\/product\/yoast-seo-wordpress\/ -->\n<title>Crema facial \u00c1rbol del T\u00e9 BIO 50 ml - Drasanvi Chile<\/title>\n<meta name=\"robots\" content=\"index, follow, max-snippet:-1, max-image-preview:large, max-video-preview:-1\" \/>\n<link rel=\"canonical\" href=\"https:\/\/drasanvi.com\/cl\/producto\/crema-facial-arbol-del-te-bio-50-ml\/\" \/>\n<meta property=\"og:locale\" content=\"es_ES\" \/>\n<meta property=\"og:type\" content=\"article\" \/>\n<meta property=\"og:title\" content=\"Crema facial \u00c1rbol del T\u00e9 BIO 50 ml - Drasanvi Chile\" \/>\n<meta property=\"og:description\" content=\"La crema facial de \u00c1rbol del te de Drasanvi est\u00e1 indicada para pielesmixtas y grasas con tendencia acneica. Gracias a su formulaci\u00f3n ricaen aceite esencial de \u00c1rbol del t\u00e9 quimiotipado, conseguiremos una pielhidratada, purificada y libre de impurezas. Indicada para pieles contendencia acneica Purificante, matificanteFicha t\u00e9cnica\" \/>\n<meta property=\"og:url\" content=\"https:\/\/drasanvi.com\/cl\/producto\/crema-facial-arbol-del-te-bio-50-ml\/\" \/>\n<meta property=\"og:site_name\" content=\"Drasanvi Chile\" \/>\n<meta property=\"article:modified_time\" content=\"2022-06-08T10:41:18+00:00\" \/>\n<meta property=\"og:image\" content=\"https:\/\/drasanvi.com\/cl\/wp-content\/uploads\/sites\/4\/2022\/04\/032060117.png\" \/>\n\t<meta property=\"og:image:width\" content=\"1000\" \/>\n\t<meta property=\"og:image:height\" content=\"1000\" \/>\n\t<meta property=\"og:image:type\" content=\"image\/png\" \/>\n<meta name=\"twitter:card\" content=\"summary_large_image\" \/>\n<script type=\"application\/ld+json\" class=\"yoast-schema-graph\">{\"@context\":\"https:\\\/\\\/schema.org\",\"@graph\":[{\"@type\":\"WebPage\",\"@id\":\"https:\\\/\\\/drasanvi.com\\\/cl\\\/producto\\\/crema-facial-arbol-del-te-bio-50-ml\\\/\",\"url\":\"https:\\\/\\\/drasanvi.com\\\/cl\\\/producto\\\/crema-facial-arbol-del-te-bio-50-ml\\\/\",\"name\":\"Crema facial \u00c1rbol del T\u00e9 BIO 50 ml - Drasanvi Chile\",\"isPartOf\":{\"@id\":\"https:\\\/\\\/drasanvi.com\\\/cl\\\/#website\"},\"primaryImageOfPage\":{\"@id\":\"https:\\\/\\\/drasanvi.com\\\/cl\\\/producto\\\/crema-facial-arbol-del-te-bio-50-ml\\\/#primaryimage\"},\"image\":{\"@id\":\"https:\\\/\\\/drasanvi.com\\\/cl\\\/producto\\\/crema-facial-arbol-del-te-bio-50-ml\\\/#primaryimage\"},\"thumbnailUrl\":\"https:\\\/\\\/drasanvi.com\\\/cl\\\/wp-content\\\/uploads\\\/sites\\\/4\\\/2022\\\/04\\\/032060117.png\",\"datePublished\":\"2022-06-08T10:41:11+00:00\",\"dateModified\":\"2022-06-08T10:41:18+00:00\",\"breadcrumb\":{\"@id\":\"https:\\\/\\\/drasanvi.com\\\/cl\\\/producto\\\/crema-facial-arbol-del-te-bio-50-ml\\\/#breadcrumb\"},\"inLanguage\":\"es\",\"potentialAction\":[{\"@type\":\"ReadAction\",\"target\":[\"https:\\\/\\\/drasanvi.com\\\/cl\\\/producto\\\/crema-facial-arbol-del-te-bio-50-ml\\\/\"]}]},{\"@type\":\"ImageObject\",\"inLanguage\":\"es\",\"@id\":\"https:\\\/\\\/drasanvi.com\\\/cl\\\/producto\\\/crema-facial-arbol-del-te-bio-50-ml\\\/#primaryimage\",\"url\":\"https:\\\/\\\/drasanvi.com\\\/cl\\\/wp-content\\\/uploads\\\/sites\\\/4\\\/2022\\\/04\\\/032060117.png\",\"contentUrl\":\"https:\\\/\\\/drasanvi.com\\\/cl\\\/wp-content\\\/uploads\\\/sites\\\/4\\\/2022\\\/04\\\/032060117.png\",\"width\":1000,\"height\":1000},{\"@type\":\"BreadcrumbList\",\"@id\":\"https:\\\/\\\/drasanvi.com\\\/cl\\\/producto\\\/crema-facial-arbol-del-te-bio-50-ml\\\/#breadcrumb\",\"itemListElement\":[{\"@type\":\"ListItem\",\"position\":1,\"name\":\"Portada\",\"item\":\"https:\\\/\\\/drasanvi.com\\\/cl\\\/\"},{\"@type\":\"ListItem\",\"position\":2,\"name\":\"Tienda\",\"item\":\"https:\\\/\\\/drasanvi.com\\\/cl\\\/tienda\\\/\"},{\"@type\":\"ListItem\",\"position\":3,\"name\":\"Crema facial \u00c1rbol del T\u00e9 BIO 50 ml\"}]},{\"@type\":\"WebSite\",\"@id\":\"https:\\\/\\\/drasanvi.com\\\/cl\\\/#website\",\"url\":\"https:\\\/\\\/drasanvi.com\\\/cl\\\/\",\"name\":\"Drasanvi Chile\",\"description\":\"L\u00edder en complementos alimenticios y cosm\u00e9tica natural.\",\"publisher\":{\"@id\":\"https:\\\/\\\/drasanvi.com\\\/cl\\\/#organization\"},\"potentialAction\":[{\"@type\":\"SearchAction\",\"target\":{\"@type\":\"EntryPoint\",\"urlTemplate\":\"https:\\\/\\\/drasanvi.com\\\/cl\\\/?s={search_term_string}\"},\"query-input\":{\"@type\":\"PropertyValueSpecification\",\"valueRequired\":true,\"valueName\":\"search_term_string\"}}],\"inLanguage\":\"es\"},{\"@type\":\"Organization\",\"@id\":\"https:\\\/\\\/drasanvi.com\\\/cl\\\/#organization\",\"name\":\"Drasanvi\",\"url\":\"https:\\\/\\\/drasanvi.com\\\/cl\\\/\",\"logo\":{\"@type\":\"ImageObject\",\"inLanguage\":\"es\",\"@id\":\"https:\\\/\\\/drasanvi.com\\\/cl\\\/#\\\/schema\\\/logo\\\/image\\\/\",\"url\":\"https:\\\/\\\/drasanvi.com\\\/wp-content\\\/uploads\\\/sites\\\/4\\\/2021\\\/07\\\/logo-drasanvi.png\",\"contentUrl\":\"https:\\\/\\\/drasanvi.com\\\/wp-content\\\/uploads\\\/sites\\\/4\\\/2021\\\/07\\\/logo-drasanvi.png\",\"width\":900,\"height\":300,\"caption\":\"Drasanvi\"},\"image\":{\"@id\":\"https:\\\/\\\/drasanvi.com\\\/cl\\\/#\\\/schema\\\/logo\\\/image\\\/\"}}]}<\/script>\n<!-- \/ Yoast SEO plugin. -->","yoast_head_json":{"title":"Crema facial \u00c1rbol del T\u00e9 BIO 50 ml - Drasanvi Chile","robots":{"index":"index","follow":"follow","max-snippet":"max-snippet:-1","max-image-preview":"max-image-preview:large","max-video-preview":"max-video-preview:-1"},"canonical":"https:\/\/drasanvi.com\/cl\/producto\/crema-facial-arbol-del-te-bio-50-ml\/","og_locale":"es_ES","og_type":"article","og_title":"Crema facial \u00c1rbol del T\u00e9 BIO 50 ml - Drasanvi Chile","og_description":"La crema facial de \u00c1rbol del te de Drasanvi est\u00e1 indicada para pielesmixtas y grasas con tendencia acneica. Gracias a su formulaci\u00f3n ricaen aceite esencial de \u00c1rbol del t\u00e9 quimiotipado, conseguiremos una pielhidratada, purificada y libre de impurezas. Indicada para pieles contendencia acneica Purificante, matificanteFicha t\u00e9cnica","og_url":"https:\/\/drasanvi.com\/cl\/producto\/crema-facial-arbol-del-te-bio-50-ml\/","og_site_name":"Drasanvi Chile","article_modified_time":"2022-06-08T10:41:18+00:00","og_image":[{"width":1000,"height":1000,"url":"https:\/\/drasanvi.com\/cl\/wp-content\/uploads\/sites\/4\/2022\/04\/032060117.png","type":"image\/png"}],"twitter_card":"summary_large_image","schema":{"@context":"https:\/\/schema.org","@graph":[{"@type":"WebPage","@id":"https:\/\/drasanvi.com\/cl\/producto\/crema-facial-arbol-del-te-bio-50-ml\/","url":"https:\/\/drasanvi.com\/cl\/producto\/crema-facial-arbol-del-te-bio-50-ml\/","name":"Crema facial \u00c1rbol del T\u00e9 BIO 50 ml - Drasanvi Chile","isPartOf":{"@id":"https:\/\/drasanvi.com\/cl\/#website"},"primaryImageOfPage":{"@id":"https:\/\/drasanvi.com\/cl\/producto\/crema-facial-arbol-del-te-bio-50-ml\/#primaryimage"},"image":{"@id":"https:\/\/drasanvi.com\/cl\/producto\/crema-facial-arbol-del-te-bio-50-ml\/#primaryimage"},"thumbnailUrl":"https:\/\/drasanvi.com\/cl\/wp-content\/uploads\/sites\/4\/2022\/04\/032060117.png","datePublished":"2022-06-08T10:41:11+00:00","dateModified":"2022-06-08T10:41:18+00:00","breadcrumb":{"@id":"https:\/\/drasanvi.com\/cl\/producto\/crema-facial-arbol-del-te-bio-50-ml\/#breadcrumb"},"inLanguage":"es","potentialAction":[{"@type":"ReadAction","target":["https:\/\/drasanvi.com\/cl\/producto\/crema-facial-arbol-del-te-bio-50-ml\/"]}]},{"@type":"ImageObject","inLanguage":"es","@id":"https:\/\/drasanvi.com\/cl\/producto\/crema-facial-arbol-del-te-bio-50-ml\/#primaryimage","url":"https:\/\/drasanvi.com\/cl\/wp-content\/uploads\/sites\/4\/2022\/04\/032060117.png","contentUrl":"https:\/\/drasanvi.com\/cl\/wp-content\/uploads\/sites\/4\/2022\/04\/032060117.png","width":1000,"height":1000},{"@type":"BreadcrumbList","@id":"https:\/\/drasanvi.com\/cl\/producto\/crema-facial-arbol-del-te-bio-50-ml\/#breadcrumb","itemListElement":[{"@type":"ListItem","position":1,"name":"Portada","item":"https:\/\/drasanvi.com\/cl\/"},{"@type":"ListItem","position":2,"name":"Tienda","item":"https:\/\/drasanvi.com\/cl\/tienda\/"},{"@type":"ListItem","position":3,"name":"Crema facial \u00c1rbol del T\u00e9 BIO 50 ml"}]},{"@type":"WebSite","@id":"https:\/\/drasanvi.com\/cl\/#website","url":"https:\/\/drasanvi.com\/cl\/","name":"Drasanvi Chile","description":"L\u00edder en complementos alimenticios y cosm\u00e9tica natural.","publisher":{"@id":"https:\/\/drasanvi.com\/cl\/#organization"},"potentialAction":[{"@type":"SearchAction","target":{"@type":"EntryPoint","urlTemplate":"https:\/\/drasanvi.com\/cl\/?s={search_term_string}"},"query-input":{"@type":"PropertyValueSpecification","valueRequired":true,"valueName":"search_term_string"}}],"inLanguage":"es"},{"@type":"Organization","@id":"https:\/\/drasanvi.com\/cl\/#organization","name":"Drasanvi","url":"https:\/\/drasanvi.com\/cl\/","logo":{"@type":"ImageObject","inLanguage":"es","@id":"https:\/\/drasanvi.com\/cl\/#\/schema\/logo\/image\/","url":"https:\/\/drasanvi.com\/wp-content\/uploads\/sites\/4\/2021\/07\/logo-drasanvi.png","contentUrl":"https:\/\/drasanvi.com\/wp-content\/uploads\/sites\/4\/2021\/07\/logo-drasanvi.png","width":900,"height":300,"caption":"Drasanvi"},"image":{"@id":"https:\/\/drasanvi.com\/cl\/#\/schema\/logo\/image\/"}}]}},"_links":{"self":[{"href":"https:\/\/drasanvi.com\/cl\/wp-json\/wp\/v2\/product\/23343","targetHints":{"allow":["GET"]}}],"collection":[{"href":"https:\/\/drasanvi.com\/cl\/wp-json\/wp\/v2\/product"}],"about":[{"href":"https:\/\/drasanvi.com\/cl\/wp-json\/wp\/v2\/types\/product"}],"version-history":[{"count":0,"href":"https:\/\/drasanvi.com\/cl\/wp-json\/wp\/v2\/product\/23343\/revisions"}],"wp:featuredmedia":[{"embeddable":true,"href":"https:\/\/drasanvi.com\/cl\/wp-json\/wp\/v2\/media\/23526"}],"wp:attachment":[{"href":"https:\/\/drasanvi.com\/cl\/wp-json\/wp\/v2\/media?parent=23343"}],"wp:term":[{"taxonomy":"product_cat","embeddable":true,"href":"https:\/\/drasanvi.com\/cl\/wp-json\/wp\/v2\/product_cat?post=23343"},{"taxonomy":"product_tag","embeddable":true,"href":"https:\/\/drasanvi.com\/cl\/wp-json\/wp\/v2\/product_tag?post=23343"}],"curies":[{"name":"wp","href":"https:\/\/api.w.org\/{rel}","templated":true}]}}