{"id":23335,"date":"2022-06-08T12:43:09","date_gmt":"2022-06-08T10:43:09","guid":{"rendered":"https:\/\/drasanvi.com\/cl\/producto\/mousse-limpiador-desmaquillante-de-canamo\/"},"modified":"2022-06-08T12:43:12","modified_gmt":"2022-06-08T10:43:12","slug":"mousse-limpiador-desmaquillante-de-canamo","status":"publish","type":"product","link":"https:\/\/drasanvi.com\/cl\/producto\/mousse-limpiador-desmaquillante-de-canamo\/","title":{"rendered":"Mousse Limpiador Desmaquillante de C\u00e1\u00f1amo"},"content":{"rendered":"<h2>Ingredientes<\/h2>\n<p>Aloe Barbadensis Leaf Extract*, Aqua (Water), Glycerin, Betaine, Decyl Glucoside, Propanediol, Cocamidopropyl Betaine, Disodium Cocoamphodiacetate, Cannabis Sativa Seed Oil*, Cananga Odorata Flower Extract*, \u00a0Benzyl Alcohol , Sodium PCA,\u00a0 Potassium Sorbate , Sodium Benzoate, Salicylic Acid, Citric Acid, Sodium Hydroxide, Sorbic Acid\u00a0*Ingrediente procedente de la Agricultura Ecol\u00f3gica\u00a0El 59,95% del total de los ingredientes procede de la Agricultura Ecol\u00f3gica.\u00a098,10% del total es de origen natural\u00a0COSMOS ORGANIC certificado por Ecocert Greenlife seg\u00fan el est\u00e1ndar COSMOS ( disponible en http:\/\/ COSMOS.ecocert.com)\u00a0 \u00a0<\/p>\n<h2>Modo de uso<\/h2>\n<p>Informaci\u00f3n t\u00e9cnica:A.E. de Ylang ylang (Cananga odorata)Quimiotipo: D-germacreno , \u00a0farnesenoOrigen: EgiptoExtracci\u00f3n: destilaci\u00f3n por arrastre de vapor de aguaParte destilada: hoja\u00a0<\/p>\n<h2>Presentaci\u00f3n<\/h2>\n<p>Envase de 150 ml (5,07 fl oz)<\/p>\n<h2>Advertencias<\/h2>\n<p>Uso t&oacute;picoProducto destinado exclusivamente a la higiene<\/p>\n","protected":false},"excerpt":{"rendered":"<p>El Mousse limpiador de C\u00e1\u00f1amo de Drasanvi, es una soluci\u00f3n ideal para limpiar en profundidad las pieles mas sensibles (gracias al aceite esencial quimiotipado de ylang ylang), eliminando hasta el maquillaje m\u00e1s resistente. La agradable textura en mousse, es f\u00e1cil de aplicar, y nos asegura una limpieza facial eficaz a diario.Su aroma florar, nos aportar\u00e1 una sensaci\u00f3n de alegr\u00eda. Todo tipo de piel, hasta las m\u00e1s sensibles.<br \/><a id=\"boton-ficha\" href=\"https:\/\/panel.drasanvi.com\/fichas\/2\/032060620\" target=\"_blank\" rel=\"noopener\">Ficha t\u00e9cnica<\/a><\/p>\n","protected":false},"featured_media":23518,"template":"","meta":{"inline_featured_image":false},"product_cat":[100],"product_tag":[],"class_list":["post-23335","product","type-product","status-publish","has-post-thumbnail","hentry","product_cat-fitoaromaterapia","pa_contiene-altramuces-no","pa_contiene-apio-no","pa_contiene-cacahuetes-no","pa_contiene-crustaceos-no","pa_contiene-frutos-secos-no","pa_contiene-huevo-no","pa_contiene-leche-no","pa_contiene-moluscos-no","pa_contiene-mostaza-no","pa_contiene-pescado-no","pa_contiene-sesamo-no","pa_contiene-soja-no","pa_producto-bio-si","pa_producto-sin-gluten-si","pa_producto-vegano-si","pa_producto-vegetariano-no"],"yoast_head":"<!-- This site is optimized with the Yoast SEO plugin v27.5 - https:\/\/yoast.com\/product\/yoast-seo-wordpress\/ -->\n<title>Mousse Limpiador Desmaquillante de C\u00e1\u00f1amo - Drasanvi Chile<\/title>\n<meta name=\"robots\" content=\"index, follow, max-snippet:-1, max-image-preview:large, max-video-preview:-1\" \/>\n<link rel=\"canonical\" href=\"https:\/\/drasanvi.com\/cl\/producto\/mousse-limpiador-desmaquillante-de-canamo\/\" \/>\n<meta property=\"og:locale\" content=\"es_ES\" \/>\n<meta property=\"og:type\" content=\"article\" \/>\n<meta property=\"og:title\" content=\"Mousse Limpiador Desmaquillante de C\u00e1\u00f1amo - Drasanvi Chile\" \/>\n<meta property=\"og:description\" content=\"El Mousse limpiador de C\u00e1\u00f1amo de Drasanvi, es una soluci\u00f3n ideal para limpiar en profundidad las pieles mas sensibles (gracias al aceite esencial quimiotipado de ylang ylang), eliminando hasta el maquillaje m\u00e1s resistente. La agradable textura en mousse, es f\u00e1cil de aplicar, y nos asegura una limpieza facial eficaz a diario.Su aroma florar, nos aportar\u00e1 una sensaci\u00f3n de alegr\u00eda. Todo tipo de piel, hasta las m\u00e1s sensibles.Ficha t\u00e9cnica\" \/>\n<meta property=\"og:url\" content=\"https:\/\/drasanvi.com\/cl\/producto\/mousse-limpiador-desmaquillante-de-canamo\/\" \/>\n<meta property=\"og:site_name\" content=\"Drasanvi Chile\" \/>\n<meta property=\"article:modified_time\" content=\"2022-06-08T10:43:12+00:00\" \/>\n<meta property=\"og:image\" content=\"https:\/\/drasanvi.com\/cl\/wp-content\/uploads\/sites\/4\/2022\/04\/032060620.png\" \/>\n\t<meta property=\"og:image:width\" content=\"1000\" \/>\n\t<meta property=\"og:image:height\" content=\"1000\" \/>\n\t<meta property=\"og:image:type\" content=\"image\/png\" \/>\n<meta name=\"twitter:card\" content=\"summary_large_image\" \/>\n<script type=\"application\/ld+json\" class=\"yoast-schema-graph\">{\"@context\":\"https:\\\/\\\/schema.org\",\"@graph\":[{\"@type\":\"WebPage\",\"@id\":\"https:\\\/\\\/drasanvi.com\\\/cl\\\/producto\\\/mousse-limpiador-desmaquillante-de-canamo\\\/\",\"url\":\"https:\\\/\\\/drasanvi.com\\\/cl\\\/producto\\\/mousse-limpiador-desmaquillante-de-canamo\\\/\",\"name\":\"Mousse Limpiador Desmaquillante de C\u00e1\u00f1amo - Drasanvi Chile\",\"isPartOf\":{\"@id\":\"https:\\\/\\\/drasanvi.com\\\/cl\\\/#website\"},\"primaryImageOfPage\":{\"@id\":\"https:\\\/\\\/drasanvi.com\\\/cl\\\/producto\\\/mousse-limpiador-desmaquillante-de-canamo\\\/#primaryimage\"},\"image\":{\"@id\":\"https:\\\/\\\/drasanvi.com\\\/cl\\\/producto\\\/mousse-limpiador-desmaquillante-de-canamo\\\/#primaryimage\"},\"thumbnailUrl\":\"https:\\\/\\\/drasanvi.com\\\/cl\\\/wp-content\\\/uploads\\\/sites\\\/4\\\/2022\\\/04\\\/032060620.png\",\"datePublished\":\"2022-06-08T10:43:09+00:00\",\"dateModified\":\"2022-06-08T10:43:12+00:00\",\"breadcrumb\":{\"@id\":\"https:\\\/\\\/drasanvi.com\\\/cl\\\/producto\\\/mousse-limpiador-desmaquillante-de-canamo\\\/#breadcrumb\"},\"inLanguage\":\"es\",\"potentialAction\":[{\"@type\":\"ReadAction\",\"target\":[\"https:\\\/\\\/drasanvi.com\\\/cl\\\/producto\\\/mousse-limpiador-desmaquillante-de-canamo\\\/\"]}]},{\"@type\":\"ImageObject\",\"inLanguage\":\"es\",\"@id\":\"https:\\\/\\\/drasanvi.com\\\/cl\\\/producto\\\/mousse-limpiador-desmaquillante-de-canamo\\\/#primaryimage\",\"url\":\"https:\\\/\\\/drasanvi.com\\\/cl\\\/wp-content\\\/uploads\\\/sites\\\/4\\\/2022\\\/04\\\/032060620.png\",\"contentUrl\":\"https:\\\/\\\/drasanvi.com\\\/cl\\\/wp-content\\\/uploads\\\/sites\\\/4\\\/2022\\\/04\\\/032060620.png\",\"width\":1000,\"height\":1000},{\"@type\":\"BreadcrumbList\",\"@id\":\"https:\\\/\\\/drasanvi.com\\\/cl\\\/producto\\\/mousse-limpiador-desmaquillante-de-canamo\\\/#breadcrumb\",\"itemListElement\":[{\"@type\":\"ListItem\",\"position\":1,\"name\":\"Portada\",\"item\":\"https:\\\/\\\/drasanvi.com\\\/cl\\\/\"},{\"@type\":\"ListItem\",\"position\":2,\"name\":\"Tienda\",\"item\":\"https:\\\/\\\/drasanvi.com\\\/cl\\\/tienda\\\/\"},{\"@type\":\"ListItem\",\"position\":3,\"name\":\"Mousse Limpiador Desmaquillante de C\u00e1\u00f1amo\"}]},{\"@type\":\"WebSite\",\"@id\":\"https:\\\/\\\/drasanvi.com\\\/cl\\\/#website\",\"url\":\"https:\\\/\\\/drasanvi.com\\\/cl\\\/\",\"name\":\"Drasanvi Chile\",\"description\":\"L\u00edder en complementos alimenticios y cosm\u00e9tica natural.\",\"publisher\":{\"@id\":\"https:\\\/\\\/drasanvi.com\\\/cl\\\/#organization\"},\"potentialAction\":[{\"@type\":\"SearchAction\",\"target\":{\"@type\":\"EntryPoint\",\"urlTemplate\":\"https:\\\/\\\/drasanvi.com\\\/cl\\\/?s={search_term_string}\"},\"query-input\":{\"@type\":\"PropertyValueSpecification\",\"valueRequired\":true,\"valueName\":\"search_term_string\"}}],\"inLanguage\":\"es\"},{\"@type\":\"Organization\",\"@id\":\"https:\\\/\\\/drasanvi.com\\\/cl\\\/#organization\",\"name\":\"Drasanvi\",\"url\":\"https:\\\/\\\/drasanvi.com\\\/cl\\\/\",\"logo\":{\"@type\":\"ImageObject\",\"inLanguage\":\"es\",\"@id\":\"https:\\\/\\\/drasanvi.com\\\/cl\\\/#\\\/schema\\\/logo\\\/image\\\/\",\"url\":\"https:\\\/\\\/drasanvi.com\\\/wp-content\\\/uploads\\\/sites\\\/4\\\/2021\\\/07\\\/logo-drasanvi.png\",\"contentUrl\":\"https:\\\/\\\/drasanvi.com\\\/wp-content\\\/uploads\\\/sites\\\/4\\\/2021\\\/07\\\/logo-drasanvi.png\",\"width\":900,\"height\":300,\"caption\":\"Drasanvi\"},\"image\":{\"@id\":\"https:\\\/\\\/drasanvi.com\\\/cl\\\/#\\\/schema\\\/logo\\\/image\\\/\"}}]}<\/script>\n<!-- \/ Yoast SEO plugin. -->","yoast_head_json":{"title":"Mousse Limpiador Desmaquillante de C\u00e1\u00f1amo - Drasanvi Chile","robots":{"index":"index","follow":"follow","max-snippet":"max-snippet:-1","max-image-preview":"max-image-preview:large","max-video-preview":"max-video-preview:-1"},"canonical":"https:\/\/drasanvi.com\/cl\/producto\/mousse-limpiador-desmaquillante-de-canamo\/","og_locale":"es_ES","og_type":"article","og_title":"Mousse Limpiador Desmaquillante de C\u00e1\u00f1amo - Drasanvi Chile","og_description":"El Mousse limpiador de C\u00e1\u00f1amo de Drasanvi, es una soluci\u00f3n ideal para limpiar en profundidad las pieles mas sensibles (gracias al aceite esencial quimiotipado de ylang ylang), eliminando hasta el maquillaje m\u00e1s resistente. La agradable textura en mousse, es f\u00e1cil de aplicar, y nos asegura una limpieza facial eficaz a diario.Su aroma florar, nos aportar\u00e1 una sensaci\u00f3n de alegr\u00eda. Todo tipo de piel, hasta las m\u00e1s sensibles.Ficha t\u00e9cnica","og_url":"https:\/\/drasanvi.com\/cl\/producto\/mousse-limpiador-desmaquillante-de-canamo\/","og_site_name":"Drasanvi Chile","article_modified_time":"2022-06-08T10:43:12+00:00","og_image":[{"width":1000,"height":1000,"url":"https:\/\/drasanvi.com\/cl\/wp-content\/uploads\/sites\/4\/2022\/04\/032060620.png","type":"image\/png"}],"twitter_card":"summary_large_image","schema":{"@context":"https:\/\/schema.org","@graph":[{"@type":"WebPage","@id":"https:\/\/drasanvi.com\/cl\/producto\/mousse-limpiador-desmaquillante-de-canamo\/","url":"https:\/\/drasanvi.com\/cl\/producto\/mousse-limpiador-desmaquillante-de-canamo\/","name":"Mousse Limpiador Desmaquillante de C\u00e1\u00f1amo - Drasanvi Chile","isPartOf":{"@id":"https:\/\/drasanvi.com\/cl\/#website"},"primaryImageOfPage":{"@id":"https:\/\/drasanvi.com\/cl\/producto\/mousse-limpiador-desmaquillante-de-canamo\/#primaryimage"},"image":{"@id":"https:\/\/drasanvi.com\/cl\/producto\/mousse-limpiador-desmaquillante-de-canamo\/#primaryimage"},"thumbnailUrl":"https:\/\/drasanvi.com\/cl\/wp-content\/uploads\/sites\/4\/2022\/04\/032060620.png","datePublished":"2022-06-08T10:43:09+00:00","dateModified":"2022-06-08T10:43:12+00:00","breadcrumb":{"@id":"https:\/\/drasanvi.com\/cl\/producto\/mousse-limpiador-desmaquillante-de-canamo\/#breadcrumb"},"inLanguage":"es","potentialAction":[{"@type":"ReadAction","target":["https:\/\/drasanvi.com\/cl\/producto\/mousse-limpiador-desmaquillante-de-canamo\/"]}]},{"@type":"ImageObject","inLanguage":"es","@id":"https:\/\/drasanvi.com\/cl\/producto\/mousse-limpiador-desmaquillante-de-canamo\/#primaryimage","url":"https:\/\/drasanvi.com\/cl\/wp-content\/uploads\/sites\/4\/2022\/04\/032060620.png","contentUrl":"https:\/\/drasanvi.com\/cl\/wp-content\/uploads\/sites\/4\/2022\/04\/032060620.png","width":1000,"height":1000},{"@type":"BreadcrumbList","@id":"https:\/\/drasanvi.com\/cl\/producto\/mousse-limpiador-desmaquillante-de-canamo\/#breadcrumb","itemListElement":[{"@type":"ListItem","position":1,"name":"Portada","item":"https:\/\/drasanvi.com\/cl\/"},{"@type":"ListItem","position":2,"name":"Tienda","item":"https:\/\/drasanvi.com\/cl\/tienda\/"},{"@type":"ListItem","position":3,"name":"Mousse Limpiador Desmaquillante de C\u00e1\u00f1amo"}]},{"@type":"WebSite","@id":"https:\/\/drasanvi.com\/cl\/#website","url":"https:\/\/drasanvi.com\/cl\/","name":"Drasanvi Chile","description":"L\u00edder en complementos alimenticios y cosm\u00e9tica natural.","publisher":{"@id":"https:\/\/drasanvi.com\/cl\/#organization"},"potentialAction":[{"@type":"SearchAction","target":{"@type":"EntryPoint","urlTemplate":"https:\/\/drasanvi.com\/cl\/?s={search_term_string}"},"query-input":{"@type":"PropertyValueSpecification","valueRequired":true,"valueName":"search_term_string"}}],"inLanguage":"es"},{"@type":"Organization","@id":"https:\/\/drasanvi.com\/cl\/#organization","name":"Drasanvi","url":"https:\/\/drasanvi.com\/cl\/","logo":{"@type":"ImageObject","inLanguage":"es","@id":"https:\/\/drasanvi.com\/cl\/#\/schema\/logo\/image\/","url":"https:\/\/drasanvi.com\/wp-content\/uploads\/sites\/4\/2021\/07\/logo-drasanvi.png","contentUrl":"https:\/\/drasanvi.com\/wp-content\/uploads\/sites\/4\/2021\/07\/logo-drasanvi.png","width":900,"height":300,"caption":"Drasanvi"},"image":{"@id":"https:\/\/drasanvi.com\/cl\/#\/schema\/logo\/image\/"}}]}},"_links":{"self":[{"href":"https:\/\/drasanvi.com\/cl\/wp-json\/wp\/v2\/product\/23335","targetHints":{"allow":["GET"]}}],"collection":[{"href":"https:\/\/drasanvi.com\/cl\/wp-json\/wp\/v2\/product"}],"about":[{"href":"https:\/\/drasanvi.com\/cl\/wp-json\/wp\/v2\/types\/product"}],"version-history":[{"count":0,"href":"https:\/\/drasanvi.com\/cl\/wp-json\/wp\/v2\/product\/23335\/revisions"}],"wp:featuredmedia":[{"embeddable":true,"href":"https:\/\/drasanvi.com\/cl\/wp-json\/wp\/v2\/media\/23518"}],"wp:attachment":[{"href":"https:\/\/drasanvi.com\/cl\/wp-json\/wp\/v2\/media?parent=23335"}],"wp:term":[{"taxonomy":"product_cat","embeddable":true,"href":"https:\/\/drasanvi.com\/cl\/wp-json\/wp\/v2\/product_cat?post=23335"},{"taxonomy":"product_tag","embeddable":true,"href":"https:\/\/drasanvi.com\/cl\/wp-json\/wp\/v2\/product_tag?post=23335"}],"curies":[{"name":"wp","href":"https:\/\/api.w.org\/{rel}","templated":true}]}}