{"id":23325,"date":"2022-06-08T12:39:00","date_gmt":"2022-06-08T10:39:00","guid":{"rendered":"https:\/\/drasanvi.com\/cl\/producto\/proteina-vegetal-sabor-frambuesa\/"},"modified":"2022-06-08T12:39:00","modified_gmt":"2022-06-08T10:39:00","slug":"proteina-vegetal-sabor-frambuesa","status":"publish","type":"product","link":"https:\/\/drasanvi.com\/cl\/producto\/proteina-vegetal-sabor-frambuesa\/","title":{"rendered":"Prote\u00edna Vegetal sabor Frambuesa"},"content":{"rendered":"<h2>Ingredientes<\/h2>\n<p>Ingredientes  Dosis diaria \/ mg      Prote\u00edna de guisante aislada\u00a0Pisum sativum L  22285.8 mg      Prote\u00edna\u00a0de arroz\u00a0Oryza sativa L.  3428,7 \u00a0mg      Prote\u00edna\u00a0de semilla de calabaza*\u00a0Cucurbita pepo  857,1 mg      Prote\u00edna de \u00a0semillas de girasol*\u00a0Helianthus annuus\u00a0L  857,1 mg      Otros Ingredientes: Aroma de frambuesa, Remolacha, Goma Xantana y Glucosidos de Steviol.\u00a0        Sin conservantes ni az\u00facares a\u00f1adidos.<\/p>\n<h2>Modo de uso<\/h2>\n<p>Disolver una porci\u00f3n (1 medida) en 250-300 ml de agua.<\/p>\n<h2>Presentaci\u00f3n<\/h2>\n<p>600 g 21.18 oz<\/p>\n<h2>Advertencias<\/h2>\n<p>ALIMENTO PARA DEPORTISTAS ALTO EN PROTE\u00cdNASNo recomendable para menores de 15 a\u00f1os, en embarazo, ni lactancia.Alimento en polvo para preparar bebida a base de prote\u00edna.\u00a0<\/p>\n","protected":false},"excerpt":{"rendered":"<p>Las nuevas tendencias del mercado abogan por la importancia de las prote\u00ednas en la alimentaci\u00f3n diaria. Sin embargo el exceso de prote\u00ednas animales o diversas formas de alimentaci\u00f3n, han colocado a las prote\u00ednas vegetales entre las sustancias m\u00e1s demandadasLas prote\u00ednas entran a formar parte de todas las estructuras del organismo, entre las que destacamos, por su importancia en el deporte, la conservaci\u00f3n de la masa muscular.<br \/><a id=\"boton-ficha\" href=\"https:\/\/panel.drasanvi.com\/fichas\/2\/032050413\" target=\"_blank\" rel=\"noopener\">Ficha t\u00e9cnica<\/a><\/p>\n","protected":false},"featured_media":23508,"template":"","meta":{"inline_featured_image":false},"product_cat":[97],"product_tag":[],"class_list":["post-23325","product","type-product","status-publish","has-post-thumbnail","hentry","product_cat-deporte","pa_contiene-altramuces-no","pa_contiene-apio-no","pa_contiene-cacahuetes-no","pa_contiene-crustaceos-no","pa_contiene-frutos-secos-no","pa_contiene-huevo-no","pa_contiene-leche-no","pa_contiene-moluscos-no","pa_contiene-mostaza-no","pa_contiene-pescado-no","pa_contiene-sesamo-no","pa_contiene-soja-no","pa_producto-bio-no","pa_producto-sin-gluten-si","pa_producto-vegano-si","pa_producto-vegetariano-no"],"yoast_head":"<!-- This site is optimized with the Yoast SEO plugin v27.5 - https:\/\/yoast.com\/product\/yoast-seo-wordpress\/ -->\n<title>Prote\u00edna Vegetal sabor Frambuesa - Drasanvi Chile<\/title>\n<meta name=\"robots\" content=\"index, follow, max-snippet:-1, max-image-preview:large, max-video-preview:-1\" \/>\n<link rel=\"canonical\" href=\"https:\/\/drasanvi.com\/cl\/producto\/proteina-vegetal-sabor-frambuesa\/\" \/>\n<meta property=\"og:locale\" content=\"es_ES\" \/>\n<meta property=\"og:type\" content=\"article\" \/>\n<meta property=\"og:title\" content=\"Prote\u00edna Vegetal sabor Frambuesa - Drasanvi Chile\" \/>\n<meta property=\"og:description\" content=\"Las nuevas tendencias del mercado abogan por la importancia de las prote\u00ednas en la alimentaci\u00f3n diaria. Sin embargo el exceso de prote\u00ednas animales o diversas formas de alimentaci\u00f3n, han colocado a las prote\u00ednas vegetales entre las sustancias m\u00e1s demandadasLas prote\u00ednas entran a formar parte de todas las estructuras del organismo, entre las que destacamos, por su importancia en el deporte, la conservaci\u00f3n de la masa muscular.Ficha t\u00e9cnica\" \/>\n<meta property=\"og:url\" content=\"https:\/\/drasanvi.com\/cl\/producto\/proteina-vegetal-sabor-frambuesa\/\" \/>\n<meta property=\"og:site_name\" content=\"Drasanvi Chile\" \/>\n<meta property=\"og:image\" content=\"https:\/\/drasanvi.com\/cl\/wp-content\/uploads\/sites\/4\/2022\/04\/032050413.png\" \/>\n\t<meta property=\"og:image:width\" content=\"1000\" \/>\n\t<meta property=\"og:image:height\" content=\"1000\" \/>\n\t<meta property=\"og:image:type\" content=\"image\/png\" \/>\n<meta name=\"twitter:card\" content=\"summary_large_image\" \/>\n<script type=\"application\/ld+json\" class=\"yoast-schema-graph\">{\"@context\":\"https:\\\/\\\/schema.org\",\"@graph\":[{\"@type\":\"WebPage\",\"@id\":\"https:\\\/\\\/drasanvi.com\\\/cl\\\/producto\\\/proteina-vegetal-sabor-frambuesa\\\/\",\"url\":\"https:\\\/\\\/drasanvi.com\\\/cl\\\/producto\\\/proteina-vegetal-sabor-frambuesa\\\/\",\"name\":\"Prote\u00edna Vegetal sabor Frambuesa - Drasanvi Chile\",\"isPartOf\":{\"@id\":\"https:\\\/\\\/drasanvi.com\\\/cl\\\/#website\"},\"primaryImageOfPage\":{\"@id\":\"https:\\\/\\\/drasanvi.com\\\/cl\\\/producto\\\/proteina-vegetal-sabor-frambuesa\\\/#primaryimage\"},\"image\":{\"@id\":\"https:\\\/\\\/drasanvi.com\\\/cl\\\/producto\\\/proteina-vegetal-sabor-frambuesa\\\/#primaryimage\"},\"thumbnailUrl\":\"https:\\\/\\\/drasanvi.com\\\/cl\\\/wp-content\\\/uploads\\\/sites\\\/4\\\/2022\\\/04\\\/032050413.png\",\"datePublished\":\"2022-06-08T10:39:00+00:00\",\"breadcrumb\":{\"@id\":\"https:\\\/\\\/drasanvi.com\\\/cl\\\/producto\\\/proteina-vegetal-sabor-frambuesa\\\/#breadcrumb\"},\"inLanguage\":\"es\",\"potentialAction\":[{\"@type\":\"ReadAction\",\"target\":[\"https:\\\/\\\/drasanvi.com\\\/cl\\\/producto\\\/proteina-vegetal-sabor-frambuesa\\\/\"]}]},{\"@type\":\"ImageObject\",\"inLanguage\":\"es\",\"@id\":\"https:\\\/\\\/drasanvi.com\\\/cl\\\/producto\\\/proteina-vegetal-sabor-frambuesa\\\/#primaryimage\",\"url\":\"https:\\\/\\\/drasanvi.com\\\/cl\\\/wp-content\\\/uploads\\\/sites\\\/4\\\/2022\\\/04\\\/032050413.png\",\"contentUrl\":\"https:\\\/\\\/drasanvi.com\\\/cl\\\/wp-content\\\/uploads\\\/sites\\\/4\\\/2022\\\/04\\\/032050413.png\",\"width\":1000,\"height\":1000},{\"@type\":\"BreadcrumbList\",\"@id\":\"https:\\\/\\\/drasanvi.com\\\/cl\\\/producto\\\/proteina-vegetal-sabor-frambuesa\\\/#breadcrumb\",\"itemListElement\":[{\"@type\":\"ListItem\",\"position\":1,\"name\":\"Portada\",\"item\":\"https:\\\/\\\/drasanvi.com\\\/cl\\\/\"},{\"@type\":\"ListItem\",\"position\":2,\"name\":\"Tienda\",\"item\":\"https:\\\/\\\/drasanvi.com\\\/cl\\\/tienda\\\/\"},{\"@type\":\"ListItem\",\"position\":3,\"name\":\"Prote\u00edna Vegetal sabor Frambuesa\"}]},{\"@type\":\"WebSite\",\"@id\":\"https:\\\/\\\/drasanvi.com\\\/cl\\\/#website\",\"url\":\"https:\\\/\\\/drasanvi.com\\\/cl\\\/\",\"name\":\"Drasanvi Chile\",\"description\":\"L\u00edder en complementos alimenticios y cosm\u00e9tica natural.\",\"publisher\":{\"@id\":\"https:\\\/\\\/drasanvi.com\\\/cl\\\/#organization\"},\"potentialAction\":[{\"@type\":\"SearchAction\",\"target\":{\"@type\":\"EntryPoint\",\"urlTemplate\":\"https:\\\/\\\/drasanvi.com\\\/cl\\\/?s={search_term_string}\"},\"query-input\":{\"@type\":\"PropertyValueSpecification\",\"valueRequired\":true,\"valueName\":\"search_term_string\"}}],\"inLanguage\":\"es\"},{\"@type\":\"Organization\",\"@id\":\"https:\\\/\\\/drasanvi.com\\\/cl\\\/#organization\",\"name\":\"Drasanvi\",\"url\":\"https:\\\/\\\/drasanvi.com\\\/cl\\\/\",\"logo\":{\"@type\":\"ImageObject\",\"inLanguage\":\"es\",\"@id\":\"https:\\\/\\\/drasanvi.com\\\/cl\\\/#\\\/schema\\\/logo\\\/image\\\/\",\"url\":\"https:\\\/\\\/drasanvi.com\\\/wp-content\\\/uploads\\\/sites\\\/4\\\/2021\\\/07\\\/logo-drasanvi.png\",\"contentUrl\":\"https:\\\/\\\/drasanvi.com\\\/wp-content\\\/uploads\\\/sites\\\/4\\\/2021\\\/07\\\/logo-drasanvi.png\",\"width\":900,\"height\":300,\"caption\":\"Drasanvi\"},\"image\":{\"@id\":\"https:\\\/\\\/drasanvi.com\\\/cl\\\/#\\\/schema\\\/logo\\\/image\\\/\"}}]}<\/script>\n<!-- \/ Yoast SEO plugin. -->","yoast_head_json":{"title":"Prote\u00edna Vegetal sabor Frambuesa - Drasanvi Chile","robots":{"index":"index","follow":"follow","max-snippet":"max-snippet:-1","max-image-preview":"max-image-preview:large","max-video-preview":"max-video-preview:-1"},"canonical":"https:\/\/drasanvi.com\/cl\/producto\/proteina-vegetal-sabor-frambuesa\/","og_locale":"es_ES","og_type":"article","og_title":"Prote\u00edna Vegetal sabor Frambuesa - Drasanvi Chile","og_description":"Las nuevas tendencias del mercado abogan por la importancia de las prote\u00ednas en la alimentaci\u00f3n diaria. Sin embargo el exceso de prote\u00ednas animales o diversas formas de alimentaci\u00f3n, han colocado a las prote\u00ednas vegetales entre las sustancias m\u00e1s demandadasLas prote\u00ednas entran a formar parte de todas las estructuras del organismo, entre las que destacamos, por su importancia en el deporte, la conservaci\u00f3n de la masa muscular.Ficha t\u00e9cnica","og_url":"https:\/\/drasanvi.com\/cl\/producto\/proteina-vegetal-sabor-frambuesa\/","og_site_name":"Drasanvi Chile","og_image":[{"width":1000,"height":1000,"url":"https:\/\/drasanvi.com\/cl\/wp-content\/uploads\/sites\/4\/2022\/04\/032050413.png","type":"image\/png"}],"twitter_card":"summary_large_image","schema":{"@context":"https:\/\/schema.org","@graph":[{"@type":"WebPage","@id":"https:\/\/drasanvi.com\/cl\/producto\/proteina-vegetal-sabor-frambuesa\/","url":"https:\/\/drasanvi.com\/cl\/producto\/proteina-vegetal-sabor-frambuesa\/","name":"Prote\u00edna Vegetal sabor Frambuesa - Drasanvi Chile","isPartOf":{"@id":"https:\/\/drasanvi.com\/cl\/#website"},"primaryImageOfPage":{"@id":"https:\/\/drasanvi.com\/cl\/producto\/proteina-vegetal-sabor-frambuesa\/#primaryimage"},"image":{"@id":"https:\/\/drasanvi.com\/cl\/producto\/proteina-vegetal-sabor-frambuesa\/#primaryimage"},"thumbnailUrl":"https:\/\/drasanvi.com\/cl\/wp-content\/uploads\/sites\/4\/2022\/04\/032050413.png","datePublished":"2022-06-08T10:39:00+00:00","breadcrumb":{"@id":"https:\/\/drasanvi.com\/cl\/producto\/proteina-vegetal-sabor-frambuesa\/#breadcrumb"},"inLanguage":"es","potentialAction":[{"@type":"ReadAction","target":["https:\/\/drasanvi.com\/cl\/producto\/proteina-vegetal-sabor-frambuesa\/"]}]},{"@type":"ImageObject","inLanguage":"es","@id":"https:\/\/drasanvi.com\/cl\/producto\/proteina-vegetal-sabor-frambuesa\/#primaryimage","url":"https:\/\/drasanvi.com\/cl\/wp-content\/uploads\/sites\/4\/2022\/04\/032050413.png","contentUrl":"https:\/\/drasanvi.com\/cl\/wp-content\/uploads\/sites\/4\/2022\/04\/032050413.png","width":1000,"height":1000},{"@type":"BreadcrumbList","@id":"https:\/\/drasanvi.com\/cl\/producto\/proteina-vegetal-sabor-frambuesa\/#breadcrumb","itemListElement":[{"@type":"ListItem","position":1,"name":"Portada","item":"https:\/\/drasanvi.com\/cl\/"},{"@type":"ListItem","position":2,"name":"Tienda","item":"https:\/\/drasanvi.com\/cl\/tienda\/"},{"@type":"ListItem","position":3,"name":"Prote\u00edna Vegetal sabor Frambuesa"}]},{"@type":"WebSite","@id":"https:\/\/drasanvi.com\/cl\/#website","url":"https:\/\/drasanvi.com\/cl\/","name":"Drasanvi Chile","description":"L\u00edder en complementos alimenticios y cosm\u00e9tica natural.","publisher":{"@id":"https:\/\/drasanvi.com\/cl\/#organization"},"potentialAction":[{"@type":"SearchAction","target":{"@type":"EntryPoint","urlTemplate":"https:\/\/drasanvi.com\/cl\/?s={search_term_string}"},"query-input":{"@type":"PropertyValueSpecification","valueRequired":true,"valueName":"search_term_string"}}],"inLanguage":"es"},{"@type":"Organization","@id":"https:\/\/drasanvi.com\/cl\/#organization","name":"Drasanvi","url":"https:\/\/drasanvi.com\/cl\/","logo":{"@type":"ImageObject","inLanguage":"es","@id":"https:\/\/drasanvi.com\/cl\/#\/schema\/logo\/image\/","url":"https:\/\/drasanvi.com\/wp-content\/uploads\/sites\/4\/2021\/07\/logo-drasanvi.png","contentUrl":"https:\/\/drasanvi.com\/wp-content\/uploads\/sites\/4\/2021\/07\/logo-drasanvi.png","width":900,"height":300,"caption":"Drasanvi"},"image":{"@id":"https:\/\/drasanvi.com\/cl\/#\/schema\/logo\/image\/"}}]}},"_links":{"self":[{"href":"https:\/\/drasanvi.com\/cl\/wp-json\/wp\/v2\/product\/23325","targetHints":{"allow":["GET"]}}],"collection":[{"href":"https:\/\/drasanvi.com\/cl\/wp-json\/wp\/v2\/product"}],"about":[{"href":"https:\/\/drasanvi.com\/cl\/wp-json\/wp\/v2\/types\/product"}],"version-history":[{"count":0,"href":"https:\/\/drasanvi.com\/cl\/wp-json\/wp\/v2\/product\/23325\/revisions"}],"wp:featuredmedia":[{"embeddable":true,"href":"https:\/\/drasanvi.com\/cl\/wp-json\/wp\/v2\/media\/23508"}],"wp:attachment":[{"href":"https:\/\/drasanvi.com\/cl\/wp-json\/wp\/v2\/media?parent=23325"}],"wp:term":[{"taxonomy":"product_cat","embeddable":true,"href":"https:\/\/drasanvi.com\/cl\/wp-json\/wp\/v2\/product_cat?post=23325"},{"taxonomy":"product_tag","embeddable":true,"href":"https:\/\/drasanvi.com\/cl\/wp-json\/wp\/v2\/product_tag?post=23325"}],"curies":[{"name":"wp","href":"https:\/\/api.w.org\/{rel}","templated":true}]}}