{"id":23315,"date":"2022-06-08T12:38:02","date_gmt":"2022-06-08T10:38:02","guid":{"rendered":"https:\/\/drasanvi.com\/cl\/producto\/eritritol-keto\/"},"modified":"2022-06-08T12:38:10","modified_gmt":"2022-06-08T10:38:10","slug":"eritritol-keto","status":"publish","type":"product","link":"https:\/\/drasanvi.com\/cl\/producto\/eritritol-keto\/","title":{"rendered":"Eritritol Keto"},"content":{"rendered":"<h2>Ingredientes<\/h2>\n<p>100% Eritritol*  *Procedente de agricultura ecol\u00f3gica  Sin colorantes, ni aditivos ni conservantes  \u00a0<\/p>\n<h2>Modo de uso<\/h2>\n<p>A\u00f1ada \u00a0para endulzar zumos, batidos, caf\u00e9, bebidas vegetales, etc. Puedes utilizarlo como sustituto al az\u00facar blanco en recetas de reposter\u00eda ya que resiste la cocci\u00f3n y el horneado.1 cucharada de postre= 6 gramos aproximadamente.<\/p>\n<h2>Presentaci\u00f3n<\/h2>\n<p>Envase 500 g<\/p>\n<h2>Advertencias<\/h2>\n<p>Un uso excesivo (&gt;20 g) puede provocar efectos laxantes.Conservar en un lugar fresco y seco<\/p>\n","protected":false},"excerpt":{"rendered":"<p>El Eritritol es un edulcorante natural, es decir, es extra\u00eddo\u00a0 de una fuente natural.Se trata de un edulcorante bajo en calor\u00edas y recomendado para diab\u00e9ticos. Adem\u00e1s posee certificado ecol\u00f3gico, cumpliendo las caracter\u00edsticas de los consumidores m\u00e1s exigentes.El Eritritol no aporta energ\u00eda al organismo porque no se metaboliza, con lo cual, nuestro tracto intestinal no lo puede absorber y es eliminado.De sabor fresco, y con un poder edulcorante ligeramente inferior al de la az\u00facar blanca, se ha convertido en una de las alternativas saludables a nuestros platos y recetas dulces.\u00a0 Adem\u00e1s, por sus propiedades se puede usar en la elaboraci\u00f3n de recetas horneables.<br \/><a id=\"boton-ficha\" href=\"https:\/\/panel.drasanvi.com\/fichas\/2\/032050590\" target=\"_blank\" rel=\"noopener\">Ficha t\u00e9cnica<\/a><\/p>\n","protected":false},"featured_media":23498,"template":"","meta":{"inline_featured_image":false},"product_cat":[1371],"product_tag":[],"class_list":["post-23315","product","type-product","status-publish","has-post-thumbnail","hentry","product_cat-keto-line","pa_contiene-altramuces-no","pa_contiene-apio-no","pa_contiene-cacahuetes-no","pa_contiene-crustaceos-no","pa_contiene-frutos-secos-no","pa_contiene-huevo-no","pa_contiene-leche-no","pa_contiene-moluscos-no","pa_contiene-mostaza-no","pa_contiene-pescado-no","pa_contiene-sesamo-no","pa_contiene-soja-no","pa_producto-bio-si","pa_producto-sin-gluten-si","pa_producto-vegano-si","pa_producto-vegetariano-no"],"yoast_head":"<!-- This site is optimized with the Yoast SEO plugin v27.4 - https:\/\/yoast.com\/product\/yoast-seo-wordpress\/ -->\n<title>Eritritol Keto - Drasanvi Chile<\/title>\n<meta name=\"robots\" content=\"index, follow, max-snippet:-1, max-image-preview:large, max-video-preview:-1\" \/>\n<link rel=\"canonical\" href=\"https:\/\/drasanvi.com\/cl\/producto\/eritritol-keto\/\" \/>\n<meta property=\"og:locale\" content=\"es_ES\" \/>\n<meta property=\"og:type\" content=\"article\" \/>\n<meta property=\"og:title\" content=\"Eritritol Keto - Drasanvi Chile\" \/>\n<meta property=\"og:description\" content=\"El Eritritol es un edulcorante natural, es decir, es extra\u00eddo\u00a0 de una fuente natural.Se trata de un edulcorante bajo en calor\u00edas y recomendado para diab\u00e9ticos. Adem\u00e1s posee certificado ecol\u00f3gico, cumpliendo las caracter\u00edsticas de los consumidores m\u00e1s exigentes.El Eritritol no aporta energ\u00eda al organismo porque no se metaboliza, con lo cual, nuestro tracto intestinal no lo puede absorber y es eliminado.De sabor fresco, y con un poder edulcorante ligeramente inferior al de la az\u00facar blanca, se ha convertido en una de las alternativas saludables a nuestros platos y recetas dulces.\u00a0 Adem\u00e1s, por sus propiedades se puede usar en la elaboraci\u00f3n de recetas horneables.Ficha t\u00e9cnica\" \/>\n<meta property=\"og:url\" content=\"https:\/\/drasanvi.com\/cl\/producto\/eritritol-keto\/\" \/>\n<meta property=\"og:site_name\" content=\"Drasanvi Chile\" \/>\n<meta property=\"article:modified_time\" content=\"2022-06-08T10:38:10+00:00\" \/>\n<meta property=\"og:image\" content=\"https:\/\/drasanvi.com\/cl\/wp-content\/uploads\/sites\/4\/2022\/04\/032050590.png\" \/>\n\t<meta property=\"og:image:width\" content=\"1000\" \/>\n\t<meta property=\"og:image:height\" content=\"1000\" \/>\n\t<meta property=\"og:image:type\" content=\"image\/png\" \/>\n<meta name=\"twitter:card\" content=\"summary_large_image\" \/>\n<script type=\"application\/ld+json\" class=\"yoast-schema-graph\">{\"@context\":\"https:\\\/\\\/schema.org\",\"@graph\":[{\"@type\":\"WebPage\",\"@id\":\"https:\\\/\\\/drasanvi.com\\\/cl\\\/producto\\\/eritritol-keto\\\/\",\"url\":\"https:\\\/\\\/drasanvi.com\\\/cl\\\/producto\\\/eritritol-keto\\\/\",\"name\":\"Eritritol Keto - Drasanvi Chile\",\"isPartOf\":{\"@id\":\"https:\\\/\\\/drasanvi.com\\\/cl\\\/#website\"},\"primaryImageOfPage\":{\"@id\":\"https:\\\/\\\/drasanvi.com\\\/cl\\\/producto\\\/eritritol-keto\\\/#primaryimage\"},\"image\":{\"@id\":\"https:\\\/\\\/drasanvi.com\\\/cl\\\/producto\\\/eritritol-keto\\\/#primaryimage\"},\"thumbnailUrl\":\"https:\\\/\\\/drasanvi.com\\\/cl\\\/wp-content\\\/uploads\\\/sites\\\/4\\\/2022\\\/04\\\/032050590.png\",\"datePublished\":\"2022-06-08T10:38:02+00:00\",\"dateModified\":\"2022-06-08T10:38:10+00:00\",\"breadcrumb\":{\"@id\":\"https:\\\/\\\/drasanvi.com\\\/cl\\\/producto\\\/eritritol-keto\\\/#breadcrumb\"},\"inLanguage\":\"es\",\"potentialAction\":[{\"@type\":\"ReadAction\",\"target\":[\"https:\\\/\\\/drasanvi.com\\\/cl\\\/producto\\\/eritritol-keto\\\/\"]}]},{\"@type\":\"ImageObject\",\"inLanguage\":\"es\",\"@id\":\"https:\\\/\\\/drasanvi.com\\\/cl\\\/producto\\\/eritritol-keto\\\/#primaryimage\",\"url\":\"https:\\\/\\\/drasanvi.com\\\/cl\\\/wp-content\\\/uploads\\\/sites\\\/4\\\/2022\\\/04\\\/032050590.png\",\"contentUrl\":\"https:\\\/\\\/drasanvi.com\\\/cl\\\/wp-content\\\/uploads\\\/sites\\\/4\\\/2022\\\/04\\\/032050590.png\",\"width\":1000,\"height\":1000},{\"@type\":\"BreadcrumbList\",\"@id\":\"https:\\\/\\\/drasanvi.com\\\/cl\\\/producto\\\/eritritol-keto\\\/#breadcrumb\",\"itemListElement\":[{\"@type\":\"ListItem\",\"position\":1,\"name\":\"Portada\",\"item\":\"https:\\\/\\\/drasanvi.com\\\/cl\\\/\"},{\"@type\":\"ListItem\",\"position\":2,\"name\":\"Tienda\",\"item\":\"https:\\\/\\\/drasanvi.com\\\/cl\\\/tienda\\\/\"},{\"@type\":\"ListItem\",\"position\":3,\"name\":\"Eritritol Keto\"}]},{\"@type\":\"WebSite\",\"@id\":\"https:\\\/\\\/drasanvi.com\\\/cl\\\/#website\",\"url\":\"https:\\\/\\\/drasanvi.com\\\/cl\\\/\",\"name\":\"Drasanvi Chile\",\"description\":\"L\u00edder en complementos alimenticios y cosm\u00e9tica natural.\",\"publisher\":{\"@id\":\"https:\\\/\\\/drasanvi.com\\\/cl\\\/#organization\"},\"potentialAction\":[{\"@type\":\"SearchAction\",\"target\":{\"@type\":\"EntryPoint\",\"urlTemplate\":\"https:\\\/\\\/drasanvi.com\\\/cl\\\/?s={search_term_string}\"},\"query-input\":{\"@type\":\"PropertyValueSpecification\",\"valueRequired\":true,\"valueName\":\"search_term_string\"}}],\"inLanguage\":\"es\"},{\"@type\":\"Organization\",\"@id\":\"https:\\\/\\\/drasanvi.com\\\/cl\\\/#organization\",\"name\":\"Drasanvi\",\"url\":\"https:\\\/\\\/drasanvi.com\\\/cl\\\/\",\"logo\":{\"@type\":\"ImageObject\",\"inLanguage\":\"es\",\"@id\":\"https:\\\/\\\/drasanvi.com\\\/cl\\\/#\\\/schema\\\/logo\\\/image\\\/\",\"url\":\"https:\\\/\\\/drasanvi.com\\\/wp-content\\\/uploads\\\/sites\\\/4\\\/2021\\\/07\\\/logo-drasanvi.png\",\"contentUrl\":\"https:\\\/\\\/drasanvi.com\\\/wp-content\\\/uploads\\\/sites\\\/4\\\/2021\\\/07\\\/logo-drasanvi.png\",\"width\":900,\"height\":300,\"caption\":\"Drasanvi\"},\"image\":{\"@id\":\"https:\\\/\\\/drasanvi.com\\\/cl\\\/#\\\/schema\\\/logo\\\/image\\\/\"}}]}<\/script>\n<!-- \/ Yoast SEO plugin. -->","yoast_head_json":{"title":"Eritritol Keto - Drasanvi Chile","robots":{"index":"index","follow":"follow","max-snippet":"max-snippet:-1","max-image-preview":"max-image-preview:large","max-video-preview":"max-video-preview:-1"},"canonical":"https:\/\/drasanvi.com\/cl\/producto\/eritritol-keto\/","og_locale":"es_ES","og_type":"article","og_title":"Eritritol Keto - Drasanvi Chile","og_description":"El Eritritol es un edulcorante natural, es decir, es extra\u00eddo\u00a0 de una fuente natural.Se trata de un edulcorante bajo en calor\u00edas y recomendado para diab\u00e9ticos. Adem\u00e1s posee certificado ecol\u00f3gico, cumpliendo las caracter\u00edsticas de los consumidores m\u00e1s exigentes.El Eritritol no aporta energ\u00eda al organismo porque no se metaboliza, con lo cual, nuestro tracto intestinal no lo puede absorber y es eliminado.De sabor fresco, y con un poder edulcorante ligeramente inferior al de la az\u00facar blanca, se ha convertido en una de las alternativas saludables a nuestros platos y recetas dulces.\u00a0 Adem\u00e1s, por sus propiedades se puede usar en la elaboraci\u00f3n de recetas horneables.Ficha t\u00e9cnica","og_url":"https:\/\/drasanvi.com\/cl\/producto\/eritritol-keto\/","og_site_name":"Drasanvi Chile","article_modified_time":"2022-06-08T10:38:10+00:00","og_image":[{"width":1000,"height":1000,"url":"https:\/\/drasanvi.com\/cl\/wp-content\/uploads\/sites\/4\/2022\/04\/032050590.png","type":"image\/png"}],"twitter_card":"summary_large_image","schema":{"@context":"https:\/\/schema.org","@graph":[{"@type":"WebPage","@id":"https:\/\/drasanvi.com\/cl\/producto\/eritritol-keto\/","url":"https:\/\/drasanvi.com\/cl\/producto\/eritritol-keto\/","name":"Eritritol Keto - Drasanvi Chile","isPartOf":{"@id":"https:\/\/drasanvi.com\/cl\/#website"},"primaryImageOfPage":{"@id":"https:\/\/drasanvi.com\/cl\/producto\/eritritol-keto\/#primaryimage"},"image":{"@id":"https:\/\/drasanvi.com\/cl\/producto\/eritritol-keto\/#primaryimage"},"thumbnailUrl":"https:\/\/drasanvi.com\/cl\/wp-content\/uploads\/sites\/4\/2022\/04\/032050590.png","datePublished":"2022-06-08T10:38:02+00:00","dateModified":"2022-06-08T10:38:10+00:00","breadcrumb":{"@id":"https:\/\/drasanvi.com\/cl\/producto\/eritritol-keto\/#breadcrumb"},"inLanguage":"es","potentialAction":[{"@type":"ReadAction","target":["https:\/\/drasanvi.com\/cl\/producto\/eritritol-keto\/"]}]},{"@type":"ImageObject","inLanguage":"es","@id":"https:\/\/drasanvi.com\/cl\/producto\/eritritol-keto\/#primaryimage","url":"https:\/\/drasanvi.com\/cl\/wp-content\/uploads\/sites\/4\/2022\/04\/032050590.png","contentUrl":"https:\/\/drasanvi.com\/cl\/wp-content\/uploads\/sites\/4\/2022\/04\/032050590.png","width":1000,"height":1000},{"@type":"BreadcrumbList","@id":"https:\/\/drasanvi.com\/cl\/producto\/eritritol-keto\/#breadcrumb","itemListElement":[{"@type":"ListItem","position":1,"name":"Portada","item":"https:\/\/drasanvi.com\/cl\/"},{"@type":"ListItem","position":2,"name":"Tienda","item":"https:\/\/drasanvi.com\/cl\/tienda\/"},{"@type":"ListItem","position":3,"name":"Eritritol Keto"}]},{"@type":"WebSite","@id":"https:\/\/drasanvi.com\/cl\/#website","url":"https:\/\/drasanvi.com\/cl\/","name":"Drasanvi Chile","description":"L\u00edder en complementos alimenticios y cosm\u00e9tica natural.","publisher":{"@id":"https:\/\/drasanvi.com\/cl\/#organization"},"potentialAction":[{"@type":"SearchAction","target":{"@type":"EntryPoint","urlTemplate":"https:\/\/drasanvi.com\/cl\/?s={search_term_string}"},"query-input":{"@type":"PropertyValueSpecification","valueRequired":true,"valueName":"search_term_string"}}],"inLanguage":"es"},{"@type":"Organization","@id":"https:\/\/drasanvi.com\/cl\/#organization","name":"Drasanvi","url":"https:\/\/drasanvi.com\/cl\/","logo":{"@type":"ImageObject","inLanguage":"es","@id":"https:\/\/drasanvi.com\/cl\/#\/schema\/logo\/image\/","url":"https:\/\/drasanvi.com\/wp-content\/uploads\/sites\/4\/2021\/07\/logo-drasanvi.png","contentUrl":"https:\/\/drasanvi.com\/wp-content\/uploads\/sites\/4\/2021\/07\/logo-drasanvi.png","width":900,"height":300,"caption":"Drasanvi"},"image":{"@id":"https:\/\/drasanvi.com\/cl\/#\/schema\/logo\/image\/"}}]}},"_links":{"self":[{"href":"https:\/\/drasanvi.com\/cl\/wp-json\/wp\/v2\/product\/23315","targetHints":{"allow":["GET"]}}],"collection":[{"href":"https:\/\/drasanvi.com\/cl\/wp-json\/wp\/v2\/product"}],"about":[{"href":"https:\/\/drasanvi.com\/cl\/wp-json\/wp\/v2\/types\/product"}],"version-history":[{"count":0,"href":"https:\/\/drasanvi.com\/cl\/wp-json\/wp\/v2\/product\/23315\/revisions"}],"wp:featuredmedia":[{"embeddable":true,"href":"https:\/\/drasanvi.com\/cl\/wp-json\/wp\/v2\/media\/23498"}],"wp:attachment":[{"href":"https:\/\/drasanvi.com\/cl\/wp-json\/wp\/v2\/media?parent=23315"}],"wp:term":[{"taxonomy":"product_cat","embeddable":true,"href":"https:\/\/drasanvi.com\/cl\/wp-json\/wp\/v2\/product_cat?post=23315"},{"taxonomy":"product_tag","embeddable":true,"href":"https:\/\/drasanvi.com\/cl\/wp-json\/wp\/v2\/product_tag?post=23315"}],"curies":[{"name":"wp","href":"https:\/\/api.w.org\/{rel}","templated":true}]}}