{"id":23301,"date":"2022-06-08T12:38:02","date_gmt":"2022-06-08T10:38:02","guid":{"rendered":"https:\/\/drasanvi.com\/cl\/producto\/super-alimento-semillas-de-canamo-doypack\/"},"modified":"2022-06-08T12:38:09","modified_gmt":"2022-06-08T10:38:09","slug":"super-alimento-semillas-de-canamo-doypack","status":"publish","type":"product","link":"https:\/\/drasanvi.com\/cl\/producto\/super-alimento-semillas-de-canamo-doypack\/","title":{"rendered":"Super Alimento &#8211; Semillas de C\u00e1\u00f1amo Doypack"},"content":{"rendered":"<h2>Ingredientes<\/h2>\n<p>Ingrediente      Semillas de c\u00e1\u00f1amo peladas de origen BIO\u00a0Cannabis sativa\u00a0        Sin colorantes, ni az\u00facares a\u00f1adidos ni conservantes.<\/p>\n<h2>Modo de uso<\/h2>\n<p>Disolver una porci\u00f3n (1 cucharada de postre) en 250 ml de agua.<\/p>\n<h2>Presentaci\u00f3n<\/h2>\n<p>Envase de 225 g (7.93 oz)<\/p>\n<h2>Advertencias<\/h2>\n<p>ALIMENTOAlto en DHA\/EPA<\/p>\n","protected":false},"excerpt":{"rendered":"<p>Las Semillas de C\u00e1\u00f1amo se caracterizan por su alto aporte de prote\u00ednas. Con todos los amino\u00e1cidos esenciales y Omega 3, 6 y 9.  Las Semillas de C\u00e1\u00f1amo de Drasanvi se escogen a mano para incorporar s\u00f3lo las semillas de primera calidad. Una vez seleccionadas, se limpian con agua natural para eliminar la c\u00e1scara y facilitar su consumo. Todo el proceso se lleva a cabo siguiendo los est\u00e1ndares de calidad de la agricultura ecol\u00f3gica.<br \/><a id=\"boton-ficha\" href=\"https:\/\/panel.drasanvi.com\/fichas\/2\/032010050\" target=\"_blank\" rel=\"noopener\">Ficha t\u00e9cnica<\/a><\/p>\n","protected":false},"featured_media":23484,"template":"","meta":{"inline_featured_image":false},"product_cat":[113],"product_tag":[],"class_list":["post-23301","product","type-product","status-publish","has-post-thumbnail","hentry","product_cat-sistema-digestivo-hepatico","pa_contiene-altramuces-no","pa_contiene-apio-no","pa_contiene-cacahuetes-no","pa_contiene-crustaceos-no","pa_contiene-frutos-secos-no","pa_contiene-huevo-no","pa_contiene-leche-no","pa_contiene-moluscos-no","pa_contiene-mostaza-no","pa_contiene-pescado-no","pa_contiene-sesamo-no","pa_contiene-soja-no","pa_producto-bio-no","pa_producto-sin-gluten-si","pa_producto-vegano-si","pa_producto-vegetariano-no"],"yoast_head":"<!-- This site is optimized with the Yoast SEO plugin v27.5 - https:\/\/yoast.com\/product\/yoast-seo-wordpress\/ -->\n<title>Super Alimento - Semillas de C\u00e1\u00f1amo Doypack - Drasanvi Chile<\/title>\n<meta name=\"robots\" content=\"index, follow, max-snippet:-1, max-image-preview:large, max-video-preview:-1\" \/>\n<link rel=\"canonical\" href=\"https:\/\/drasanvi.com\/cl\/producto\/super-alimento-semillas-de-canamo-doypack\/\" \/>\n<meta property=\"og:locale\" content=\"es_ES\" \/>\n<meta property=\"og:type\" content=\"article\" \/>\n<meta property=\"og:title\" content=\"Super Alimento - Semillas de C\u00e1\u00f1amo Doypack - Drasanvi Chile\" \/>\n<meta property=\"og:description\" content=\"Las Semillas de C\u00e1\u00f1amo se caracterizan por su alto aporte de prote\u00ednas. Con todos los amino\u00e1cidos esenciales y Omega 3, 6 y 9. Las Semillas de C\u00e1\u00f1amo de Drasanvi se escogen a mano para incorporar s\u00f3lo las semillas de primera calidad. Una vez seleccionadas, se limpian con agua natural para eliminar la c\u00e1scara y facilitar su consumo. Todo el proceso se lleva a cabo siguiendo los est\u00e1ndares de calidad de la agricultura ecol\u00f3gica.Ficha t\u00e9cnica\" \/>\n<meta property=\"og:url\" content=\"https:\/\/drasanvi.com\/cl\/producto\/super-alimento-semillas-de-canamo-doypack\/\" \/>\n<meta property=\"og:site_name\" content=\"Drasanvi Chile\" \/>\n<meta property=\"article:modified_time\" content=\"2022-06-08T10:38:09+00:00\" \/>\n<meta property=\"og:image\" content=\"https:\/\/drasanvi.com\/cl\/wp-content\/uploads\/sites\/4\/2022\/04\/032010050.png\" \/>\n\t<meta property=\"og:image:width\" content=\"1000\" \/>\n\t<meta property=\"og:image:height\" content=\"1000\" \/>\n\t<meta property=\"og:image:type\" content=\"image\/png\" \/>\n<meta name=\"twitter:card\" content=\"summary_large_image\" \/>\n<script type=\"application\/ld+json\" class=\"yoast-schema-graph\">{\"@context\":\"https:\\\/\\\/schema.org\",\"@graph\":[{\"@type\":\"WebPage\",\"@id\":\"https:\\\/\\\/drasanvi.com\\\/cl\\\/producto\\\/super-alimento-semillas-de-canamo-doypack\\\/\",\"url\":\"https:\\\/\\\/drasanvi.com\\\/cl\\\/producto\\\/super-alimento-semillas-de-canamo-doypack\\\/\",\"name\":\"Super Alimento - Semillas de C\u00e1\u00f1amo Doypack - Drasanvi Chile\",\"isPartOf\":{\"@id\":\"https:\\\/\\\/drasanvi.com\\\/cl\\\/#website\"},\"primaryImageOfPage\":{\"@id\":\"https:\\\/\\\/drasanvi.com\\\/cl\\\/producto\\\/super-alimento-semillas-de-canamo-doypack\\\/#primaryimage\"},\"image\":{\"@id\":\"https:\\\/\\\/drasanvi.com\\\/cl\\\/producto\\\/super-alimento-semillas-de-canamo-doypack\\\/#primaryimage\"},\"thumbnailUrl\":\"https:\\\/\\\/drasanvi.com\\\/cl\\\/wp-content\\\/uploads\\\/sites\\\/4\\\/2022\\\/04\\\/032010050.png\",\"datePublished\":\"2022-06-08T10:38:02+00:00\",\"dateModified\":\"2022-06-08T10:38:09+00:00\",\"breadcrumb\":{\"@id\":\"https:\\\/\\\/drasanvi.com\\\/cl\\\/producto\\\/super-alimento-semillas-de-canamo-doypack\\\/#breadcrumb\"},\"inLanguage\":\"es\",\"potentialAction\":[{\"@type\":\"ReadAction\",\"target\":[\"https:\\\/\\\/drasanvi.com\\\/cl\\\/producto\\\/super-alimento-semillas-de-canamo-doypack\\\/\"]}]},{\"@type\":\"ImageObject\",\"inLanguage\":\"es\",\"@id\":\"https:\\\/\\\/drasanvi.com\\\/cl\\\/producto\\\/super-alimento-semillas-de-canamo-doypack\\\/#primaryimage\",\"url\":\"https:\\\/\\\/drasanvi.com\\\/cl\\\/wp-content\\\/uploads\\\/sites\\\/4\\\/2022\\\/04\\\/032010050.png\",\"contentUrl\":\"https:\\\/\\\/drasanvi.com\\\/cl\\\/wp-content\\\/uploads\\\/sites\\\/4\\\/2022\\\/04\\\/032010050.png\",\"width\":1000,\"height\":1000},{\"@type\":\"BreadcrumbList\",\"@id\":\"https:\\\/\\\/drasanvi.com\\\/cl\\\/producto\\\/super-alimento-semillas-de-canamo-doypack\\\/#breadcrumb\",\"itemListElement\":[{\"@type\":\"ListItem\",\"position\":1,\"name\":\"Portada\",\"item\":\"https:\\\/\\\/drasanvi.com\\\/cl\\\/\"},{\"@type\":\"ListItem\",\"position\":2,\"name\":\"Tienda\",\"item\":\"https:\\\/\\\/drasanvi.com\\\/cl\\\/tienda\\\/\"},{\"@type\":\"ListItem\",\"position\":3,\"name\":\"Super Alimento &#8211; Semillas de C\u00e1\u00f1amo Doypack\"}]},{\"@type\":\"WebSite\",\"@id\":\"https:\\\/\\\/drasanvi.com\\\/cl\\\/#website\",\"url\":\"https:\\\/\\\/drasanvi.com\\\/cl\\\/\",\"name\":\"Drasanvi Chile\",\"description\":\"L\u00edder en complementos alimenticios y cosm\u00e9tica natural.\",\"publisher\":{\"@id\":\"https:\\\/\\\/drasanvi.com\\\/cl\\\/#organization\"},\"potentialAction\":[{\"@type\":\"SearchAction\",\"target\":{\"@type\":\"EntryPoint\",\"urlTemplate\":\"https:\\\/\\\/drasanvi.com\\\/cl\\\/?s={search_term_string}\"},\"query-input\":{\"@type\":\"PropertyValueSpecification\",\"valueRequired\":true,\"valueName\":\"search_term_string\"}}],\"inLanguage\":\"es\"},{\"@type\":\"Organization\",\"@id\":\"https:\\\/\\\/drasanvi.com\\\/cl\\\/#organization\",\"name\":\"Drasanvi\",\"url\":\"https:\\\/\\\/drasanvi.com\\\/cl\\\/\",\"logo\":{\"@type\":\"ImageObject\",\"inLanguage\":\"es\",\"@id\":\"https:\\\/\\\/drasanvi.com\\\/cl\\\/#\\\/schema\\\/logo\\\/image\\\/\",\"url\":\"https:\\\/\\\/drasanvi.com\\\/wp-content\\\/uploads\\\/sites\\\/4\\\/2021\\\/07\\\/logo-drasanvi.png\",\"contentUrl\":\"https:\\\/\\\/drasanvi.com\\\/wp-content\\\/uploads\\\/sites\\\/4\\\/2021\\\/07\\\/logo-drasanvi.png\",\"width\":900,\"height\":300,\"caption\":\"Drasanvi\"},\"image\":{\"@id\":\"https:\\\/\\\/drasanvi.com\\\/cl\\\/#\\\/schema\\\/logo\\\/image\\\/\"}}]}<\/script>\n<!-- \/ Yoast SEO plugin. -->","yoast_head_json":{"title":"Super Alimento - Semillas de C\u00e1\u00f1amo Doypack - Drasanvi Chile","robots":{"index":"index","follow":"follow","max-snippet":"max-snippet:-1","max-image-preview":"max-image-preview:large","max-video-preview":"max-video-preview:-1"},"canonical":"https:\/\/drasanvi.com\/cl\/producto\/super-alimento-semillas-de-canamo-doypack\/","og_locale":"es_ES","og_type":"article","og_title":"Super Alimento - Semillas de C\u00e1\u00f1amo Doypack - Drasanvi Chile","og_description":"Las Semillas de C\u00e1\u00f1amo se caracterizan por su alto aporte de prote\u00ednas. Con todos los amino\u00e1cidos esenciales y Omega 3, 6 y 9. Las Semillas de C\u00e1\u00f1amo de Drasanvi se escogen a mano para incorporar s\u00f3lo las semillas de primera calidad. Una vez seleccionadas, se limpian con agua natural para eliminar la c\u00e1scara y facilitar su consumo. Todo el proceso se lleva a cabo siguiendo los est\u00e1ndares de calidad de la agricultura ecol\u00f3gica.Ficha t\u00e9cnica","og_url":"https:\/\/drasanvi.com\/cl\/producto\/super-alimento-semillas-de-canamo-doypack\/","og_site_name":"Drasanvi Chile","article_modified_time":"2022-06-08T10:38:09+00:00","og_image":[{"width":1000,"height":1000,"url":"https:\/\/drasanvi.com\/cl\/wp-content\/uploads\/sites\/4\/2022\/04\/032010050.png","type":"image\/png"}],"twitter_card":"summary_large_image","schema":{"@context":"https:\/\/schema.org","@graph":[{"@type":"WebPage","@id":"https:\/\/drasanvi.com\/cl\/producto\/super-alimento-semillas-de-canamo-doypack\/","url":"https:\/\/drasanvi.com\/cl\/producto\/super-alimento-semillas-de-canamo-doypack\/","name":"Super Alimento - Semillas de C\u00e1\u00f1amo Doypack - Drasanvi Chile","isPartOf":{"@id":"https:\/\/drasanvi.com\/cl\/#website"},"primaryImageOfPage":{"@id":"https:\/\/drasanvi.com\/cl\/producto\/super-alimento-semillas-de-canamo-doypack\/#primaryimage"},"image":{"@id":"https:\/\/drasanvi.com\/cl\/producto\/super-alimento-semillas-de-canamo-doypack\/#primaryimage"},"thumbnailUrl":"https:\/\/drasanvi.com\/cl\/wp-content\/uploads\/sites\/4\/2022\/04\/032010050.png","datePublished":"2022-06-08T10:38:02+00:00","dateModified":"2022-06-08T10:38:09+00:00","breadcrumb":{"@id":"https:\/\/drasanvi.com\/cl\/producto\/super-alimento-semillas-de-canamo-doypack\/#breadcrumb"},"inLanguage":"es","potentialAction":[{"@type":"ReadAction","target":["https:\/\/drasanvi.com\/cl\/producto\/super-alimento-semillas-de-canamo-doypack\/"]}]},{"@type":"ImageObject","inLanguage":"es","@id":"https:\/\/drasanvi.com\/cl\/producto\/super-alimento-semillas-de-canamo-doypack\/#primaryimage","url":"https:\/\/drasanvi.com\/cl\/wp-content\/uploads\/sites\/4\/2022\/04\/032010050.png","contentUrl":"https:\/\/drasanvi.com\/cl\/wp-content\/uploads\/sites\/4\/2022\/04\/032010050.png","width":1000,"height":1000},{"@type":"BreadcrumbList","@id":"https:\/\/drasanvi.com\/cl\/producto\/super-alimento-semillas-de-canamo-doypack\/#breadcrumb","itemListElement":[{"@type":"ListItem","position":1,"name":"Portada","item":"https:\/\/drasanvi.com\/cl\/"},{"@type":"ListItem","position":2,"name":"Tienda","item":"https:\/\/drasanvi.com\/cl\/tienda\/"},{"@type":"ListItem","position":3,"name":"Super Alimento &#8211; Semillas de C\u00e1\u00f1amo Doypack"}]},{"@type":"WebSite","@id":"https:\/\/drasanvi.com\/cl\/#website","url":"https:\/\/drasanvi.com\/cl\/","name":"Drasanvi Chile","description":"L\u00edder en complementos alimenticios y cosm\u00e9tica natural.","publisher":{"@id":"https:\/\/drasanvi.com\/cl\/#organization"},"potentialAction":[{"@type":"SearchAction","target":{"@type":"EntryPoint","urlTemplate":"https:\/\/drasanvi.com\/cl\/?s={search_term_string}"},"query-input":{"@type":"PropertyValueSpecification","valueRequired":true,"valueName":"search_term_string"}}],"inLanguage":"es"},{"@type":"Organization","@id":"https:\/\/drasanvi.com\/cl\/#organization","name":"Drasanvi","url":"https:\/\/drasanvi.com\/cl\/","logo":{"@type":"ImageObject","inLanguage":"es","@id":"https:\/\/drasanvi.com\/cl\/#\/schema\/logo\/image\/","url":"https:\/\/drasanvi.com\/wp-content\/uploads\/sites\/4\/2021\/07\/logo-drasanvi.png","contentUrl":"https:\/\/drasanvi.com\/wp-content\/uploads\/sites\/4\/2021\/07\/logo-drasanvi.png","width":900,"height":300,"caption":"Drasanvi"},"image":{"@id":"https:\/\/drasanvi.com\/cl\/#\/schema\/logo\/image\/"}}]}},"_links":{"self":[{"href":"https:\/\/drasanvi.com\/cl\/wp-json\/wp\/v2\/product\/23301","targetHints":{"allow":["GET"]}}],"collection":[{"href":"https:\/\/drasanvi.com\/cl\/wp-json\/wp\/v2\/product"}],"about":[{"href":"https:\/\/drasanvi.com\/cl\/wp-json\/wp\/v2\/types\/product"}],"version-history":[{"count":0,"href":"https:\/\/drasanvi.com\/cl\/wp-json\/wp\/v2\/product\/23301\/revisions"}],"wp:featuredmedia":[{"embeddable":true,"href":"https:\/\/drasanvi.com\/cl\/wp-json\/wp\/v2\/media\/23484"}],"wp:attachment":[{"href":"https:\/\/drasanvi.com\/cl\/wp-json\/wp\/v2\/media?parent=23301"}],"wp:term":[{"taxonomy":"product_cat","embeddable":true,"href":"https:\/\/drasanvi.com\/cl\/wp-json\/wp\/v2\/product_cat?post=23301"},{"taxonomy":"product_tag","embeddable":true,"href":"https:\/\/drasanvi.com\/cl\/wp-json\/wp\/v2\/product_tag?post=23301"}],"curies":[{"name":"wp","href":"https:\/\/api.w.org\/{rel}","templated":true}]}}