{"id":23281,"date":"2022-06-08T12:38:02","date_gmt":"2022-06-08T10:38:02","guid":{"rendered":"https:\/\/drasanvi.com\/cl\/producto\/nutrabasic-acerola\/"},"modified":"2022-06-08T12:38:10","modified_gmt":"2022-06-08T10:38:10","slug":"nutrabasic-acerola","status":"publish","type":"product","link":"https:\/\/drasanvi.com\/cl\/producto\/nutrabasic-acerola\/","title":{"rendered":"Nutrabasic Acerola"},"content":{"rendered":"<h2>Ingredientes<\/h2>\n<p>Ingredientes  Cantidad \/ dosis diaria      Extracto seco de Acerola Malpighia punicifolia L. (Extracto 10:1) con aporte en Vitamina C (25%)  325 mg 80 mg      Otros ingredientes: Hidroxipropilmetilcelulosa, celulosa microcristalina, estearato de magnesio y di\u00f3xido de silicio.        Sin colorantes, conservantes ni az\u00facares a\u00f1adidos.<\/p>\n<h2>Modo de uso<\/h2>\n<p>Producto listo para su consumo.No consumir m\u00e1s de 12 porciones al d\u00eda.<\/p>\n<h2>Presentaci\u00f3n<\/h2>\n<p>Peso Neto: 15 g. (30 c\u00e1psulas)<\/p>\n<h2>Advertencias<\/h2>\n<p>SUPLEMENTO ALIMENTARIO A BASE DE ACEROLA Y VITAMINA C.\u00bb\u00bbSu uso no es recomendable para consumo por menores de 8\u00a0a\u00f1os, embarazadas y nodrizas, salvo indicaci\u00f3n profesional\u00a0competente y no reemplaza una alimentaci\u00f3n balanceada\u00bb\u00bb.<\/p>\n","protected":false},"excerpt":{"rendered":"<p>La acerola, conocida como la cereza de Jamaica, es un fruto rojo, cuya forma y aspecto guarda mucha similitud con las cerezas. De sabor agridulce, ha sido muy apreciada desde la antig\u00fcedad. Se caracteriza por su riqueza en Vitamina C, siendo el fruto comestible con mayor concentraci\u00f3n en esta sustancia. Concretamente nuestras capsulas aportan 80 mg de vitamina C, lo que supone consumir el 100% de la cantidad diaria recomendada. Son numerosas las virtudes de la Vitamina C: contribuye al sistema inmunitario, lucha contra los radicales libres, contribuye a la s\u00edntesis de col\u00e1geno, entre otras. Otro de los beneficios de consumir acerola en vez de vitamina C pura, es la riqueza en otras sustancias como el magnesio, Vitamina B1, B2, Niacina, y \u00c1cido pantot\u00e9nico.<br \/><a id=\"boton-ficha\" href=\"https:\/\/panel.drasanvi.com\/fichas\/2\/032050418\" target=\"_blank\" rel=\"noopener\">Ficha t\u00e9cnica<\/a><\/p>\n","protected":false},"featured_media":23464,"template":"","meta":{"inline_featured_image":false},"product_cat":[118],"product_tag":[],"class_list":["post-23281","product","type-product","status-publish","has-post-thumbnail","hentry","product_cat-vitaminas-minerales","pa_contiene-altramuces-no","pa_contiene-apio-no","pa_contiene-cacahuetes-no","pa_contiene-crustaceos-no","pa_contiene-frutos-secos-no","pa_contiene-huevo-no","pa_contiene-leche-no","pa_contiene-moluscos-no","pa_contiene-mostaza-no","pa_contiene-pescado-no","pa_contiene-sesamo-no","pa_contiene-soja-no","pa_producto-bio-no","pa_producto-sin-gluten-si","pa_producto-vegano-si","pa_producto-vegetariano-no"],"yoast_head":"<!-- This site is optimized with the Yoast SEO plugin v27.5 - https:\/\/yoast.com\/product\/yoast-seo-wordpress\/ -->\n<title>Nutrabasic Acerola - Drasanvi Chile<\/title>\n<meta name=\"robots\" content=\"index, follow, max-snippet:-1, max-image-preview:large, max-video-preview:-1\" \/>\n<link rel=\"canonical\" href=\"https:\/\/drasanvi.com\/cl\/producto\/nutrabasic-acerola\/\" \/>\n<meta property=\"og:locale\" content=\"es_ES\" \/>\n<meta property=\"og:type\" content=\"article\" \/>\n<meta property=\"og:title\" content=\"Nutrabasic Acerola - Drasanvi Chile\" \/>\n<meta property=\"og:description\" content=\"La acerola, conocida como la cereza de Jamaica, es un fruto rojo, cuya forma y aspecto guarda mucha similitud con las cerezas. De sabor agridulce, ha sido muy apreciada desde la antig\u00fcedad. Se caracteriza por su riqueza en Vitamina C, siendo el fruto comestible con mayor concentraci\u00f3n en esta sustancia. Concretamente nuestras capsulas aportan 80 mg de vitamina C, lo que supone consumir el 100% de la cantidad diaria recomendada. Son numerosas las virtudes de la Vitamina C: contribuye al sistema inmunitario, lucha contra los radicales libres, contribuye a la s\u00edntesis de col\u00e1geno, entre otras. Otro de los beneficios de consumir acerola en vez de vitamina C pura, es la riqueza en otras sustancias como el magnesio, Vitamina B1, B2, Niacina, y \u00c1cido pantot\u00e9nico.Ficha t\u00e9cnica\" \/>\n<meta property=\"og:url\" content=\"https:\/\/drasanvi.com\/cl\/producto\/nutrabasic-acerola\/\" \/>\n<meta property=\"og:site_name\" content=\"Drasanvi Chile\" \/>\n<meta property=\"article:modified_time\" content=\"2022-06-08T10:38:10+00:00\" \/>\n<meta property=\"og:image\" content=\"https:\/\/drasanvi.com\/cl\/wp-content\/uploads\/sites\/4\/2022\/04\/032050418.png\" \/>\n\t<meta property=\"og:image:width\" content=\"1000\" \/>\n\t<meta property=\"og:image:height\" content=\"1000\" \/>\n\t<meta property=\"og:image:type\" content=\"image\/png\" \/>\n<meta name=\"twitter:card\" content=\"summary_large_image\" \/>\n<script type=\"application\/ld+json\" class=\"yoast-schema-graph\">{\"@context\":\"https:\\\/\\\/schema.org\",\"@graph\":[{\"@type\":\"WebPage\",\"@id\":\"https:\\\/\\\/drasanvi.com\\\/cl\\\/producto\\\/nutrabasic-acerola\\\/\",\"url\":\"https:\\\/\\\/drasanvi.com\\\/cl\\\/producto\\\/nutrabasic-acerola\\\/\",\"name\":\"Nutrabasic Acerola - Drasanvi Chile\",\"isPartOf\":{\"@id\":\"https:\\\/\\\/drasanvi.com\\\/cl\\\/#website\"},\"primaryImageOfPage\":{\"@id\":\"https:\\\/\\\/drasanvi.com\\\/cl\\\/producto\\\/nutrabasic-acerola\\\/#primaryimage\"},\"image\":{\"@id\":\"https:\\\/\\\/drasanvi.com\\\/cl\\\/producto\\\/nutrabasic-acerola\\\/#primaryimage\"},\"thumbnailUrl\":\"https:\\\/\\\/drasanvi.com\\\/cl\\\/wp-content\\\/uploads\\\/sites\\\/4\\\/2022\\\/04\\\/032050418.png\",\"datePublished\":\"2022-06-08T10:38:02+00:00\",\"dateModified\":\"2022-06-08T10:38:10+00:00\",\"breadcrumb\":{\"@id\":\"https:\\\/\\\/drasanvi.com\\\/cl\\\/producto\\\/nutrabasic-acerola\\\/#breadcrumb\"},\"inLanguage\":\"es\",\"potentialAction\":[{\"@type\":\"ReadAction\",\"target\":[\"https:\\\/\\\/drasanvi.com\\\/cl\\\/producto\\\/nutrabasic-acerola\\\/\"]}]},{\"@type\":\"ImageObject\",\"inLanguage\":\"es\",\"@id\":\"https:\\\/\\\/drasanvi.com\\\/cl\\\/producto\\\/nutrabasic-acerola\\\/#primaryimage\",\"url\":\"https:\\\/\\\/drasanvi.com\\\/cl\\\/wp-content\\\/uploads\\\/sites\\\/4\\\/2022\\\/04\\\/032050418.png\",\"contentUrl\":\"https:\\\/\\\/drasanvi.com\\\/cl\\\/wp-content\\\/uploads\\\/sites\\\/4\\\/2022\\\/04\\\/032050418.png\",\"width\":1000,\"height\":1000},{\"@type\":\"BreadcrumbList\",\"@id\":\"https:\\\/\\\/drasanvi.com\\\/cl\\\/producto\\\/nutrabasic-acerola\\\/#breadcrumb\",\"itemListElement\":[{\"@type\":\"ListItem\",\"position\":1,\"name\":\"Portada\",\"item\":\"https:\\\/\\\/drasanvi.com\\\/cl\\\/\"},{\"@type\":\"ListItem\",\"position\":2,\"name\":\"Tienda\",\"item\":\"https:\\\/\\\/drasanvi.com\\\/cl\\\/tienda\\\/\"},{\"@type\":\"ListItem\",\"position\":3,\"name\":\"Nutrabasic Acerola\"}]},{\"@type\":\"WebSite\",\"@id\":\"https:\\\/\\\/drasanvi.com\\\/cl\\\/#website\",\"url\":\"https:\\\/\\\/drasanvi.com\\\/cl\\\/\",\"name\":\"Drasanvi Chile\",\"description\":\"L\u00edder en complementos alimenticios y cosm\u00e9tica natural.\",\"publisher\":{\"@id\":\"https:\\\/\\\/drasanvi.com\\\/cl\\\/#organization\"},\"potentialAction\":[{\"@type\":\"SearchAction\",\"target\":{\"@type\":\"EntryPoint\",\"urlTemplate\":\"https:\\\/\\\/drasanvi.com\\\/cl\\\/?s={search_term_string}\"},\"query-input\":{\"@type\":\"PropertyValueSpecification\",\"valueRequired\":true,\"valueName\":\"search_term_string\"}}],\"inLanguage\":\"es\"},{\"@type\":\"Organization\",\"@id\":\"https:\\\/\\\/drasanvi.com\\\/cl\\\/#organization\",\"name\":\"Drasanvi\",\"url\":\"https:\\\/\\\/drasanvi.com\\\/cl\\\/\",\"logo\":{\"@type\":\"ImageObject\",\"inLanguage\":\"es\",\"@id\":\"https:\\\/\\\/drasanvi.com\\\/cl\\\/#\\\/schema\\\/logo\\\/image\\\/\",\"url\":\"https:\\\/\\\/drasanvi.com\\\/wp-content\\\/uploads\\\/sites\\\/4\\\/2021\\\/07\\\/logo-drasanvi.png\",\"contentUrl\":\"https:\\\/\\\/drasanvi.com\\\/wp-content\\\/uploads\\\/sites\\\/4\\\/2021\\\/07\\\/logo-drasanvi.png\",\"width\":900,\"height\":300,\"caption\":\"Drasanvi\"},\"image\":{\"@id\":\"https:\\\/\\\/drasanvi.com\\\/cl\\\/#\\\/schema\\\/logo\\\/image\\\/\"}}]}<\/script>\n<!-- \/ Yoast SEO plugin. -->","yoast_head_json":{"title":"Nutrabasic Acerola - Drasanvi Chile","robots":{"index":"index","follow":"follow","max-snippet":"max-snippet:-1","max-image-preview":"max-image-preview:large","max-video-preview":"max-video-preview:-1"},"canonical":"https:\/\/drasanvi.com\/cl\/producto\/nutrabasic-acerola\/","og_locale":"es_ES","og_type":"article","og_title":"Nutrabasic Acerola - Drasanvi Chile","og_description":"La acerola, conocida como la cereza de Jamaica, es un fruto rojo, cuya forma y aspecto guarda mucha similitud con las cerezas. De sabor agridulce, ha sido muy apreciada desde la antig\u00fcedad. Se caracteriza por su riqueza en Vitamina C, siendo el fruto comestible con mayor concentraci\u00f3n en esta sustancia. Concretamente nuestras capsulas aportan 80 mg de vitamina C, lo que supone consumir el 100% de la cantidad diaria recomendada. Son numerosas las virtudes de la Vitamina C: contribuye al sistema inmunitario, lucha contra los radicales libres, contribuye a la s\u00edntesis de col\u00e1geno, entre otras. Otro de los beneficios de consumir acerola en vez de vitamina C pura, es la riqueza en otras sustancias como el magnesio, Vitamina B1, B2, Niacina, y \u00c1cido pantot\u00e9nico.Ficha t\u00e9cnica","og_url":"https:\/\/drasanvi.com\/cl\/producto\/nutrabasic-acerola\/","og_site_name":"Drasanvi Chile","article_modified_time":"2022-06-08T10:38:10+00:00","og_image":[{"width":1000,"height":1000,"url":"https:\/\/drasanvi.com\/cl\/wp-content\/uploads\/sites\/4\/2022\/04\/032050418.png","type":"image\/png"}],"twitter_card":"summary_large_image","schema":{"@context":"https:\/\/schema.org","@graph":[{"@type":"WebPage","@id":"https:\/\/drasanvi.com\/cl\/producto\/nutrabasic-acerola\/","url":"https:\/\/drasanvi.com\/cl\/producto\/nutrabasic-acerola\/","name":"Nutrabasic Acerola - Drasanvi Chile","isPartOf":{"@id":"https:\/\/drasanvi.com\/cl\/#website"},"primaryImageOfPage":{"@id":"https:\/\/drasanvi.com\/cl\/producto\/nutrabasic-acerola\/#primaryimage"},"image":{"@id":"https:\/\/drasanvi.com\/cl\/producto\/nutrabasic-acerola\/#primaryimage"},"thumbnailUrl":"https:\/\/drasanvi.com\/cl\/wp-content\/uploads\/sites\/4\/2022\/04\/032050418.png","datePublished":"2022-06-08T10:38:02+00:00","dateModified":"2022-06-08T10:38:10+00:00","breadcrumb":{"@id":"https:\/\/drasanvi.com\/cl\/producto\/nutrabasic-acerola\/#breadcrumb"},"inLanguage":"es","potentialAction":[{"@type":"ReadAction","target":["https:\/\/drasanvi.com\/cl\/producto\/nutrabasic-acerola\/"]}]},{"@type":"ImageObject","inLanguage":"es","@id":"https:\/\/drasanvi.com\/cl\/producto\/nutrabasic-acerola\/#primaryimage","url":"https:\/\/drasanvi.com\/cl\/wp-content\/uploads\/sites\/4\/2022\/04\/032050418.png","contentUrl":"https:\/\/drasanvi.com\/cl\/wp-content\/uploads\/sites\/4\/2022\/04\/032050418.png","width":1000,"height":1000},{"@type":"BreadcrumbList","@id":"https:\/\/drasanvi.com\/cl\/producto\/nutrabasic-acerola\/#breadcrumb","itemListElement":[{"@type":"ListItem","position":1,"name":"Portada","item":"https:\/\/drasanvi.com\/cl\/"},{"@type":"ListItem","position":2,"name":"Tienda","item":"https:\/\/drasanvi.com\/cl\/tienda\/"},{"@type":"ListItem","position":3,"name":"Nutrabasic Acerola"}]},{"@type":"WebSite","@id":"https:\/\/drasanvi.com\/cl\/#website","url":"https:\/\/drasanvi.com\/cl\/","name":"Drasanvi Chile","description":"L\u00edder en complementos alimenticios y cosm\u00e9tica natural.","publisher":{"@id":"https:\/\/drasanvi.com\/cl\/#organization"},"potentialAction":[{"@type":"SearchAction","target":{"@type":"EntryPoint","urlTemplate":"https:\/\/drasanvi.com\/cl\/?s={search_term_string}"},"query-input":{"@type":"PropertyValueSpecification","valueRequired":true,"valueName":"search_term_string"}}],"inLanguage":"es"},{"@type":"Organization","@id":"https:\/\/drasanvi.com\/cl\/#organization","name":"Drasanvi","url":"https:\/\/drasanvi.com\/cl\/","logo":{"@type":"ImageObject","inLanguage":"es","@id":"https:\/\/drasanvi.com\/cl\/#\/schema\/logo\/image\/","url":"https:\/\/drasanvi.com\/wp-content\/uploads\/sites\/4\/2021\/07\/logo-drasanvi.png","contentUrl":"https:\/\/drasanvi.com\/wp-content\/uploads\/sites\/4\/2021\/07\/logo-drasanvi.png","width":900,"height":300,"caption":"Drasanvi"},"image":{"@id":"https:\/\/drasanvi.com\/cl\/#\/schema\/logo\/image\/"}}]}},"_links":{"self":[{"href":"https:\/\/drasanvi.com\/cl\/wp-json\/wp\/v2\/product\/23281","targetHints":{"allow":["GET"]}}],"collection":[{"href":"https:\/\/drasanvi.com\/cl\/wp-json\/wp\/v2\/product"}],"about":[{"href":"https:\/\/drasanvi.com\/cl\/wp-json\/wp\/v2\/types\/product"}],"version-history":[{"count":0,"href":"https:\/\/drasanvi.com\/cl\/wp-json\/wp\/v2\/product\/23281\/revisions"}],"wp:featuredmedia":[{"embeddable":true,"href":"https:\/\/drasanvi.com\/cl\/wp-json\/wp\/v2\/media\/23464"}],"wp:attachment":[{"href":"https:\/\/drasanvi.com\/cl\/wp-json\/wp\/v2\/media?parent=23281"}],"wp:term":[{"taxonomy":"product_cat","embeddable":true,"href":"https:\/\/drasanvi.com\/cl\/wp-json\/wp\/v2\/product_cat?post=23281"},{"taxonomy":"product_tag","embeddable":true,"href":"https:\/\/drasanvi.com\/cl\/wp-json\/wp\/v2\/product_tag?post=23281"}],"curies":[{"name":"wp","href":"https:\/\/api.w.org\/{rel}","templated":true}]}}