{"id":23277,"date":"2022-06-08T12:37:07","date_gmt":"2022-06-08T10:37:07","guid":{"rendered":"https:\/\/drasanvi.com\/cl\/producto\/collmar-comprimidos-masticables-sabor-limon\/"},"modified":"2022-06-08T12:37:11","modified_gmt":"2022-06-08T10:37:11","slug":"collmar-comprimidos-masticables-sabor-limon","status":"publish","type":"product","link":"https:\/\/drasanvi.com\/cl\/producto\/collmar-comprimidos-masticables-sabor-limon\/","title":{"rendered":"Collmar Comprimidos Masticables sabor lim\u00f3n"},"content":{"rendered":"<h2>Ingredientes<\/h2>\n<p>INGREDIENTES  CANTIDAD DOSIS DIARIA      Col\u00e1geno Marino Hidrolizado enzim\u00e1ticamente (Tipo I) Muy bajo peso molecular  3.900 mg      \u00d3xido de Magnesio Con aporte en Magnesio (40%)  562,5 mg 226,56 mg       Extracto de Acerola (Malpighia prunicifolia\u00a0 al 25% en Vitamina C)  80 mg 20mg\u00a0      Otros ingredientes: D-Manitol, (Agente de carga),\u00a0Alimid\u00f3n de ma\u00edz\u00a0(Agente de carga), Aroma de lim\u00f3n, \u00c1cido\u00a0c\u00edtrico (Acidificante),\u00a0Estearato de magnesio (Agente de carga),\u00a0Di\u00f3xido de Silicio (Antiaglomerante) y Sucralosa (Edulcorante)        Sin colorantes, conservantes ni az\u00facares a\u00f1adidos.<\/p>\n<h2>Modo de uso<\/h2>\n<p>Producto listo para su consumo.No consumir mas de 1 porci\u00f3n al d\u00eda.<\/p>\n<h2>Presentaci\u00f3n<\/h2>\n<p>Envase 180 comprimidos de 1090 mg. Peso total 200 g (7.05 oz)<\/p>\n<h2>Advertencias<\/h2>\n<p>SUPLEMENTO ALIMENTARIO EN COMPRIMIDOS MASTICABLES A BASE DE COL\u00c1GENO, VITAMINA C Y MAGNESIO.Su uso no es recomendable para consumo por menores de 8 a\u00f1os, embarazadas y nodrizas, salvo indicaci\u00f3n profesional competente y no remplaza a una alimentaci\u00f3n balanceada.<\/p>\n","protected":false},"excerpt":{"rendered":"<p>Nuestra linea Collmar sigue creciendo, esta vez incorporando comprimidos masticables de sabor lim\u00f3n con una nueva formulaci\u00f3n que facilita la toma.De esta manera, podr\u00e1 morder o deshacer lentamente los comprimidos en la boca, aportando todos los beneficios del Collmar a cualquier hora del d\u00eda.Un sabor fresco y refrescante acompa\u00f1ar\u00e1 a tu nuevo Collmar, con Col\u00e1geno Marino Hidrolizado enzimaticamente,\u00a0 Magnesio y Vitamina C.<br \/><a id=\"boton-ficha\" href=\"https:\/\/panel.drasanvi.com\/fichas\/2\/032050387\" target=\"_blank\" rel=\"noopener\">Ficha t\u00e9cnica<\/a><\/p>\n","protected":false},"featured_media":23460,"template":"","meta":{"inline_featured_image":false},"product_cat":[101],"product_tag":[],"class_list":["post-23277","product","type-product","status-publish","has-post-thumbnail","hentry","product_cat-huesos-articulaciones","pa_contiene-altramuces-no","pa_contiene-apio-no","pa_contiene-cacahuetes-no","pa_contiene-crustaceos-no","pa_contiene-frutos-secos-no","pa_contiene-huevo-no","pa_contiene-leche-no","pa_contiene-moluscos-no","pa_contiene-mostaza-no","pa_contiene-pescado-si","pa_contiene-sesamo-no","pa_contiene-soja-no","pa_producto-bio-no","pa_producto-sin-gluten-si","pa_producto-vegano-no","pa_producto-vegetariano-no"],"yoast_head":"<!-- This site is optimized with the Yoast SEO plugin v27.4 - https:\/\/yoast.com\/product\/yoast-seo-wordpress\/ -->\n<title>Collmar Comprimidos Masticables sabor lim\u00f3n - Drasanvi Chile<\/title>\n<meta name=\"robots\" content=\"index, follow, max-snippet:-1, max-image-preview:large, max-video-preview:-1\" \/>\n<link rel=\"canonical\" href=\"https:\/\/drasanvi.com\/cl\/producto\/collmar-comprimidos-masticables-sabor-limon\/\" \/>\n<meta property=\"og:locale\" content=\"es_ES\" \/>\n<meta property=\"og:type\" content=\"article\" \/>\n<meta property=\"og:title\" content=\"Collmar Comprimidos Masticables sabor lim\u00f3n - Drasanvi Chile\" \/>\n<meta property=\"og:description\" content=\"Nuestra linea Collmar sigue creciendo, esta vez incorporando comprimidos masticables de sabor lim\u00f3n con una nueva formulaci\u00f3n que facilita la toma.De esta manera, podr\u00e1 morder o deshacer lentamente los comprimidos en la boca, aportando todos los beneficios del Collmar a cualquier hora del d\u00eda.Un sabor fresco y refrescante acompa\u00f1ar\u00e1 a tu nuevo Collmar, con Col\u00e1geno Marino Hidrolizado enzimaticamente,\u00a0 Magnesio y Vitamina C.Ficha t\u00e9cnica\" \/>\n<meta property=\"og:url\" content=\"https:\/\/drasanvi.com\/cl\/producto\/collmar-comprimidos-masticables-sabor-limon\/\" \/>\n<meta property=\"og:site_name\" content=\"Drasanvi Chile\" \/>\n<meta property=\"article:modified_time\" content=\"2022-06-08T10:37:11+00:00\" \/>\n<meta property=\"og:image\" content=\"https:\/\/drasanvi.com\/cl\/wp-content\/uploads\/sites\/4\/2022\/04\/032050387.png\" \/>\n\t<meta property=\"og:image:width\" content=\"1000\" \/>\n\t<meta property=\"og:image:height\" content=\"1000\" \/>\n\t<meta property=\"og:image:type\" content=\"image\/png\" \/>\n<meta name=\"twitter:card\" content=\"summary_large_image\" \/>\n<script type=\"application\/ld+json\" class=\"yoast-schema-graph\">{\"@context\":\"https:\\\/\\\/schema.org\",\"@graph\":[{\"@type\":\"WebPage\",\"@id\":\"https:\\\/\\\/drasanvi.com\\\/cl\\\/producto\\\/collmar-comprimidos-masticables-sabor-limon\\\/\",\"url\":\"https:\\\/\\\/drasanvi.com\\\/cl\\\/producto\\\/collmar-comprimidos-masticables-sabor-limon\\\/\",\"name\":\"Collmar Comprimidos Masticables sabor lim\u00f3n - Drasanvi Chile\",\"isPartOf\":{\"@id\":\"https:\\\/\\\/drasanvi.com\\\/cl\\\/#website\"},\"primaryImageOfPage\":{\"@id\":\"https:\\\/\\\/drasanvi.com\\\/cl\\\/producto\\\/collmar-comprimidos-masticables-sabor-limon\\\/#primaryimage\"},\"image\":{\"@id\":\"https:\\\/\\\/drasanvi.com\\\/cl\\\/producto\\\/collmar-comprimidos-masticables-sabor-limon\\\/#primaryimage\"},\"thumbnailUrl\":\"https:\\\/\\\/drasanvi.com\\\/cl\\\/wp-content\\\/uploads\\\/sites\\\/4\\\/2022\\\/04\\\/032050387.png\",\"datePublished\":\"2022-06-08T10:37:07+00:00\",\"dateModified\":\"2022-06-08T10:37:11+00:00\",\"breadcrumb\":{\"@id\":\"https:\\\/\\\/drasanvi.com\\\/cl\\\/producto\\\/collmar-comprimidos-masticables-sabor-limon\\\/#breadcrumb\"},\"inLanguage\":\"es\",\"potentialAction\":[{\"@type\":\"ReadAction\",\"target\":[\"https:\\\/\\\/drasanvi.com\\\/cl\\\/producto\\\/collmar-comprimidos-masticables-sabor-limon\\\/\"]}]},{\"@type\":\"ImageObject\",\"inLanguage\":\"es\",\"@id\":\"https:\\\/\\\/drasanvi.com\\\/cl\\\/producto\\\/collmar-comprimidos-masticables-sabor-limon\\\/#primaryimage\",\"url\":\"https:\\\/\\\/drasanvi.com\\\/cl\\\/wp-content\\\/uploads\\\/sites\\\/4\\\/2022\\\/04\\\/032050387.png\",\"contentUrl\":\"https:\\\/\\\/drasanvi.com\\\/cl\\\/wp-content\\\/uploads\\\/sites\\\/4\\\/2022\\\/04\\\/032050387.png\",\"width\":1000,\"height\":1000},{\"@type\":\"BreadcrumbList\",\"@id\":\"https:\\\/\\\/drasanvi.com\\\/cl\\\/producto\\\/collmar-comprimidos-masticables-sabor-limon\\\/#breadcrumb\",\"itemListElement\":[{\"@type\":\"ListItem\",\"position\":1,\"name\":\"Portada\",\"item\":\"https:\\\/\\\/drasanvi.com\\\/cl\\\/\"},{\"@type\":\"ListItem\",\"position\":2,\"name\":\"Tienda\",\"item\":\"https:\\\/\\\/drasanvi.com\\\/cl\\\/tienda\\\/\"},{\"@type\":\"ListItem\",\"position\":3,\"name\":\"Collmar Comprimidos Masticables sabor lim\u00f3n\"}]},{\"@type\":\"WebSite\",\"@id\":\"https:\\\/\\\/drasanvi.com\\\/cl\\\/#website\",\"url\":\"https:\\\/\\\/drasanvi.com\\\/cl\\\/\",\"name\":\"Drasanvi Chile\",\"description\":\"L\u00edder en complementos alimenticios y cosm\u00e9tica natural.\",\"publisher\":{\"@id\":\"https:\\\/\\\/drasanvi.com\\\/cl\\\/#organization\"},\"potentialAction\":[{\"@type\":\"SearchAction\",\"target\":{\"@type\":\"EntryPoint\",\"urlTemplate\":\"https:\\\/\\\/drasanvi.com\\\/cl\\\/?s={search_term_string}\"},\"query-input\":{\"@type\":\"PropertyValueSpecification\",\"valueRequired\":true,\"valueName\":\"search_term_string\"}}],\"inLanguage\":\"es\"},{\"@type\":\"Organization\",\"@id\":\"https:\\\/\\\/drasanvi.com\\\/cl\\\/#organization\",\"name\":\"Drasanvi\",\"url\":\"https:\\\/\\\/drasanvi.com\\\/cl\\\/\",\"logo\":{\"@type\":\"ImageObject\",\"inLanguage\":\"es\",\"@id\":\"https:\\\/\\\/drasanvi.com\\\/cl\\\/#\\\/schema\\\/logo\\\/image\\\/\",\"url\":\"https:\\\/\\\/drasanvi.com\\\/wp-content\\\/uploads\\\/sites\\\/4\\\/2021\\\/07\\\/logo-drasanvi.png\",\"contentUrl\":\"https:\\\/\\\/drasanvi.com\\\/wp-content\\\/uploads\\\/sites\\\/4\\\/2021\\\/07\\\/logo-drasanvi.png\",\"width\":900,\"height\":300,\"caption\":\"Drasanvi\"},\"image\":{\"@id\":\"https:\\\/\\\/drasanvi.com\\\/cl\\\/#\\\/schema\\\/logo\\\/image\\\/\"}}]}<\/script>\n<!-- \/ Yoast SEO plugin. -->","yoast_head_json":{"title":"Collmar Comprimidos Masticables sabor lim\u00f3n - Drasanvi Chile","robots":{"index":"index","follow":"follow","max-snippet":"max-snippet:-1","max-image-preview":"max-image-preview:large","max-video-preview":"max-video-preview:-1"},"canonical":"https:\/\/drasanvi.com\/cl\/producto\/collmar-comprimidos-masticables-sabor-limon\/","og_locale":"es_ES","og_type":"article","og_title":"Collmar Comprimidos Masticables sabor lim\u00f3n - Drasanvi Chile","og_description":"Nuestra linea Collmar sigue creciendo, esta vez incorporando comprimidos masticables de sabor lim\u00f3n con una nueva formulaci\u00f3n que facilita la toma.De esta manera, podr\u00e1 morder o deshacer lentamente los comprimidos en la boca, aportando todos los beneficios del Collmar a cualquier hora del d\u00eda.Un sabor fresco y refrescante acompa\u00f1ar\u00e1 a tu nuevo Collmar, con Col\u00e1geno Marino Hidrolizado enzimaticamente,\u00a0 Magnesio y Vitamina C.Ficha t\u00e9cnica","og_url":"https:\/\/drasanvi.com\/cl\/producto\/collmar-comprimidos-masticables-sabor-limon\/","og_site_name":"Drasanvi Chile","article_modified_time":"2022-06-08T10:37:11+00:00","og_image":[{"width":1000,"height":1000,"url":"https:\/\/drasanvi.com\/cl\/wp-content\/uploads\/sites\/4\/2022\/04\/032050387.png","type":"image\/png"}],"twitter_card":"summary_large_image","schema":{"@context":"https:\/\/schema.org","@graph":[{"@type":"WebPage","@id":"https:\/\/drasanvi.com\/cl\/producto\/collmar-comprimidos-masticables-sabor-limon\/","url":"https:\/\/drasanvi.com\/cl\/producto\/collmar-comprimidos-masticables-sabor-limon\/","name":"Collmar Comprimidos Masticables sabor lim\u00f3n - Drasanvi Chile","isPartOf":{"@id":"https:\/\/drasanvi.com\/cl\/#website"},"primaryImageOfPage":{"@id":"https:\/\/drasanvi.com\/cl\/producto\/collmar-comprimidos-masticables-sabor-limon\/#primaryimage"},"image":{"@id":"https:\/\/drasanvi.com\/cl\/producto\/collmar-comprimidos-masticables-sabor-limon\/#primaryimage"},"thumbnailUrl":"https:\/\/drasanvi.com\/cl\/wp-content\/uploads\/sites\/4\/2022\/04\/032050387.png","datePublished":"2022-06-08T10:37:07+00:00","dateModified":"2022-06-08T10:37:11+00:00","breadcrumb":{"@id":"https:\/\/drasanvi.com\/cl\/producto\/collmar-comprimidos-masticables-sabor-limon\/#breadcrumb"},"inLanguage":"es","potentialAction":[{"@type":"ReadAction","target":["https:\/\/drasanvi.com\/cl\/producto\/collmar-comprimidos-masticables-sabor-limon\/"]}]},{"@type":"ImageObject","inLanguage":"es","@id":"https:\/\/drasanvi.com\/cl\/producto\/collmar-comprimidos-masticables-sabor-limon\/#primaryimage","url":"https:\/\/drasanvi.com\/cl\/wp-content\/uploads\/sites\/4\/2022\/04\/032050387.png","contentUrl":"https:\/\/drasanvi.com\/cl\/wp-content\/uploads\/sites\/4\/2022\/04\/032050387.png","width":1000,"height":1000},{"@type":"BreadcrumbList","@id":"https:\/\/drasanvi.com\/cl\/producto\/collmar-comprimidos-masticables-sabor-limon\/#breadcrumb","itemListElement":[{"@type":"ListItem","position":1,"name":"Portada","item":"https:\/\/drasanvi.com\/cl\/"},{"@type":"ListItem","position":2,"name":"Tienda","item":"https:\/\/drasanvi.com\/cl\/tienda\/"},{"@type":"ListItem","position":3,"name":"Collmar Comprimidos Masticables sabor lim\u00f3n"}]},{"@type":"WebSite","@id":"https:\/\/drasanvi.com\/cl\/#website","url":"https:\/\/drasanvi.com\/cl\/","name":"Drasanvi Chile","description":"L\u00edder en complementos alimenticios y cosm\u00e9tica natural.","publisher":{"@id":"https:\/\/drasanvi.com\/cl\/#organization"},"potentialAction":[{"@type":"SearchAction","target":{"@type":"EntryPoint","urlTemplate":"https:\/\/drasanvi.com\/cl\/?s={search_term_string}"},"query-input":{"@type":"PropertyValueSpecification","valueRequired":true,"valueName":"search_term_string"}}],"inLanguage":"es"},{"@type":"Organization","@id":"https:\/\/drasanvi.com\/cl\/#organization","name":"Drasanvi","url":"https:\/\/drasanvi.com\/cl\/","logo":{"@type":"ImageObject","inLanguage":"es","@id":"https:\/\/drasanvi.com\/cl\/#\/schema\/logo\/image\/","url":"https:\/\/drasanvi.com\/wp-content\/uploads\/sites\/4\/2021\/07\/logo-drasanvi.png","contentUrl":"https:\/\/drasanvi.com\/wp-content\/uploads\/sites\/4\/2021\/07\/logo-drasanvi.png","width":900,"height":300,"caption":"Drasanvi"},"image":{"@id":"https:\/\/drasanvi.com\/cl\/#\/schema\/logo\/image\/"}}]}},"_links":{"self":[{"href":"https:\/\/drasanvi.com\/cl\/wp-json\/wp\/v2\/product\/23277","targetHints":{"allow":["GET"]}}],"collection":[{"href":"https:\/\/drasanvi.com\/cl\/wp-json\/wp\/v2\/product"}],"about":[{"href":"https:\/\/drasanvi.com\/cl\/wp-json\/wp\/v2\/types\/product"}],"version-history":[{"count":0,"href":"https:\/\/drasanvi.com\/cl\/wp-json\/wp\/v2\/product\/23277\/revisions"}],"wp:featuredmedia":[{"embeddable":true,"href":"https:\/\/drasanvi.com\/cl\/wp-json\/wp\/v2\/media\/23460"}],"wp:attachment":[{"href":"https:\/\/drasanvi.com\/cl\/wp-json\/wp\/v2\/media?parent=23277"}],"wp:term":[{"taxonomy":"product_cat","embeddable":true,"href":"https:\/\/drasanvi.com\/cl\/wp-json\/wp\/v2\/product_cat?post=23277"},{"taxonomy":"product_tag","embeddable":true,"href":"https:\/\/drasanvi.com\/cl\/wp-json\/wp\/v2\/product_tag?post=23277"}],"curies":[{"name":"wp","href":"https:\/\/api.w.org\/{rel}","templated":true}]}}