{"id":23255,"date":"2022-06-08T12:37:07","date_gmt":"2022-06-08T10:37:07","guid":{"rendered":"https:\/\/drasanvi.com\/cl\/producto\/super-alimento-azucar-abedul-doypack\/"},"modified":"2022-06-08T12:37:09","modified_gmt":"2022-06-08T10:37:09","slug":"super-alimento-azucar-abedul-doypack","status":"publish","type":"product","link":"https:\/\/drasanvi.com\/cl\/producto\/super-alimento-azucar-abedul-doypack\/","title":{"rendered":"Super Alimento &#8211; Az\u00facar Abedul Doypack"},"content":{"rendered":"<h2>Ingredientes<\/h2>\n<p>Ingrediente      Az\u00facar de Abedul (Xilitol)        Sin colorantes, ni aditivos ni conservantes<\/p>\n<h2>Modo de uso<\/h2>\n<p>Disolver una porci\u00f3n (1 cucharada de postre) para endulzar.<\/p>\n<h2>Presentaci\u00f3n<\/h2>\n<p>Envase de 300 g (10.58 oz)<\/p>\n<h2>Advertencias<\/h2>\n<p>ALIMENTO<\/p>\n","protected":false},"excerpt":{"rendered":"<p>El Az\u00facar de Abedul, tambi\u00e9n conocido como Xilitol, se trata de un delicioso sustituto del az\u00facar. Su origen es la corteza de abedules, aunque tambi\u00e9n se puede extraer de otras plantas. Este az\u00facar posee un sabor refrescante muy similar al de la sacarosa. La diferencia que presenta con esta es que tiene un 40% menos de calor\u00edas y un \u00cdndice Gluc\u00e9mico pr\u00f3ximo a 7 (frente a 64 del az\u00facar).Adem\u00e1s de su agradable sabor y su bajo \u00cdndice Gluc\u00e9mico, cabe destacar su contribuci\u00f3n al mantenimiento de la mineralizaci\u00f3nde los dientes.  Bajo \u00cdndice Gluc\u00e9mico  El \u00cdndice Gluc\u00e9mico muestra la cantidad de hidratos de carbono que se libera en un producto. Los productos con alto \u00cdndice Gluc\u00e9mico implican una r\u00e1pida absorci\u00f3n y un cambio brusco del nivel de carbohidratos en sangre. Sin embargo, en los productos con un \u00cdndice Gluc\u00e9mico bajo la liberaci\u00f3n es m\u00e1s prolongada, no alterando en exceso los niveles de az\u00facar en sangre.<br \/><a id=\"boton-ficha\" href=\"https:\/\/panel.drasanvi.com\/fichas\/2\/032010042\" target=\"_blank\" rel=\"noopener\">Ficha t\u00e9cnica<\/a><\/p>\n","protected":false},"featured_media":23438,"template":"","meta":{"inline_featured_image":false},"product_cat":[1370],"product_tag":[],"class_list":["post-23255","product","type-product","status-publish","has-post-thumbnail","hentry","product_cat-super-alimentos","pa_contiene-altramuces-no","pa_contiene-apio-no","pa_contiene-cacahuetes-no","pa_contiene-crustaceos-no","pa_contiene-frutos-secos-no","pa_contiene-huevo-no","pa_contiene-leche-no","pa_contiene-moluscos-no","pa_contiene-mostaza-no","pa_contiene-pescado-no","pa_contiene-sesamo-no","pa_contiene-soja-no","pa_producto-bio-no","pa_producto-sin-gluten-si","pa_producto-vegano-si","pa_producto-vegetariano-si"],"yoast_head":"<!-- This site is optimized with the Yoast SEO plugin v27.5 - https:\/\/yoast.com\/product\/yoast-seo-wordpress\/ -->\n<title>Super Alimento - Az\u00facar Abedul Doypack - Drasanvi Chile<\/title>\n<meta name=\"robots\" content=\"index, follow, max-snippet:-1, max-image-preview:large, max-video-preview:-1\" \/>\n<link rel=\"canonical\" href=\"https:\/\/drasanvi.com\/cl\/producto\/super-alimento-azucar-abedul-doypack\/\" \/>\n<meta property=\"og:locale\" content=\"es_ES\" \/>\n<meta property=\"og:type\" content=\"article\" \/>\n<meta property=\"og:title\" content=\"Super Alimento - Az\u00facar Abedul Doypack - Drasanvi Chile\" \/>\n<meta property=\"og:description\" content=\"El Az\u00facar de Abedul, tambi\u00e9n conocido como Xilitol, se trata de un delicioso sustituto del az\u00facar. Su origen es la corteza de abedules, aunque tambi\u00e9n se puede extraer de otras plantas. Este az\u00facar posee un sabor refrescante muy similar al de la sacarosa. La diferencia que presenta con esta es que tiene un 40% menos de calor\u00edas y un \u00cdndice Gluc\u00e9mico pr\u00f3ximo a 7 (frente a 64 del az\u00facar).Adem\u00e1s de su agradable sabor y su bajo \u00cdndice Gluc\u00e9mico, cabe destacar su contribuci\u00f3n al mantenimiento de la mineralizaci\u00f3nde los dientes. Bajo \u00cdndice Gluc\u00e9mico El \u00cdndice Gluc\u00e9mico muestra la cantidad de hidratos de carbono que se libera en un producto. Los productos con alto \u00cdndice Gluc\u00e9mico implican una r\u00e1pida absorci\u00f3n y un cambio brusco del nivel de carbohidratos en sangre. Sin embargo, en los productos con un \u00cdndice Gluc\u00e9mico bajo la liberaci\u00f3n es m\u00e1s prolongada, no alterando en exceso los niveles de az\u00facar en sangre.Ficha t\u00e9cnica\" \/>\n<meta property=\"og:url\" content=\"https:\/\/drasanvi.com\/cl\/producto\/super-alimento-azucar-abedul-doypack\/\" \/>\n<meta property=\"og:site_name\" content=\"Drasanvi Chile\" \/>\n<meta property=\"article:modified_time\" content=\"2022-06-08T10:37:09+00:00\" \/>\n<meta property=\"og:image\" content=\"https:\/\/drasanvi.com\/cl\/wp-content\/uploads\/sites\/4\/2022\/04\/032010042.png\" \/>\n\t<meta property=\"og:image:width\" content=\"1000\" \/>\n\t<meta property=\"og:image:height\" content=\"1000\" \/>\n\t<meta property=\"og:image:type\" content=\"image\/png\" \/>\n<meta name=\"twitter:card\" content=\"summary_large_image\" \/>\n<script type=\"application\/ld+json\" class=\"yoast-schema-graph\">{\"@context\":\"https:\\\/\\\/schema.org\",\"@graph\":[{\"@type\":\"WebPage\",\"@id\":\"https:\\\/\\\/drasanvi.com\\\/cl\\\/producto\\\/super-alimento-azucar-abedul-doypack\\\/\",\"url\":\"https:\\\/\\\/drasanvi.com\\\/cl\\\/producto\\\/super-alimento-azucar-abedul-doypack\\\/\",\"name\":\"Super Alimento - Az\u00facar Abedul Doypack - Drasanvi Chile\",\"isPartOf\":{\"@id\":\"https:\\\/\\\/drasanvi.com\\\/cl\\\/#website\"},\"primaryImageOfPage\":{\"@id\":\"https:\\\/\\\/drasanvi.com\\\/cl\\\/producto\\\/super-alimento-azucar-abedul-doypack\\\/#primaryimage\"},\"image\":{\"@id\":\"https:\\\/\\\/drasanvi.com\\\/cl\\\/producto\\\/super-alimento-azucar-abedul-doypack\\\/#primaryimage\"},\"thumbnailUrl\":\"https:\\\/\\\/drasanvi.com\\\/cl\\\/wp-content\\\/uploads\\\/sites\\\/4\\\/2022\\\/04\\\/032010042.png\",\"datePublished\":\"2022-06-08T10:37:07+00:00\",\"dateModified\":\"2022-06-08T10:37:09+00:00\",\"breadcrumb\":{\"@id\":\"https:\\\/\\\/drasanvi.com\\\/cl\\\/producto\\\/super-alimento-azucar-abedul-doypack\\\/#breadcrumb\"},\"inLanguage\":\"es\",\"potentialAction\":[{\"@type\":\"ReadAction\",\"target\":[\"https:\\\/\\\/drasanvi.com\\\/cl\\\/producto\\\/super-alimento-azucar-abedul-doypack\\\/\"]}]},{\"@type\":\"ImageObject\",\"inLanguage\":\"es\",\"@id\":\"https:\\\/\\\/drasanvi.com\\\/cl\\\/producto\\\/super-alimento-azucar-abedul-doypack\\\/#primaryimage\",\"url\":\"https:\\\/\\\/drasanvi.com\\\/cl\\\/wp-content\\\/uploads\\\/sites\\\/4\\\/2022\\\/04\\\/032010042.png\",\"contentUrl\":\"https:\\\/\\\/drasanvi.com\\\/cl\\\/wp-content\\\/uploads\\\/sites\\\/4\\\/2022\\\/04\\\/032010042.png\",\"width\":1000,\"height\":1000},{\"@type\":\"BreadcrumbList\",\"@id\":\"https:\\\/\\\/drasanvi.com\\\/cl\\\/producto\\\/super-alimento-azucar-abedul-doypack\\\/#breadcrumb\",\"itemListElement\":[{\"@type\":\"ListItem\",\"position\":1,\"name\":\"Portada\",\"item\":\"https:\\\/\\\/drasanvi.com\\\/cl\\\/\"},{\"@type\":\"ListItem\",\"position\":2,\"name\":\"Tienda\",\"item\":\"https:\\\/\\\/drasanvi.com\\\/cl\\\/tienda\\\/\"},{\"@type\":\"ListItem\",\"position\":3,\"name\":\"Super Alimento &#8211; Az\u00facar Abedul Doypack\"}]},{\"@type\":\"WebSite\",\"@id\":\"https:\\\/\\\/drasanvi.com\\\/cl\\\/#website\",\"url\":\"https:\\\/\\\/drasanvi.com\\\/cl\\\/\",\"name\":\"Drasanvi Chile\",\"description\":\"L\u00edder en complementos alimenticios y cosm\u00e9tica natural.\",\"publisher\":{\"@id\":\"https:\\\/\\\/drasanvi.com\\\/cl\\\/#organization\"},\"potentialAction\":[{\"@type\":\"SearchAction\",\"target\":{\"@type\":\"EntryPoint\",\"urlTemplate\":\"https:\\\/\\\/drasanvi.com\\\/cl\\\/?s={search_term_string}\"},\"query-input\":{\"@type\":\"PropertyValueSpecification\",\"valueRequired\":true,\"valueName\":\"search_term_string\"}}],\"inLanguage\":\"es\"},{\"@type\":\"Organization\",\"@id\":\"https:\\\/\\\/drasanvi.com\\\/cl\\\/#organization\",\"name\":\"Drasanvi\",\"url\":\"https:\\\/\\\/drasanvi.com\\\/cl\\\/\",\"logo\":{\"@type\":\"ImageObject\",\"inLanguage\":\"es\",\"@id\":\"https:\\\/\\\/drasanvi.com\\\/cl\\\/#\\\/schema\\\/logo\\\/image\\\/\",\"url\":\"https:\\\/\\\/drasanvi.com\\\/wp-content\\\/uploads\\\/sites\\\/4\\\/2021\\\/07\\\/logo-drasanvi.png\",\"contentUrl\":\"https:\\\/\\\/drasanvi.com\\\/wp-content\\\/uploads\\\/sites\\\/4\\\/2021\\\/07\\\/logo-drasanvi.png\",\"width\":900,\"height\":300,\"caption\":\"Drasanvi\"},\"image\":{\"@id\":\"https:\\\/\\\/drasanvi.com\\\/cl\\\/#\\\/schema\\\/logo\\\/image\\\/\"}}]}<\/script>\n<!-- \/ Yoast SEO plugin. -->","yoast_head_json":{"title":"Super Alimento - Az\u00facar Abedul Doypack - Drasanvi Chile","robots":{"index":"index","follow":"follow","max-snippet":"max-snippet:-1","max-image-preview":"max-image-preview:large","max-video-preview":"max-video-preview:-1"},"canonical":"https:\/\/drasanvi.com\/cl\/producto\/super-alimento-azucar-abedul-doypack\/","og_locale":"es_ES","og_type":"article","og_title":"Super Alimento - Az\u00facar Abedul Doypack - Drasanvi Chile","og_description":"El Az\u00facar de Abedul, tambi\u00e9n conocido como Xilitol, se trata de un delicioso sustituto del az\u00facar. Su origen es la corteza de abedules, aunque tambi\u00e9n se puede extraer de otras plantas. Este az\u00facar posee un sabor refrescante muy similar al de la sacarosa. La diferencia que presenta con esta es que tiene un 40% menos de calor\u00edas y un \u00cdndice Gluc\u00e9mico pr\u00f3ximo a 7 (frente a 64 del az\u00facar).Adem\u00e1s de su agradable sabor y su bajo \u00cdndice Gluc\u00e9mico, cabe destacar su contribuci\u00f3n al mantenimiento de la mineralizaci\u00f3nde los dientes. Bajo \u00cdndice Gluc\u00e9mico El \u00cdndice Gluc\u00e9mico muestra la cantidad de hidratos de carbono que se libera en un producto. Los productos con alto \u00cdndice Gluc\u00e9mico implican una r\u00e1pida absorci\u00f3n y un cambio brusco del nivel de carbohidratos en sangre. Sin embargo, en los productos con un \u00cdndice Gluc\u00e9mico bajo la liberaci\u00f3n es m\u00e1s prolongada, no alterando en exceso los niveles de az\u00facar en sangre.Ficha t\u00e9cnica","og_url":"https:\/\/drasanvi.com\/cl\/producto\/super-alimento-azucar-abedul-doypack\/","og_site_name":"Drasanvi Chile","article_modified_time":"2022-06-08T10:37:09+00:00","og_image":[{"width":1000,"height":1000,"url":"https:\/\/drasanvi.com\/cl\/wp-content\/uploads\/sites\/4\/2022\/04\/032010042.png","type":"image\/png"}],"twitter_card":"summary_large_image","schema":{"@context":"https:\/\/schema.org","@graph":[{"@type":"WebPage","@id":"https:\/\/drasanvi.com\/cl\/producto\/super-alimento-azucar-abedul-doypack\/","url":"https:\/\/drasanvi.com\/cl\/producto\/super-alimento-azucar-abedul-doypack\/","name":"Super Alimento - Az\u00facar Abedul Doypack - Drasanvi Chile","isPartOf":{"@id":"https:\/\/drasanvi.com\/cl\/#website"},"primaryImageOfPage":{"@id":"https:\/\/drasanvi.com\/cl\/producto\/super-alimento-azucar-abedul-doypack\/#primaryimage"},"image":{"@id":"https:\/\/drasanvi.com\/cl\/producto\/super-alimento-azucar-abedul-doypack\/#primaryimage"},"thumbnailUrl":"https:\/\/drasanvi.com\/cl\/wp-content\/uploads\/sites\/4\/2022\/04\/032010042.png","datePublished":"2022-06-08T10:37:07+00:00","dateModified":"2022-06-08T10:37:09+00:00","breadcrumb":{"@id":"https:\/\/drasanvi.com\/cl\/producto\/super-alimento-azucar-abedul-doypack\/#breadcrumb"},"inLanguage":"es","potentialAction":[{"@type":"ReadAction","target":["https:\/\/drasanvi.com\/cl\/producto\/super-alimento-azucar-abedul-doypack\/"]}]},{"@type":"ImageObject","inLanguage":"es","@id":"https:\/\/drasanvi.com\/cl\/producto\/super-alimento-azucar-abedul-doypack\/#primaryimage","url":"https:\/\/drasanvi.com\/cl\/wp-content\/uploads\/sites\/4\/2022\/04\/032010042.png","contentUrl":"https:\/\/drasanvi.com\/cl\/wp-content\/uploads\/sites\/4\/2022\/04\/032010042.png","width":1000,"height":1000},{"@type":"BreadcrumbList","@id":"https:\/\/drasanvi.com\/cl\/producto\/super-alimento-azucar-abedul-doypack\/#breadcrumb","itemListElement":[{"@type":"ListItem","position":1,"name":"Portada","item":"https:\/\/drasanvi.com\/cl\/"},{"@type":"ListItem","position":2,"name":"Tienda","item":"https:\/\/drasanvi.com\/cl\/tienda\/"},{"@type":"ListItem","position":3,"name":"Super Alimento &#8211; Az\u00facar Abedul Doypack"}]},{"@type":"WebSite","@id":"https:\/\/drasanvi.com\/cl\/#website","url":"https:\/\/drasanvi.com\/cl\/","name":"Drasanvi Chile","description":"L\u00edder en complementos alimenticios y cosm\u00e9tica natural.","publisher":{"@id":"https:\/\/drasanvi.com\/cl\/#organization"},"potentialAction":[{"@type":"SearchAction","target":{"@type":"EntryPoint","urlTemplate":"https:\/\/drasanvi.com\/cl\/?s={search_term_string}"},"query-input":{"@type":"PropertyValueSpecification","valueRequired":true,"valueName":"search_term_string"}}],"inLanguage":"es"},{"@type":"Organization","@id":"https:\/\/drasanvi.com\/cl\/#organization","name":"Drasanvi","url":"https:\/\/drasanvi.com\/cl\/","logo":{"@type":"ImageObject","inLanguage":"es","@id":"https:\/\/drasanvi.com\/cl\/#\/schema\/logo\/image\/","url":"https:\/\/drasanvi.com\/wp-content\/uploads\/sites\/4\/2021\/07\/logo-drasanvi.png","contentUrl":"https:\/\/drasanvi.com\/wp-content\/uploads\/sites\/4\/2021\/07\/logo-drasanvi.png","width":900,"height":300,"caption":"Drasanvi"},"image":{"@id":"https:\/\/drasanvi.com\/cl\/#\/schema\/logo\/image\/"}}]}},"_links":{"self":[{"href":"https:\/\/drasanvi.com\/cl\/wp-json\/wp\/v2\/product\/23255","targetHints":{"allow":["GET"]}}],"collection":[{"href":"https:\/\/drasanvi.com\/cl\/wp-json\/wp\/v2\/product"}],"about":[{"href":"https:\/\/drasanvi.com\/cl\/wp-json\/wp\/v2\/types\/product"}],"version-history":[{"count":0,"href":"https:\/\/drasanvi.com\/cl\/wp-json\/wp\/v2\/product\/23255\/revisions"}],"wp:featuredmedia":[{"embeddable":true,"href":"https:\/\/drasanvi.com\/cl\/wp-json\/wp\/v2\/media\/23438"}],"wp:attachment":[{"href":"https:\/\/drasanvi.com\/cl\/wp-json\/wp\/v2\/media?parent=23255"}],"wp:term":[{"taxonomy":"product_cat","embeddable":true,"href":"https:\/\/drasanvi.com\/cl\/wp-json\/wp\/v2\/product_cat?post=23255"},{"taxonomy":"product_tag","embeddable":true,"href":"https:\/\/drasanvi.com\/cl\/wp-json\/wp\/v2\/product_tag?post=23255"}],"curies":[{"name":"wp","href":"https:\/\/api.w.org\/{rel}","templated":true}]}}