{"id":23245,"date":"2022-06-08T12:37:07","date_gmt":"2022-06-08T10:37:07","guid":{"rendered":"https:\/\/drasanvi.com\/cl\/producto\/super-alimento-hierba-de-cebada-doypack\/"},"modified":"2022-06-08T12:37:08","modified_gmt":"2022-06-08T10:37:08","slug":"super-alimento-hierba-de-cebada-doypack","status":"publish","type":"product","link":"https:\/\/drasanvi.com\/cl\/producto\/super-alimento-hierba-de-cebada-doypack\/","title":{"rendered":"Super Alimento &#8211; Hierba de Cebada Doypack"},"content":{"rendered":"<h2>Ingredientes<\/h2>\n<p>Ingrediente      Verde de Cebada en polvo de origen BIO Hordeum vulgare        Sin colorantes, ni az\u00facares a\u00f1adidos ni conservantes<\/p>\n<h2>Modo de uso<\/h2>\n<p>Disolver una porci\u00f3n (2 cucharadas de postre) en 250 ml de aguaNo consumir mas de 1 porci\u00f3n al d\u00eda.<\/p>\n<h2>Presentaci\u00f3n<\/h2>\n<p>Envase de 125 g (4.40 oz)<\/p>\n<h2>Advertencias<\/h2>\n<p>SUPLEMENTO ALIMENTARIOBuena fuente de fibra.Su uso no es recomendable para consumo por menores de 8 a\u00f1os, embarazas y nodrizas, salvo indicaci\u00f3n profesional competente y no remplaza a una alimentaci\u00f3n balanceada.<\/p>\n","protected":false},"excerpt":{"rendered":"<p>La Hierba de Cebada proviene de plantas j\u00f3venes de cebada que no han superado los 25 cm de altura. De este modo, nos aseguramos el aprovechamiento de todos los minerales y vitaminas contenidos en sus hojas. Tambi\u00e9n es importante se\u00f1alar su alto porcentaje de Clorofila, que act\u00faa como un potente antioxidante.  Existen diferencias entre la cebada como cereal y la Hierba de Cebada. En la Hierba de Cebada se utilizan los brotes frescos para conservar todas sus propiedades, vitaminas y amino\u00e1cidos esenciales. Consumirla con una fuente de hidratos de carbono es una buena idea para las personas que practican alg\u00fan deporte.<br \/><a id=\"boton-ficha\" href=\"https:\/\/panel.drasanvi.com\/fichas\/2\/032010045\" target=\"_blank\" rel=\"noopener\">Ficha t\u00e9cnica<\/a><\/p>\n","protected":false},"featured_media":23428,"template":"","meta":{"inline_featured_image":false},"product_cat":[1370],"product_tag":[],"class_list":["post-23245","product","type-product","status-publish","has-post-thumbnail","hentry","product_cat-super-alimentos","pa_contiene-altramuces-no","pa_contiene-apio-no","pa_contiene-cacahuetes-no","pa_contiene-crustaceos-no","pa_contiene-frutos-secos-no","pa_contiene-huevo-no","pa_contiene-leche-no","pa_contiene-moluscos-no","pa_contiene-mostaza-no","pa_contiene-pescado-no","pa_contiene-sesamo-no","pa_contiene-soja-no","pa_producto-bio-si","pa_producto-sin-gluten-si","pa_producto-vegano-si","pa_producto-vegetariano-si"],"yoast_head":"<!-- This site is optimized with the Yoast SEO plugin v27.3 - https:\/\/yoast.com\/product\/yoast-seo-wordpress\/ -->\n<title>Super Alimento - Hierba de Cebada Doypack - Drasanvi Chile<\/title>\n<meta name=\"robots\" content=\"index, follow, max-snippet:-1, max-image-preview:large, max-video-preview:-1\" \/>\n<link rel=\"canonical\" href=\"https:\/\/drasanvi.com\/cl\/producto\/super-alimento-hierba-de-cebada-doypack\/\" \/>\n<meta property=\"og:locale\" content=\"es_ES\" \/>\n<meta property=\"og:type\" content=\"article\" \/>\n<meta property=\"og:title\" content=\"Super Alimento - Hierba de Cebada Doypack - Drasanvi Chile\" \/>\n<meta property=\"og:description\" content=\"La Hierba de Cebada proviene de plantas j\u00f3venes de cebada que no han superado los 25 cm de altura. De este modo, nos aseguramos el aprovechamiento de todos los minerales y vitaminas contenidos en sus hojas. Tambi\u00e9n es importante se\u00f1alar su alto porcentaje de Clorofila, que act\u00faa como un potente antioxidante. Existen diferencias entre la cebada como cereal y la Hierba de Cebada. En la Hierba de Cebada se utilizan los brotes frescos para conservar todas sus propiedades, vitaminas y amino\u00e1cidos esenciales. Consumirla con una fuente de hidratos de carbono es una buena idea para las personas que practican alg\u00fan deporte.Ficha t\u00e9cnica\" \/>\n<meta property=\"og:url\" content=\"https:\/\/drasanvi.com\/cl\/producto\/super-alimento-hierba-de-cebada-doypack\/\" \/>\n<meta property=\"og:site_name\" content=\"Drasanvi Chile\" \/>\n<meta property=\"article:modified_time\" content=\"2022-06-08T10:37:08+00:00\" \/>\n<meta property=\"og:image\" content=\"https:\/\/drasanvi.com\/cl\/wp-content\/uploads\/sites\/4\/2022\/04\/032010045.png\" \/>\n\t<meta property=\"og:image:width\" content=\"1000\" \/>\n\t<meta property=\"og:image:height\" content=\"1000\" \/>\n\t<meta property=\"og:image:type\" content=\"image\/png\" \/>\n<meta name=\"twitter:card\" content=\"summary_large_image\" \/>\n<script type=\"application\/ld+json\" class=\"yoast-schema-graph\">{\"@context\":\"https:\\\/\\\/schema.org\",\"@graph\":[{\"@type\":\"WebPage\",\"@id\":\"https:\\\/\\\/drasanvi.com\\\/cl\\\/producto\\\/super-alimento-hierba-de-cebada-doypack\\\/\",\"url\":\"https:\\\/\\\/drasanvi.com\\\/cl\\\/producto\\\/super-alimento-hierba-de-cebada-doypack\\\/\",\"name\":\"Super Alimento - Hierba de Cebada Doypack - Drasanvi Chile\",\"isPartOf\":{\"@id\":\"https:\\\/\\\/drasanvi.com\\\/cl\\\/#website\"},\"primaryImageOfPage\":{\"@id\":\"https:\\\/\\\/drasanvi.com\\\/cl\\\/producto\\\/super-alimento-hierba-de-cebada-doypack\\\/#primaryimage\"},\"image\":{\"@id\":\"https:\\\/\\\/drasanvi.com\\\/cl\\\/producto\\\/super-alimento-hierba-de-cebada-doypack\\\/#primaryimage\"},\"thumbnailUrl\":\"https:\\\/\\\/drasanvi.com\\\/cl\\\/wp-content\\\/uploads\\\/sites\\\/4\\\/2022\\\/04\\\/032010045.png\",\"datePublished\":\"2022-06-08T10:37:07+00:00\",\"dateModified\":\"2022-06-08T10:37:08+00:00\",\"breadcrumb\":{\"@id\":\"https:\\\/\\\/drasanvi.com\\\/cl\\\/producto\\\/super-alimento-hierba-de-cebada-doypack\\\/#breadcrumb\"},\"inLanguage\":\"es\",\"potentialAction\":[{\"@type\":\"ReadAction\",\"target\":[\"https:\\\/\\\/drasanvi.com\\\/cl\\\/producto\\\/super-alimento-hierba-de-cebada-doypack\\\/\"]}]},{\"@type\":\"ImageObject\",\"inLanguage\":\"es\",\"@id\":\"https:\\\/\\\/drasanvi.com\\\/cl\\\/producto\\\/super-alimento-hierba-de-cebada-doypack\\\/#primaryimage\",\"url\":\"https:\\\/\\\/drasanvi.com\\\/cl\\\/wp-content\\\/uploads\\\/sites\\\/4\\\/2022\\\/04\\\/032010045.png\",\"contentUrl\":\"https:\\\/\\\/drasanvi.com\\\/cl\\\/wp-content\\\/uploads\\\/sites\\\/4\\\/2022\\\/04\\\/032010045.png\",\"width\":1000,\"height\":1000},{\"@type\":\"BreadcrumbList\",\"@id\":\"https:\\\/\\\/drasanvi.com\\\/cl\\\/producto\\\/super-alimento-hierba-de-cebada-doypack\\\/#breadcrumb\",\"itemListElement\":[{\"@type\":\"ListItem\",\"position\":1,\"name\":\"Portada\",\"item\":\"https:\\\/\\\/drasanvi.com\\\/cl\\\/\"},{\"@type\":\"ListItem\",\"position\":2,\"name\":\"Tienda\",\"item\":\"https:\\\/\\\/drasanvi.com\\\/cl\\\/tienda\\\/\"},{\"@type\":\"ListItem\",\"position\":3,\"name\":\"Super Alimento &#8211; Hierba de Cebada Doypack\"}]},{\"@type\":\"WebSite\",\"@id\":\"https:\\\/\\\/drasanvi.com\\\/cl\\\/#website\",\"url\":\"https:\\\/\\\/drasanvi.com\\\/cl\\\/\",\"name\":\"Drasanvi Chile\",\"description\":\"L\u00edder en complementos alimenticios y cosm\u00e9tica natural.\",\"publisher\":{\"@id\":\"https:\\\/\\\/drasanvi.com\\\/cl\\\/#organization\"},\"potentialAction\":[{\"@type\":\"SearchAction\",\"target\":{\"@type\":\"EntryPoint\",\"urlTemplate\":\"https:\\\/\\\/drasanvi.com\\\/cl\\\/?s={search_term_string}\"},\"query-input\":{\"@type\":\"PropertyValueSpecification\",\"valueRequired\":true,\"valueName\":\"search_term_string\"}}],\"inLanguage\":\"es\"},{\"@type\":\"Organization\",\"@id\":\"https:\\\/\\\/drasanvi.com\\\/cl\\\/#organization\",\"name\":\"Drasanvi\",\"url\":\"https:\\\/\\\/drasanvi.com\\\/cl\\\/\",\"logo\":{\"@type\":\"ImageObject\",\"inLanguage\":\"es\",\"@id\":\"https:\\\/\\\/drasanvi.com\\\/cl\\\/#\\\/schema\\\/logo\\\/image\\\/\",\"url\":\"https:\\\/\\\/drasanvi.com\\\/wp-content\\\/uploads\\\/sites\\\/4\\\/2021\\\/07\\\/logo-drasanvi.png\",\"contentUrl\":\"https:\\\/\\\/drasanvi.com\\\/wp-content\\\/uploads\\\/sites\\\/4\\\/2021\\\/07\\\/logo-drasanvi.png\",\"width\":900,\"height\":300,\"caption\":\"Drasanvi\"},\"image\":{\"@id\":\"https:\\\/\\\/drasanvi.com\\\/cl\\\/#\\\/schema\\\/logo\\\/image\\\/\"}}]}<\/script>\n<!-- \/ Yoast SEO plugin. -->","yoast_head_json":{"title":"Super Alimento - Hierba de Cebada Doypack - Drasanvi Chile","robots":{"index":"index","follow":"follow","max-snippet":"max-snippet:-1","max-image-preview":"max-image-preview:large","max-video-preview":"max-video-preview:-1"},"canonical":"https:\/\/drasanvi.com\/cl\/producto\/super-alimento-hierba-de-cebada-doypack\/","og_locale":"es_ES","og_type":"article","og_title":"Super Alimento - Hierba de Cebada Doypack - Drasanvi Chile","og_description":"La Hierba de Cebada proviene de plantas j\u00f3venes de cebada que no han superado los 25 cm de altura. De este modo, nos aseguramos el aprovechamiento de todos los minerales y vitaminas contenidos en sus hojas. Tambi\u00e9n es importante se\u00f1alar su alto porcentaje de Clorofila, que act\u00faa como un potente antioxidante. Existen diferencias entre la cebada como cereal y la Hierba de Cebada. En la Hierba de Cebada se utilizan los brotes frescos para conservar todas sus propiedades, vitaminas y amino\u00e1cidos esenciales. Consumirla con una fuente de hidratos de carbono es una buena idea para las personas que practican alg\u00fan deporte.Ficha t\u00e9cnica","og_url":"https:\/\/drasanvi.com\/cl\/producto\/super-alimento-hierba-de-cebada-doypack\/","og_site_name":"Drasanvi Chile","article_modified_time":"2022-06-08T10:37:08+00:00","og_image":[{"width":1000,"height":1000,"url":"https:\/\/drasanvi.com\/cl\/wp-content\/uploads\/sites\/4\/2022\/04\/032010045.png","type":"image\/png"}],"twitter_card":"summary_large_image","schema":{"@context":"https:\/\/schema.org","@graph":[{"@type":"WebPage","@id":"https:\/\/drasanvi.com\/cl\/producto\/super-alimento-hierba-de-cebada-doypack\/","url":"https:\/\/drasanvi.com\/cl\/producto\/super-alimento-hierba-de-cebada-doypack\/","name":"Super Alimento - Hierba de Cebada Doypack - Drasanvi Chile","isPartOf":{"@id":"https:\/\/drasanvi.com\/cl\/#website"},"primaryImageOfPage":{"@id":"https:\/\/drasanvi.com\/cl\/producto\/super-alimento-hierba-de-cebada-doypack\/#primaryimage"},"image":{"@id":"https:\/\/drasanvi.com\/cl\/producto\/super-alimento-hierba-de-cebada-doypack\/#primaryimage"},"thumbnailUrl":"https:\/\/drasanvi.com\/cl\/wp-content\/uploads\/sites\/4\/2022\/04\/032010045.png","datePublished":"2022-06-08T10:37:07+00:00","dateModified":"2022-06-08T10:37:08+00:00","breadcrumb":{"@id":"https:\/\/drasanvi.com\/cl\/producto\/super-alimento-hierba-de-cebada-doypack\/#breadcrumb"},"inLanguage":"es","potentialAction":[{"@type":"ReadAction","target":["https:\/\/drasanvi.com\/cl\/producto\/super-alimento-hierba-de-cebada-doypack\/"]}]},{"@type":"ImageObject","inLanguage":"es","@id":"https:\/\/drasanvi.com\/cl\/producto\/super-alimento-hierba-de-cebada-doypack\/#primaryimage","url":"https:\/\/drasanvi.com\/cl\/wp-content\/uploads\/sites\/4\/2022\/04\/032010045.png","contentUrl":"https:\/\/drasanvi.com\/cl\/wp-content\/uploads\/sites\/4\/2022\/04\/032010045.png","width":1000,"height":1000},{"@type":"BreadcrumbList","@id":"https:\/\/drasanvi.com\/cl\/producto\/super-alimento-hierba-de-cebada-doypack\/#breadcrumb","itemListElement":[{"@type":"ListItem","position":1,"name":"Portada","item":"https:\/\/drasanvi.com\/cl\/"},{"@type":"ListItem","position":2,"name":"Tienda","item":"https:\/\/drasanvi.com\/cl\/tienda\/"},{"@type":"ListItem","position":3,"name":"Super Alimento &#8211; Hierba de Cebada Doypack"}]},{"@type":"WebSite","@id":"https:\/\/drasanvi.com\/cl\/#website","url":"https:\/\/drasanvi.com\/cl\/","name":"Drasanvi Chile","description":"L\u00edder en complementos alimenticios y cosm\u00e9tica natural.","publisher":{"@id":"https:\/\/drasanvi.com\/cl\/#organization"},"potentialAction":[{"@type":"SearchAction","target":{"@type":"EntryPoint","urlTemplate":"https:\/\/drasanvi.com\/cl\/?s={search_term_string}"},"query-input":{"@type":"PropertyValueSpecification","valueRequired":true,"valueName":"search_term_string"}}],"inLanguage":"es"},{"@type":"Organization","@id":"https:\/\/drasanvi.com\/cl\/#organization","name":"Drasanvi","url":"https:\/\/drasanvi.com\/cl\/","logo":{"@type":"ImageObject","inLanguage":"es","@id":"https:\/\/drasanvi.com\/cl\/#\/schema\/logo\/image\/","url":"https:\/\/drasanvi.com\/wp-content\/uploads\/sites\/4\/2021\/07\/logo-drasanvi.png","contentUrl":"https:\/\/drasanvi.com\/wp-content\/uploads\/sites\/4\/2021\/07\/logo-drasanvi.png","width":900,"height":300,"caption":"Drasanvi"},"image":{"@id":"https:\/\/drasanvi.com\/cl\/#\/schema\/logo\/image\/"}}]}},"_links":{"self":[{"href":"https:\/\/drasanvi.com\/cl\/wp-json\/wp\/v2\/product\/23245","targetHints":{"allow":["GET"]}}],"collection":[{"href":"https:\/\/drasanvi.com\/cl\/wp-json\/wp\/v2\/product"}],"about":[{"href":"https:\/\/drasanvi.com\/cl\/wp-json\/wp\/v2\/types\/product"}],"version-history":[{"count":0,"href":"https:\/\/drasanvi.com\/cl\/wp-json\/wp\/v2\/product\/23245\/revisions"}],"wp:featuredmedia":[{"embeddable":true,"href":"https:\/\/drasanvi.com\/cl\/wp-json\/wp\/v2\/media\/23428"}],"wp:attachment":[{"href":"https:\/\/drasanvi.com\/cl\/wp-json\/wp\/v2\/media?parent=23245"}],"wp:term":[{"taxonomy":"product_cat","embeddable":true,"href":"https:\/\/drasanvi.com\/cl\/wp-json\/wp\/v2\/product_cat?post=23245"},{"taxonomy":"product_tag","embeddable":true,"href":"https:\/\/drasanvi.com\/cl\/wp-json\/wp\/v2\/product_tag?post=23245"}],"curies":[{"name":"wp","href":"https:\/\/api.w.org\/{rel}","templated":true}]}}